{"id":9454,"date":"2018-03-21T06:42:03","date_gmt":"2018-03-21T06:42:03","guid":{"rendered":"https:\/\/afarangabroad.com\/?p=9454"},"modified":"2022-11-18T14:44:59","modified_gmt":"2022-11-18T14:44:59","slug":"freelancers-phuket","status":"publish","type":"page","link":"https:\/\/afarangabroad.com\/de\/freiberufler-phuket\/","title":{"rendered":"5 Orte, an denen Sie Freiberufler in Phuket finden"},"content":{"rendered":"<p>In this article you&#8217;ll learn where to meet freelance hookers in Phuket.<\/p>\n<p>Wenn Sie normale M\u00e4dchen in Phuket kostenlos treffen wollen\u00a0<a class=\"mozbar-highlight-followed-wGA7MhRhQ3WS\" title=\"Mit Thai Friendly eine Thai-Freundin finden\" href=\"https:\/\/afarangabroad.com\/de\/thai-cupid-dating-site\/\" target=\"_blank\" rel=\"noopener noreferrer\">dann lesen Sie diesen Artikel<\/a>.<\/p>\n<p><a class=\"mozbar-highlight-followed-wGA7MhRhQ3WS\" href=\"https:\/\/afarangabroad.com\/de\/thai-cupid-dating-site\/\" target=\"_blank\" rel=\"noopener noreferrer\"><img loading=\"lazy\" decoding=\"async\" class=\"aligncenter wp-image-7259 size-large\" src=\"https:\/\/afarangabroad.com\/wp-content\/uploads\/2016\/06\/Meet-Thai-girls1-1024x691.png\" sizes=\"(max-width: 600px) 100vw, 600px\" srcset=\"https:\/\/afarangabroad.com\/wp-content\/uploads\/2016\/06\/Meet-Thai-girls1-1024x691.png 1024w, https:\/\/afarangabroad.com\/wp-content\/uploads\/2016\/06\/Meet-Thai-girls1-300x202.png 300w, https:\/\/afarangabroad.com\/wp-content\/uploads\/2016\/06\/Meet-Thai-girls1-720x486.png 720w, https:\/\/afarangabroad.com\/wp-content\/uploads\/2016\/06\/Meet-Thai-girls1.png 1038w\" alt=\"Meet Thai girls\" width=\"678\" height=\"458\" \/><\/a><\/p>\n<p>Zun\u00e4chst einmal ist Phuket die gr\u00f6\u00dfte Insel Thailands. Sie ist geografisch attraktiv, hat trendige Nachtclubs, luxuri\u00f6se Resorts und lebhafte Bier- und Agogo-Clubs. Die M\u00e4dchen hier sind noch besser; s\u00fc\u00df, mit gro\u00dfen Br\u00fcsten und h\u00fcbschem Gesicht. Ich wette, Sie werden in Phuket ein M\u00e4dchen Ihrer Tr\u00e4ume finden.<\/p>\n<p>F\u00fcr ein so gro\u00dfartiges Reiseziel mit einer <a class=\"mozbar-highlight-followed-wGA7MhRhQ3WS\" href=\"https:\/\/afarangabroad.com\/de\/freundin-in-bangkoker-nachtclubs-finden\/\">extremes sexuelles Nachtleben<\/a>, where do you narrow your hunt? Well, time to keep your eyes peeled as I will give you all the details you need about freelancers in Phuket and better, Phuket nightlife girl\u2019s price for you to budget.<\/p>\n<p>Die Insel Phuket hat zwei Himmel voller M\u00e4dchen: den S\u00fcdwesten und den S\u00fcdosten.<\/p>\n<p>Der S\u00fcdwesten (Patong und Bangala Road) ist der Hotspot des Nachtlebens auf Phuket, wo sich noch mehr Magie abspielt.<\/p>\n<p>Wenn Sie wissen m\u00f6chten, wo Sie in BKK Gras bekommen k\u00f6nnen, sollten Sie <strong>abonnieren<\/strong> auf den unten stehenden Kanal:<\/p>\n<p>https:\/\/youtu.be\/j0HbIHjnG5g<\/p>\n<p><strong>Verwandter Posten<\/strong>: Erfahren Sie, wo Sie die\u00a0<a class=\"mozbar-highlight-followed-wGA7MhRhQ3WS\" href=\"https:\/\/afarangabroad.com\/de\/best-go-go-bars-phuket\/\">beste Go-Go-Bars in Patong<\/a>.<\/p>\n<p>It&#8217;s dotted with sex venues, hundreds of hookers and probably thousands of freelancers<\/p>","protected":false},"excerpt":{"rendered":"<p>In this article you&#8217;ll learn where to meet freelance hookers in Phuket. If you want to meet normal girls in Phuket for free\u00a0then check this article. To start with, Phuket is the largest island in Thailand. It geographic is attractive, has trendy nightclubs, luxury resorts and vibrant beer and Agogo clubs. The girls here are [&hellip;]<\/p>","protected":false},"author":2,"featured_media":9460,"parent":0,"menu_order":0,"comment_status":"open","ping_status":"open","template":"","meta":{"_exactmetrics_skip_tracking":false,"_exactmetrics_sitenote_active":false,"_exactmetrics_sitenote_note":"","_exactmetrics_sitenote_category":0,"footnotes":""},"categories":[331],"tags":[],"class_list":["post-9454","page","type-page","status-publish","has-post-thumbnail","hentry","category-phuket-nightlife"],"yoast_head":"<!-- This site is optimized with the Yoast SEO plugin v20.1 - https:\/\/yoast.com\/wordpress\/plugins\/seo\/ -->\n<title>5 Places to Find Freelancers in Phuket - A Farang Abroad<\/title>\n<meta name=\"description\" content=\"In this article I will tell you the best 5 places to meet freelance hookers in Phuket. The best clubs, bars and the price it will cost for sex and other extras.\" \/>\n<meta name=\"robots\" content=\"index, follow, max-snippet:-1, max-image-preview:large, max-video-preview:-1\" \/>\n<link rel=\"canonical\" href=\"https:\/\/afarangabroad.com\/de\/freiberufler-phuket\/\" \/>\n<meta property=\"og:locale\" content=\"de_DE\" \/>\n<meta property=\"og:type\" content=\"article\" \/>\n<meta property=\"og:title\" content=\"5 Places to Find Freelancers in Phuket - A Farang Abroad\" \/>\n<meta property=\"og:description\" content=\"In this article I will tell you the best 5 places to meet freelance hookers in Phuket. The best clubs, bars and the price it will cost for sex and other extras.\" \/>\n<meta property=\"og:url\" content=\"https:\/\/afarangabroad.com\/de\/freiberufler-phuket\/\" \/>\n<meta property=\"og:site_name\" content=\"A Farang Abroad\" \/>\n<meta property=\"article:modified_time\" content=\"2022-11-18T14:44:59+00:00\" \/>\n<meta property=\"og:image\" content=\"https:\/\/afarangabroad.com\/wp-content\/uploads\/2018\/03\/7604911454_3178a5dd9a_z.jpg\" \/>\n\t<meta property=\"og:image:width\" content=\"640\" \/>\n\t<meta property=\"og:image:height\" content=\"480\" \/>\n\t<meta property=\"og:image:type\" content=\"image\/jpeg\" \/>\n<meta name=\"twitter:label1\" content=\"Gesch\u00e4tzte Lesezeit\" \/>\n\t<meta name=\"twitter:data1\" content=\"6\u00a0Minuten\" \/>\n<script type=\"application\/ld+json\" class=\"yoast-schema-graph\">{\"@context\":\"https:\/\/schema.org\",\"@graph\":[{\"@type\":\"WebPage\",\"@id\":\"https:\/\/afarangabroad.com\/freelancers-phuket\/\",\"url\":\"https:\/\/afarangabroad.com\/freelancers-phuket\/\",\"name\":\"5 Places to Find Freelancers in Phuket - A Farang Abroad\",\"isPartOf\":{\"@id\":\"https:\/\/afarangabroad.com\/#website\"},\"datePublished\":\"2018-03-21T06:42:03+00:00\",\"dateModified\":\"2022-11-18T14:44:59+00:00\",\"description\":\"In this article I will tell you the best 5 places to meet freelance hookers in Phuket. The best clubs, bars and the price it will cost for sex and other extras.\",\"breadcrumb\":{\"@id\":\"https:\/\/afarangabroad.com\/freelancers-phuket\/#breadcrumb\"},\"inLanguage\":\"de\",\"potentialAction\":[{\"@type\":\"ReadAction\",\"target\":[\"https:\/\/afarangabroad.com\/freelancers-phuket\/\"]}]},{\"@type\":\"BreadcrumbList\",\"@id\":\"https:\/\/afarangabroad.com\/freelancers-phuket\/#breadcrumb\",\"itemListElement\":[{\"@type\":\"ListItem\",\"position\":1,\"name\":\"Home\",\"item\":\"https:\/\/afarangabroad.com\/\"},{\"@type\":\"ListItem\",\"position\":2,\"name\":\"5 Places to Find Freelancers in Phuket\"}]},{\"@type\":\"WebSite\",\"@id\":\"https:\/\/afarangabroad.com\/#website\",\"url\":\"https:\/\/afarangabroad.com\/\",\"name\":\"A Farang Abroad\",\"description\":\"Your secret guide to Asia&#039;s sexiest nightlife.\",\"potentialAction\":[{\"@type\":\"SearchAction\",\"target\":{\"@type\":\"EntryPoint\",\"urlTemplate\":\"https:\/\/afarangabroad.com\/?s={search_term_string}\"},\"query-input\":\"required name=search_term_string\"}],\"inLanguage\":\"de\"}]}<\/script>\n<!-- \/ Yoast SEO plugin. -->","yoast_head_json":{"title":"5 Places to Find Freelancers in Phuket - A Farang Abroad","description":"In this article I will tell you the best 5 places to meet freelance hookers in Phuket. The best clubs, bars and the price it will cost for sex and other extras.","robots":{"index":"index","follow":"follow","max-snippet":"max-snippet:-1","max-image-preview":"max-image-preview:large","max-video-preview":"max-video-preview:-1"},"canonical":"https:\/\/afarangabroad.com\/de\/freiberufler-phuket\/","og_locale":"de_DE","og_type":"article","og_title":"5 Places to Find Freelancers in Phuket - A Farang Abroad","og_description":"In this article I will tell you the best 5 places to meet freelance hookers in Phuket. The best clubs, bars and the price it will cost for sex and other extras.","og_url":"https:\/\/afarangabroad.com\/de\/freiberufler-phuket\/","og_site_name":"A Farang Abroad","article_modified_time":"2022-11-18T14:44:59+00:00","og_image":[{"width":"640","height":"480","url":"https:\/\/afarangabroad.com\/wp-content\/uploads\/2018\/03\/7604911454_3178a5dd9a_z.jpg","type":"image\/jpeg"}],"twitter_misc":{"Gesch\u00e4tzte Lesezeit":"6\u00a0Minuten"},"schema":{"@context":"https:\/\/schema.org","@graph":[{"@type":"WebPage","@id":"https:\/\/afarangabroad.com\/freelancers-phuket\/","url":"https:\/\/afarangabroad.com\/freelancers-phuket\/","name":"5 Places to Find Freelancers in Phuket - A Farang Abroad","isPartOf":{"@id":"https:\/\/afarangabroad.com\/#website"},"datePublished":"2018-03-21T06:42:03+00:00","dateModified":"2022-11-18T14:44:59+00:00","description":"In this article I will tell you the best 5 places to meet freelance hookers in Phuket. The best clubs, bars and the price it will cost for sex and other extras.","breadcrumb":{"@id":"https:\/\/afarangabroad.com\/freelancers-phuket\/#breadcrumb"},"inLanguage":"de","potentialAction":[{"@type":"ReadAction","target":["https:\/\/afarangabroad.com\/freelancers-phuket\/"]}]},{"@type":"BreadcrumbList","@id":"https:\/\/afarangabroad.com\/freelancers-phuket\/#breadcrumb","itemListElement":[{"@type":"ListItem","position":1,"name":"Home","item":"https:\/\/afarangabroad.com\/"},{"@type":"ListItem","position":2,"name":"5 Places to Find Freelancers in Phuket"}]},{"@type":"WebSite","@id":"https:\/\/afarangabroad.com\/#website","url":"https:\/\/afarangabroad.com\/","name":"A Farang Abroad","description":"Your secret guide to Asia&#039;s sexiest nightlife.","potentialAction":[{"@type":"SearchAction","target":{"@type":"EntryPoint","urlTemplate":"https:\/\/afarangabroad.com\/?s={search_term_string}"},"query-input":"required name=search_term_string"}],"inLanguage":"de"}]}},"_links":{"self":[{"href":"https:\/\/afarangabroad.com\/de\/wp-json\/wp\/v2\/pages\/9454"}],"collection":[{"href":"https:\/\/afarangabroad.com\/de\/wp-json\/wp\/v2\/pages"}],"about":[{"href":"https:\/\/afarangabroad.com\/de\/wp-json\/wp\/v2\/types\/page"}],"author":[{"embeddable":true,"href":"https:\/\/afarangabroad.com\/de\/wp-json\/wp\/v2\/users\/2"}],"replies":[{"embeddable":true,"href":"https:\/\/afarangabroad.com\/de\/wp-json\/wp\/v2\/comments?post=9454"}],"version-history":[{"count":1,"href":"https:\/\/afarangabroad.com\/de\/wp-json\/wp\/v2\/pages\/9454\/revisions"}],"predecessor-version":[{"id":513024,"href":"https:\/\/afarangabroad.com\/de\/wp-json\/wp\/v2\/pages\/9454\/revisions\/513024"}],"wp:featuredmedia":[{"embeddable":true,"href":"https:\/\/afarangabroad.com\/de\/wp-json\/wp\/v2\/media\/9460"}],"wp:attachment":[{"href":"https:\/\/afarangabroad.com\/de\/wp-json\/wp\/v2\/media?parent=9454"}],"wp:term":[{"taxonomy":"category","embeddable":true,"href":"https:\/\/afarangabroad.com\/de\/wp-json\/wp\/v2\/categories?post=9454"},{"taxonomy":"post_tag","embeddable":true,"href":"https:\/\/afarangabroad.com\/de\/wp-json\/wp\/v2\/tags?post=9454"}],"curies":[{"name":"wp","href":"https:\/\/api.w.org\/{rel}","templated":true}]}}