{"id":9511,"date":"2018-03-30T10:17:22","date_gmt":"2018-03-30T09:17:22","guid":{"rendered":"https:\/\/afarangabroad.com\/?p=9511"},"modified":"2024-10-16T06:19:36","modified_gmt":"2024-10-16T05:19:36","slug":"sandwich-massage-bangkok","status":"publish","type":"page","link":"https:\/\/afarangabroad.com\/de\/sandwich-massage-bangkok\/","title":{"rendered":"Die besten Sandwich-Massagen in Bangkok"},"content":{"rendered":"In this article you will learn where to get the best sandwich massages in Bangkok.\n\nWhile there are many types of massage, one of the most pleasurable is the sandwich massage.\n\nIf you want to get\u00a0<strong>kostenlos in Thailand legen kostenlos<\/strong>\u00a0<a title=\"Mit Thai Friendly eine Thai-Freundin finden\" href=\"https:\/\/afarangabroad.com\/de\/thai-cupid-dating-site\/\" target=\"_blank\" rel=\"noopener noreferrer\">dann lesen Sie diesen Artikel<\/a>.<a href=\"https:\/\/afarangabroad.com\/de\/thai-cupid-dating-site\/\" target=\"_blank\" rel=\"noopener noreferrer\"><img loading=\"lazy\" decoding=\"async\" class=\"aligncenter wp-image-7259 size-large\" src=\"https:\/\/afarangabroad.com\/wp-content\/uploads\/2016\/06\/Meet-Thai-girls1-1024x691.png\" sizes=\"(max-width: 678px) 100vw, 678px\" srcset=\"https:\/\/afarangabroad.com\/wp-content\/uploads\/2016\/06\/Meet-Thai-girls1-1024x691.png 1024w, https:\/\/afarangabroad.com\/wp-content\/uploads\/2016\/06\/Meet-Thai-girls1-300x202.png 300w, https:\/\/afarangabroad.com\/wp-content\/uploads\/2016\/06\/Meet-Thai-girls1-720x486.png 720w, https:\/\/afarangabroad.com\/wp-content\/uploads\/2016\/06\/Meet-Thai-girls1.png 1038w\" alt=\"Meet Thai girls\" width=\"678\" height=\"458\" \/><\/a>\n\nDie meisten Menschen, insbesondere Ausl\u00e4nder, verstehen nicht, was in <a href=\"https:\/\/afarangabroad.com\/de\/seifige-massage-bangkok\/\">Thail\u00e4ndische seifige Massagesalons.<\/a>\n\nThis explains their popularity with bars girls in Bangkok who make their sex business obvious.\n\nIf you want something out of ordinary, hygienic and very pleasurable, then you need to read this article.\n\nBefore anything, let me bring you up to speed on what happens once you walk a Bangkok parlour offering sandwich massages.\n\nYou will walk through the entrance of the parlour and take a sit in front of a \u2018fishbowl.\u2019 Note that there are no girls paraded outside like in go-go bars.\n\nAlso if you are keen on knowing where to get weed in BKK, be sure to <strong>abonnieren<\/strong> to the channel below:\n\nhttps:\/\/youtu.be\/j0HbIHjnG5g\n<h2 class=\"wp-embed-aspect-4-3 wp-has-aspect-ratio\">Body Bliss Massage Bangkok<\/h2>\n<h2><!-- \/wp:heading --> <!-- wp:paragraph {\"className\":\"wp-embed-aspect-4-3 wp-has-aspect-ratio\"} --><\/h2>\n<p class=\"wp-embed-aspect-4-3 wp-has-aspect-ratio\">Body Bliss Massage ist eine neue, aber sehr gute Outcall-Massage, wo Sie Handjobs in Bangkok bekommen k\u00f6nnen. Sie bieten Dienstleistungen sowohl f\u00fcr M\u00e4nner als auch f\u00fcr Frauen.<\/p>\n<a href=\"https:\/\/bodyblissbangkok.com\/\" target=\"_blank\" rel=\"nofollow noopener\"><img loading=\"lazy\" decoding=\"async\" class=\"aligncenter  wp-image-513386\" src=\"https:\/\/afarangabroad.com\/wp-content\/uploads\/2023\/12\/body-bliss-massage-575x1024.jpg\" alt=\"body bliss massage\" width=\"275\" height=\"490\" srcset=\"https:\/\/afarangabroad.com\/wp-content\/uploads\/2023\/12\/body-bliss-massage-575x1024.jpg 575w, https:\/\/afarangabroad.com\/wp-content\/uploads\/2023\/12\/body-bliss-massage-168x300.jpg 168w, https:\/\/afarangabroad.com\/wp-content\/uploads\/2023\/12\/body-bliss-massage-768x1368.jpg 768w, https:\/\/afarangabroad.com\/wp-content\/uploads\/2023\/12\/body-bliss-massage-862x1536.jpg 862w, https:\/\/afarangabroad.com\/wp-content\/uploads\/2023\/12\/body-bliss-massage.jpg 904w\" sizes=\"(max-width: 275px) 100vw, 275px\" \/><\/a>\n<h2><!-- \/wp:paragraph -->\n<p class=\"wp-embed-aspect-4-3 wp-has-aspect-ratio\">Sie haben eine Reihe von Massagen einschlie\u00dflich seifig und Prostata. Sie k\u00f6nnen alle ihre M\u00e4dchen sehen, aber besuchen Sie ihre Website unter <a href=\"http:\/\/www.bodyblissbangkok.com\/\" target=\"_blank\" rel=\"nofollow noopener noreferrer\">BodyBlissBangkok.com<\/a><\/p>\n\n<h2><\/h2>\n<iframe loading=\"lazy\" title=\"Sukhumvit Soi 22 - Bangkoks Massagestra\u00dfe\" width=\"678\" height=\"381\" src=\"https:\/\/www.youtube.com\/embed\/ZyzoOJppr1E?feature=oembed\" frameborder=\"0\" allow=\"accelerometer; autoplay; clipboard-write; encrypted-media; gyroscope; picture-in-picture; web-share\" referrerpolicy=\"strict-origin-when-cross-origin\" allowfullscreen><\/iframe>\n\nA fishbowl is where the massage babes sit for display waiting to be selected by customers, now you. Order a beer and slowly make up your choice.\n\nYou can even move close to the glass just to be sure. Do not be shy. If you are overwhelmed, you can get assistant from the Papasan or mamasan.\n\nUsually, the girls have number tags attached to their clothes for easier identification.\u00a0 They are also categorised into two, three or four groups.\n\nOne category has girls over 30 plus average looking Thai girls. Another one has the slim, attractive ones with a higher price tag. The most expensive ones are in the model category.\n\nOnce you have decided on your two Thai cuties, beckon the manager and tell him\/her the numbers. The girls will be brought to you, and you could choose to buy them a drink and have a small talk.\n\n<em><strong>Verwandte Seiten<\/strong><\/em>: wo man sich trifft <a href=\"https:\/\/afarangabroad.com\/de\/5-wege-thailandische-bar-madchen-zu-stoppen\/\">Thai Bar M\u00e4dchen<\/a>\u00a0und\u00a0<a href=\"https:\/\/afarangabroad.com\/de\/2015\/03\/thailandische-nutten\/\">Thail\u00e4ndische Stra\u00dfennutten<\/a>.\n\nAfter settling the bill, the girls will get towels, soap, and condom then escort you to the private room. In the room, the girls will undress and help you do the same.\n\nOnce naked, the three of you will hop into a bathtub, and they will wash you from head to toe with more focus in the groin. The beautiful girls will then dry you and apply your entire body with oil. They will do the same on theirs, seductively as you watch.\n\nOnce on the spacious mattress, the girls will give your back and neck a massage. This does not go on for long, usually less than 20 minutes for a one and half hour massage session.\n\nThen comes the best part. These two hot Thai babes will start sucking your nipples as they caress other erotic body parts. They will put you in the middle and sandwich you.\n\nIt\u2019s at this part that you start feeling in heaven. When the girls see you are fully aroused, they will put you a condom and have sex with you.\n\nAt this point, you are free to take control and dump the passive character. Take your time and have fun as long as there is time. If you do it right, the babes might want a second round with you.\n\nAfter that, the girls will take you to the shower and wash you clean. Dress and follow the girls back to the lobby.\n<h2>Smooci Begleitpersonen in Bangkok<\/h2>\nIf you&#8217;re looking for an escort service in Bangkok, the best one I have ever used is Smooci.\n\nThey are online 24\/7, have dozens of girls to choose from with their prices and even reviews.<a href=\"https:\/\/smooci.com\/tokyo?search&amp;utm_source=afarang-TKY-disc-ban\" target=\"_blank\" rel=\"noopener noreferrer\"><img loading=\"lazy\" decoding=\"async\" class=\"aligncenter wp-image-512712\" src=\"https:\/\/afarangabroad.com\/wp-content\/uploads\/2020\/08\/new-smooci-banner-300x75.gif\" alt=\"\" width=\"456\" height=\"114\" srcset=\"https:\/\/afarangabroad.com\/wp-content\/uploads\/2020\/08\/new-smooci-banner-300x75.gif 300w, https:\/\/afarangabroad.com\/wp-content\/uploads\/2020\/08\/new-smooci-banner-768x192.gif 768w\" sizes=\"(max-width: 456px) 100vw, 456px\" \/><\/a>\n\nSmooci is well known by expats and businessmen, if you\u2019re looking for a discreet escort without the stress and no chance of being scammed, Smooci is the best place to contact. You can learn more by checking out their website: <a href=\"https:\/\/smooci.com\/bangkok?search&amp;utm_source=afarang-bkk-disc-ban\" target=\"_blank\" rel=\"nofollow noopener noreferrer\">www.Smooci.com<\/a>\n<h2>Wie viel kostet eine Sandwich-Massage in Bangkok?<\/h2>\nBei der Beantwortung dieser Frage spielen mehrere Faktoren eine Rolle. So variieren die Kosten f\u00fcr eine Massage von einer Einrichtung zur anderen. Einer davon ist die Klasse des Salons, der andere und wichtigste ist die Art des M\u00e4dchens.\n<h2>Es gibt 3 Arten von M\u00e4dchen in Bangkok Massagesalons.<\/h2>\n<strong>Fishbowl-M\u00e4dchen<\/strong>: these are the Thai girls sitting in the fishbowl.\u00a0 They are employees of the parlour and report to work in shift. For a massage, you will have to pay an average of between 1,500 and 2000 baht, each.\n\n<strong>M\u00e4dchen an der Seitenlinie:<\/strong> Sie sind nicht beim Salon angestellt und kommen und gehen daher nach Belieben. Die meisten M\u00e4dchen in dieser Kategorie sind jung und attraktiv, zwischen 18 und 22 Jahren. Daf\u00fcr kosten sie zwischen 2.500 Baht und 5.000 Baht pro St\u00fcck.\n\n<em>Verwandte Lekt\u00fcre<\/em>: Finden Sie heraus, wo Sie eine <a href=\"https:\/\/afarangabroad.com\/de\/nuru-massage-bangkok\/\">Nuru-Massage in Bangkok<\/a> oder erfahren Sie, wie viel es kostet, eine <a href=\"https:\/\/afarangabroad.com\/de\/bangkok-prostitution\/\">Bangkok Prostituierte<\/a> nach Hause.\n\n<strong>Modelle:<\/strong> this term does not mean a photo model for magazines, no. It means she is the tallest, thin and youngest woman working at the sandwich massage parlour.\u00a0 For girls in this category, you will have to part with between 3,000 -7,000 baht, each.\n\nAfter the massage, you can give a couple of hundred baht to the girls as a tip if you loved their service. However, this is not compulsory.\n\nHere is a guide on the best streets plus parlours to get a sandwich massage in Bangkok. The listed massage salons are all highly recommended.\n\n<em>Verwandt: <a href=\"https:\/\/afarangabroad.com\/de\/gluckliche-massagen-bangkok\/\" target=\"_blank\" rel=\"noopener noreferrer\">Happy-End-Massagen in Bangkok<\/a><\/em>\n<h2>Sukhumvit Soi 4 &amp; Soi 5<\/h2>\nDiese Stra\u00dfen sind bei Sextouristen und Sexpats, die das Land besuchen, sehr bekannt. <a href=\"https:\/\/afarangabroad.com\/de\/2015\/01\/never-visit-soi-cowboy-nana-plaza\/\" target=\"_blank\" rel=\"noopener noreferrer\">Nana Plaza<\/a>. In der N\u00e4he von Foodland finden Sie eine ganze Reihe von Massagesalons, die Happy Ends anbieten. Sie k\u00f6nnen auch ein Dutzend Bierbars und Go-Go-Bars in diesem Bereich finden.\n<h3>Annie seifige Massage<\/h3>\nAnnies ist eine der beliebtesten Sandwich-Massagen in Bangkok. W\u00e4hrend der \u00d6ffnungszeiten sind mehr als 80 hei\u00dfe Thai-M\u00e4dchen anwesend, die f\u00fcr ihre hohe sexuelle Begierde bekannt sind. Sie bieten auch Dienstleistungen zum Mitnehmen f\u00fcr 5000 Baht. Die Preise sind fest.\n<ul>\n \t<li><em>Standort: in der N\u00e4he von Nana Plaza<\/em><\/li>\n \t<li><em>Open hours: 11 AM \u2013 12 AM<\/em><\/li>\n \t<li><em>Kosten: 3000 Baht pro M\u00e4dchen \/ 2 Stunden Massage<\/em><\/li>\n \t<li><em>Wie man dorthin kommt: Nana Plaza Station BTS<\/em><\/li>\n \t<li><em>Anrufen: +66 2 251 5680<\/em><\/li>\n<\/ul>\n<h3>Utopia Massage<\/h3>\nDas Utopia hat eine reiche asiatische Kundschaft, so dass die Massagen erstklassig sein d\u00fcrften.\n<ul>\n \t<li><em>Standort: Rama 9<\/em><\/li>\n \t<li><em>Preisspanne: 3600 bis 47 Baht pro M\u00e4dchen, f\u00fcr Ausl\u00e4nderinnen wird ein Aufschlag von 600 bis 1200 Baht \/ 1,5 Std. berechnet.<\/em><\/li>\n \t<li><em>Anrufen: +66 2 354 1300<\/em><\/li>\n \t<li><em>Weitere Dienstleistungen: Bar, Karaoke, Lounge-Bereich<\/em><\/li>\n<\/ul>\n<h3>Victoria secret massage<\/h3>\nW\u00e4hrend des Wochenendes wirst du mehr als 40 M\u00e4dchen finden. Ich schlage vor, du gehst mit den Nebenjob-M\u00e4dchen, da die anderen ein bisschen grob sind, besonders f\u00fcr Anf\u00e4nger.\n<ul>\n \t<li><em>Standort: 555, Soi Vijai 4, Din Daeng<\/em><\/li>\n \t<li><em>Open hours: 9 AM \u2013 5 PM<\/em><\/li>\n \t<li><em>Preisspanne: 1700 bis 5500 Baht pro M\u00e4dchen<\/em><\/li>\n \t<li><em>Weitere Dienstleistungen: Snooker, Restaurant, Karaoke und Lounge<\/em><\/li>\n<\/ul>\n<h2>Soi 21<\/h2>\nDer beste Massagesalon hier ist Emmanuelle Massage. Die M\u00e4dchen hier sind im Vergleich zu anderen Gegenden j\u00fcnger und attraktiver. Emmanuelle bietet auch Mitgliedschaft f\u00fcr Interessierte.\n<ul>\n \t<li><em>Standort: 55 Ratchadapisek Rd, Huaykhjwang. In der N\u00e4he von Emerald Hotel.<\/em><\/li>\n \t<li><em>Preisspanne: 1900 -6100 Baht<\/em><\/li>\n \t<li><em>Wie man dorthin kommt: Huai Kwang Station BTS<\/em><\/li>\n<\/ul>\n<h2>Sukhumvit Soi 22<\/h2>\nYou can find dozens of massage salons along Soi 22. One that offers extraordinary massage is Poseidon Entertainment Complex.\n\nOf late Poseidon has reduced the number of girls to focus on quality. This makes most of their of girls premium quality.\n<ul>\n \t<li><em>Standort: 209 Ratchadaphisek Rd, Din Daeng<\/em><\/li>\n \t<li><em>Preisspanne: 2200 - 2600 Baht f\u00fcr 2 Stunden mit dem Nebenjob-M\u00e4dchen. Model M\u00e4dchen beginnen bei 3000 Baht bis zu 6000 Baht.<\/em><\/li>\n \t<li><em>Ex-Penthouse-M\u00e4dchen f\u00fcr 60 Minuten kosten 6000 Baht<\/em><\/li>\n \t<li><em>Wie man dorthin kommt: BTS-Bahnhof Sutthisan<\/em><\/li>\n<\/ul>\n<h2>Soi 11 und 13<\/h2>\nHier finden Sie eine Reihe von Happy-End-Massagen. Allerdings bieten die meisten <a href=\"https:\/\/afarangabroad.com\/de\/bangkok-blowjob-bars\/\" target=\"_blank\" rel=\"noopener noreferrer\">Bangkok Blowjobs<\/a> und Handjobs. Nichtsdestotrotz gibt es ein Paar, das Sandwich-Massagen in Bangkok anbietet, also schau es dir an.\n<h2>Sukhumvit Soi 33<\/h2>\nIf you want to get sandwiched by Japanese girls, this is your street. Most of these girls are young, cute and more hospitable compared to local Thai girls. The sandwich massage here is quite busy during the weekend.\n\nI suggest you visit the place on a weekday afternoon. It\u2019s less crowded, and you can get serviced by the hottest babes.\n<h2>Sukhumvit Soi 24 \/1<\/h2>\nMost of the sandwich massage in Bangkok here also target Japanese customers. Don\u2019t get mistaken as you will find other farangs too.\n\nOne advantage of the parlors here is the price. While the girls are not the best in town, you only need to part with 2000 baht for a 1 hour plus massage.\n\nOn less busy days you can pop in and see the girls as you sip the beer without having to get the massage.\n\nYou can also find several Bangkok nuru massages in this area.\n<h2>Patpong<\/h2>\nEs gibt eine Reihe von anst\u00e4ndigen Massage in <a href=\"http:\/\/www.bangkok.com\/shopping-market\/patpong-night-market.htm\" target=\"_blank\" rel=\"nofollow noopener noreferrer\">Patpong<\/a>. If you ask any farang in the area, most are after the beer bar girls, ladyboys or having fun in gay bars.\n\nBecause of fewer customers, most of the girls here are not the most attractive in Bangkok. In fact, only a couple qualify to be in the model category.\n\nIf you are after quality service and a more decent establishment, then I suggest you try ones in Sukhumvit.\n\nHowever, if your hotel is near these massage in Bangkok don\u2019t hesitate to pay a visit. To find the parlor, narrow your search along Silom and Surawong Road.\n<h2>Bang Rak, Huai Kwang, Ratchaprarop<\/h2>\nDiese drei Gebiete sind aufgrund ihrer Lage bei Farangs weniger beliebt. Obwohl sie au\u00dferhalb des Stadtzentrums liegen, k\u00f6nnen Sie in diesen Stra\u00dfen eine hochwertige Sandwich-Massage in Bangkok finden:\n<h3>Soi Charoen Krung 42<\/h3>\nWie man dorthin kommt: Saphan Taksin BTS\n<h3>Ratchaprarop Soi 8<\/h3>\nWie man dorthin kommt: Verbindungsstation zum Flughafen Ratchapraro\n<h3>Pracha Rat Bamphen Stra\u00dfe<\/h3>\nWie man dorthin kommt: MRT-Station Huai Kwang\n<h3>Khao-San-Stra\u00dfe<\/h3>\nF\u00fcr junge Rucksacktouristen, <a href=\"https:\/\/onestep4ward.com\/the-good-the-bad-and-the-ugly-of-khao-san-road-bangkok\/\" target=\"_blank\" rel=\"nofollow noopener noreferrer\">Khao-San-Stra\u00dfe<\/a> has plenty of places with Thai massage. I hear rumors of a couple of places offering sandwich massage in discreet so if you are experienced one here, tell us how it was and from which parlor.\n\nIf you enjoyed this article you may want to check out where to get <a href=\"https:\/\/afarangabroad.com\/de\/sex-massages-in-silom\/\">Massagen in Silom<\/a> oder den Leitfaden f\u00fcr <a href=\"https:\/\/afarangabroad.com\/de\/gentlemen-club-bangkok\/\">Gentleman-Clubs in Bangkok<\/a>.\n\nIf you want to get\u00a0<strong>kostenloser Sex in Thailand<\/strong>\u00a0<a title=\"Mit Thai Friendly eine Thai-Freundin finden\" href=\"https:\/\/afarangabroad.com\/de\/thai-cupid-dating-site\/\" target=\"_blank\" rel=\"noopener noreferrer\">dann lesen Sie diesen Artikel<\/a>.<a href=\"https:\/\/afarangabroad.com\/de\/thai-cupid-dating-site\/\" target=\"_blank\" rel=\"noopener noreferrer\"><img loading=\"lazy\" decoding=\"async\" class=\"aligncenter wp-image-7259 size-large\" src=\"https:\/\/afarangabroad.com\/wp-content\/uploads\/2016\/06\/Meet-Thai-girls1-1024x691.png\" sizes=\"(max-width: 678px) 100vw, 678px\" srcset=\"https:\/\/afarangabroad.com\/wp-content\/uploads\/2016\/06\/Meet-Thai-girls1-1024x691.png 1024w, https:\/\/afarangabroad.com\/wp-content\/uploads\/2016\/06\/Meet-Thai-girls1-300x202.png 300w, https:\/\/afarangabroad.com\/wp-content\/uploads\/2016\/06\/Meet-Thai-girls1-720x486.png 720w, https:\/\/afarangabroad.com\/wp-content\/uploads\/2016\/06\/Meet-Thai-girls1.png 1038w\" alt=\"Meet Thai girls\" width=\"678\" height=\"458\" \/><\/a>\n\nAfter enjoying your sandwich massage don\u2019t call it a day. Check our other articles on <a href=\"https:\/\/afarangabroad.com\/de\/bangkok-clubbing-guide__trashed\/saubere-bangkok-clubs\/\" target=\"_blank\" rel=\"nofollow noopener noreferrer\">Die besten Orte f\u00fcr das Nachtleben in Bangkok\u00a0<\/a>Bangkok for more fun.\n\nWhere is your favourite sandwich massage in Bangkok?","protected":false},"excerpt":{"rendered":"<p>In this article you will learn where to get the best sandwich massages in Bangkok. While there are many types of massage, one of the most pleasurable is the sandwich massage. If you want to get\u00a0laid for free in Thailand for free\u00a0then check this article. Most people, especially foreigners do not understand what happens in [&hellip;]<\/p>","protected":false},"author":2,"featured_media":9484,"parent":0,"menu_order":0,"comment_status":"open","ping_status":"open","template":"","meta":{"_exactmetrics_skip_tracking":false,"_exactmetrics_sitenote_active":false,"_exactmetrics_sitenote_note":"","_exactmetrics_sitenote_category":0,"footnotes":""},"categories":[298],"tags":[59,196],"class_list":["post-9511","page","type-page","status-publish","has-post-thumbnail","hentry","category-bangkok-nightlife","tag-bangkok","tag-thai-girls"],"yoast_head":"<!-- This site is optimized with the Yoast SEO plugin v20.1 - https:\/\/yoast.com\/wordpress\/plugins\/seo\/ -->\n<title>Best Sandwich Massages in Bangkok - A Farang Abroad<\/title>\n<meta name=\"description\" content=\"In this article I&#039;ll show you where to get the best sandwich massages in Bangkok. You&#039;ll get locations to the massage shops and the price.\" \/>\n<meta name=\"robots\" content=\"index, follow, max-snippet:-1, max-image-preview:large, max-video-preview:-1\" \/>\n<link rel=\"canonical\" href=\"https:\/\/afarangabroad.com\/de\/sandwich-massage-bangkok\/\" \/>\n<meta property=\"og:locale\" content=\"de_DE\" \/>\n<meta property=\"og:type\" content=\"article\" \/>\n<meta property=\"og:title\" content=\"Best Sandwich Massages in Bangkok - A Farang Abroad\" \/>\n<meta property=\"og:description\" content=\"In this article I&#039;ll show you where to get the best sandwich massages in Bangkok. You&#039;ll get locations to the massage shops and the price.\" \/>\n<meta property=\"og:url\" content=\"https:\/\/afarangabroad.com\/de\/sandwich-massage-bangkok\/\" \/>\n<meta property=\"og:site_name\" content=\"A Farang Abroad\" \/>\n<meta property=\"article:modified_time\" content=\"2024-10-16T05:19:36+00:00\" \/>\n<meta property=\"og:image\" content=\"https:\/\/afarangabroad.com\/wp-content\/uploads\/2018\/03\/oil-massage-in-Sukumvit.jpg\" \/>\n\t<meta property=\"og:image:width\" content=\"640\" \/>\n\t<meta property=\"og:image:height\" content=\"363\" \/>\n\t<meta property=\"og:image:type\" content=\"image\/jpeg\" \/>\n<meta name=\"twitter:label1\" content=\"Gesch\u00e4tzte Lesezeit\" \/>\n\t<meta name=\"twitter:data1\" content=\"9\u00a0Minuten\" \/>\n<script type=\"application\/ld+json\" class=\"yoast-schema-graph\">{\"@context\":\"https:\/\/schema.org\",\"@graph\":[{\"@type\":\"WebPage\",\"@id\":\"https:\/\/afarangabroad.com\/sandwich-massage-bangkok\/\",\"url\":\"https:\/\/afarangabroad.com\/sandwich-massage-bangkok\/\",\"name\":\"Best Sandwich Massages in Bangkok - A Farang Abroad\",\"isPartOf\":{\"@id\":\"https:\/\/afarangabroad.com\/#website\"},\"datePublished\":\"2018-03-30T09:17:22+00:00\",\"dateModified\":\"2024-10-16T05:19:36+00:00\",\"description\":\"In this article I'll show you where to get the best sandwich massages in Bangkok. You'll get locations to the massage shops and the price.\",\"breadcrumb\":{\"@id\":\"https:\/\/afarangabroad.com\/sandwich-massage-bangkok\/#breadcrumb\"},\"inLanguage\":\"de\",\"potentialAction\":[{\"@type\":\"ReadAction\",\"target\":[\"https:\/\/afarangabroad.com\/sandwich-massage-bangkok\/\"]}]},{\"@type\":\"BreadcrumbList\",\"@id\":\"https:\/\/afarangabroad.com\/sandwich-massage-bangkok\/#breadcrumb\",\"itemListElement\":[{\"@type\":\"ListItem\",\"position\":1,\"name\":\"Home\",\"item\":\"https:\/\/afarangabroad.com\/\"},{\"@type\":\"ListItem\",\"position\":2,\"name\":\"Best Sandwich Massages in Bangkok\"}]},{\"@type\":\"WebSite\",\"@id\":\"https:\/\/afarangabroad.com\/#website\",\"url\":\"https:\/\/afarangabroad.com\/\",\"name\":\"A Farang Abroad\",\"description\":\"Your secret guide to Asia&#039;s sexiest nightlife.\",\"potentialAction\":[{\"@type\":\"SearchAction\",\"target\":{\"@type\":\"EntryPoint\",\"urlTemplate\":\"https:\/\/afarangabroad.com\/?s={search_term_string}\"},\"query-input\":\"required name=search_term_string\"}],\"inLanguage\":\"de\"}]}<\/script>\n<!-- \/ Yoast SEO plugin. -->","yoast_head_json":{"title":"Best Sandwich Massages in Bangkok - A Farang Abroad","description":"In this article I'll show you where to get the best sandwich massages in Bangkok. You'll get locations to the massage shops and the price.","robots":{"index":"index","follow":"follow","max-snippet":"max-snippet:-1","max-image-preview":"max-image-preview:large","max-video-preview":"max-video-preview:-1"},"canonical":"https:\/\/afarangabroad.com\/de\/sandwich-massage-bangkok\/","og_locale":"de_DE","og_type":"article","og_title":"Best Sandwich Massages in Bangkok - A Farang Abroad","og_description":"In this article I'll show you where to get the best sandwich massages in Bangkok. You'll get locations to the massage shops and the price.","og_url":"https:\/\/afarangabroad.com\/de\/sandwich-massage-bangkok\/","og_site_name":"A Farang Abroad","article_modified_time":"2024-10-16T05:19:36+00:00","og_image":[{"width":"640","height":"363","url":"https:\/\/afarangabroad.com\/wp-content\/uploads\/2018\/03\/oil-massage-in-Sukumvit.jpg","type":"image\/jpeg"}],"twitter_misc":{"Gesch\u00e4tzte Lesezeit":"9\u00a0Minuten"},"schema":{"@context":"https:\/\/schema.org","@graph":[{"@type":"WebPage","@id":"https:\/\/afarangabroad.com\/sandwich-massage-bangkok\/","url":"https:\/\/afarangabroad.com\/sandwich-massage-bangkok\/","name":"Best Sandwich Massages in Bangkok - A Farang Abroad","isPartOf":{"@id":"https:\/\/afarangabroad.com\/#website"},"datePublished":"2018-03-30T09:17:22+00:00","dateModified":"2024-10-16T05:19:36+00:00","description":"In this article I'll show you where to get the best sandwich massages in Bangkok. You'll get locations to the massage shops and the price.","breadcrumb":{"@id":"https:\/\/afarangabroad.com\/sandwich-massage-bangkok\/#breadcrumb"},"inLanguage":"de","potentialAction":[{"@type":"ReadAction","target":["https:\/\/afarangabroad.com\/sandwich-massage-bangkok\/"]}]},{"@type":"BreadcrumbList","@id":"https:\/\/afarangabroad.com\/sandwich-massage-bangkok\/#breadcrumb","itemListElement":[{"@type":"ListItem","position":1,"name":"Home","item":"https:\/\/afarangabroad.com\/"},{"@type":"ListItem","position":2,"name":"Best Sandwich Massages in Bangkok"}]},{"@type":"WebSite","@id":"https:\/\/afarangabroad.com\/#website","url":"https:\/\/afarangabroad.com\/","name":"A Farang Abroad","description":"Your secret guide to Asia&#039;s sexiest nightlife.","potentialAction":[{"@type":"SearchAction","target":{"@type":"EntryPoint","urlTemplate":"https:\/\/afarangabroad.com\/?s={search_term_string}"},"query-input":"required name=search_term_string"}],"inLanguage":"de"}]}},"_links":{"self":[{"href":"https:\/\/afarangabroad.com\/de\/wp-json\/wp\/v2\/pages\/9511"}],"collection":[{"href":"https:\/\/afarangabroad.com\/de\/wp-json\/wp\/v2\/pages"}],"about":[{"href":"https:\/\/afarangabroad.com\/de\/wp-json\/wp\/v2\/types\/page"}],"author":[{"embeddable":true,"href":"https:\/\/afarangabroad.com\/de\/wp-json\/wp\/v2\/users\/2"}],"replies":[{"embeddable":true,"href":"https:\/\/afarangabroad.com\/de\/wp-json\/wp\/v2\/comments?post=9511"}],"version-history":[{"count":11,"href":"https:\/\/afarangabroad.com\/de\/wp-json\/wp\/v2\/pages\/9511\/revisions"}],"predecessor-version":[{"id":513616,"href":"https:\/\/afarangabroad.com\/de\/wp-json\/wp\/v2\/pages\/9511\/revisions\/513616"}],"wp:featuredmedia":[{"embeddable":true,"href":"https:\/\/afarangabroad.com\/de\/wp-json\/wp\/v2\/media\/9484"}],"wp:attachment":[{"href":"https:\/\/afarangabroad.com\/de\/wp-json\/wp\/v2\/media?parent=9511"}],"wp:term":[{"taxonomy":"category","embeddable":true,"href":"https:\/\/afarangabroad.com\/de\/wp-json\/wp\/v2\/categories?post=9511"},{"taxonomy":"post_tag","embeddable":true,"href":"https:\/\/afarangabroad.com\/de\/wp-json\/wp\/v2\/tags?post=9511"}],"curies":[{"name":"wp","href":"https:\/\/api.w.org\/{rel}","templated":true}]}}