{"id":9626,"date":"2018-04-19T18:54:43","date_gmt":"2018-04-19T17:54:43","guid":{"rendered":"https:\/\/afarangabroad.com\/?p=9626"},"modified":"2020-05-19T05:29:29","modified_gmt":"2020-05-19T04:29:29","slug":"girls-in-osaka","status":"publish","type":"page","link":"https:\/\/afarangabroad.com\/de\/madchen-in-osaka\/","title":{"rendered":"14 einfache Orte, um M\u00e4dchen in Osaka zu treffen"},"content":{"rendered":"<p>Im Vergleich zu anderen japanischen Gro\u00dfst\u00e4dten gelten die M\u00e4dchen in Osaka als freundlicher, haben einen besseren Sinn f\u00fcr Mode und sind meist unbek\u00fcmmert. Au\u00dferdem sind sie die s\u00fc\u00dfesten in Japan und finden deine Witze h\u00f6chstwahrscheinlich lustig. In diesem Artikel zeige ich dir die besten Orte, an denen du deine Traumfrauen in Osaka treffen kannst.<\/p>\n<p>Wenn Sie lokale M\u00e4dchen in Osaka kostenlos kennenlernen m\u00f6chten,\u00a0<a href=\"https:\/\/afarangabroad.com\/de\/japan-cupid-ruckblick\/\" target=\"_blank\" rel=\"noopener noreferrer\">Lesen Sie diesen Artikel<\/a>.<a href=\"https:\/\/afarangabroad.com\/de\/japan-cupid-ruckblick\/\" target=\"_blank\" rel=\"noopener noreferrer\"><img loading=\"lazy\" decoding=\"async\" class=\"aligncenter size-large wp-image-9678\" src=\"https:\/\/afarangabroad.com\/wp-content\/uploads\/2018\/04\/jap-1024x691.png\" sizes=\"(max-width: 678px) 100vw, 678px\" srcset=\"https:\/\/afarangabroad.com\/wp-content\/uploads\/2018\/04\/jap-1024x691.png 1024w, https:\/\/afarangabroad.com\/wp-content\/uploads\/2018\/04\/jap-300x202.png 300w, https:\/\/afarangabroad.com\/wp-content\/uploads\/2018\/04\/jap-768x518.png 768w, https:\/\/afarangabroad.com\/wp-content\/uploads\/2018\/04\/jap.png 1038w\" alt=\"\" width=\"678\" height=\"458\" \/><\/a><\/p>\n<p>Japan ist als arbeitsw\u00fctiges und sexloses Land bekannt, aber nicht f\u00fcr jeden. Zun\u00e4chst einmal sind die M\u00e4dchen dort h\u00fcbsch und schlank. Ihre blasse Haut, ihr hochgestecktes Haar und ihre kurzen R\u00f6cke erwecken Ihre sexuelle Begierde. Ein weiterer Grund, sich mit M\u00e4dchen in Osaka zu verabreden, ist, dass sie wissen, wie man sich um sich selbst k\u00fcmmert. Vor allem aber sind sie offen f\u00fcr Verabredungen mit Ausl\u00e4ndern.<\/p>\n<h2>Osakaer M\u00e4dchen in Bars<\/h2>\n<p>Es gibt viele Bars, in denen du in Osaka M\u00e4dchen kennenlernen kannst. Einige dieser Bars sind auf Sex ausgerichtet, w\u00e4hrend andere familienorientiert sind. Unabh\u00e4ngig davon, wo du ein M\u00e4dchen aus Osaka triffst, solltest du versuchen, mit ihr intim zu werden.<\/p>\n<p>Als Faustregel gilt jedoch, dass man versuchen sollte, ihre Gedanken zu lesen und zu sehen, ob sie motiviert ist, mit dir zusammenzukommen.<\/p>\n<p>In Gaijin: Der Blarney-Stein, Wei\u00dfer B\u00e4r, Kapit\u00e4n K\u00e4nguru und Sam &amp; Dave.<\/p>\n<ul>\n<li><em>Das Bier kostet weniger als 700 Yen.<\/em><\/li>\n<li><em>Cocktail 600-800 Yen<\/em><\/li>\n<li><em>Sch\u00fcsse 600 Yen<\/em><\/li>\n<\/ul>\n<p>Sobald Sie die Bar betreten, werden Sie feststellen, dass einige einheimische M\u00e4dchen dort sitzen. Die meisten sind an einem Gespr\u00e4ch interessiert und werfen dir sogar ihre H\u00f6schen zu. Wenn Sie freundlich sind, stehen die Chancen gut, dass Sie Sex bekommen.<\/p>\n<p>Bieten Sie ihr an, ihr einen Drink zu spendieren, plaudern Sie mit ihr und fragen Sie sie, ob sie Sie zu Ihrem Hotel zur\u00fcckbegleiten kann. Beachten Sie, dass Sie dieses Angebot vor Mitternacht machen m\u00fcssen, da die Z\u00fcge in Japan um Mitternacht ihren Betrieb einstellen. Wenn sie ja sagt, laden Sie sie zum Abendessen ein und gehen Sie aus.<\/p>\n<p>Die M\u00e4dchen hier sind viel netter und freundlicher als <a href=\"https:\/\/afarangabroad.com\/de\/girls-in-tokyo\/\">Tokioter M\u00e4dchen<\/a> und sprechen besser Englisch als <a href=\"https:\/\/afarangabroad.com\/de\/girls-in-kyoto\/\">M\u00e4dchen in Kyoto<\/a>.<\/p>\n<h2>Single-M\u00e4dchen in Osaka online treffen<\/h2>\n<p>Not all girls in Osaka like to go in bars, clubs or other places and seen leaving with a foreign man. Since they are still interested in a new \u2018experience,\u2019 they find some discreet ways to meet with expats.<\/p>\n<p><strong>Verwandte Seiten<\/strong>: Finden Sie heraus, wie Sie <a href=\"https:\/\/afarangabroad.com\/de\/tinder-japan\/\">Tinder in Japan<\/a>.<\/p>","protected":false},"excerpt":{"rendered":"<p>Compared to other major cities in Japan, Osaka girls are considered friendlier, have a better fashion-sense with the majority showing a care-free attitude. Also, they are the cutest in Japan and will most likely find your jokes funny. In this article, I will guide you to the best spots to meet your dream girls in [&hellip;]<\/p>","protected":false},"author":2,"featured_media":9691,"parent":0,"menu_order":0,"comment_status":"open","ping_status":"open","template":"","meta":{"_exactmetrics_skip_tracking":false,"_exactmetrics_sitenote_active":false,"_exactmetrics_sitenote_note":"","_exactmetrics_sitenote_category":0,"footnotes":""},"categories":[335],"tags":[],"class_list":["post-9626","page","type-page","status-publish","has-post-thumbnail","hentry","category-japan"],"yoast_head":"<!-- This site is optimized with the Yoast SEO plugin v20.1 - https:\/\/yoast.com\/wordpress\/plugins\/seo\/ -->\n<title>14 Easy Places to Meet Girls in Osaka - A Farang Abroad<\/title>\n<meta name=\"description\" content=\"Are you looking to meet girls in Osaka? In this article I&#039;ll tell you the best bars clubs and online dating sites to hook up with local Osaka girls in Japan.\" \/>\n<meta name=\"robots\" content=\"index, follow, max-snippet:-1, max-image-preview:large, max-video-preview:-1\" \/>\n<link rel=\"canonical\" href=\"https:\/\/afarangabroad.com\/de\/madchen-in-osaka\/\" \/>\n<meta property=\"og:locale\" content=\"de_DE\" \/>\n<meta property=\"og:type\" content=\"article\" \/>\n<meta property=\"og:title\" content=\"14 Easy Places to Meet Girls in Osaka - A Farang Abroad\" \/>\n<meta property=\"og:description\" content=\"Are you looking to meet girls in Osaka? In this article I&#039;ll tell you the best bars clubs and online dating sites to hook up with local Osaka girls in Japan.\" \/>\n<meta property=\"og:url\" content=\"https:\/\/afarangabroad.com\/de\/madchen-in-osaka\/\" \/>\n<meta property=\"og:site_name\" content=\"A Farang Abroad\" \/>\n<meta property=\"article:modified_time\" content=\"2020-05-19T04:29:29+00:00\" \/>\n<meta property=\"og:image\" content=\"https:\/\/afarangabroad.com\/wp-content\/uploads\/2018\/04\/Girls-in-Osaka.jpg\" \/>\n\t<meta property=\"og:image:width\" content=\"1024\" \/>\n\t<meta property=\"og:image:height\" content=\"683\" \/>\n\t<meta property=\"og:image:type\" content=\"image\/jpeg\" \/>\n<meta name=\"twitter:label1\" content=\"Gesch\u00e4tzte Lesezeit\" \/>\n\t<meta name=\"twitter:data1\" content=\"10\u00a0Minuten\" \/>\n<script type=\"application\/ld+json\" class=\"yoast-schema-graph\">{\"@context\":\"https:\/\/schema.org\",\"@graph\":[{\"@type\":\"WebPage\",\"@id\":\"https:\/\/afarangabroad.com\/girls-in-osaka\/\",\"url\":\"https:\/\/afarangabroad.com\/girls-in-osaka\/\",\"name\":\"14 Easy Places to Meet Girls in Osaka - A Farang Abroad\",\"isPartOf\":{\"@id\":\"https:\/\/afarangabroad.com\/#website\"},\"datePublished\":\"2018-04-19T17:54:43+00:00\",\"dateModified\":\"2020-05-19T04:29:29+00:00\",\"description\":\"Are you looking to meet girls in Osaka? In this article I'll tell you the best bars clubs and online dating sites to hook up with local Osaka girls in Japan.\",\"breadcrumb\":{\"@id\":\"https:\/\/afarangabroad.com\/girls-in-osaka\/#breadcrumb\"},\"inLanguage\":\"de\",\"potentialAction\":[{\"@type\":\"ReadAction\",\"target\":[\"https:\/\/afarangabroad.com\/girls-in-osaka\/\"]}]},{\"@type\":\"BreadcrumbList\",\"@id\":\"https:\/\/afarangabroad.com\/girls-in-osaka\/#breadcrumb\",\"itemListElement\":[{\"@type\":\"ListItem\",\"position\":1,\"name\":\"Home\",\"item\":\"https:\/\/afarangabroad.com\/\"},{\"@type\":\"ListItem\",\"position\":2,\"name\":\"14 Easy Places to Meet Girls in Osaka\"}]},{\"@type\":\"WebSite\",\"@id\":\"https:\/\/afarangabroad.com\/#website\",\"url\":\"https:\/\/afarangabroad.com\/\",\"name\":\"A Farang Abroad\",\"description\":\"Your secret guide to Asia&#039;s sexiest nightlife.\",\"potentialAction\":[{\"@type\":\"SearchAction\",\"target\":{\"@type\":\"EntryPoint\",\"urlTemplate\":\"https:\/\/afarangabroad.com\/?s={search_term_string}\"},\"query-input\":\"required name=search_term_string\"}],\"inLanguage\":\"de\"}]}<\/script>\n<!-- \/ Yoast SEO plugin. -->","yoast_head_json":{"title":"14 Easy Places to Meet Girls in Osaka - A Farang Abroad","description":"Are you looking to meet girls in Osaka? In this article I'll tell you the best bars clubs and online dating sites to hook up with local Osaka girls in Japan.","robots":{"index":"index","follow":"follow","max-snippet":"max-snippet:-1","max-image-preview":"max-image-preview:large","max-video-preview":"max-video-preview:-1"},"canonical":"https:\/\/afarangabroad.com\/de\/madchen-in-osaka\/","og_locale":"de_DE","og_type":"article","og_title":"14 Easy Places to Meet Girls in Osaka - A Farang Abroad","og_description":"Are you looking to meet girls in Osaka? In this article I'll tell you the best bars clubs and online dating sites to hook up with local Osaka girls in Japan.","og_url":"https:\/\/afarangabroad.com\/de\/madchen-in-osaka\/","og_site_name":"A Farang Abroad","article_modified_time":"2020-05-19T04:29:29+00:00","og_image":[{"width":"1024","height":"683","url":"https:\/\/afarangabroad.com\/wp-content\/uploads\/2018\/04\/Girls-in-Osaka.jpg","type":"image\/jpeg"}],"twitter_misc":{"Gesch\u00e4tzte Lesezeit":"10\u00a0Minuten"},"schema":{"@context":"https:\/\/schema.org","@graph":[{"@type":"WebPage","@id":"https:\/\/afarangabroad.com\/girls-in-osaka\/","url":"https:\/\/afarangabroad.com\/girls-in-osaka\/","name":"14 Easy Places to Meet Girls in Osaka - A Farang Abroad","isPartOf":{"@id":"https:\/\/afarangabroad.com\/#website"},"datePublished":"2018-04-19T17:54:43+00:00","dateModified":"2020-05-19T04:29:29+00:00","description":"Are you looking to meet girls in Osaka? In this article I'll tell you the best bars clubs and online dating sites to hook up with local Osaka girls in Japan.","breadcrumb":{"@id":"https:\/\/afarangabroad.com\/girls-in-osaka\/#breadcrumb"},"inLanguage":"de","potentialAction":[{"@type":"ReadAction","target":["https:\/\/afarangabroad.com\/girls-in-osaka\/"]}]},{"@type":"BreadcrumbList","@id":"https:\/\/afarangabroad.com\/girls-in-osaka\/#breadcrumb","itemListElement":[{"@type":"ListItem","position":1,"name":"Home","item":"https:\/\/afarangabroad.com\/"},{"@type":"ListItem","position":2,"name":"14 Easy Places to Meet Girls in Osaka"}]},{"@type":"WebSite","@id":"https:\/\/afarangabroad.com\/#website","url":"https:\/\/afarangabroad.com\/","name":"A Farang Abroad","description":"Your secret guide to Asia&#039;s sexiest nightlife.","potentialAction":[{"@type":"SearchAction","target":{"@type":"EntryPoint","urlTemplate":"https:\/\/afarangabroad.com\/?s={search_term_string}"},"query-input":"required name=search_term_string"}],"inLanguage":"de"}]}},"_links":{"self":[{"href":"https:\/\/afarangabroad.com\/de\/wp-json\/wp\/v2\/pages\/9626"}],"collection":[{"href":"https:\/\/afarangabroad.com\/de\/wp-json\/wp\/v2\/pages"}],"about":[{"href":"https:\/\/afarangabroad.com\/de\/wp-json\/wp\/v2\/types\/page"}],"author":[{"embeddable":true,"href":"https:\/\/afarangabroad.com\/de\/wp-json\/wp\/v2\/users\/2"}],"replies":[{"embeddable":true,"href":"https:\/\/afarangabroad.com\/de\/wp-json\/wp\/v2\/comments?post=9626"}],"version-history":[{"count":0,"href":"https:\/\/afarangabroad.com\/de\/wp-json\/wp\/v2\/pages\/9626\/revisions"}],"wp:featuredmedia":[{"embeddable":true,"href":"https:\/\/afarangabroad.com\/de\/wp-json\/wp\/v2\/media\/9691"}],"wp:attachment":[{"href":"https:\/\/afarangabroad.com\/de\/wp-json\/wp\/v2\/media?parent=9626"}],"wp:term":[{"taxonomy":"category","embeddable":true,"href":"https:\/\/afarangabroad.com\/de\/wp-json\/wp\/v2\/categories?post=9626"},{"taxonomy":"post_tag","embeddable":true,"href":"https:\/\/afarangabroad.com\/de\/wp-json\/wp\/v2\/tags?post=9626"}],"curies":[{"name":"wp","href":"https:\/\/api.w.org\/{rel}","templated":true}]}}