{"id":9674,"date":"2018-04-24T07:23:36","date_gmt":"2018-04-24T06:23:36","guid":{"rendered":"https:\/\/afarangabroad.com\/?page_id=9674"},"modified":"2019-09-22T13:17:48","modified_gmt":"2019-09-22T12:17:48","slug":"japan-cupid-review","status":"publish","type":"page","link":"https:\/\/afarangabroad.com\/de\/japan-cupid-ruckblick\/","title":{"rendered":"Japan Cupid R\u00fcckblick"},"content":{"rendered":"<p>If you&#8217;re coming to Japan on holiday or plan a long-term visit and want to meet local Japanese girls,\u00a0 I&#8217;m going to tell you everything you need to know about Japan Cupid and meeting local girls in Japan.<\/p>\n<h2>Vorteile von Japan Cupid<\/h2>\n<p>If you&#8217;ve been to Thailand or South East Asia, online dating works amazingly well, you can easily setup dozens of dates before you arrive.<\/p>\n<p><a href=\"https:\/\/afarangabroad.com\/de\/recommends\/japan-cupid\/\">Japan Cupid<\/a> is harder than that, because most girls work jobs and their hours are long. If a girl tells you she isn&#8217;t free for 2 weeks, she is not brushing you off, she really is busy and it will mostly be with work.<\/p>\n<p>In Japan herrscht eine sehr strenge Arbeitskultur, in der die Menschen 12 Stunden am Tag arbeiten, ihr Job ist sozusagen ihr Leben.<\/p>\n<p>Whether you&#8217;re coming here for a short holiday or to live here, to have the best amount of success on Japan Cupid you want to join 2-4 weeks before, this will give you enough time to build a rapport with girls and meet them right away when you visit.<\/p>\n<p><a href=\"https:\/\/afarangabroad.com\/de\/recommends\/japan-cupid\/\"><img loading=\"lazy\" decoding=\"async\" class=\"aligncenter wp-image-9739 size-full\" src=\"https:\/\/afarangabroad.com\/wp-content\/uploads\/2018\/05\/Japan-Cupid-2.jpg\" alt=\"\" width=\"246\" height=\"205\" \/><\/a><\/p>\n<p>You can join a few days before or even when you&#8217;re here, but you&#8217;ll meet fewer girls than if you join 2-4 weeks prior.<\/p>\n<p>Au\u00dferdem m\u00fcssen Sie wissen, dass <strong>SEHR WENIGE M\u00c4DCHEN<\/strong> sprechen in Japan Englisch. Wenn Sie in ein Einkaufszentrum oder einen Park gehen, sollten Sie darauf achten, dass niemand ein Wort Englisch spricht.<\/p>\n<p>That&#8217;s where the advantage of using Japan Cupid comes into play, girls who speak English are easily identifiable as they will have English in their profile, or if they don&#8217;t speak English you can use Google Translate to have a conversation.<\/p>\n<p>It&#8217;s not uncommon to go on a date with a Japanese girl and talk the entire conversation using chat app, it&#8217;s actually kind of fun and cute.<\/p>\n<p>In your profile state why you&#8217;re coming to Japan and list your job, if you don&#8217;t have one list the degree or field you worked in before, they will want to know what type of job you do.<\/p>","protected":false},"excerpt":{"rendered":"<p>If you&#8217;re coming to Japan on holiday or plan a long-term visit and want to meet local Japanese girls,\u00a0 I&#8217;m going to tell you everything you need to know about Japan Cupid and meeting local girls in Japan. Benefits of Japan Cupid If you&#8217;ve been to Thailand or South East Asia, online dating works amazingly [&hellip;]<\/p>","protected":false},"author":2,"featured_media":9739,"parent":0,"menu_order":0,"comment_status":"open","ping_status":"closed","template":"","meta":{"_exactmetrics_skip_tracking":false,"_exactmetrics_sitenote_active":false,"_exactmetrics_sitenote_note":"","_exactmetrics_sitenote_category":0,"footnotes":""},"categories":[335],"tags":[],"class_list":["post-9674","page","type-page","status-publish","has-post-thumbnail","hentry","category-japan"],"yoast_head":"<!-- This site is optimized with the Yoast SEO plugin v20.1 - https:\/\/yoast.com\/wordpress\/plugins\/seo\/ -->\n<title>Japan Cupid Review - A Farang Abroad<\/title>\n<meta name=\"description\" content=\"Want to meet girls in Japan? Here\u2019s my review on Japan Cupid, the best way to meet local girls in Japan if you do not speak Japanese.\" \/>\n<meta name=\"robots\" content=\"index, follow, max-snippet:-1, max-image-preview:large, max-video-preview:-1\" \/>\n<link rel=\"canonical\" href=\"https:\/\/afarangabroad.com\/de\/japan-cupid-ruckblick\/\" \/>\n<meta property=\"og:locale\" content=\"de_DE\" \/>\n<meta property=\"og:type\" content=\"article\" \/>\n<meta property=\"og:title\" content=\"Japan Cupid Review - A Farang Abroad\" \/>\n<meta property=\"og:description\" content=\"Want to meet girls in Japan? Here\u2019s my review on Japan Cupid, the best way to meet local girls in Japan if you do not speak Japanese.\" \/>\n<meta property=\"og:url\" content=\"https:\/\/afarangabroad.com\/de\/japan-cupid-ruckblick\/\" \/>\n<meta property=\"og:site_name\" content=\"A Farang Abroad\" \/>\n<meta property=\"article:modified_time\" content=\"2019-09-22T12:17:48+00:00\" \/>\n<meta property=\"og:image\" content=\"https:\/\/afarangabroad.com\/wp-content\/uploads\/2018\/05\/Japan-Cupid-2.jpg\" \/>\n\t<meta property=\"og:image:width\" content=\"246\" \/>\n\t<meta property=\"og:image:height\" content=\"205\" \/>\n\t<meta property=\"og:image:type\" content=\"image\/jpeg\" \/>\n<meta name=\"twitter:label1\" content=\"Gesch\u00e4tzte Lesezeit\" \/>\n\t<meta name=\"twitter:data1\" content=\"2\u00a0Minuten\" \/>\n<script type=\"application\/ld+json\" class=\"yoast-schema-graph\">{\"@context\":\"https:\/\/schema.org\",\"@graph\":[{\"@type\":\"WebPage\",\"@id\":\"https:\/\/afarangabroad.com\/japan-cupid-review\/\",\"url\":\"https:\/\/afarangabroad.com\/japan-cupid-review\/\",\"name\":\"Japan Cupid Review - A Farang Abroad\",\"isPartOf\":{\"@id\":\"https:\/\/afarangabroad.com\/#website\"},\"datePublished\":\"2018-04-24T06:23:36+00:00\",\"dateModified\":\"2019-09-22T12:17:48+00:00\",\"description\":\"Want to meet girls in Japan? Here\u2019s my review on Japan Cupid, the best way to meet local girls in Japan if you do not speak Japanese.\",\"breadcrumb\":{\"@id\":\"https:\/\/afarangabroad.com\/japan-cupid-review\/#breadcrumb\"},\"inLanguage\":\"de\",\"potentialAction\":[{\"@type\":\"ReadAction\",\"target\":[\"https:\/\/afarangabroad.com\/japan-cupid-review\/\"]}]},{\"@type\":\"BreadcrumbList\",\"@id\":\"https:\/\/afarangabroad.com\/japan-cupid-review\/#breadcrumb\",\"itemListElement\":[{\"@type\":\"ListItem\",\"position\":1,\"name\":\"Home\",\"item\":\"https:\/\/afarangabroad.com\/\"},{\"@type\":\"ListItem\",\"position\":2,\"name\":\"Japan Cupid Review\"}]},{\"@type\":\"WebSite\",\"@id\":\"https:\/\/afarangabroad.com\/#website\",\"url\":\"https:\/\/afarangabroad.com\/\",\"name\":\"A Farang Abroad\",\"description\":\"Your secret guide to Asia&#039;s sexiest nightlife.\",\"potentialAction\":[{\"@type\":\"SearchAction\",\"target\":{\"@type\":\"EntryPoint\",\"urlTemplate\":\"https:\/\/afarangabroad.com\/?s={search_term_string}\"},\"query-input\":\"required name=search_term_string\"}],\"inLanguage\":\"de\"}]}<\/script>\n<!-- \/ Yoast SEO plugin. -->","yoast_head_json":{"title":"Japan Cupid Review - A Farang Abroad","description":"Want to meet girls in Japan? Here\u2019s my review on Japan Cupid, the best way to meet local girls in Japan if you do not speak Japanese.","robots":{"index":"index","follow":"follow","max-snippet":"max-snippet:-1","max-image-preview":"max-image-preview:large","max-video-preview":"max-video-preview:-1"},"canonical":"https:\/\/afarangabroad.com\/de\/japan-cupid-ruckblick\/","og_locale":"de_DE","og_type":"article","og_title":"Japan Cupid Review - A Farang Abroad","og_description":"Want to meet girls in Japan? Here\u2019s my review on Japan Cupid, the best way to meet local girls in Japan if you do not speak Japanese.","og_url":"https:\/\/afarangabroad.com\/de\/japan-cupid-ruckblick\/","og_site_name":"A Farang Abroad","article_modified_time":"2019-09-22T12:17:48+00:00","og_image":[{"width":"246","height":"205","url":"https:\/\/afarangabroad.com\/wp-content\/uploads\/2018\/05\/Japan-Cupid-2.jpg","type":"image\/jpeg"}],"twitter_misc":{"Gesch\u00e4tzte Lesezeit":"2\u00a0Minuten"},"schema":{"@context":"https:\/\/schema.org","@graph":[{"@type":"WebPage","@id":"https:\/\/afarangabroad.com\/japan-cupid-review\/","url":"https:\/\/afarangabroad.com\/japan-cupid-review\/","name":"Japan Cupid Review - A Farang Abroad","isPartOf":{"@id":"https:\/\/afarangabroad.com\/#website"},"datePublished":"2018-04-24T06:23:36+00:00","dateModified":"2019-09-22T12:17:48+00:00","description":"Want to meet girls in Japan? Here\u2019s my review on Japan Cupid, the best way to meet local girls in Japan if you do not speak Japanese.","breadcrumb":{"@id":"https:\/\/afarangabroad.com\/japan-cupid-review\/#breadcrumb"},"inLanguage":"de","potentialAction":[{"@type":"ReadAction","target":["https:\/\/afarangabroad.com\/japan-cupid-review\/"]}]},{"@type":"BreadcrumbList","@id":"https:\/\/afarangabroad.com\/japan-cupid-review\/#breadcrumb","itemListElement":[{"@type":"ListItem","position":1,"name":"Home","item":"https:\/\/afarangabroad.com\/"},{"@type":"ListItem","position":2,"name":"Japan Cupid Review"}]},{"@type":"WebSite","@id":"https:\/\/afarangabroad.com\/#website","url":"https:\/\/afarangabroad.com\/","name":"A Farang Abroad","description":"Your secret guide to Asia&#039;s sexiest nightlife.","potentialAction":[{"@type":"SearchAction","target":{"@type":"EntryPoint","urlTemplate":"https:\/\/afarangabroad.com\/?s={search_term_string}"},"query-input":"required name=search_term_string"}],"inLanguage":"de"}]}},"_links":{"self":[{"href":"https:\/\/afarangabroad.com\/de\/wp-json\/wp\/v2\/pages\/9674"}],"collection":[{"href":"https:\/\/afarangabroad.com\/de\/wp-json\/wp\/v2\/pages"}],"about":[{"href":"https:\/\/afarangabroad.com\/de\/wp-json\/wp\/v2\/types\/page"}],"author":[{"embeddable":true,"href":"https:\/\/afarangabroad.com\/de\/wp-json\/wp\/v2\/users\/2"}],"replies":[{"embeddable":true,"href":"https:\/\/afarangabroad.com\/de\/wp-json\/wp\/v2\/comments?post=9674"}],"version-history":[{"count":0,"href":"https:\/\/afarangabroad.com\/de\/wp-json\/wp\/v2\/pages\/9674\/revisions"}],"wp:featuredmedia":[{"embeddable":true,"href":"https:\/\/afarangabroad.com\/de\/wp-json\/wp\/v2\/media\/9739"}],"wp:attachment":[{"href":"https:\/\/afarangabroad.com\/de\/wp-json\/wp\/v2\/media?parent=9674"}],"wp:term":[{"taxonomy":"category","embeddable":true,"href":"https:\/\/afarangabroad.com\/de\/wp-json\/wp\/v2\/categories?post=9674"},{"taxonomy":"post_tag","embeddable":true,"href":"https:\/\/afarangabroad.com\/de\/wp-json\/wp\/v2\/tags?post=9674"}],"curies":[{"name":"wp","href":"https:\/\/api.w.org\/{rel}","templated":true}]}}