{"id":9724,"date":"2018-05-09T10:26:41","date_gmt":"2018-05-09T09:26:41","guid":{"rendered":"https:\/\/afarangabroad.com\/?p=9724"},"modified":"2019-01-06T06:21:04","modified_gmt":"2019-01-06T06:21:04","slug":"my-place-spa-review-2018","status":"publish","type":"page","link":"https:\/\/afarangabroad.com\/de\/my-place-spa-review-2018\/","title":{"rendered":"My Place Spa Review (2018)"},"content":{"rendered":"<p>My Place Spa ist eine Spa-Kette, deren Gesch\u00e4fte sich in verschiedenen Gegenden Jakartas befinden. Im Laufe der Jahre erfreut sich dieses Spa immer gr\u00f6\u00dferer Beliebtheit bei Sauna-, Spa-Liebhabern und Entspannungssuchenden. Die meisten der Kunden hier sind M\u00e4nner mit der Massage <a href=\"https:\/\/afarangabroad.com\/de\/sex-jakarta\/\">M\u00e4dchen, die zus\u00e4tzliche Dienstleistungen anbieten<\/a>.<\/p>\n<p>Wenn Sie in Jakarta kostenlos Sex haben wollen,\u00a0<a href=\"https:\/\/afarangabroad.com\/de\/indonesian-cupid\/\" target=\"_blank\" rel=\"noopener\">dann lesen Sie diesen Artikel<\/a>.<\/p>\n<p><a href=\"https:\/\/afarangabroad.com\/de\/indonesian-cupid\/\" target=\"_blank\" rel=\"noopener\"><img loading=\"lazy\" decoding=\"async\" class=\"aligncenter size-large wp-image-7574\" src=\"https:\/\/afarangabroad.com\/wp-content\/uploads\/2016\/08\/hot-Jakarta-girl-1024x691.png\" sizes=\"(max-width: 600px) 100vw, 600px\" srcset=\"https:\/\/afarangabroad.com\/wp-content\/uploads\/2016\/08\/hot-Jakarta-girl-1024x691.png 1024w, https:\/\/afarangabroad.com\/wp-content\/uploads\/2016\/08\/hot-Jakarta-girl-300x202.png 300w, https:\/\/afarangabroad.com\/wp-content\/uploads\/2016\/08\/hot-Jakarta-girl-768x518.png 768w, https:\/\/afarangabroad.com\/wp-content\/uploads\/2016\/08\/hot-Jakarta-girl-720x486.png 720w, https:\/\/afarangabroad.com\/wp-content\/uploads\/2016\/08\/hot-Jakarta-girl.png 1038w\" alt=\"hot Jakarta girl\" width=\"600\" height=\"405\" \/><\/a><\/p>\n<p>My Place ist nicht nur ein Spa, sondern verf\u00fcgt auch \u00fcber andere Einrichtungen wie eine Bar, einen Fitnessraum, eine Sauna, einen Whirlpool, ein warmes Schwimmbad und ein Restaurant.<\/p>\n<p><iframe loading=\"lazy\" width=\"678\" height=\"509\" src=\"https:\/\/www.youtube.com\/embed\/BOycAvFUYIE?feature=oembed\" frameborder=\"0\" allow=\"accelerometer; autoplay; encrypted-media; gyroscope; picture-in-picture\" allowfullscreen><\/iframe><\/p>\n<h2>\u00a0Standorte von My Place Spa in Jakarta<\/h2>\n<h3>\u00a0Senayan<\/h3>\n<ul>\n<li>Komplek Ruko Permata Senayan, Block D Nr. 38 bis 52, Jl. Tentara Pelajar<\/li>\n<li>Open hour: 11 pm \u2013 12 am<\/li>\n<li>Anrufen: +62 21 57940849<\/li>\n<\/ul>\n<h3>My Place Spa in Kelapa Gading<\/h3>\n<ul>\n<li>Komplek Gading Bukit Indah, Block M Nr. 26 bis 29, Jl. Bukit Gading Raya<\/li>\n<li>Open hour: 11 pm \u2013 12 am<\/li>\n<li>Anrufen: Anrufen: +62 21 57940849<\/li>\n<\/ul>\n<h3>Cikarang Handelszentrum<\/h3>\n<ul>\n<li>Bekasi, Jawa Barat 17550, Indonesien<\/li>\n<li>Anrufen: +62 21 89842072<\/li>\n<li>Open hour: 11 pm \u2013 12 am<\/li>\n<\/ul>\n<h3>My Place Wijaya Iin Grand Wijaya Complex<\/h3>\n<ul>\n<li>KebaYoran Baru<\/li>\n<li>Anrufen: +62 21 7257669<\/li>\n<li>Open hour: 11 pm \u2013 12 am<\/li>\n<\/ul>\n<h3>Golden boutique hotel My Place and Caf\u00e9<\/h3>\n<ul>\n<li>Boden Fl. Nr. 1 RT.7\/RW.5 10720<\/li>\n<li>ANRUF: +62 21 6122222<\/li>\n<li>Open hour: 12 pm \u2013 12 am<\/li>\n<\/ul>\n<h3>Kebon Jeruk<\/h3>\n<ul>\n<li>Komplek Kedoya Elok , Block DC Nr. 40-43, Jalan Panjang Kedoya<\/li>\n<li>Anrufen: +62 21 5802993<\/li>\n<li>Open hour: 11 pm \u2013 12 am<\/li>\n<\/ul>\n<p>Sie k\u00f6nnen My Place Spas auch in anderen indonesischen St\u00e4dten finden: Surabaya, Balikpapan, Makassar und Bandung.<\/p>\n<p>Benutzen Sie ein Taxi, um zu diesen Spas zu gelangen, wenn Sie in Jakarta wohnen. Die Taxikosten richten sich nach dem Z\u00e4hlerstand, Sie m\u00fcssen also p\u00fcnktlich sein und den Verkehr vermeiden. Die durchschnittlichen Kosten f\u00fcr ein Taxi in Jakarta ist IDR 25K-30K f\u00fcr etwa 3-5 km.<\/p>\n<p>Buses are hectic considering they won\u2019t take you to the exact location.<\/p>\n<p>Wenn Sie jedoch nur \u00fcber ein geringes Budget verf\u00fcgen, k\u00f6nnen Sie den Bus benutzen, sofern Sie ein Smartphone haben, das Ihnen zeigt, wohin Sie gehen m\u00fcssen.<\/p>\n<h2>Zu erwartende Massageleistungen<\/h2>\n<p>Let\u2019s start with the usual massage:<\/p>\n<ul>\n<li><strong>Kr\u00e4utermassage<\/strong> \u2013 this is a relaxing massage done using herbal oil<\/li>\n<li><strong>K\u00f6rperpeeling<\/strong>&#8211; it\u2019s used to exfoliate the skin leaving you sparkling clean.<\/li>\n<li><strong>Reflexzonenmassage<\/strong> \u2013 this is a feet massage. It is quite relaxing than you imagine.<\/li>\n<li><a href=\"https:\/\/www.healthline.com\/health\/hot-stone-massage\" ><strong>Hei\u00dfe Steine<\/strong><\/a> \u2013 you have probably seen this one with stones lined on the back. Mostly done for relaxation and therapeutic purposes.<\/li>\n<li><strong>Traditionelle Massage<\/strong> \u2013 it uses Indonesian remedies, rituals, and treatments to leave you relaxed and rejuvenated.<\/li>\n<li><a href=\"http:\/\/www.centerpointmn.com\/the-benefits-of-shiatsu-massage\/\" target=\"_blank\" rel=\"nofollow noopener\"><strong>Shiatsu-Massage<\/strong><\/a> \u2013 this is an erotic massage with fingers and palm reaching arousing body parts.<\/li>\n<li><strong>Petik manga<\/strong>&#8211; this is an Indonesian word translating to mango picking. Often the massage girl will let you play with her privates, top only.<\/li>\n<\/ul>\n<p>Die gute Nachricht bei dieser Massage ist, dass die meisten ein Happy End haben, wenn Sie es w\u00fcnschen. Die meisten dauern 90 Minuten. Von den M\u00e4dchen wird allerdings nicht erwartet, dass sie plus plus plus (Sex) geben.<\/p>","protected":false},"excerpt":{"rendered":"<p>My Place Spa is a chain spa with its shops located in different areas in Jakarta. Over the years this spa continues to get special attention from the sauna, spa lover and relaxation enthusiasts. Most of the clients here are men with the massage girls providing extra services. If you want to get laid in [&hellip;]<\/p>","protected":false},"author":2,"featured_media":9485,"parent":0,"menu_order":0,"comment_status":"open","ping_status":"open","template":"","meta":{"_exactmetrics_skip_tracking":false,"_exactmetrics_sitenote_active":false,"_exactmetrics_sitenote_note":"","_exactmetrics_sitenote_category":0,"footnotes":""},"categories":[318],"tags":[],"class_list":["post-9724","page","type-page","status-publish","has-post-thumbnail","hentry","category-indonesia"],"yoast_head":"<!-- This site is optimized with the Yoast SEO plugin v20.1 - https:\/\/yoast.com\/wordpress\/plugins\/seo\/ -->\n<title>My Place Spa Review (2018) - A Farang Abroad<\/title>\n<meta name=\"description\" content=\"Are you looking to check out My Place Spa in Jakarta? In this article I&#039;ll reveal all locations, how much it costs and what you should expect at these massage house in Jakarta.\" \/>\n<meta name=\"robots\" content=\"index, follow, max-snippet:-1, max-image-preview:large, max-video-preview:-1\" \/>\n<link rel=\"canonical\" href=\"https:\/\/afarangabroad.com\/de\/my-place-spa-review-2018\/\" \/>\n<meta property=\"og:locale\" content=\"de_DE\" \/>\n<meta property=\"og:type\" content=\"article\" \/>\n<meta property=\"og:title\" content=\"My Place Spa Review (2018) - A Farang Abroad\" \/>\n<meta property=\"og:description\" content=\"Are you looking to check out My Place Spa in Jakarta? In this article I&#039;ll reveal all locations, how much it costs and what you should expect at these massage house in Jakarta.\" \/>\n<meta property=\"og:url\" content=\"https:\/\/afarangabroad.com\/de\/my-place-spa-review-2018\/\" \/>\n<meta property=\"og:site_name\" content=\"A Farang Abroad\" \/>\n<meta property=\"article:modified_time\" content=\"2019-01-06T06:21:04+00:00\" \/>\n<meta property=\"og:image\" content=\"https:\/\/afarangabroad.com\/wp-content\/uploads\/2018\/03\/4-hand-massage-in-Sukhumvit.jpg\" \/>\n\t<meta property=\"og:image:width\" content=\"640\" \/>\n\t<meta property=\"og:image:height\" content=\"429\" \/>\n\t<meta property=\"og:image:type\" content=\"image\/jpeg\" \/>\n<meta name=\"twitter:label1\" content=\"Gesch\u00e4tzte Lesezeit\" \/>\n\t<meta name=\"twitter:data1\" content=\"6\u00a0Minuten\" \/>\n<script type=\"application\/ld+json\" class=\"yoast-schema-graph\">{\"@context\":\"https:\/\/schema.org\",\"@graph\":[{\"@type\":\"WebPage\",\"@id\":\"https:\/\/afarangabroad.com\/my-place-spa-review-2018\/\",\"url\":\"https:\/\/afarangabroad.com\/my-place-spa-review-2018\/\",\"name\":\"My Place Spa Review (2018) - A Farang Abroad\",\"isPartOf\":{\"@id\":\"https:\/\/afarangabroad.com\/#website\"},\"datePublished\":\"2018-05-09T09:26:41+00:00\",\"dateModified\":\"2019-01-06T06:21:04+00:00\",\"description\":\"Are you looking to check out My Place Spa in Jakarta? In this article I'll reveal all locations, how much it costs and what you should expect at these massage house in Jakarta.\",\"breadcrumb\":{\"@id\":\"https:\/\/afarangabroad.com\/my-place-spa-review-2018\/#breadcrumb\"},\"inLanguage\":\"de\",\"potentialAction\":[{\"@type\":\"ReadAction\",\"target\":[\"https:\/\/afarangabroad.com\/my-place-spa-review-2018\/\"]}]},{\"@type\":\"BreadcrumbList\",\"@id\":\"https:\/\/afarangabroad.com\/my-place-spa-review-2018\/#breadcrumb\",\"itemListElement\":[{\"@type\":\"ListItem\",\"position\":1,\"name\":\"Home\",\"item\":\"https:\/\/afarangabroad.com\/\"},{\"@type\":\"ListItem\",\"position\":2,\"name\":\"My Place Spa Review (2018)\"}]},{\"@type\":\"WebSite\",\"@id\":\"https:\/\/afarangabroad.com\/#website\",\"url\":\"https:\/\/afarangabroad.com\/\",\"name\":\"A Farang Abroad\",\"description\":\"Your secret guide to Asia&#039;s sexiest nightlife.\",\"potentialAction\":[{\"@type\":\"SearchAction\",\"target\":{\"@type\":\"EntryPoint\",\"urlTemplate\":\"https:\/\/afarangabroad.com\/?s={search_term_string}\"},\"query-input\":\"required name=search_term_string\"}],\"inLanguage\":\"de\"}]}<\/script>\n<!-- \/ Yoast SEO plugin. -->","yoast_head_json":{"title":"My Place Spa Review (2018) - A Farang Abroad","description":"Are you looking to check out My Place Spa in Jakarta? In this article I'll reveal all locations, how much it costs and what you should expect at these massage house in Jakarta.","robots":{"index":"index","follow":"follow","max-snippet":"max-snippet:-1","max-image-preview":"max-image-preview:large","max-video-preview":"max-video-preview:-1"},"canonical":"https:\/\/afarangabroad.com\/de\/my-place-spa-review-2018\/","og_locale":"de_DE","og_type":"article","og_title":"My Place Spa Review (2018) - A Farang Abroad","og_description":"Are you looking to check out My Place Spa in Jakarta? In this article I'll reveal all locations, how much it costs and what you should expect at these massage house in Jakarta.","og_url":"https:\/\/afarangabroad.com\/de\/my-place-spa-review-2018\/","og_site_name":"A Farang Abroad","article_modified_time":"2019-01-06T06:21:04+00:00","og_image":[{"width":"640","height":"429","url":"https:\/\/afarangabroad.com\/wp-content\/uploads\/2018\/03\/4-hand-massage-in-Sukhumvit.jpg","type":"image\/jpeg"}],"twitter_misc":{"Gesch\u00e4tzte Lesezeit":"6\u00a0Minuten"},"schema":{"@context":"https:\/\/schema.org","@graph":[{"@type":"WebPage","@id":"https:\/\/afarangabroad.com\/my-place-spa-review-2018\/","url":"https:\/\/afarangabroad.com\/my-place-spa-review-2018\/","name":"My Place Spa Review (2018) - A Farang Abroad","isPartOf":{"@id":"https:\/\/afarangabroad.com\/#website"},"datePublished":"2018-05-09T09:26:41+00:00","dateModified":"2019-01-06T06:21:04+00:00","description":"Are you looking to check out My Place Spa in Jakarta? In this article I'll reveal all locations, how much it costs and what you should expect at these massage house in Jakarta.","breadcrumb":{"@id":"https:\/\/afarangabroad.com\/my-place-spa-review-2018\/#breadcrumb"},"inLanguage":"de","potentialAction":[{"@type":"ReadAction","target":["https:\/\/afarangabroad.com\/my-place-spa-review-2018\/"]}]},{"@type":"BreadcrumbList","@id":"https:\/\/afarangabroad.com\/my-place-spa-review-2018\/#breadcrumb","itemListElement":[{"@type":"ListItem","position":1,"name":"Home","item":"https:\/\/afarangabroad.com\/"},{"@type":"ListItem","position":2,"name":"My Place Spa Review (2018)"}]},{"@type":"WebSite","@id":"https:\/\/afarangabroad.com\/#website","url":"https:\/\/afarangabroad.com\/","name":"A Farang Abroad","description":"Your secret guide to Asia&#039;s sexiest nightlife.","potentialAction":[{"@type":"SearchAction","target":{"@type":"EntryPoint","urlTemplate":"https:\/\/afarangabroad.com\/?s={search_term_string}"},"query-input":"required name=search_term_string"}],"inLanguage":"de"}]}},"_links":{"self":[{"href":"https:\/\/afarangabroad.com\/de\/wp-json\/wp\/v2\/pages\/9724"}],"collection":[{"href":"https:\/\/afarangabroad.com\/de\/wp-json\/wp\/v2\/pages"}],"about":[{"href":"https:\/\/afarangabroad.com\/de\/wp-json\/wp\/v2\/types\/page"}],"author":[{"embeddable":true,"href":"https:\/\/afarangabroad.com\/de\/wp-json\/wp\/v2\/users\/2"}],"replies":[{"embeddable":true,"href":"https:\/\/afarangabroad.com\/de\/wp-json\/wp\/v2\/comments?post=9724"}],"version-history":[{"count":0,"href":"https:\/\/afarangabroad.com\/de\/wp-json\/wp\/v2\/pages\/9724\/revisions"}],"wp:featuredmedia":[{"embeddable":true,"href":"https:\/\/afarangabroad.com\/de\/wp-json\/wp\/v2\/media\/9485"}],"wp:attachment":[{"href":"https:\/\/afarangabroad.com\/de\/wp-json\/wp\/v2\/media?parent=9724"}],"wp:term":[{"taxonomy":"category","embeddable":true,"href":"https:\/\/afarangabroad.com\/de\/wp-json\/wp\/v2\/categories?post=9724"},{"taxonomy":"post_tag","embeddable":true,"href":"https:\/\/afarangabroad.com\/de\/wp-json\/wp\/v2\/tags?post=9724"}],"curies":[{"name":"wp","href":"https:\/\/api.w.org\/{rel}","templated":true}]}}