{"id":10026,"date":"2018-07-25T07:07:04","date_gmt":"2018-07-25T06:07:04","guid":{"rendered":"https:\/\/afarangabroad.com\/?p=10026"},"modified":"2024-10-16T06:16:53","modified_gmt":"2024-10-16T05:16:53","slug":"japanese-hookers","status":"publish","type":"page","link":"https:\/\/afarangabroad.com\/es\/putas-japonesas\/","title":{"rendered":"La gu\u00eda definitiva de las putas japonesas"},"content":{"rendered":"<p>\u00bfViajas al pa\u00eds del sol naciente y te apetece una jugosa experiencia con putas japonesas? Pues aqu\u00ed tienes una gu\u00eda del sexo en Jap\u00f3n para ti.<\/p>\n<p>Si quiere conocer a <a href=\"https:\/\/afarangabroad.com\/es\/chicas-en-tokyo\/\">chicas en Tokio<\/a> gratis,\u00a0<a href=\"https:\/\/afarangabroad.com\/es\/japan-cupid-review\/\" target=\"_blank\" rel=\"noopener noreferrer\">consulte este art\u00edculo<\/a>.<a href=\"https:\/\/afarangabroad.com\/es\/japan-cupid-review\/\" target=\"_blank\" rel=\"noopener noreferrer\"><img loading=\"lazy\" decoding=\"async\" class=\"aligncenter size-large wp-image-9678\" src=\"https:\/\/afarangabroad.com\/wp-content\/uploads\/2018\/04\/jap-1024x691.png\" sizes=\"(max-width: 678px) 100vw, 678px\" srcset=\"https:\/\/afarangabroad.com\/wp-content\/uploads\/2018\/04\/jap-1024x691.png 1024w, https:\/\/afarangabroad.com\/wp-content\/uploads\/2018\/04\/jap-300x202.png 300w, https:\/\/afarangabroad.com\/wp-content\/uploads\/2018\/04\/jap-768x518.png 768w, https:\/\/afarangabroad.com\/wp-content\/uploads\/2018\/04\/jap.png 1038w\" alt=\"\" width=\"678\" height=\"458\" \/><\/a><\/p>\n<p>La industria del sexo es un gran negocio en Jap\u00f3n. <a href=\"https:\/\/afarangabroad.com\/es\/soaplands-en-tokio\/\">soaplands en Tokio<\/a> que validan esta frase.<\/p>\n<p>Sin embargo, debido a la diferencia cultural, puede que no sea sencillo echar un polvo aqu\u00ed. El objetivo de esta gu\u00eda es ayudarte a echar un polvo con putas japonesas o a conseguir una novia japonesa.<\/p>\n<p>Before we delve into the technical aspect of picking and jumping to bed with Japanese babes, it\u2019s crucial to have an overview of the major cultural difference between Japan and the west.<\/p>\n<p>Esto es a lo que la mayor\u00eda de nosotros estamos acostumbrados:<\/p>\n<ul>\n<li>Conocer a una chica en el trabajo, aficiones, club, etc.<\/li>\n<li>Habla con ella antes de intercambiar informaci\u00f3n de contacto.<\/li>\n<li>D1, Programa un caf\u00e9. Charla durante una o dos horas.<\/li>\n<li>D2, programa una cena, quiz\u00e1s puedas conseguir un beso aqu\u00ed.<\/li>\n<li>D3, salir a cenar, al cine. En esta fase, ambas partes esperan que las cosas lleguen al sexo si les gusta el otro.<\/li>\n<\/ul>\n<p>Upon arrival in Japan, things might play out quite differently. This does not mean Japan is a \u201csexless society\u201d like you have heard.<\/p>\n<p>De hecho, las japonesas no son ajenas al sexo. Si te dejas llevar por la onda de los caballeros respetuosos, te quedar\u00e1s al margen mientras las chicas sexys se dejan follar por los j\u00f3venes patinadores de corte recto o los artistas callejeros de pelo de punta.<\/p>\n<p>El tipo de servicios sexuales en Jap\u00f3n es infinito. Desde trabajos manuales, mamadas, trabajos con tetas, sexo, sexo bondage, etc.<\/p>\n<p>Estos son los tipos de <a href=\"https:\/\/afarangabroad.com\/es\/putas-japonesas\/\">Prostitutas japonesas<\/a> y d\u00f3nde encontrarlos.<\/p>\n<h2>Los callejeros<\/h2>\n<p>Los callejeros no son extra\u00f1os. De hecho, casi todo el mundo que recorre una ciudad a altas horas de la noche puede cruzarse con alguno.<\/p>","protected":false},"excerpt":{"rendered":"<p>Traveling to the land of rising sun and fancy a juicy experience with Japanese hookers? Well here is a Japan sex guide just for you. If you want to meet local girls in Tokyo for free,\u00a0check out this article. The sex industry is a huge business in Japan, they dozens of soaplands in Tokyo that [&hellip;]<\/p>","protected":false},"author":2,"featured_media":10060,"parent":0,"menu_order":0,"comment_status":"open","ping_status":"open","template":"","meta":{"_exactmetrics_skip_tracking":false,"_exactmetrics_sitenote_active":false,"_exactmetrics_sitenote_note":"","_exactmetrics_sitenote_category":0,"footnotes":""},"categories":[335],"tags":[],"class_list":["post-10026","page","type-page","status-publish","has-post-thumbnail","hentry","category-japan"],"yoast_head":"<!-- This site is optimized with the Yoast SEO plugin v20.1 - https:\/\/yoast.com\/wordpress\/plugins\/seo\/ -->\n<title>The Ultimate Japanese Hooker Guide - A Farang Abroad<\/title>\n<meta name=\"description\" content=\"In this article I&#039;ll show you all the best places to meet Japanese hookers, how much they cost and where to meet them online before you visit Japan.\" \/>\n<meta name=\"robots\" content=\"index, follow, max-snippet:-1, max-image-preview:large, max-video-preview:-1\" \/>\n<link rel=\"canonical\" href=\"https:\/\/afarangabroad.com\/es\/putas-japonesas\/\" \/>\n<meta property=\"og:locale\" content=\"es_ES\" \/>\n<meta property=\"og:type\" content=\"article\" \/>\n<meta property=\"og:title\" content=\"The Ultimate Japanese Hooker Guide - A Farang Abroad\" \/>\n<meta property=\"og:description\" content=\"In this article I&#039;ll show you all the best places to meet Japanese hookers, how much they cost and where to meet them online before you visit Japan.\" \/>\n<meta property=\"og:url\" content=\"https:\/\/afarangabroad.com\/es\/putas-japonesas\/\" \/>\n<meta property=\"og:site_name\" content=\"A Farang Abroad\" \/>\n<meta property=\"article:modified_time\" content=\"2024-10-16T05:16:53+00:00\" \/>\n<meta property=\"og:image\" content=\"https:\/\/afarangabroad.com\/wp-content\/uploads\/2018\/07\/japanese-hooker.jpg\" \/>\n\t<meta property=\"og:image:width\" content=\"853\" \/>\n\t<meta property=\"og:image:height\" content=\"1280\" \/>\n\t<meta property=\"og:image:type\" content=\"image\/jpeg\" \/>\n<meta name=\"twitter:label1\" content=\"Tiempo de lectura\" \/>\n\t<meta name=\"twitter:data1\" content=\"10 minutos\" \/>\n<script type=\"application\/ld+json\" class=\"yoast-schema-graph\">{\"@context\":\"https:\/\/schema.org\",\"@graph\":[{\"@type\":\"WebPage\",\"@id\":\"https:\/\/afarangabroad.com\/japanese-hookers\/\",\"url\":\"https:\/\/afarangabroad.com\/japanese-hookers\/\",\"name\":\"The Ultimate Japanese Hooker Guide - A Farang Abroad\",\"isPartOf\":{\"@id\":\"https:\/\/afarangabroad.com\/#website\"},\"datePublished\":\"2018-07-25T06:07:04+00:00\",\"dateModified\":\"2024-10-16T05:16:53+00:00\",\"description\":\"In this article I'll show you all the best places to meet Japanese hookers, how much they cost and where to meet them online before you visit Japan.\",\"breadcrumb\":{\"@id\":\"https:\/\/afarangabroad.com\/japanese-hookers\/#breadcrumb\"},\"inLanguage\":\"es\",\"potentialAction\":[{\"@type\":\"ReadAction\",\"target\":[\"https:\/\/afarangabroad.com\/japanese-hookers\/\"]}]},{\"@type\":\"BreadcrumbList\",\"@id\":\"https:\/\/afarangabroad.com\/japanese-hookers\/#breadcrumb\",\"itemListElement\":[{\"@type\":\"ListItem\",\"position\":1,\"name\":\"Home\",\"item\":\"https:\/\/afarangabroad.com\/\"},{\"@type\":\"ListItem\",\"position\":2,\"name\":\"The Ultimate Japanese Hooker Guide\"}]},{\"@type\":\"WebSite\",\"@id\":\"https:\/\/afarangabroad.com\/#website\",\"url\":\"https:\/\/afarangabroad.com\/\",\"name\":\"A Farang Abroad\",\"description\":\"Your secret guide to Asia&#039;s sexiest nightlife.\",\"potentialAction\":[{\"@type\":\"SearchAction\",\"target\":{\"@type\":\"EntryPoint\",\"urlTemplate\":\"https:\/\/afarangabroad.com\/?s={search_term_string}\"},\"query-input\":\"required name=search_term_string\"}],\"inLanguage\":\"es\"}]}<\/script>\n<!-- \/ Yoast SEO plugin. -->","yoast_head_json":{"title":"The Ultimate Japanese Hooker Guide - A Farang Abroad","description":"In this article I'll show you all the best places to meet Japanese hookers, how much they cost and where to meet them online before you visit Japan.","robots":{"index":"index","follow":"follow","max-snippet":"max-snippet:-1","max-image-preview":"max-image-preview:large","max-video-preview":"max-video-preview:-1"},"canonical":"https:\/\/afarangabroad.com\/es\/putas-japonesas\/","og_locale":"es_ES","og_type":"article","og_title":"The Ultimate Japanese Hooker Guide - A Farang Abroad","og_description":"In this article I'll show you all the best places to meet Japanese hookers, how much they cost and where to meet them online before you visit Japan.","og_url":"https:\/\/afarangabroad.com\/es\/putas-japonesas\/","og_site_name":"A Farang Abroad","article_modified_time":"2024-10-16T05:16:53+00:00","og_image":[{"width":"853","height":"1280","url":"https:\/\/afarangabroad.com\/wp-content\/uploads\/2018\/07\/japanese-hooker.jpg","type":"image\/jpeg"}],"twitter_misc":{"Tiempo de lectura":"10 minutos"},"schema":{"@context":"https:\/\/schema.org","@graph":[{"@type":"WebPage","@id":"https:\/\/afarangabroad.com\/japanese-hookers\/","url":"https:\/\/afarangabroad.com\/japanese-hookers\/","name":"The Ultimate Japanese Hooker Guide - A Farang Abroad","isPartOf":{"@id":"https:\/\/afarangabroad.com\/#website"},"datePublished":"2018-07-25T06:07:04+00:00","dateModified":"2024-10-16T05:16:53+00:00","description":"In this article I'll show you all the best places to meet Japanese hookers, how much they cost and where to meet them online before you visit Japan.","breadcrumb":{"@id":"https:\/\/afarangabroad.com\/japanese-hookers\/#breadcrumb"},"inLanguage":"es","potentialAction":[{"@type":"ReadAction","target":["https:\/\/afarangabroad.com\/japanese-hookers\/"]}]},{"@type":"BreadcrumbList","@id":"https:\/\/afarangabroad.com\/japanese-hookers\/#breadcrumb","itemListElement":[{"@type":"ListItem","position":1,"name":"Home","item":"https:\/\/afarangabroad.com\/"},{"@type":"ListItem","position":2,"name":"The Ultimate Japanese Hooker Guide"}]},{"@type":"WebSite","@id":"https:\/\/afarangabroad.com\/#website","url":"https:\/\/afarangabroad.com\/","name":"A Farang Abroad","description":"Your secret guide to Asia&#039;s sexiest nightlife.","potentialAction":[{"@type":"SearchAction","target":{"@type":"EntryPoint","urlTemplate":"https:\/\/afarangabroad.com\/?s={search_term_string}"},"query-input":"required name=search_term_string"}],"inLanguage":"es"}]}},"_links":{"self":[{"href":"https:\/\/afarangabroad.com\/es\/wp-json\/wp\/v2\/pages\/10026"}],"collection":[{"href":"https:\/\/afarangabroad.com\/es\/wp-json\/wp\/v2\/pages"}],"about":[{"href":"https:\/\/afarangabroad.com\/es\/wp-json\/wp\/v2\/types\/page"}],"author":[{"embeddable":true,"href":"https:\/\/afarangabroad.com\/es\/wp-json\/wp\/v2\/users\/2"}],"replies":[{"embeddable":true,"href":"https:\/\/afarangabroad.com\/es\/wp-json\/wp\/v2\/comments?post=10026"}],"version-history":[{"count":2,"href":"https:\/\/afarangabroad.com\/es\/wp-json\/wp\/v2\/pages\/10026\/revisions"}],"predecessor-version":[{"id":513614,"href":"https:\/\/afarangabroad.com\/es\/wp-json\/wp\/v2\/pages\/10026\/revisions\/513614"}],"wp:featuredmedia":[{"embeddable":true,"href":"https:\/\/afarangabroad.com\/es\/wp-json\/wp\/v2\/media\/10060"}],"wp:attachment":[{"href":"https:\/\/afarangabroad.com\/es\/wp-json\/wp\/v2\/media?parent=10026"}],"wp:term":[{"taxonomy":"category","embeddable":true,"href":"https:\/\/afarangabroad.com\/es\/wp-json\/wp\/v2\/categories?post=10026"},{"taxonomy":"post_tag","embeddable":true,"href":"https:\/\/afarangabroad.com\/es\/wp-json\/wp\/v2\/tags?post=10026"}],"curies":[{"name":"wp","href":"https:\/\/api.w.org\/{rel}","templated":true}]}}