{"id":10281,"date":"2018-10-22T11:23:49","date_gmt":"2018-10-22T10:23:49","guid":{"rendered":"https:\/\/afarangabroad.com\/?p=10281"},"modified":"2019-03-28T06:25:55","modified_gmt":"2019-03-28T06:25:55","slug":"ladyboys-in-shanghai","status":"publish","type":"page","link":"https:\/\/afarangabroad.com\/es\/ladyboys-en-shanghai\/","title":{"rendered":"D\u00f3nde encontrar ladyboys en Shanghai"},"content":{"rendered":"<p>Unlike other cities in Asia e. g Vietnam and Thailand, ladyboys in Shanghai are few and far between. This makes sense considering China\u2019s conservative rules and customs.<\/p>\n<p>quieres echar un polvo gratis en Shanghai,\u00a0<a href=\"https:\/\/afarangabroad.com\/es\/china-love-cupid-review\/\" target=\"_blank\" >consulte este art\u00edculo<\/a>.<\/p>\n<p><a href=\"https:\/\/afarangabroad.com\/es\/china-love-cupid-review\/\" target=\"_blank\" ><img loading=\"lazy\" decoding=\"async\" class=\"aligncenter size-large wp-image-8477\" src=\"https:\/\/afarangabroad.com\/wp-content\/uploads\/2017\/05\/meet-sexy-chiense-girls-1024x691.png\" sizes=\"(max-width: 678px) 100vw, 678px\" srcset=\"https:\/\/afarangabroad.com\/wp-content\/uploads\/2017\/05\/meet-sexy-chiense-girls-1024x691.png 1024w, https:\/\/afarangabroad.com\/wp-content\/uploads\/2017\/05\/meet-sexy-chiense-girls-300x202.png 300w, https:\/\/afarangabroad.com\/wp-content\/uploads\/2017\/05\/meet-sexy-chiense-girls-768x518.png 768w, https:\/\/afarangabroad.com\/wp-content\/uploads\/2017\/05\/meet-sexy-chiense-girls-720x486.png 720w, https:\/\/afarangabroad.com\/wp-content\/uploads\/2017\/05\/meet-sexy-chiense-girls.png 1038w\" alt=\"\" width=\"678\" height=\"458\" \/><\/a><\/p>\n<p>Sin embargo, hemos investigado m\u00e1s a fondo y hemos seleccionado estos lugares como los mejores para encontrar ladyboys chinas, ya sea s\u00f3lo para sexo o como amante. China est\u00e1 bien de econom\u00eda. El dinero atrae a las prostitutas y donde hay prostitutas, tambi\u00e9n encontrar\u00e1s algunas ladyboys putas.<\/p>\n<p>Before we get to the places to find ladyboys in Shanghai, it\u2019s good to outline some shortcoming you might encounter during the process.<\/p>\n<h2><strong>Dificultades para encontrar ladyboys en Shanghai<\/strong><\/h2>\n<p>Si visitas un pa\u00eds extranjero con tradiciones y valores diferentes, es posible que sufras un peque\u00f1o choque cultural. Pues bien, cuando se trata de China, hay uno importante.<\/p>\n<p>El idioma chino es indescifrable y muchas cosas se hacen de forma muy diferente. \u00bfSab\u00edas que en China no existe Google? \u00bfC\u00f3mo si no vas a traducir lo que ha dicho alguien?<\/p>\n<p>I don\u2019t mean to scare you. We travel far and wide and not a single trip have we ever regretted despite the cultural difference.<\/p>\n<p>Cuando se trata de LGBT, o a quienes llamamos ladyboys en este post, la informaci\u00f3n es bastante vaga. Shangh\u00e1i es una ciudad moderna y los trans son bienvenidos, lo que nos da unos cuantos lugares donde encontrar a estos amantes.<\/p>\n<p>To improve your chances of finding ladyboys in Shanghai, it\u2019s recommended you go with the online option.<\/p>\n<p><a href=\"https:\/\/afarangabroad.com\/es\/china-love-cupid-review\/\">China cupido<\/a> es el mejor sitio de citas. Hablaremos m\u00e1s sobre ello m\u00e1s adelante. Si est\u00e1s buscando una prostituta ladyboy china o una relaci\u00f3n seria, China Cupid es la mejor.<\/p>","protected":false},"excerpt":{"rendered":"<p>Unlike other cities in Asia e. g Vietnam and Thailand, ladyboys in Shanghai are few and far between. This makes sense considering China\u2019s conservative rules and customs. you want to get laid for free in Shanghai,\u00a0check out this article. However, we dug deeper and pinned these places as the best to find Chinese ladyboys be [&hellip;]<\/p>","protected":false},"author":2,"featured_media":0,"parent":0,"menu_order":0,"comment_status":"open","ping_status":"closed","template":"","meta":{"_exactmetrics_skip_tracking":false,"_exactmetrics_sitenote_active":false,"_exactmetrics_sitenote_note":"","_exactmetrics_sitenote_category":0,"footnotes":""},"categories":[334],"tags":[],"class_list":["post-10281","page","type-page","status-publish","hentry","category-china"],"yoast_head":"<!-- This site is optimized with the Yoast SEO plugin v20.1 - https:\/\/yoast.com\/wordpress\/plugins\/seo\/ -->\n<title>Where to Find Ladyboys in Shanghai - A Farang Abroad<\/title>\n<meta name=\"description\" content=\"Learn where to find ladyboys in Shanghai in this article. I&#039;ll teach you the best places and how to avoid getting scammed by ladyboys in China.\" \/>\n<meta name=\"robots\" content=\"index, follow, max-snippet:-1, max-image-preview:large, max-video-preview:-1\" \/>\n<link rel=\"canonical\" href=\"https:\/\/afarangabroad.com\/es\/ladyboys-en-shanghai\/\" \/>\n<meta property=\"og:locale\" content=\"es_ES\" \/>\n<meta property=\"og:type\" content=\"article\" \/>\n<meta property=\"og:title\" content=\"Where to Find Ladyboys in Shanghai - A Farang Abroad\" \/>\n<meta property=\"og:description\" content=\"Learn where to find ladyboys in Shanghai in this article. I&#039;ll teach you the best places and how to avoid getting scammed by ladyboys in China.\" \/>\n<meta property=\"og:url\" content=\"https:\/\/afarangabroad.com\/es\/ladyboys-en-shanghai\/\" \/>\n<meta property=\"og:site_name\" content=\"A Farang Abroad\" \/>\n<meta property=\"article:modified_time\" content=\"2019-03-28T06:25:55+00:00\" \/>\n<meta property=\"og:image\" content=\"https:\/\/afarangabroad.com\/wp-content\/uploads\/2017\/05\/meet-sexy-chiense-girls-1024x691.png\" \/>\n<meta name=\"twitter:label1\" content=\"Tiempo de lectura\" \/>\n\t<meta name=\"twitter:data1\" content=\"7 minutos\" \/>\n<script type=\"application\/ld+json\" class=\"yoast-schema-graph\">{\"@context\":\"https:\/\/schema.org\",\"@graph\":[{\"@type\":\"WebPage\",\"@id\":\"https:\/\/afarangabroad.com\/ladyboys-in-shanghai\/\",\"url\":\"https:\/\/afarangabroad.com\/ladyboys-in-shanghai\/\",\"name\":\"Where to Find Ladyboys in Shanghai - A Farang Abroad\",\"isPartOf\":{\"@id\":\"https:\/\/afarangabroad.com\/#website\"},\"datePublished\":\"2018-10-22T10:23:49+00:00\",\"dateModified\":\"2019-03-28T06:25:55+00:00\",\"description\":\"Learn where to find ladyboys in Shanghai in this article. I'll teach you the best places and how to avoid getting scammed by ladyboys in China.\",\"breadcrumb\":{\"@id\":\"https:\/\/afarangabroad.com\/ladyboys-in-shanghai\/#breadcrumb\"},\"inLanguage\":\"es\",\"potentialAction\":[{\"@type\":\"ReadAction\",\"target\":[\"https:\/\/afarangabroad.com\/ladyboys-in-shanghai\/\"]}]},{\"@type\":\"BreadcrumbList\",\"@id\":\"https:\/\/afarangabroad.com\/ladyboys-in-shanghai\/#breadcrumb\",\"itemListElement\":[{\"@type\":\"ListItem\",\"position\":1,\"name\":\"Home\",\"item\":\"https:\/\/afarangabroad.com\/\"},{\"@type\":\"ListItem\",\"position\":2,\"name\":\"Where to Find Ladyboys in Shanghai\"}]},{\"@type\":\"WebSite\",\"@id\":\"https:\/\/afarangabroad.com\/#website\",\"url\":\"https:\/\/afarangabroad.com\/\",\"name\":\"A Farang Abroad\",\"description\":\"Your secret guide to Asia&#039;s sexiest nightlife.\",\"potentialAction\":[{\"@type\":\"SearchAction\",\"target\":{\"@type\":\"EntryPoint\",\"urlTemplate\":\"https:\/\/afarangabroad.com\/?s={search_term_string}\"},\"query-input\":\"required name=search_term_string\"}],\"inLanguage\":\"es\"}]}<\/script>\n<!-- \/ Yoast SEO plugin. -->","yoast_head_json":{"title":"Where to Find Ladyboys in Shanghai - A Farang Abroad","description":"Learn where to find ladyboys in Shanghai in this article. I'll teach you the best places and how to avoid getting scammed by ladyboys in China.","robots":{"index":"index","follow":"follow","max-snippet":"max-snippet:-1","max-image-preview":"max-image-preview:large","max-video-preview":"max-video-preview:-1"},"canonical":"https:\/\/afarangabroad.com\/es\/ladyboys-en-shanghai\/","og_locale":"es_ES","og_type":"article","og_title":"Where to Find Ladyboys in Shanghai - A Farang Abroad","og_description":"Learn where to find ladyboys in Shanghai in this article. I'll teach you the best places and how to avoid getting scammed by ladyboys in China.","og_url":"https:\/\/afarangabroad.com\/es\/ladyboys-en-shanghai\/","og_site_name":"A Farang Abroad","article_modified_time":"2019-03-28T06:25:55+00:00","og_image":[{"url":"https:\/\/afarangabroad.com\/wp-content\/uploads\/2017\/05\/meet-sexy-chiense-girls-1024x691.png"}],"twitter_misc":{"Tiempo de lectura":"7 minutos"},"schema":{"@context":"https:\/\/schema.org","@graph":[{"@type":"WebPage","@id":"https:\/\/afarangabroad.com\/ladyboys-in-shanghai\/","url":"https:\/\/afarangabroad.com\/ladyboys-in-shanghai\/","name":"Where to Find Ladyboys in Shanghai - A Farang Abroad","isPartOf":{"@id":"https:\/\/afarangabroad.com\/#website"},"datePublished":"2018-10-22T10:23:49+00:00","dateModified":"2019-03-28T06:25:55+00:00","description":"Learn where to find ladyboys in Shanghai in this article. I'll teach you the best places and how to avoid getting scammed by ladyboys in China.","breadcrumb":{"@id":"https:\/\/afarangabroad.com\/ladyboys-in-shanghai\/#breadcrumb"},"inLanguage":"es","potentialAction":[{"@type":"ReadAction","target":["https:\/\/afarangabroad.com\/ladyboys-in-shanghai\/"]}]},{"@type":"BreadcrumbList","@id":"https:\/\/afarangabroad.com\/ladyboys-in-shanghai\/#breadcrumb","itemListElement":[{"@type":"ListItem","position":1,"name":"Home","item":"https:\/\/afarangabroad.com\/"},{"@type":"ListItem","position":2,"name":"Where to Find Ladyboys in Shanghai"}]},{"@type":"WebSite","@id":"https:\/\/afarangabroad.com\/#website","url":"https:\/\/afarangabroad.com\/","name":"A Farang Abroad","description":"Your secret guide to Asia&#039;s sexiest nightlife.","potentialAction":[{"@type":"SearchAction","target":{"@type":"EntryPoint","urlTemplate":"https:\/\/afarangabroad.com\/?s={search_term_string}"},"query-input":"required name=search_term_string"}],"inLanguage":"es"}]}},"_links":{"self":[{"href":"https:\/\/afarangabroad.com\/es\/wp-json\/wp\/v2\/pages\/10281"}],"collection":[{"href":"https:\/\/afarangabroad.com\/es\/wp-json\/wp\/v2\/pages"}],"about":[{"href":"https:\/\/afarangabroad.com\/es\/wp-json\/wp\/v2\/types\/page"}],"author":[{"embeddable":true,"href":"https:\/\/afarangabroad.com\/es\/wp-json\/wp\/v2\/users\/2"}],"replies":[{"embeddable":true,"href":"https:\/\/afarangabroad.com\/es\/wp-json\/wp\/v2\/comments?post=10281"}],"version-history":[{"count":0,"href":"https:\/\/afarangabroad.com\/es\/wp-json\/wp\/v2\/pages\/10281\/revisions"}],"wp:attachment":[{"href":"https:\/\/afarangabroad.com\/es\/wp-json\/wp\/v2\/media?parent=10281"}],"wp:term":[{"taxonomy":"category","embeddable":true,"href":"https:\/\/afarangabroad.com\/es\/wp-json\/wp\/v2\/categories?post=10281"},{"taxonomy":"post_tag","embeddable":true,"href":"https:\/\/afarangabroad.com\/es\/wp-json\/wp\/v2\/tags?post=10281"}],"curies":[{"name":"wp","href":"https:\/\/api.w.org\/{rel}","templated":true}]}}