{"id":2635,"date":"2013-12-08T00:06:34","date_gmt":"2013-12-08T00:06:34","guid":{"rendered":"https:\/\/afarangabroad.com\/?p=2635"},"modified":"2019-09-22T14:07:10","modified_gmt":"2019-09-22T13:07:10","slug":"thai-friendly-dating","status":"publish","type":"page","link":"https:\/\/afarangabroad.com\/es\/thai-friendly-dating\/","title":{"rendered":"C\u00f3mo utilizar Thai Friendly para conocer chicas tailandesas"},"content":{"rendered":"<p>Esta es mi rese\u00f1a del sitio de citas Thai Friendly.<\/p>\n<p>Una pregunta que me hacen algunos de mis lectores es c\u00f3mo encontrar novia tailandesa o c\u00f3mo conseguir <strong>sexo en Tailandia\u00a0<\/strong>sin tener que pagar por ello? En este post voy a hablar con usted acerca de Thai Friendly, y c\u00f3mo usted puede tener cientos de chicas tailandesas reales de mensajer\u00eda que dentro de las 24 horas que quieren reunirse (y dormir con usted).<\/p>\n<p><strong>If you&#8217;re a white male, keep on reading for my review of Thai Friendly.<\/strong><\/p>\n<h2><b>Encontrar una novia tailandesa en Thai friendly<\/b><\/h2>\n<p>La forma m\u00e1s segura de encontrar novia tailandesa a veces incluso antes de aterrizar en Tailandia es visitar el <a href=\"https:\/\/afarangabroad.com\/es\/recommends\/thai-friendly\/\">Thai Friendly dating site<\/a>.<\/p>\n<p>From talking to my friends, we all agree this is by far the best dating website in Thailand and a good choice to find a Thai girlfriend, or to find a girl who&#8217;s up for no strings attached fun, without any exchange of money.<\/p>\n<p>The west is still coming to grips with \u201conline dating\u201d, some people still consider these websites as taboo, while in Thailand it\u2019s the complete opposite. Many girls are working long hours so they don\u2019t have the time to socialize, they find using Thai Friendly a great way to find relationships of all kinds.<\/p>\n<p>The average workday can last as long as 10-12 hours for a Thai girl, then using public transport to get back home, that&#8217;s another 1-2 hours.If you have ever been to Thailand, you know how bad public transport is, so 10-12 hours work with another 1-2 hours of commuting to work and you see why most Thai girls use online dating sites to <a href=\"https:\/\/afarangabroad.com\/es\/recommends\/thai-friendly\/\">encontrar pareja y encuentros casuales de una noche<\/a>.<\/p>\n<p>S\u00f3lo las tailandesas ricas tienen tiempo para socializar la mayor\u00eda de las noches, e incluso as\u00ed, les resulta dif\u00edcil hacerlo.<\/p>\n<p><a href=\"https:\/\/afarangabroad.com\/es\/recommends\/thai-friendly\/\"><img loading=\"lazy\" decoding=\"async\" class=\"aligncenter wp-image-2873 size-full\" src=\"https:\/\/afarangabroad.com\/wp-content\/uploads\/2013\/12\/45454.jpg\" alt=\"Using Thai friendly to find yourself a Thai Girlfriend!\" width=\"336\" height=\"280\" srcset=\"https:\/\/afarangabroad.com\/wp-content\/uploads\/2013\/12\/45454.jpg 336w, https:\/\/afarangabroad.com\/wp-content\/uploads\/2013\/12\/45454-300x250.jpg 300w\" sizes=\"(max-width: 336px) 100vw, 336px\" \/><\/a><\/p>\n<p>You must also remember that the average Thai doesn&#8217;t have much disposable income, so visiting bars and clubs won\u2019t be on the agenda for them every week. There is a whole un-tapped market currently on these dating sites, Thai friendly being the most popular and successful.<\/p>\n<p><a href=\"https:\/\/afarangabroad.com\/es\/recommends\/thai-friendly\/\">Thai friendly<\/a> tiene todo tipo de chicas, y ofrecen una opci\u00f3n para bloquear los mensajes de ciertas personas como ladyboys si no son su taza de t\u00e9. Tambi\u00e9n s\u00e9 (y mis amigos est\u00e1n de acuerdo) que de todos los sitios de citas tailandeses, Thai friendly tiene la menor cantidad de prostitutas y la mayor cantidad de aut\u00e9nticas chicas tailandesas con las que chatear.<\/p>","protected":false},"excerpt":{"rendered":"<p>This is my review of Thai Friendly dating site. A question some of my readers ask me is how to find a Thai girlfriend or how to get sex in Thailand\u00a0without having to pay for it? In this post I will talk to you about Thai Friendly, and how you can have hundreds of real [&hellip;]<\/p>","protected":false},"author":2,"featured_media":2873,"parent":0,"menu_order":0,"comment_status":"open","ping_status":"closed","template":"","meta":{"_exactmetrics_skip_tracking":false,"_exactmetrics_sitenote_active":false,"_exactmetrics_sitenote_note":"","_exactmetrics_sitenote_category":0,"footnotes":""},"categories":[323],"tags":[291,292,196],"class_list":["post-2635","page","type-page","status-publish","has-post-thumbnail","hentry","category-thailand-girls","tag-thai-dating-2","tag-thai-girlfriend","tag-thai-girls"],"yoast_head":"<!-- This site is optimized with the Yoast SEO plugin v20.1 - https:\/\/yoast.com\/wordpress\/plugins\/seo\/ -->\n<title>How To Use Thai Friendly Review To Get Laid For Free | Thailand<\/title>\n<meta name=\"description\" content=\"Want to get laid using Thai Friendly? ThaiFriendly has over 600,000 girls from Thailand all looking to meet farangs, read more about my review.\" \/>\n<meta name=\"robots\" content=\"index, follow, max-snippet:-1, max-image-preview:large, max-video-preview:-1\" \/>\n<link rel=\"canonical\" href=\"https:\/\/afarangabroad.com\/es\/thai-friendly-dating\/\" \/>\n<meta property=\"og:locale\" content=\"es_ES\" \/>\n<meta property=\"og:type\" content=\"article\" \/>\n<meta property=\"og:title\" content=\"How To Use Thai Friendly Review To Get Laid For Free | Thailand\" \/>\n<meta property=\"og:description\" content=\"Want to get laid using Thai Friendly? ThaiFriendly has over 600,000 girls from Thailand all looking to meet farangs, read more about my review.\" \/>\n<meta property=\"og:url\" content=\"https:\/\/afarangabroad.com\/es\/thai-friendly-dating\/\" \/>\n<meta property=\"og:site_name\" content=\"A Farang Abroad\" \/>\n<meta property=\"article:modified_time\" content=\"2019-09-22T13:07:10+00:00\" \/>\n<meta property=\"og:image\" content=\"https:\/\/afarangabroad.com\/wp-content\/uploads\/2013\/12\/45454.jpg\" \/>\n\t<meta property=\"og:image:width\" content=\"336\" \/>\n\t<meta property=\"og:image:height\" content=\"280\" \/>\n\t<meta property=\"og:image:type\" content=\"image\/jpeg\" \/>\n<meta name=\"twitter:label1\" content=\"Tiempo de lectura\" \/>\n\t<meta name=\"twitter:data1\" content=\"7 minutos\" \/>\n<script type=\"application\/ld+json\" class=\"yoast-schema-graph\">{\"@context\":\"https:\/\/schema.org\",\"@graph\":[{\"@type\":\"WebPage\",\"@id\":\"https:\/\/afarangabroad.com\/thai-friendly-dating\/\",\"url\":\"https:\/\/afarangabroad.com\/thai-friendly-dating\/\",\"name\":\"How To Use Thai Friendly Review To Get Laid For Free | Thailand\",\"isPartOf\":{\"@id\":\"https:\/\/afarangabroad.com\/#website\"},\"datePublished\":\"2013-12-08T00:06:34+00:00\",\"dateModified\":\"2019-09-22T13:07:10+00:00\",\"description\":\"Want to get laid using Thai Friendly? ThaiFriendly has over 600,000 girls from Thailand all looking to meet farangs, read more about my review.\",\"breadcrumb\":{\"@id\":\"https:\/\/afarangabroad.com\/thai-friendly-dating\/#breadcrumb\"},\"inLanguage\":\"es\",\"potentialAction\":[{\"@type\":\"ReadAction\",\"target\":[\"https:\/\/afarangabroad.com\/thai-friendly-dating\/\"]}]},{\"@type\":\"BreadcrumbList\",\"@id\":\"https:\/\/afarangabroad.com\/thai-friendly-dating\/#breadcrumb\",\"itemListElement\":[{\"@type\":\"ListItem\",\"position\":1,\"name\":\"Home\",\"item\":\"https:\/\/afarangabroad.com\/\"},{\"@type\":\"ListItem\",\"position\":2,\"name\":\"How to Use Thai Friendly To Meet Thai Girls\"}]},{\"@type\":\"WebSite\",\"@id\":\"https:\/\/afarangabroad.com\/#website\",\"url\":\"https:\/\/afarangabroad.com\/\",\"name\":\"A Farang Abroad\",\"description\":\"Your secret guide to Asia&#039;s sexiest nightlife.\",\"potentialAction\":[{\"@type\":\"SearchAction\",\"target\":{\"@type\":\"EntryPoint\",\"urlTemplate\":\"https:\/\/afarangabroad.com\/?s={search_term_string}\"},\"query-input\":\"required name=search_term_string\"}],\"inLanguage\":\"es\"}]}<\/script>\n<!-- \/ Yoast SEO plugin. -->","yoast_head_json":{"title":"How To Use Thai Friendly Review To Get Laid For Free | Thailand","description":"Want to get laid using Thai Friendly? ThaiFriendly has over 600,000 girls from Thailand all looking to meet farangs, read more about my review.","robots":{"index":"index","follow":"follow","max-snippet":"max-snippet:-1","max-image-preview":"max-image-preview:large","max-video-preview":"max-video-preview:-1"},"canonical":"https:\/\/afarangabroad.com\/es\/thai-friendly-dating\/","og_locale":"es_ES","og_type":"article","og_title":"How To Use Thai Friendly Review To Get Laid For Free | Thailand","og_description":"Want to get laid using Thai Friendly? ThaiFriendly has over 600,000 girls from Thailand all looking to meet farangs, read more about my review.","og_url":"https:\/\/afarangabroad.com\/es\/thai-friendly-dating\/","og_site_name":"A Farang Abroad","article_modified_time":"2019-09-22T13:07:10+00:00","og_image":[{"width":336,"height":280,"url":"https:\/\/afarangabroad.com\/wp-content\/uploads\/2013\/12\/45454.jpg","type":"image\/jpeg"}],"twitter_misc":{"Tiempo de lectura":"7 minutos"},"schema":{"@context":"https:\/\/schema.org","@graph":[{"@type":"WebPage","@id":"https:\/\/afarangabroad.com\/thai-friendly-dating\/","url":"https:\/\/afarangabroad.com\/thai-friendly-dating\/","name":"How To Use Thai Friendly Review To Get Laid For Free | Thailand","isPartOf":{"@id":"https:\/\/afarangabroad.com\/#website"},"datePublished":"2013-12-08T00:06:34+00:00","dateModified":"2019-09-22T13:07:10+00:00","description":"Want to get laid using Thai Friendly? ThaiFriendly has over 600,000 girls from Thailand all looking to meet farangs, read more about my review.","breadcrumb":{"@id":"https:\/\/afarangabroad.com\/thai-friendly-dating\/#breadcrumb"},"inLanguage":"es","potentialAction":[{"@type":"ReadAction","target":["https:\/\/afarangabroad.com\/thai-friendly-dating\/"]}]},{"@type":"BreadcrumbList","@id":"https:\/\/afarangabroad.com\/thai-friendly-dating\/#breadcrumb","itemListElement":[{"@type":"ListItem","position":1,"name":"Home","item":"https:\/\/afarangabroad.com\/"},{"@type":"ListItem","position":2,"name":"How to Use Thai Friendly To Meet Thai Girls"}]},{"@type":"WebSite","@id":"https:\/\/afarangabroad.com\/#website","url":"https:\/\/afarangabroad.com\/","name":"A Farang Abroad","description":"Your secret guide to Asia&#039;s sexiest nightlife.","potentialAction":[{"@type":"SearchAction","target":{"@type":"EntryPoint","urlTemplate":"https:\/\/afarangabroad.com\/?s={search_term_string}"},"query-input":"required name=search_term_string"}],"inLanguage":"es"}]}},"_links":{"self":[{"href":"https:\/\/afarangabroad.com\/es\/wp-json\/wp\/v2\/pages\/2635"}],"collection":[{"href":"https:\/\/afarangabroad.com\/es\/wp-json\/wp\/v2\/pages"}],"about":[{"href":"https:\/\/afarangabroad.com\/es\/wp-json\/wp\/v2\/types\/page"}],"author":[{"embeddable":true,"href":"https:\/\/afarangabroad.com\/es\/wp-json\/wp\/v2\/users\/2"}],"replies":[{"embeddable":true,"href":"https:\/\/afarangabroad.com\/es\/wp-json\/wp\/v2\/comments?post=2635"}],"version-history":[{"count":0,"href":"https:\/\/afarangabroad.com\/es\/wp-json\/wp\/v2\/pages\/2635\/revisions"}],"wp:featuredmedia":[{"embeddable":true,"href":"https:\/\/afarangabroad.com\/es\/wp-json\/wp\/v2\/media\/2873"}],"wp:attachment":[{"href":"https:\/\/afarangabroad.com\/es\/wp-json\/wp\/v2\/media?parent=2635"}],"wp:term":[{"taxonomy":"category","embeddable":true,"href":"https:\/\/afarangabroad.com\/es\/wp-json\/wp\/v2\/categories?post=2635"},{"taxonomy":"post_tag","embeddable":true,"href":"https:\/\/afarangabroad.com\/es\/wp-json\/wp\/v2\/tags?post=2635"}],"curies":[{"name":"wp","href":"https:\/\/api.w.org\/{rel}","templated":true}]}}