{"id":2868,"date":"2014-01-24T00:28:05","date_gmt":"2014-01-24T00:28:05","guid":{"rendered":"https:\/\/afarangabroad.com\/?p=2868"},"modified":"2019-04-16T10:41:13","modified_gmt":"2019-04-16T09:41:13","slug":"thai-women","status":"publish","type":"page","link":"https:\/\/afarangabroad.com\/es\/mujeres-tailandesas\/","title":{"rendered":"7 lugares para conocer tailandesas sexys en Tailandia"},"content":{"rendered":"<p>Bas\u00e1ndome en mi asombrosa inteligencia he enumerado los 5 mejores lugares para conocer mujeres tailandesas en Tailandia.<\/p>\n<p>\u00bfQu\u00e9 hace que estos sean los 5 mejores lugares para conocer mujeres tailandesas? Nada m\u00e1s que el t\u00edtulo, pero espero que te d\u00e9 una idea de d\u00f3nde conocer mujeres tailandesas en Bangkok.<\/p>\n<p>\u00bfQuieres echar un polvo en <strong>Tailandia gratis<\/strong>entonces <a href=\"https:\/\/afarangabroad.com\/es\/thai-cupid-dating-site\/\" target=\"_blank\" >leer este art\u00edculo<\/a>.<\/p>\n<p><a href=\"https:\/\/afarangabroad.com\/es\/thai-cupid-dating-site\/\" target=\"_blank\" ><img loading=\"lazy\" decoding=\"async\" class=\"aligncenter size-large wp-image-7256\" src=\"https:\/\/afarangabroad.com\/wp-content\/uploads\/2016\/06\/Meet-Thai-girls-1024x691.png\" alt=\"Conocer chicas tailandesas\" width=\"600\" height=\"405\" srcset=\"https:\/\/afarangabroad.com\/wp-content\/uploads\/2016\/06\/Meet-Thai-girls-1024x691.png 1024w, https:\/\/afarangabroad.com\/wp-content\/uploads\/2016\/06\/Meet-Thai-girls-300x202.png 300w, https:\/\/afarangabroad.com\/wp-content\/uploads\/2016\/06\/Meet-Thai-girls-720x486.png 720w, https:\/\/afarangabroad.com\/wp-content\/uploads\/2016\/06\/Meet-Thai-girls.png 1038w\" sizes=\"(max-width: 600px) 100vw, 600px\" \/><\/a><\/p>\n<h2><b>1. Sitios de citas tailandeses<\/b><\/h2>\n<p>Internet es un recurso muy valioso, y como me he hecho eco a lo largo de las entradas de mi blog, conocer mujeres tailandesas utilizando sitios de citas es, con mucho, la mejor manera de hacerlo. Utilizando <a title=\"C\u00f3mo encontrar novia tailandesa\" href=\"https:\/\/afarangabroad.com\/es\/thai-friendly-dating\/\" target=\"_blank\" >Sitios de citas tailandeses<\/a> es f\u00e1cil, menos estresante y, obviamente, menos inc\u00f3modo. Hay muchos <a title=\"Bangkok Chicas y chicas en Bangkok\" href=\"https:\/\/afarangabroad.com\/es\/chicas-en-bangkok\/\">Chicas de Bangkok<\/a> all\u00ed.<\/p>\n<p>He recomendado algunos sitios de citas tailand\u00e9s en mi sitio, y entrado en algunos detalles acerca de lo que puede obtener de ellos en lo que respecta a conocer a las mujeres.el mejor de ellos es <a href=\"https:\/\/afarangabroad.com\/es\/thai-cupid-dating-site\/\" target=\"_blank\" >Cupido tailand\u00e9s<\/a> donde puedes conseguir que mujeres tailandesas normales vayan directamente a tu hotel o condominio \u00a1gratis! <a href=\"https:\/\/afarangabroad.com\/es\/thai-friendly-dating\/\" target=\"_blank\" >Thai Friendly<\/a> tambi\u00e9n est\u00e1 bien, pero me gusta m\u00e1s Cupido porque tiene m\u00e1s chicas.<\/p>\n<h2><b>2. Centros comerciales para las tailandesas<br \/>\n<\/b><\/h2>\n<p>When did Thailand get so many shopping malls? I remember the first time I was in Thailand back in 2012, every time I got lost I found a new shopping mall. I can\u2019t complain though, they always have air-con and have a lot of <a title=\"Chicas tailandesas sexys - \u00bfD\u00f3nde conocerlas?\" href=\"https:\/\/afarangabroad.com\/es\/thai-girls\/\">chicas tailandesas sexy<\/a> dentro.<\/p>\n<p>The clothing shops try not to hire ugly Thai women from what I can see, they always seem to be above average looking. What? Am I saying Thailand is a country that discriminates people based on their looks? Don\u2019t be silly, that doesn&#8217;t happen in Thailand.<\/p>\n<p><em> *Gran risa*<\/em><\/p>\n<p>As\u00ed que s\u00ed los centros comerciales son un gran lugar si quieres ir y conocer a <a title=\"Chicas tailandesas- C\u00f3mo son\" href=\"https:\/\/afarangabroad.com\/es\/thai-girls\/\">Chicas tailandesas<\/a>, si visita centros comerciales como Central world o <a href=\"http:\/\/www.bangkok.com\/shopping-mall\/mbk.htm\" target=\"_blank\" >MBK<\/a> en Bangkok. Es muy probable que las chicas tailandesas hablen <a title=\"Qu\u00e9 es Tinglish????\" href=\"https:\/\/afarangabroad.com\/es\/2014\/01\/tinglish\/\" target=\"_blank\" >Tinglish<\/a> si visitas los centros comerciales tur\u00edsticos. Comp\u00e1relo con lugares como el centro comercial Union, donde tendr\u00e1 que dominar el tailand\u00e9s b\u00e1sico para desenvolverse.<\/p>\n<p><img loading=\"lazy\" decoding=\"async\" class=\"alignnone wp-image-2869\" src=\"https:\/\/afarangabroad.com\/wp-content\/uploads\/2014\/01\/IMG_1349-980x1024.jpg\" alt=\"IMG_1349\" width=\"600\" height=\"626\" srcset=\"https:\/\/afarangabroad.com\/wp-content\/uploads\/2014\/01\/IMG_1349-980x1024.jpg 980w, https:\/\/afarangabroad.com\/wp-content\/uploads\/2014\/01\/IMG_1349-287x300.jpg 287w, https:\/\/afarangabroad.com\/wp-content\/uploads\/2014\/01\/IMG_1349-300x313.jpg 300w, https:\/\/afarangabroad.com\/wp-content\/uploads\/2014\/01\/IMG_1349-720x751.jpg 720w\" sizes=\"(max-width: 600px) 100vw, 600px\" \/><\/p>","protected":false},"excerpt":{"rendered":"<p>Based on my amazing intelligence I have listed the top 5 places to meet Thai women in Thailand. What makes these the top 5 places to meet Thai women? Nothing other than the title stating it, but hopefully it should give you an idea on where to meet nice Thailand women in Bangkok. Want to [&hellip;]<\/p>","protected":false},"author":2,"featured_media":2869,"parent":0,"menu_order":0,"comment_status":"open","ping_status":"open","template":"","meta":{"_exactmetrics_skip_tracking":false,"_exactmetrics_sitenote_active":false,"_exactmetrics_sitenote_note":"","_exactmetrics_sitenote_category":0,"footnotes":""},"categories":[323],"tags":[196,301],"class_list":["post-2868","page","type-page","status-publish","has-post-thumbnail","hentry","category-thailand-girls","tag-thai-girls","tag-thai-women"],"yoast_head":"<!-- This site is optimized with the Yoast SEO plugin v20.1 - https:\/\/yoast.com\/wordpress\/plugins\/seo\/ -->\n<title>7 Places to Meet Sexy Thai Women in Thailand - A Farang Abroad<\/title>\n<meta name=\"description\" content=\"A list of the best 5 places to meet and interact with Thai women in Thailand. Suggestions from the not so common tourist places to malls and night markets.\" \/>\n<meta name=\"robots\" content=\"index, follow, max-snippet:-1, max-image-preview:large, max-video-preview:-1\" \/>\n<link rel=\"canonical\" href=\"https:\/\/afarangabroad.com\/es\/mujeres-tailandesas\/\" \/>\n<meta property=\"og:locale\" content=\"es_ES\" \/>\n<meta property=\"og:type\" content=\"article\" \/>\n<meta property=\"og:title\" content=\"7 Places to Meet Sexy Thai Women in Thailand - A Farang Abroad\" \/>\n<meta property=\"og:description\" content=\"A list of the best 5 places to meet and interact with Thai women in Thailand. Suggestions from the not so common tourist places to malls and night markets.\" \/>\n<meta property=\"og:url\" content=\"https:\/\/afarangabroad.com\/es\/mujeres-tailandesas\/\" \/>\n<meta property=\"og:site_name\" content=\"A Farang Abroad\" \/>\n<meta property=\"article:modified_time\" content=\"2019-04-16T09:41:13+00:00\" \/>\n<meta property=\"og:image\" content=\"https:\/\/afarangabroad.com\/wp-content\/uploads\/2014\/01\/IMG_1349.jpg\" \/>\n\t<meta property=\"og:image:width\" content=\"2360\" \/>\n\t<meta property=\"og:image:height\" content=\"2464\" \/>\n\t<meta property=\"og:image:type\" content=\"image\/jpeg\" \/>\n<meta name=\"twitter:label1\" content=\"Tiempo de lectura\" \/>\n\t<meta name=\"twitter:data1\" content=\"12 minutos\" \/>\n<script type=\"application\/ld+json\" class=\"yoast-schema-graph\">{\"@context\":\"https:\/\/schema.org\",\"@graph\":[{\"@type\":\"WebPage\",\"@id\":\"https:\/\/afarangabroad.com\/thai-women\/\",\"url\":\"https:\/\/afarangabroad.com\/thai-women\/\",\"name\":\"7 Places to Meet Sexy Thai Women in Thailand - A Farang Abroad\",\"isPartOf\":{\"@id\":\"https:\/\/afarangabroad.com\/#website\"},\"datePublished\":\"2014-01-24T00:28:05+00:00\",\"dateModified\":\"2019-04-16T09:41:13+00:00\",\"description\":\"A list of the best 5 places to meet and interact with Thai women in Thailand. Suggestions from the not so common tourist places to malls and night markets.\",\"breadcrumb\":{\"@id\":\"https:\/\/afarangabroad.com\/thai-women\/#breadcrumb\"},\"inLanguage\":\"es\",\"potentialAction\":[{\"@type\":\"ReadAction\",\"target\":[\"https:\/\/afarangabroad.com\/thai-women\/\"]}]},{\"@type\":\"BreadcrumbList\",\"@id\":\"https:\/\/afarangabroad.com\/thai-women\/#breadcrumb\",\"itemListElement\":[{\"@type\":\"ListItem\",\"position\":1,\"name\":\"Home\",\"item\":\"https:\/\/afarangabroad.com\/\"},{\"@type\":\"ListItem\",\"position\":2,\"name\":\"7 Places to Meet Sexy Thai Women in Thailand\"}]},{\"@type\":\"WebSite\",\"@id\":\"https:\/\/afarangabroad.com\/#website\",\"url\":\"https:\/\/afarangabroad.com\/\",\"name\":\"A Farang Abroad\",\"description\":\"Your secret guide to Asia&#039;s sexiest nightlife.\",\"potentialAction\":[{\"@type\":\"SearchAction\",\"target\":{\"@type\":\"EntryPoint\",\"urlTemplate\":\"https:\/\/afarangabroad.com\/?s={search_term_string}\"},\"query-input\":\"required name=search_term_string\"}],\"inLanguage\":\"es\"}]}<\/script>\n<!-- \/ Yoast SEO plugin. -->","yoast_head_json":{"title":"7 Places to Meet Sexy Thai Women in Thailand - A Farang Abroad","description":"A list of the best 5 places to meet and interact with Thai women in Thailand. Suggestions from the not so common tourist places to malls and night markets.","robots":{"index":"index","follow":"follow","max-snippet":"max-snippet:-1","max-image-preview":"max-image-preview:large","max-video-preview":"max-video-preview:-1"},"canonical":"https:\/\/afarangabroad.com\/es\/mujeres-tailandesas\/","og_locale":"es_ES","og_type":"article","og_title":"7 Places to Meet Sexy Thai Women in Thailand - A Farang Abroad","og_description":"A list of the best 5 places to meet and interact with Thai women in Thailand. Suggestions from the not so common tourist places to malls and night markets.","og_url":"https:\/\/afarangabroad.com\/es\/mujeres-tailandesas\/","og_site_name":"A Farang Abroad","article_modified_time":"2019-04-16T09:41:13+00:00","og_image":[{"width":2360,"height":2464,"url":"https:\/\/afarangabroad.com\/wp-content\/uploads\/2014\/01\/IMG_1349.jpg","type":"image\/jpeg"}],"twitter_misc":{"Tiempo de lectura":"12 minutos"},"schema":{"@context":"https:\/\/schema.org","@graph":[{"@type":"WebPage","@id":"https:\/\/afarangabroad.com\/thai-women\/","url":"https:\/\/afarangabroad.com\/thai-women\/","name":"7 Places to Meet Sexy Thai Women in Thailand - A Farang Abroad","isPartOf":{"@id":"https:\/\/afarangabroad.com\/#website"},"datePublished":"2014-01-24T00:28:05+00:00","dateModified":"2019-04-16T09:41:13+00:00","description":"A list of the best 5 places to meet and interact with Thai women in Thailand. Suggestions from the not so common tourist places to malls and night markets.","breadcrumb":{"@id":"https:\/\/afarangabroad.com\/thai-women\/#breadcrumb"},"inLanguage":"es","potentialAction":[{"@type":"ReadAction","target":["https:\/\/afarangabroad.com\/thai-women\/"]}]},{"@type":"BreadcrumbList","@id":"https:\/\/afarangabroad.com\/thai-women\/#breadcrumb","itemListElement":[{"@type":"ListItem","position":1,"name":"Home","item":"https:\/\/afarangabroad.com\/"},{"@type":"ListItem","position":2,"name":"7 Places to Meet Sexy Thai Women in Thailand"}]},{"@type":"WebSite","@id":"https:\/\/afarangabroad.com\/#website","url":"https:\/\/afarangabroad.com\/","name":"A Farang Abroad","description":"Your secret guide to Asia&#039;s sexiest nightlife.","potentialAction":[{"@type":"SearchAction","target":{"@type":"EntryPoint","urlTemplate":"https:\/\/afarangabroad.com\/?s={search_term_string}"},"query-input":"required name=search_term_string"}],"inLanguage":"es"}]}},"_links":{"self":[{"href":"https:\/\/afarangabroad.com\/es\/wp-json\/wp\/v2\/pages\/2868"}],"collection":[{"href":"https:\/\/afarangabroad.com\/es\/wp-json\/wp\/v2\/pages"}],"about":[{"href":"https:\/\/afarangabroad.com\/es\/wp-json\/wp\/v2\/types\/page"}],"author":[{"embeddable":true,"href":"https:\/\/afarangabroad.com\/es\/wp-json\/wp\/v2\/users\/2"}],"replies":[{"embeddable":true,"href":"https:\/\/afarangabroad.com\/es\/wp-json\/wp\/v2\/comments?post=2868"}],"version-history":[{"count":0,"href":"https:\/\/afarangabroad.com\/es\/wp-json\/wp\/v2\/pages\/2868\/revisions"}],"wp:featuredmedia":[{"embeddable":true,"href":"https:\/\/afarangabroad.com\/es\/wp-json\/wp\/v2\/media\/2869"}],"wp:attachment":[{"href":"https:\/\/afarangabroad.com\/es\/wp-json\/wp\/v2\/media?parent=2868"}],"wp:term":[{"taxonomy":"category","embeddable":true,"href":"https:\/\/afarangabroad.com\/es\/wp-json\/wp\/v2\/categories?post=2868"},{"taxonomy":"post_tag","embeddable":true,"href":"https:\/\/afarangabroad.com\/es\/wp-json\/wp\/v2\/tags?post=2868"}],"curies":[{"name":"wp","href":"https:\/\/api.w.org\/{rel}","templated":true}]}}