{"id":3118,"date":"2014-04-02T09:36:08","date_gmt":"2014-04-02T08:36:08","guid":{"rendered":"https:\/\/afarangabroad.com\/?page_id=3118"},"modified":"2024-10-16T06:22:02","modified_gmt":"2024-10-16T05:22:02","slug":"6-ways-meet-ladyboys-bangkok","status":"publish","type":"page","link":"https:\/\/afarangabroad.com\/es\/6-maneras-de-conocer-ladyboys-bangkok\/","title":{"rendered":"9 maneras de conocer ladyboys en Bangkok"},"content":{"rendered":"<p>Ladyboys in Bangkok are not to everyone\u2019s taste, certainly not mine, but I\u2019m open to everything and I\u2019m kind of a \u201clive and let live\u201d\u00a0 type of guy. I have lived in Thailand long enough to know where to go and meet Ladyboys in Bangkok.<\/p>\n<p>El n\u00famero <strong>una forma de reunirse<\/strong> <strong>Ladyboys en Bangkok<\/strong> es a trav\u00e9s de sitios de citas como <a href=\"https:\/\/afarangabroad.com\/es\/thai-friendly-dating\/\">Thai Friendly<\/a>. Puedes filtrar las chicas por g\u00e9nero, incluidos los ladyboys.<img loading=\"lazy\" decoding=\"async\" class=\"aligncenter size-large wp-image-7640\" src=\"https:\/\/afarangabroad.com\/wp-content\/uploads\/2015\/10\/ladyboys-1024x691.png\" alt=\"ladyboys\" width=\"600\" height=\"405\" srcset=\"https:\/\/afarangabroad.com\/wp-content\/uploads\/2015\/10\/ladyboys-1024x691.png 1024w, https:\/\/afarangabroad.com\/wp-content\/uploads\/2015\/10\/ladyboys-300x202.png 300w, https:\/\/afarangabroad.com\/wp-content\/uploads\/2015\/10\/ladyboys-768x518.png 768w, https:\/\/afarangabroad.com\/wp-content\/uploads\/2015\/10\/ladyboys-720x486.png 720w, https:\/\/afarangabroad.com\/wp-content\/uploads\/2015\/10\/ladyboys.png 1038w\" sizes=\"(max-width: 600px) 100vw, 600px\" \/><\/p>\n<p>Como este grupo de personas est\u00e1n siendo aceptadas en nuestra comunidad ahora un d\u00eda bares tambi\u00e9n se est\u00e1n abriendo para tener estos ladyboys como hay principales artistas y en realidad se les puede ver realizar no s\u00f3lo de manera sensual, pero tambi\u00e9n se les puede ver a trav\u00e9s de sus espect\u00e1culos de cabaret que es t\u00edpicamente una muy interesante.<\/p>\n<p>Aunque no todo el mundo todav\u00eda no est\u00e1n abiertos para estos ladyboys en Bangkok, pero si usted es el tipo aventurero y atrevido de una persona, siempre se puede tratar de ellos y ver si pueden hacerte feliz de una manera que le encantar\u00eda.<\/p>\n<p>En realidad hay varias maneras de encontrar y engancharse con estas ladyboys y una de ellas es a trav\u00e9s de ir alrededor de algunos bares en Bangkok que tienen ladyboys como animadores.<\/p>\n<h2 style=\"text-align: center;\"><b>Los mejores lugares para conocer ladyboys en Bangkok<\/b><\/h2>\n<h2><b>Ladyboys en Thai Cupid y Thai Friendly<\/b><b><br \/>\n<\/b><\/h2>\n<p>Funnily enough, my first interaction with a Thai ladyboy in Bangkok was before I&#8217;d even arrived. I joined a Thai dating site looking to meet regular girls and ended up getting messaged by tons of Bangkok ladyboys in the process.<\/p>\n<p>They are pretty up front about what they want and are not shy. If you&#8217;re looking to meet Bangkok ladyboys in a discreet manner, or setup dates then your best bet would be to use dating sites like Thai Cupid and <a href=\"https:\/\/afarangabroad.com\/es\/thai-friendly-dating\/\" target=\"_blank\" rel=\"noopener noreferrer\">Thai Friendly<\/a> (Cupido es mejor).<\/p>\n<p>The ladyboys of Bangkok on dating sites will not ask for money (well most of them won&#8217;t)<img loading=\"lazy\" decoding=\"async\" class=\"size-full wp-image-6110 aligncenter dptfbyacutoicqqdwmjz uuklojltvehyokxsqkfo cwnrheeyqjwwxjcbhmoe\" style=\"display: none !important;\" src=\"https:\/\/afarangabroad.com\/wp-content\/uploads\/2013\/02\/3916_300_250.jpg\" alt=\"3916_300_250\" width=\"300\" height=\"250\" \/><\/p>\n<h2><b>Nana Soi 4 Ladyboys<br \/>\n<\/b><\/h2>\n<p>If you don\u2019t know about <a href=\"http:\/\/www.tripadvisor.com.au\/Attraction_Review-g293916-d546009-Reviews-Nana_Plaza-Bangkok.html\" target=\"_blank\" rel=\"noopener noreferrer\">Nana Soi 4<\/a>es obvio que nunca has estado en Bangkok, o si lo has hecho, lo has hecho mal. Nana Soi 4 es la Disneylandia de los adultos en Bangkok. Go go bares, bares de cerveza, lo que sea que usted encontrar\u00e1 en ese Soi.<\/p>\n<p>Junto a las luces de ne\u00f3n tambi\u00e9n se pueden encontrar ladyboys. Al entrar en el Soi, a unos 20-30 metros a su derecha, habr\u00e1 un grupo de ladyboys aut\u00f3nomas.<\/p>\n<p>Lectura relacionada: aprender <a href=\"https:\/\/afarangabroad.com\/es\/5-maneras-de-parar-a-las-chicas-de-bar-tailandesas\/\">c\u00f3mo detectar a las chicas tailandesas de los bares<\/a> (algunas chicas de bar tambi\u00e9n son ladyboys).<\/p>","protected":false},"excerpt":{"rendered":"<p>Ladyboys in Bangkok are not to everyone\u2019s taste, certainly not mine, but I\u2019m open to everything and I\u2019m kind of a \u201clive and let live\u201d\u00a0 type of guy. I have lived in Thailand long enough to know where to go and meet Ladyboys in Bangkok. The number one way to meet Ladyboys in Bangkok is [&hellip;]<\/p>","protected":false},"author":2,"featured_media":3119,"parent":0,"menu_order":0,"comment_status":"open","ping_status":"closed","template":"","meta":{"_exactmetrics_skip_tracking":false,"_exactmetrics_sitenote_active":false,"_exactmetrics_sitenote_note":"","_exactmetrics_sitenote_category":0,"footnotes":""},"categories":[298],"tags":[],"class_list":["post-3118","page","type-page","status-publish","has-post-thumbnail","hentry","category-bangkok-nightlife"],"yoast_head":"<!-- This site is optimized with the Yoast SEO plugin v20.1 - https:\/\/yoast.com\/wordpress\/plugins\/seo\/ -->\n<title>9 Ways to Meet Ladyboys Bangkok - A Farang Abroad<\/title>\n<meta name=\"description\" content=\"Want to know the best places to meet ladyboys in Bangkok? Well look no further, I have listed the top 6 ways to meet the best looking ladyboys in Bangkok!\" \/>\n<meta name=\"robots\" content=\"index, follow, max-snippet:-1, max-image-preview:large, max-video-preview:-1\" \/>\n<link rel=\"canonical\" href=\"https:\/\/afarangabroad.com\/es\/6-maneras-de-conocer-ladyboys-bangkok\/\" \/>\n<meta property=\"og:locale\" content=\"es_ES\" \/>\n<meta property=\"og:type\" content=\"article\" \/>\n<meta property=\"og:title\" content=\"9 Ways to Meet Ladyboys Bangkok - A Farang Abroad\" \/>\n<meta property=\"og:description\" content=\"Want to know the best places to meet ladyboys in Bangkok? Well look no further, I have listed the top 6 ways to meet the best looking ladyboys in Bangkok!\" \/>\n<meta property=\"og:url\" content=\"https:\/\/afarangabroad.com\/es\/6-maneras-de-conocer-ladyboys-bangkok\/\" \/>\n<meta property=\"og:site_name\" content=\"A Farang Abroad\" \/>\n<meta property=\"article:modified_time\" content=\"2024-10-16T05:22:02+00:00\" \/>\n<meta property=\"og:image\" content=\"https:\/\/afarangabroad.com\/wp-content\/uploads\/2014\/04\/cockatoo.jpg\" \/>\n\t<meta property=\"og:image:width\" content=\"696\" \/>\n\t<meta property=\"og:image:height\" content=\"417\" \/>\n\t<meta property=\"og:image:type\" content=\"image\/jpeg\" \/>\n<meta name=\"twitter:label1\" content=\"Tiempo de lectura\" \/>\n\t<meta name=\"twitter:data1\" content=\"13 minutos\" \/>\n<script type=\"application\/ld+json\" class=\"yoast-schema-graph\">{\"@context\":\"https:\/\/schema.org\",\"@graph\":[{\"@type\":\"WebPage\",\"@id\":\"https:\/\/afarangabroad.com\/6-ways-meet-ladyboys-bangkok\/\",\"url\":\"https:\/\/afarangabroad.com\/6-ways-meet-ladyboys-bangkok\/\",\"name\":\"9 Ways to Meet Ladyboys Bangkok - A Farang Abroad\",\"isPartOf\":{\"@id\":\"https:\/\/afarangabroad.com\/#website\"},\"datePublished\":\"2014-04-02T08:36:08+00:00\",\"dateModified\":\"2024-10-16T05:22:02+00:00\",\"description\":\"Want to know the best places to meet ladyboys in Bangkok? Well look no further, I have listed the top 6 ways to meet the best looking ladyboys in Bangkok!\",\"breadcrumb\":{\"@id\":\"https:\/\/afarangabroad.com\/6-ways-meet-ladyboys-bangkok\/#breadcrumb\"},\"inLanguage\":\"es\",\"potentialAction\":[{\"@type\":\"ReadAction\",\"target\":[\"https:\/\/afarangabroad.com\/6-ways-meet-ladyboys-bangkok\/\"]}]},{\"@type\":\"BreadcrumbList\",\"@id\":\"https:\/\/afarangabroad.com\/6-ways-meet-ladyboys-bangkok\/#breadcrumb\",\"itemListElement\":[{\"@type\":\"ListItem\",\"position\":1,\"name\":\"Home\",\"item\":\"https:\/\/afarangabroad.com\/\"},{\"@type\":\"ListItem\",\"position\":2,\"name\":\"9 Ways to Meet Ladyboys Bangkok\"}]},{\"@type\":\"WebSite\",\"@id\":\"https:\/\/afarangabroad.com\/#website\",\"url\":\"https:\/\/afarangabroad.com\/\",\"name\":\"A Farang Abroad\",\"description\":\"Your secret guide to Asia&#039;s sexiest nightlife.\",\"potentialAction\":[{\"@type\":\"SearchAction\",\"target\":{\"@type\":\"EntryPoint\",\"urlTemplate\":\"https:\/\/afarangabroad.com\/?s={search_term_string}\"},\"query-input\":\"required name=search_term_string\"}],\"inLanguage\":\"es\"}]}<\/script>\n<!-- \/ Yoast SEO plugin. -->","yoast_head_json":{"title":"9 Ways to Meet Ladyboys Bangkok - A Farang Abroad","description":"Want to know the best places to meet ladyboys in Bangkok? Well look no further, I have listed the top 6 ways to meet the best looking ladyboys in Bangkok!","robots":{"index":"index","follow":"follow","max-snippet":"max-snippet:-1","max-image-preview":"max-image-preview:large","max-video-preview":"max-video-preview:-1"},"canonical":"https:\/\/afarangabroad.com\/es\/6-maneras-de-conocer-ladyboys-bangkok\/","og_locale":"es_ES","og_type":"article","og_title":"9 Ways to Meet Ladyboys Bangkok - A Farang Abroad","og_description":"Want to know the best places to meet ladyboys in Bangkok? Well look no further, I have listed the top 6 ways to meet the best looking ladyboys in Bangkok!","og_url":"https:\/\/afarangabroad.com\/es\/6-maneras-de-conocer-ladyboys-bangkok\/","og_site_name":"A Farang Abroad","article_modified_time":"2024-10-16T05:22:02+00:00","og_image":[{"width":696,"height":417,"url":"https:\/\/afarangabroad.com\/wp-content\/uploads\/2014\/04\/cockatoo.jpg","type":"image\/jpeg"}],"twitter_misc":{"Tiempo de lectura":"13 minutos"},"schema":{"@context":"https:\/\/schema.org","@graph":[{"@type":"WebPage","@id":"https:\/\/afarangabroad.com\/6-ways-meet-ladyboys-bangkok\/","url":"https:\/\/afarangabroad.com\/6-ways-meet-ladyboys-bangkok\/","name":"9 Ways to Meet Ladyboys Bangkok - A Farang Abroad","isPartOf":{"@id":"https:\/\/afarangabroad.com\/#website"},"datePublished":"2014-04-02T08:36:08+00:00","dateModified":"2024-10-16T05:22:02+00:00","description":"Want to know the best places to meet ladyboys in Bangkok? Well look no further, I have listed the top 6 ways to meet the best looking ladyboys in Bangkok!","breadcrumb":{"@id":"https:\/\/afarangabroad.com\/6-ways-meet-ladyboys-bangkok\/#breadcrumb"},"inLanguage":"es","potentialAction":[{"@type":"ReadAction","target":["https:\/\/afarangabroad.com\/6-ways-meet-ladyboys-bangkok\/"]}]},{"@type":"BreadcrumbList","@id":"https:\/\/afarangabroad.com\/6-ways-meet-ladyboys-bangkok\/#breadcrumb","itemListElement":[{"@type":"ListItem","position":1,"name":"Home","item":"https:\/\/afarangabroad.com\/"},{"@type":"ListItem","position":2,"name":"9 Ways to Meet Ladyboys Bangkok"}]},{"@type":"WebSite","@id":"https:\/\/afarangabroad.com\/#website","url":"https:\/\/afarangabroad.com\/","name":"A Farang Abroad","description":"Your secret guide to Asia&#039;s sexiest nightlife.","potentialAction":[{"@type":"SearchAction","target":{"@type":"EntryPoint","urlTemplate":"https:\/\/afarangabroad.com\/?s={search_term_string}"},"query-input":"required name=search_term_string"}],"inLanguage":"es"}]}},"_links":{"self":[{"href":"https:\/\/afarangabroad.com\/es\/wp-json\/wp\/v2\/pages\/3118"}],"collection":[{"href":"https:\/\/afarangabroad.com\/es\/wp-json\/wp\/v2\/pages"}],"about":[{"href":"https:\/\/afarangabroad.com\/es\/wp-json\/wp\/v2\/types\/page"}],"author":[{"embeddable":true,"href":"https:\/\/afarangabroad.com\/es\/wp-json\/wp\/v2\/users\/2"}],"replies":[{"embeddable":true,"href":"https:\/\/afarangabroad.com\/es\/wp-json\/wp\/v2\/comments?post=3118"}],"version-history":[{"count":2,"href":"https:\/\/afarangabroad.com\/es\/wp-json\/wp\/v2\/pages\/3118\/revisions"}],"predecessor-version":[{"id":513619,"href":"https:\/\/afarangabroad.com\/es\/wp-json\/wp\/v2\/pages\/3118\/revisions\/513619"}],"wp:featuredmedia":[{"embeddable":true,"href":"https:\/\/afarangabroad.com\/es\/wp-json\/wp\/v2\/media\/3119"}],"wp:attachment":[{"href":"https:\/\/afarangabroad.com\/es\/wp-json\/wp\/v2\/media?parent=3118"}],"wp:term":[{"taxonomy":"category","embeddable":true,"href":"https:\/\/afarangabroad.com\/es\/wp-json\/wp\/v2\/categories?post=3118"},{"taxonomy":"post_tag","embeddable":true,"href":"https:\/\/afarangabroad.com\/es\/wp-json\/wp\/v2\/tags?post=3118"}],"curies":[{"name":"wp","href":"https:\/\/api.w.org\/{rel}","templated":true}]}}