{"id":3342,"date":"2014-06-24T17:28:58","date_gmt":"2014-06-24T16:28:58","guid":{"rendered":"https:\/\/afarangabroad.com\/?page_id=3342"},"modified":"2024-10-23T21:46:32","modified_gmt":"2024-10-23T20:46:32","slug":"happy-massages-bangkok","status":"publish","type":"page","link":"https:\/\/afarangabroad.com\/es\/masajes-felices-bangkok\/","title":{"rendered":"14 Mejores Masajes Felices en Bangkok"},"content":{"rendered":"<p>Este art\u00edculo es sobre masajes felices en Bangkok (pajas) y masajes er\u00f3ticos, si quieres informaci\u00f3n sobre masajes normales no sexuales entonces vuelve a mi p\u00e1gina de inicio.<\/p>\n<p>Anyway, so you&#8217;re coming to Thailand and thinking of getting a happy ending massage in Bangkok \/ rub and tug massage, hand job massage or whatever you want to call it, but you don&#8217;t know where to go?<\/p>\n<div class=\"wp-block-image\">\n<figure class=\"aligncenter\"><a href=\"https:\/\/afarangabroad.com\/es\/thai-cupid-dating-site\/\" target=\"_blank\" rel=\"noopener noreferrer\"><img loading=\"lazy\" decoding=\"async\" width=\"1024\" height=\"691\" src=\"https:\/\/afarangabroad.com\/wp-content\/uploads\/2016\/06\/Meet-Thai-girls1-1024x691.png\" alt=\"Conocer chicas tailandesas\" class=\"wp-image-7259\" srcset=\"https:\/\/afarangabroad.com\/wp-content\/uploads\/2016\/06\/Meet-Thai-girls1-1024x691.png 1024w, https:\/\/afarangabroad.com\/wp-content\/uploads\/2016\/06\/Meet-Thai-girls1-300x202.png 300w, https:\/\/afarangabroad.com\/wp-content\/uploads\/2016\/06\/Meet-Thai-girls1-720x486.png 720w, https:\/\/afarangabroad.com\/wp-content\/uploads\/2016\/06\/Meet-Thai-girls1.png 1038w\" sizes=\"(max-width: 1024px) 100vw, 1024px\" \/><\/a><\/figure>\n<\/div>\n<p>Si desea obtener <a href=\"https:\/\/afarangabroad.com\/es\/sexo-tailandia-precios\/\">sexo en Tailandia<\/a><strong>&nbsp;gratis<\/strong> <a title=\"Usando Thai Friendly para encontrar una novia tailandesa\" href=\"https:\/\/afarangabroad.com\/es\/thai-cupid-dating-site\/\" target=\"_blank\" rel=\"noopener noreferrer\">consulte este art\u00edculo<\/a>. Well you&#8217;ve come to the right place, in this blog post I will list dozens of places in Bangkok where you can go and get yourself a nice happy ending massage. Hell it would be rude to come to Bangkok and not get one! If you&#8217;re looking for normal Thai girls in Bangkok check out my post on finding a <a title=\"Usando Thai Friendly para encontrar una novia tailandesa\" href=\"https:\/\/afarangabroad.com\/es\/thai-cupid-dating-site\/\" target=\"_blank\" rel=\"noopener noreferrer\">Novia tailandesa<\/a> o c\u00f3mo conseguir <a title=\"Encontrar una novia tailandesa en los clubes nocturnos de Bangkok\" href=\"https:\/\/afarangabroad.com\/es\/encontrar-novia-en-clubes-nocturnos-de-bangkok\/\" target=\"_blank\" rel=\"noopener noreferrer\">Chicas tailandesas en clubes nocturnos.<\/a><\/p>\n<p>Getting a hand job massage in Bangkok is not easy to find if you don&#8217;t know where to look or if you&#8217;re not staying in the tourist areas.<\/p>\n<p>There are thousands of massage shops here, not all will actually offer you a hand job massage or happy ending massages services. If you want to roll the dice and take a chance, always ask for a private room or an oil or aromatic massage as they will usually be done in a private room. I&#8217;ve talked more about this later in the article.<\/p>\n<p>Adem\u00e1s, si quieres saber d\u00f3nde conseguir hierba en BKK, no dejes de visitar <strong>suscr\u00edbase a<\/strong> al canal de abajo:\u00a0<\/p>\n<h2 class=\"wp-block-heading\">Body Bliss Masaje Bangkok<\/h2>\n<p>Body Bliss Massage es un nuevo pero muy buen servicio de masajes a domicilio donde se puede conseguir handjobs en Bangkok. Ofrecen servicios tanto para hombres como para mujeres.<\/p>\n<div class=\"wp-block-image\">\n<figure class=\"aligncenter size-large is-resized\"><a href=\"https:\/\/bodyblissbangkok.com\/\" target=\"_blank\" rel=\"nofollow noopener\"><img loading=\"lazy\" decoding=\"async\" width=\"575\" height=\"1024\" src=\"https:\/\/afarangabroad.com\/wp-content\/uploads\/2023\/12\/body-bliss-massage-575x1024.jpg\" alt=\"masaje body bliss\" class=\"wp-image-513386\" style=\"width:399px;height:711px\" srcset=\"https:\/\/afarangabroad.com\/wp-content\/uploads\/2023\/12\/body-bliss-massage-575x1024.jpg 575w, https:\/\/afarangabroad.com\/wp-content\/uploads\/2023\/12\/body-bliss-massage-168x300.jpg 168w, https:\/\/afarangabroad.com\/wp-content\/uploads\/2023\/12\/body-bliss-massage-768x1368.jpg 768w, https:\/\/afarangabroad.com\/wp-content\/uploads\/2023\/12\/body-bliss-massage-862x1536.jpg 862w, https:\/\/afarangabroad.com\/wp-content\/uploads\/2023\/12\/body-bliss-massage.jpg 904w\" sizes=\"(max-width: 575px) 100vw, 575px\" \/><\/a><\/figure>\n<\/div>\n<p>Tienen una gama de masajes incluyendo jabonosa y pr\u00f3stata . Usted puede ver todas sus chicas, pero visitando su sitio web en <a href=\"http:\/\/www.bodyblissbangkok.com\/\" target=\"_blank\" rel=\"nofollow noopener\">BodyBlissBangkok.com<\/a><\/p>\n<h2 class=\"wp-block-heading\">Bangkok ex\u00f3tico<\/h2>\n<p>Exotic Bangkok es el nuevo proveedor de masajes a domicilio. Tienen de todo, desde t\u00e1ntrico, a nuru, a los masajes rizado. Tienen algunas de las mejores chicas de Bangkok. Para una llamada a domicilio, se encuentran en Sukhumvit 20. Puedes ver sus ofertas aqu\u00ed: <a href=\"https:\/\/exoticmassagebangkok.com\/\">ExoticMassageBangkok.com<\/a><\/p>\n<div class=\"wp-block-image\">\n<figure class=\"aligncenter is-resized\"><a href=\"https:\/\/exoticmassagebangkok.com\/\"><img loading=\"lazy\" decoding=\"async\" width=\"691\" height=\"1024\" src=\"https:\/\/afarangabroad.com\/wp-content\/uploads\/2024\/08\/image_123650291-691x1024.jpg\" alt=\"\" class=\"wp-image-513539\" style=\"width:400px\" srcset=\"https:\/\/afarangabroad.com\/wp-content\/uploads\/2024\/08\/image_123650291-691x1024.jpg 691w, https:\/\/afarangabroad.com\/wp-content\/uploads\/2024\/08\/image_123650291-202x300.jpg 202w, https:\/\/afarangabroad.com\/wp-content\/uploads\/2024\/08\/image_123650291.jpg 700w\" sizes=\"(max-width: 691px) 100vw, 691px\" \/><\/a><\/figure>\n<\/div>\n<h2 class=\"wp-block-heading\"><strong style=\"font-size: inherit;\">Masajes con final feliz en Sukhumvit Soi 11<\/strong><\/h2>\n<p>Ask any taxi or tuk tuk driver and they will know this place, if you&#8217;re close to the MRT or BTS, just head to Asoke MRT or <a title=\"D\u00f3nde alojarse en Bangkok\" href=\"https:\/\/afarangabroad.com\/es\/2015\/05\/bangkok-apartamento-condominio\/\" target=\"_blank\" rel=\"noopener noreferrer\">Nana<\/a> BTS y bajarse, ser\u00e1n menos de 2 minutos a pie hasta este Soi.<\/p>\n<p>Para encontrar las tiendas de masajes tienes que caminar unos 150 metros y antes de que te des cuenta, ser\u00e1s recibido por varias chicas tailandesas de aspecto medio que var\u00edan entre los 22 y los 45 a\u00f1os pidi\u00e9ndote <em>servicios de masajes er\u00f3ticos en Bangkok<\/em>.<\/p>","protected":false},"excerpt":{"rendered":"<p>This article is about happy massages in Bangkok (hand jobs) and erotic massages, if you want information on normal non-sexual massages then go back to my home page. Anyway, so you&#8217;re coming to Thailand and thinking of getting a happy ending massage in Bangkok \/ rub and tug massage, hand job massage or whatever you [&hellip;]<\/p>","protected":false},"author":2,"featured_media":3343,"parent":0,"menu_order":0,"comment_status":"open","ping_status":"open","template":"","meta":{"_exactmetrics_skip_tracking":false,"_exactmetrics_sitenote_active":false,"_exactmetrics_sitenote_note":"","_exactmetrics_sitenote_category":0,"footnotes":""},"categories":[298],"tags":[],"class_list":["post-3342","page","type-page","status-publish","has-post-thumbnail","hentry","category-bangkok-nightlife"],"yoast_head":"<!-- This site is optimized with the Yoast SEO plugin v20.1 - https:\/\/yoast.com\/wordpress\/plugins\/seo\/ -->\n<title>14 Best Happy Massages in Bangkok - A Farang Abroad<\/title>\n<meta name=\"description\" content=\"14 best places in to get a happy ending massage in Bangkok. I will tell you the times, prices and location on where to get handjobs in Bangkok.&#128293;\" \/>\n<meta name=\"robots\" content=\"index, follow, max-snippet:-1, max-image-preview:large, max-video-preview:-1\" \/>\n<link rel=\"canonical\" href=\"https:\/\/afarangabroad.com\/es\/masajes-felices-bangkok\/\" \/>\n<meta property=\"og:locale\" content=\"es_ES\" \/>\n<meta property=\"og:type\" content=\"article\" \/>\n<meta property=\"og:title\" content=\"14 Best Happy Massages in Bangkok - A Farang Abroad\" \/>\n<meta property=\"og:description\" content=\"14 best places in to get a happy ending massage in Bangkok. I will tell you the times, prices and location on where to get handjobs in Bangkok.&#128293;\" \/>\n<meta property=\"og:url\" content=\"https:\/\/afarangabroad.com\/es\/masajes-felices-bangkok\/\" \/>\n<meta property=\"og:site_name\" content=\"A Farang Abroad\" \/>\n<meta property=\"article:modified_time\" content=\"2024-10-23T20:46:32+00:00\" \/>\n<meta property=\"og:image\" content=\"https:\/\/afarangabroad.com\/wp-content\/uploads\/2014\/06\/soi-11-massage.jpg\" \/>\n\t<meta property=\"og:image:width\" content=\"640\" \/>\n\t<meta property=\"og:image:height\" content=\"480\" \/>\n\t<meta property=\"og:image:type\" content=\"image\/jpeg\" \/>\n<meta name=\"twitter:label1\" content=\"Tiempo de lectura\" \/>\n\t<meta name=\"twitter:data1\" content=\"17 minutos\" \/>\n<script type=\"application\/ld+json\" class=\"yoast-schema-graph\">{\"@context\":\"https:\/\/schema.org\",\"@graph\":[{\"@type\":\"WebPage\",\"@id\":\"https:\/\/afarangabroad.com\/happy-massages-bangkok\/\",\"url\":\"https:\/\/afarangabroad.com\/happy-massages-bangkok\/\",\"name\":\"14 Best Happy Massages in Bangkok - A Farang Abroad\",\"isPartOf\":{\"@id\":\"https:\/\/afarangabroad.com\/#website\"},\"datePublished\":\"2014-06-24T16:28:58+00:00\",\"dateModified\":\"2024-10-23T20:46:32+00:00\",\"description\":\"14 best places in to get a happy ending massage in Bangkok. I will tell you the times, prices and location on where to get handjobs in Bangkok.&#128293;\",\"breadcrumb\":{\"@id\":\"https:\/\/afarangabroad.com\/happy-massages-bangkok\/#breadcrumb\"},\"inLanguage\":\"es\",\"potentialAction\":[{\"@type\":\"ReadAction\",\"target\":[\"https:\/\/afarangabroad.com\/happy-massages-bangkok\/\"]}]},{\"@type\":\"BreadcrumbList\",\"@id\":\"https:\/\/afarangabroad.com\/happy-massages-bangkok\/#breadcrumb\",\"itemListElement\":[{\"@type\":\"ListItem\",\"position\":1,\"name\":\"Home\",\"item\":\"https:\/\/afarangabroad.com\/\"},{\"@type\":\"ListItem\",\"position\":2,\"name\":\"14 Best Happy Massages in Bangkok\"}]},{\"@type\":\"WebSite\",\"@id\":\"https:\/\/afarangabroad.com\/#website\",\"url\":\"https:\/\/afarangabroad.com\/\",\"name\":\"A Farang Abroad\",\"description\":\"Your secret guide to Asia&#039;s sexiest nightlife.\",\"potentialAction\":[{\"@type\":\"SearchAction\",\"target\":{\"@type\":\"EntryPoint\",\"urlTemplate\":\"https:\/\/afarangabroad.com\/?s={search_term_string}\"},\"query-input\":\"required name=search_term_string\"}],\"inLanguage\":\"es\"}]}<\/script>\n<!-- \/ Yoast SEO plugin. -->","yoast_head_json":{"title":"14 Best Happy Massages in Bangkok - A Farang Abroad","description":"14 best places in to get a happy ending massage in Bangkok. I will tell you the times, prices and location on where to get handjobs in Bangkok.&#128293;","robots":{"index":"index","follow":"follow","max-snippet":"max-snippet:-1","max-image-preview":"max-image-preview:large","max-video-preview":"max-video-preview:-1"},"canonical":"https:\/\/afarangabroad.com\/es\/masajes-felices-bangkok\/","og_locale":"es_ES","og_type":"article","og_title":"14 Best Happy Massages in Bangkok - A Farang Abroad","og_description":"14 best places in to get a happy ending massage in Bangkok. I will tell you the times, prices and location on where to get handjobs in Bangkok.&#128293;","og_url":"https:\/\/afarangabroad.com\/es\/masajes-felices-bangkok\/","og_site_name":"A Farang Abroad","article_modified_time":"2024-10-23T20:46:32+00:00","og_image":[{"width":640,"height":480,"url":"https:\/\/afarangabroad.com\/wp-content\/uploads\/2014\/06\/soi-11-massage.jpg","type":"image\/jpeg"}],"twitter_misc":{"Tiempo de lectura":"17 minutos"},"schema":{"@context":"https:\/\/schema.org","@graph":[{"@type":"WebPage","@id":"https:\/\/afarangabroad.com\/happy-massages-bangkok\/","url":"https:\/\/afarangabroad.com\/happy-massages-bangkok\/","name":"14 Best Happy Massages in Bangkok - A Farang Abroad","isPartOf":{"@id":"https:\/\/afarangabroad.com\/#website"},"datePublished":"2014-06-24T16:28:58+00:00","dateModified":"2024-10-23T20:46:32+00:00","description":"14 best places in to get a happy ending massage in Bangkok. I will tell you the times, prices and location on where to get handjobs in Bangkok.&#128293;","breadcrumb":{"@id":"https:\/\/afarangabroad.com\/happy-massages-bangkok\/#breadcrumb"},"inLanguage":"es","potentialAction":[{"@type":"ReadAction","target":["https:\/\/afarangabroad.com\/happy-massages-bangkok\/"]}]},{"@type":"BreadcrumbList","@id":"https:\/\/afarangabroad.com\/happy-massages-bangkok\/#breadcrumb","itemListElement":[{"@type":"ListItem","position":1,"name":"Home","item":"https:\/\/afarangabroad.com\/"},{"@type":"ListItem","position":2,"name":"14 Best Happy Massages in Bangkok"}]},{"@type":"WebSite","@id":"https:\/\/afarangabroad.com\/#website","url":"https:\/\/afarangabroad.com\/","name":"A Farang Abroad","description":"Your secret guide to Asia&#039;s sexiest nightlife.","potentialAction":[{"@type":"SearchAction","target":{"@type":"EntryPoint","urlTemplate":"https:\/\/afarangabroad.com\/?s={search_term_string}"},"query-input":"required name=search_term_string"}],"inLanguage":"es"}]}},"_links":{"self":[{"href":"https:\/\/afarangabroad.com\/es\/wp-json\/wp\/v2\/pages\/3342"}],"collection":[{"href":"https:\/\/afarangabroad.com\/es\/wp-json\/wp\/v2\/pages"}],"about":[{"href":"https:\/\/afarangabroad.com\/es\/wp-json\/wp\/v2\/types\/page"}],"author":[{"embeddable":true,"href":"https:\/\/afarangabroad.com\/es\/wp-json\/wp\/v2\/users\/2"}],"replies":[{"embeddable":true,"href":"https:\/\/afarangabroad.com\/es\/wp-json\/wp\/v2\/comments?post=3342"}],"version-history":[{"count":74,"href":"https:\/\/afarangabroad.com\/es\/wp-json\/wp\/v2\/pages\/3342\/revisions"}],"predecessor-version":[{"id":513620,"href":"https:\/\/afarangabroad.com\/es\/wp-json\/wp\/v2\/pages\/3342\/revisions\/513620"}],"wp:featuredmedia":[{"embeddable":true,"href":"https:\/\/afarangabroad.com\/es\/wp-json\/wp\/v2\/media\/3343"}],"wp:attachment":[{"href":"https:\/\/afarangabroad.com\/es\/wp-json\/wp\/v2\/media?parent=3342"}],"wp:term":[{"taxonomy":"category","embeddable":true,"href":"https:\/\/afarangabroad.com\/es\/wp-json\/wp\/v2\/categories?post=3342"},{"taxonomy":"post_tag","embeddable":true,"href":"https:\/\/afarangabroad.com\/es\/wp-json\/wp\/v2\/tags?post=3342"}],"curies":[{"name":"wp","href":"https:\/\/api.w.org\/{rel}","templated":true}]}}