{"id":4251,"date":"2014-11-23T09:03:22","date_gmt":"2014-11-23T09:03:22","guid":{"rendered":"https:\/\/afarangabroad.com\/?page_id=4251"},"modified":"2019-09-21T21:42:51","modified_gmt":"2019-09-21T20:42:51","slug":"dating-sites-philippines","status":"publish","type":"page","link":"https:\/\/afarangabroad.com\/es\/dating-sites-philippines\/","title":{"rendered":"Mejores sitios de citas en Filipinas"},"content":{"rendered":"<p>Las citas en l\u00ednea son una forma estupenda de conocer a mujeres filipinas. Muchas de estas chicas est\u00e1n aburridas y no tienen nada que hacer en todo el d\u00eda, as\u00ed que cuando acaban de ver qui\u00e9n ha comentado sus \u00faltimas publicaciones en Facebook, entran en un sitio de citas para charlar con algunos chicos. Algunas de ellas buscan marido, otras un amigo, un ligue o algo de dinero. Todos sus perfiles afirman que s\u00f3lo quieren un hombre temeroso de Dios que cuide de ellas, y al final aprendes a no perder el tiempo leyendo el perfil.<\/p>\n<p>Esta es la forma m\u00e1s eficiente de conocer mujeres filipinas porque puedes contactar con muchas de ellas r\u00e1pidamente desde la comodidad de tu propia casa. No hay que ir a una discoteca o deambular por un centro comercial, s\u00f3lo tienes que escribir, apuntar y hacer clic y tendr\u00e1s miles de chicas con las que comunicarte.<\/p>\n<p>You can interact with more girls in one day online then you will in the real world in a full year. You don&#8217;t need to have long drawn out conversations with most of these girls either. Many are bored with nothing better to do and will gladly accompany you for a night out as long as \u201cyou treat right?\u201d<\/p>\n<h2>\u00bfCu\u00e1les son los mejores sitios de citas para Filipinas?<\/h2>\n<p>He tenido la mejor suerte en <a href=\"https:\/\/afarangabroad.com\/es\/recommends\/filipinocupid\/\">Cupido filipino<\/a> y <a href=\"https:\/\/afarangabroad.com\/es\/recommends\/pinalove\/\">Pinalove<\/a>. Hay ciertas cosas en estos sitios que les dan una ventaja sobre su competencia.<\/p>\n<p>Maybe the biggest difference between them and other sites is that they allow multiple pictures. This way a girl can&#8217;t just post one airbrushed and photo shopped picture to deceiving you into thinking she is way hotter than she actually is. They still will pick their best pictures to show but at least you will get multiple angles to see them from.<\/p>\n<p><a href=\"https:\/\/afarangabroad.com\/es\/recommends\/pinalove\/\"><img loading=\"lazy\" decoding=\"async\" class=\"aligncenter wp-image-5842 size-full\" src=\"https:\/\/afarangabroad.com\/wp-content\/uploads\/2015\/07\/pina-love.jpg\" alt=\"pina love\" width=\"330\" height=\"250\" srcset=\"https:\/\/afarangabroad.com\/wp-content\/uploads\/2015\/07\/pina-love.jpg 330w, https:\/\/afarangabroad.com\/wp-content\/uploads\/2015\/07\/pina-love-300x227.jpg 300w\" sizes=\"(max-width: 330px) 100vw, 330px\" \/><\/a><\/p>\n<p>Otra raz\u00f3n por la que estos son dos de los mejores sitios es porque hacen un muy buen trabajo manteniendo alejados a los estafadores. Puedes denunciar a chicas que solo piden dinero o son ladyboys que mienten y dicen ser chicas de verdad.<\/p>\n<p>Esto le permite tener un poco m\u00e1s de confianza en comparaci\u00f3n con algunos de los otros sitios que s\u00f3lo tienen una correa libre para hacer lo que quieras. Un sitio semi-popular en particular (Tagged) es una gran p\u00e9rdida de tiempo.<\/p>\n<p>You can tell as you are looking through the pages that these accounts aren&#8217;t real. You will see white supermodels claiming to be in some province of the Philippines, doesn&#8217;t take a genius to realize to stay away.<\/p>\n<p>Crea un perfil en estos sitios, pon una foto tuya y fija tu ubicaci\u00f3n en cualquier ciudad importante de Filipinas, y empezar\u00e1n a lloverte los mensajes.<\/p>\n<p>Busca en las ciudades que vayas a visitar y env\u00eda mensajes a las chicas que te llamen la atenci\u00f3n e intenta quedar con ellas. Son bastante escamosas, as\u00ed que aseg\u00farate de tener alguna opci\u00f3n de reserva.<\/p>","protected":false},"excerpt":{"rendered":"<p>Online dating is a great way to meet Filipino women. Many of these girls are bored with nothing to do all day and after they get done looking at who commented on their most recent Facebook posts they surf over to a dating site to chat with some boys. Some of them are looking for [&hellip;]<\/p>","protected":false},"author":2,"featured_media":0,"parent":0,"menu_order":0,"comment_status":"open","ping_status":"closed","template":"","meta":{"_exactmetrics_skip_tracking":false,"_exactmetrics_sitenote_active":false,"_exactmetrics_sitenote_note":"","_exactmetrics_sitenote_category":0,"footnotes":""},"categories":[325],"tags":[],"class_list":["post-4251","page","type-page","status-publish","hentry","category-filipino-dating"],"yoast_head":"<!-- This site is optimized with the Yoast SEO plugin v20.1 - https:\/\/yoast.com\/wordpress\/plugins\/seo\/ -->\n<title>Best Dating Sites in Philippines - A Farang Abroad<\/title>\n<meta name=\"description\" content=\"Wondering which dating site to use for your next trip to the Philippines? Well look no further, here&#039;s what to expect from the biggest two dating sites.\" \/>\n<meta name=\"robots\" content=\"index, follow, max-snippet:-1, max-image-preview:large, max-video-preview:-1\" \/>\n<link rel=\"canonical\" href=\"https:\/\/afarangabroad.com\/es\/dating-sites-philippines\/\" \/>\n<meta property=\"og:locale\" content=\"es_ES\" \/>\n<meta property=\"og:type\" content=\"article\" \/>\n<meta property=\"og:title\" content=\"Best Dating Sites in Philippines - A Farang Abroad\" \/>\n<meta property=\"og:description\" content=\"Wondering which dating site to use for your next trip to the Philippines? Well look no further, here&#039;s what to expect from the biggest two dating sites.\" \/>\n<meta property=\"og:url\" content=\"https:\/\/afarangabroad.com\/es\/dating-sites-philippines\/\" \/>\n<meta property=\"og:site_name\" content=\"A Farang Abroad\" \/>\n<meta property=\"article:modified_time\" content=\"2019-09-21T20:42:51+00:00\" \/>\n<meta property=\"og:image\" content=\"https:\/\/afarangabroad.com\/wp-content\/uploads\/2015\/07\/pina-love.jpg\" \/>\n<meta name=\"twitter:label1\" content=\"Tiempo de lectura\" \/>\n\t<meta name=\"twitter:data1\" content=\"3 minutos\" \/>\n<script type=\"application\/ld+json\" class=\"yoast-schema-graph\">{\"@context\":\"https:\/\/schema.org\",\"@graph\":[{\"@type\":\"WebPage\",\"@id\":\"https:\/\/afarangabroad.com\/dating-sites-philippines\/\",\"url\":\"https:\/\/afarangabroad.com\/dating-sites-philippines\/\",\"name\":\"Best Dating Sites in Philippines - A Farang Abroad\",\"isPartOf\":{\"@id\":\"https:\/\/afarangabroad.com\/#website\"},\"datePublished\":\"2014-11-23T09:03:22+00:00\",\"dateModified\":\"2019-09-21T20:42:51+00:00\",\"description\":\"Wondering which dating site to use for your next trip to the Philippines? Well look no further, here's what to expect from the biggest two dating sites.\",\"breadcrumb\":{\"@id\":\"https:\/\/afarangabroad.com\/dating-sites-philippines\/#breadcrumb\"},\"inLanguage\":\"es\",\"potentialAction\":[{\"@type\":\"ReadAction\",\"target\":[\"https:\/\/afarangabroad.com\/dating-sites-philippines\/\"]}]},{\"@type\":\"BreadcrumbList\",\"@id\":\"https:\/\/afarangabroad.com\/dating-sites-philippines\/#breadcrumb\",\"itemListElement\":[{\"@type\":\"ListItem\",\"position\":1,\"name\":\"Home\",\"item\":\"https:\/\/afarangabroad.com\/\"},{\"@type\":\"ListItem\",\"position\":2,\"name\":\"Best Dating Sites in Philippines\"}]},{\"@type\":\"WebSite\",\"@id\":\"https:\/\/afarangabroad.com\/#website\",\"url\":\"https:\/\/afarangabroad.com\/\",\"name\":\"A Farang Abroad\",\"description\":\"Your secret guide to Asia&#039;s sexiest nightlife.\",\"potentialAction\":[{\"@type\":\"SearchAction\",\"target\":{\"@type\":\"EntryPoint\",\"urlTemplate\":\"https:\/\/afarangabroad.com\/?s={search_term_string}\"},\"query-input\":\"required name=search_term_string\"}],\"inLanguage\":\"es\"}]}<\/script>\n<!-- \/ Yoast SEO plugin. -->","yoast_head_json":{"title":"Best Dating Sites in Philippines - A Farang Abroad","description":"Wondering which dating site to use for your next trip to the Philippines? Well look no further, here's what to expect from the biggest two dating sites.","robots":{"index":"index","follow":"follow","max-snippet":"max-snippet:-1","max-image-preview":"max-image-preview:large","max-video-preview":"max-video-preview:-1"},"canonical":"https:\/\/afarangabroad.com\/es\/dating-sites-philippines\/","og_locale":"es_ES","og_type":"article","og_title":"Best Dating Sites in Philippines - A Farang Abroad","og_description":"Wondering which dating site to use for your next trip to the Philippines? Well look no further, here's what to expect from the biggest two dating sites.","og_url":"https:\/\/afarangabroad.com\/es\/dating-sites-philippines\/","og_site_name":"A Farang Abroad","article_modified_time":"2019-09-21T20:42:51+00:00","og_image":[{"url":"https:\/\/afarangabroad.com\/wp-content\/uploads\/2015\/07\/pina-love.jpg"}],"twitter_misc":{"Tiempo de lectura":"3 minutos"},"schema":{"@context":"https:\/\/schema.org","@graph":[{"@type":"WebPage","@id":"https:\/\/afarangabroad.com\/dating-sites-philippines\/","url":"https:\/\/afarangabroad.com\/dating-sites-philippines\/","name":"Best Dating Sites in Philippines - A Farang Abroad","isPartOf":{"@id":"https:\/\/afarangabroad.com\/#website"},"datePublished":"2014-11-23T09:03:22+00:00","dateModified":"2019-09-21T20:42:51+00:00","description":"Wondering which dating site to use for your next trip to the Philippines? Well look no further, here's what to expect from the biggest two dating sites.","breadcrumb":{"@id":"https:\/\/afarangabroad.com\/dating-sites-philippines\/#breadcrumb"},"inLanguage":"es","potentialAction":[{"@type":"ReadAction","target":["https:\/\/afarangabroad.com\/dating-sites-philippines\/"]}]},{"@type":"BreadcrumbList","@id":"https:\/\/afarangabroad.com\/dating-sites-philippines\/#breadcrumb","itemListElement":[{"@type":"ListItem","position":1,"name":"Home","item":"https:\/\/afarangabroad.com\/"},{"@type":"ListItem","position":2,"name":"Best Dating Sites in Philippines"}]},{"@type":"WebSite","@id":"https:\/\/afarangabroad.com\/#website","url":"https:\/\/afarangabroad.com\/","name":"A Farang Abroad","description":"Your secret guide to Asia&#039;s sexiest nightlife.","potentialAction":[{"@type":"SearchAction","target":{"@type":"EntryPoint","urlTemplate":"https:\/\/afarangabroad.com\/?s={search_term_string}"},"query-input":"required name=search_term_string"}],"inLanguage":"es"}]}},"_links":{"self":[{"href":"https:\/\/afarangabroad.com\/es\/wp-json\/wp\/v2\/pages\/4251"}],"collection":[{"href":"https:\/\/afarangabroad.com\/es\/wp-json\/wp\/v2\/pages"}],"about":[{"href":"https:\/\/afarangabroad.com\/es\/wp-json\/wp\/v2\/types\/page"}],"author":[{"embeddable":true,"href":"https:\/\/afarangabroad.com\/es\/wp-json\/wp\/v2\/users\/2"}],"replies":[{"embeddable":true,"href":"https:\/\/afarangabroad.com\/es\/wp-json\/wp\/v2\/comments?post=4251"}],"version-history":[{"count":0,"href":"https:\/\/afarangabroad.com\/es\/wp-json\/wp\/v2\/pages\/4251\/revisions"}],"wp:attachment":[{"href":"https:\/\/afarangabroad.com\/es\/wp-json\/wp\/v2\/media?parent=4251"}],"wp:term":[{"taxonomy":"category","embeddable":true,"href":"https:\/\/afarangabroad.com\/es\/wp-json\/wp\/v2\/categories?post=4251"},{"taxonomy":"post_tag","embeddable":true,"href":"https:\/\/afarangabroad.com\/es\/wp-json\/wp\/v2\/tags?post=4251"}],"curies":[{"name":"wp","href":"https:\/\/api.w.org\/{rel}","templated":true}]}}