{"id":4609,"date":"2015-03-25T12:56:49","date_gmt":"2015-03-25T12:56:49","guid":{"rendered":"https:\/\/afarangabroad.com\/?p=4609"},"modified":"2020-05-01T04:47:15","modified_gmt":"2020-05-01T03:47:15","slug":"vietnamese-women","status":"publish","type":"page","link":"https:\/\/afarangabroad.com\/es\/mujeres-vietnamitas\/","title":{"rendered":"5 maneras de conquistar a las mujeres vietnamitas"},"content":{"rendered":"<p>Let&#8217;s face it, upon arrival in Vietnam, other than the small slices of the Saigon and Hanoi, the majority of the Vietnamese women are frustratingly conservative and will not put a one-night with anyone.<\/p>\n<p><a href=\"https:\/\/afarangabroad.com\/es\/vietnam-cupid\/\" target=\"_blank\" rel=\"noopener noreferrer\"><img loading=\"lazy\" decoding=\"async\" class=\"aligncenter size-large wp-image-7258\" src=\"https:\/\/afarangabroad.com\/wp-content\/uploads\/2016\/06\/Meet-Viet-Girls1-1024x691.png\" alt=\"Conoce a las chicas de Vietnam\" width=\"600\" height=\"405\" srcset=\"https:\/\/afarangabroad.com\/wp-content\/uploads\/2016\/06\/Meet-Viet-Girls1-1024x691.png 1024w, https:\/\/afarangabroad.com\/wp-content\/uploads\/2016\/06\/Meet-Viet-Girls1-300x202.png 300w, https:\/\/afarangabroad.com\/wp-content\/uploads\/2016\/06\/Meet-Viet-Girls1-720x486.png 720w, https:\/\/afarangabroad.com\/wp-content\/uploads\/2016\/06\/Meet-Viet-Girls1.png 1038w\" sizes=\"(max-width: 600px) 100vw, 600px\" \/><\/a><\/p>\n<p>I say &#8220;frustratingly&#8221; because even though there are droves of sexy <a title=\"Chicas vietnamitas\" href=\"https:\/\/afarangabroad.com\/es\/chicas-vietnamitas\/\" target=\"_blank\" rel=\"noopener noreferrer\">Chicas vietnamitas<\/a> que reclamar\u00e1n su atenci\u00f3n nada m\u00e1s llegar. \u00bfQu\u00e9 pasa?<\/p>\n<p>Aqu\u00ed tienes 5 maneras de conquistar inmediatamente el coraz\u00f3n de las mujeres vietnamitas para que puedas encontrar una que te folle los sesos en el menor tiempo posible:<\/p>\n<p>Para saber c\u00f3mo <strong>echar un polvo sin pagar<\/strong>consulte este art\u00edculo sobre <a title=\"Cupido Vietnam\" href=\"https:\/\/afarangabroad.com\/es\/vietnam-cupid\/\" target=\"_blank\" rel=\"noopener noreferrer\">Vietnam cupido<\/a>.<\/p>\n<h2><strong>1. M\u00e9tete en sus sesiones de fotos<\/strong><\/h2>\n<p>Lo que hay que hacer es encontrar a un grupo de mujeres vietnamitas haci\u00e9ndose fotos entre ellas, o incluso en parejas, y acercarse sigilosamente por detr\u00e1s y ponerles una cara graciosa mientras sacan la foto.<\/p>\n<p>Works *every* time and gets them laughing and feeling flattered that they were the &#8220;chosen ones&#8221; for the foreigner to tease (out of the groups of girls at the venue). There are likely already several Vietnamese women in the area that would straight up ask to take a picture with you.Using this method is only slightly more ballsy.<\/p>\n<p><a href=\"https:\/\/afarangabroad.com\/es\/vietnam-cupid\/\"><img loading=\"lazy\" decoding=\"async\" class=\"alignnone size-full wp-image-4611\" src=\"https:\/\/afarangabroad.com\/wp-content\/uploads\/2015\/03\/5273_VC_728_90.jpg\" alt=\"sitio de citas\" width=\"728\" height=\"90\" srcset=\"https:\/\/afarangabroad.com\/wp-content\/uploads\/2015\/03\/5273_VC_728_90.jpg 728w, https:\/\/afarangabroad.com\/wp-content\/uploads\/2015\/03\/5273_VC_728_90-300x37.jpg 300w, https:\/\/afarangabroad.com\/wp-content\/uploads\/2015\/03\/5273_VC_728_90-600x74.jpg 600w, https:\/\/afarangabroad.com\/wp-content\/uploads\/2015\/03\/5273_VC_728_90-720x89.jpg 720w\" sizes=\"(max-width: 728px) 100vw, 728px\" \/><\/a><\/p>\n<p>Then look at the picture to see how it turned out. Tell them to take a picture with your camera since yours is &#8220;clearly better&#8221; (even if it&#8217;s blatantly not), then showing them your old pictures of USA or wherever&#8230; and keep the ball rolling until you get the Facebook or number. Never will you experience cock blocking this way.<\/p>\n<h2><strong>2. Hacer preguntas tur\u00edsticas tontas a las vietnamitas <\/strong><\/h2>\n<p>Hacerte el tonto en general funciona de maravilla con las vietnamitas, que estar\u00e1n m\u00e1s que deseosas de contarte c\u00f3mo es la vida en Vietnam.<\/p>\n<p>Even if the girl doesn&#8217;t speak English, you&#8217;ll quickly be pointed to a girl that does. Often, the English-speakers are not as hot but will serve as an anchor to build connections with her surrounding hot friends \u2013 i.e. when she invites you to dinner, she\u2019ll have a handful of friends and cousins around.<\/p>","protected":false},"excerpt":{"rendered":"<p>Let&#8217;s face it, upon arrival in Vietnam, other than the small slices of the Saigon and Hanoi, the majority of the Vietnamese women are frustratingly conservative and will not put a one-night with anyone. I say &#8220;frustratingly&#8221; because even though there are droves of sexy Vietnamese girls who will be grasping for your attention upon [&hellip;]<\/p>","protected":false},"author":2,"featured_media":4611,"parent":0,"menu_order":0,"comment_status":"open","ping_status":"closed","template":"","meta":{"_exactmetrics_skip_tracking":false,"_exactmetrics_sitenote_active":false,"_exactmetrics_sitenote_note":"","_exactmetrics_sitenote_category":0,"footnotes":""},"categories":[328],"tags":[],"class_list":["post-4609","page","type-page","status-publish","has-post-thumbnail","hentry","category-vietnam"],"yoast_head":"<!-- This site is optimized with the Yoast SEO plugin v20.1 - https:\/\/yoast.com\/wordpress\/plugins\/seo\/ -->\n<title>5 Ways to Win Over Vietnamese Women - A Farang Abroad<\/title>\n<meta name=\"description\" content=\"Are you looking to score with some hot Vietnamese women ? Then find out these 5 tips before you make your trip to Vietnam to win them over!\" \/>\n<meta name=\"robots\" content=\"index, follow, max-snippet:-1, max-image-preview:large, max-video-preview:-1\" \/>\n<link rel=\"canonical\" href=\"https:\/\/afarangabroad.com\/es\/mujeres-vietnamitas\/\" \/>\n<meta property=\"og:locale\" content=\"es_ES\" \/>\n<meta property=\"og:type\" content=\"article\" \/>\n<meta property=\"og:title\" content=\"5 Ways to Win Over Vietnamese Women - A Farang Abroad\" \/>\n<meta property=\"og:description\" content=\"Are you looking to score with some hot Vietnamese women ? Then find out these 5 tips before you make your trip to Vietnam to win them over!\" \/>\n<meta property=\"og:url\" content=\"https:\/\/afarangabroad.com\/es\/mujeres-vietnamitas\/\" \/>\n<meta property=\"og:site_name\" content=\"A Farang Abroad\" \/>\n<meta property=\"article:modified_time\" content=\"2020-05-01T03:47:15+00:00\" \/>\n<meta property=\"og:image\" content=\"https:\/\/afarangabroad.com\/wp-content\/uploads\/2015\/03\/5273_VC_728_90.jpg\" \/>\n\t<meta property=\"og:image:width\" content=\"728\" \/>\n\t<meta property=\"og:image:height\" content=\"90\" \/>\n\t<meta property=\"og:image:type\" content=\"image\/jpeg\" \/>\n<meta name=\"twitter:label1\" content=\"Tiempo de lectura\" \/>\n\t<meta name=\"twitter:data1\" content=\"7 minutos\" \/>\n<script type=\"application\/ld+json\" class=\"yoast-schema-graph\">{\"@context\":\"https:\/\/schema.org\",\"@graph\":[{\"@type\":\"WebPage\",\"@id\":\"https:\/\/afarangabroad.com\/vietnamese-women\/\",\"url\":\"https:\/\/afarangabroad.com\/vietnamese-women\/\",\"name\":\"5 Ways to Win Over Vietnamese Women - A Farang Abroad\",\"isPartOf\":{\"@id\":\"https:\/\/afarangabroad.com\/#website\"},\"datePublished\":\"2015-03-25T12:56:49+00:00\",\"dateModified\":\"2020-05-01T03:47:15+00:00\",\"description\":\"Are you looking to score with some hot Vietnamese women ? Then find out these 5 tips before you make your trip to Vietnam to win them over!\",\"breadcrumb\":{\"@id\":\"https:\/\/afarangabroad.com\/vietnamese-women\/#breadcrumb\"},\"inLanguage\":\"es\",\"potentialAction\":[{\"@type\":\"ReadAction\",\"target\":[\"https:\/\/afarangabroad.com\/vietnamese-women\/\"]}]},{\"@type\":\"BreadcrumbList\",\"@id\":\"https:\/\/afarangabroad.com\/vietnamese-women\/#breadcrumb\",\"itemListElement\":[{\"@type\":\"ListItem\",\"position\":1,\"name\":\"Home\",\"item\":\"https:\/\/afarangabroad.com\/\"},{\"@type\":\"ListItem\",\"position\":2,\"name\":\"5 Ways to Win Over Vietnamese Women\"}]},{\"@type\":\"WebSite\",\"@id\":\"https:\/\/afarangabroad.com\/#website\",\"url\":\"https:\/\/afarangabroad.com\/\",\"name\":\"A Farang Abroad\",\"description\":\"Your secret guide to Asia&#039;s sexiest nightlife.\",\"potentialAction\":[{\"@type\":\"SearchAction\",\"target\":{\"@type\":\"EntryPoint\",\"urlTemplate\":\"https:\/\/afarangabroad.com\/?s={search_term_string}\"},\"query-input\":\"required name=search_term_string\"}],\"inLanguage\":\"es\"}]}<\/script>\n<!-- \/ Yoast SEO plugin. -->","yoast_head_json":{"title":"5 Ways to Win Over Vietnamese Women - A Farang Abroad","description":"Are you looking to score with some hot Vietnamese women ? Then find out these 5 tips before you make your trip to Vietnam to win them over!","robots":{"index":"index","follow":"follow","max-snippet":"max-snippet:-1","max-image-preview":"max-image-preview:large","max-video-preview":"max-video-preview:-1"},"canonical":"https:\/\/afarangabroad.com\/es\/mujeres-vietnamitas\/","og_locale":"es_ES","og_type":"article","og_title":"5 Ways to Win Over Vietnamese Women - A Farang Abroad","og_description":"Are you looking to score with some hot Vietnamese women ? Then find out these 5 tips before you make your trip to Vietnam to win them over!","og_url":"https:\/\/afarangabroad.com\/es\/mujeres-vietnamitas\/","og_site_name":"A Farang Abroad","article_modified_time":"2020-05-01T03:47:15+00:00","og_image":[{"width":728,"height":90,"url":"https:\/\/afarangabroad.com\/wp-content\/uploads\/2015\/03\/5273_VC_728_90.jpg","type":"image\/jpeg"}],"twitter_misc":{"Tiempo de lectura":"7 minutos"},"schema":{"@context":"https:\/\/schema.org","@graph":[{"@type":"WebPage","@id":"https:\/\/afarangabroad.com\/vietnamese-women\/","url":"https:\/\/afarangabroad.com\/vietnamese-women\/","name":"5 Ways to Win Over Vietnamese Women - A Farang Abroad","isPartOf":{"@id":"https:\/\/afarangabroad.com\/#website"},"datePublished":"2015-03-25T12:56:49+00:00","dateModified":"2020-05-01T03:47:15+00:00","description":"Are you looking to score with some hot Vietnamese women ? Then find out these 5 tips before you make your trip to Vietnam to win them over!","breadcrumb":{"@id":"https:\/\/afarangabroad.com\/vietnamese-women\/#breadcrumb"},"inLanguage":"es","potentialAction":[{"@type":"ReadAction","target":["https:\/\/afarangabroad.com\/vietnamese-women\/"]}]},{"@type":"BreadcrumbList","@id":"https:\/\/afarangabroad.com\/vietnamese-women\/#breadcrumb","itemListElement":[{"@type":"ListItem","position":1,"name":"Home","item":"https:\/\/afarangabroad.com\/"},{"@type":"ListItem","position":2,"name":"5 Ways to Win Over Vietnamese Women"}]},{"@type":"WebSite","@id":"https:\/\/afarangabroad.com\/#website","url":"https:\/\/afarangabroad.com\/","name":"A Farang Abroad","description":"Your secret guide to Asia&#039;s sexiest nightlife.","potentialAction":[{"@type":"SearchAction","target":{"@type":"EntryPoint","urlTemplate":"https:\/\/afarangabroad.com\/?s={search_term_string}"},"query-input":"required name=search_term_string"}],"inLanguage":"es"}]}},"_links":{"self":[{"href":"https:\/\/afarangabroad.com\/es\/wp-json\/wp\/v2\/pages\/4609"}],"collection":[{"href":"https:\/\/afarangabroad.com\/es\/wp-json\/wp\/v2\/pages"}],"about":[{"href":"https:\/\/afarangabroad.com\/es\/wp-json\/wp\/v2\/types\/page"}],"author":[{"embeddable":true,"href":"https:\/\/afarangabroad.com\/es\/wp-json\/wp\/v2\/users\/2"}],"replies":[{"embeddable":true,"href":"https:\/\/afarangabroad.com\/es\/wp-json\/wp\/v2\/comments?post=4609"}],"version-history":[{"count":0,"href":"https:\/\/afarangabroad.com\/es\/wp-json\/wp\/v2\/pages\/4609\/revisions"}],"wp:featuredmedia":[{"embeddable":true,"href":"https:\/\/afarangabroad.com\/es\/wp-json\/wp\/v2\/media\/4611"}],"wp:attachment":[{"href":"https:\/\/afarangabroad.com\/es\/wp-json\/wp\/v2\/media?parent=4609"}],"wp:term":[{"taxonomy":"category","embeddable":true,"href":"https:\/\/afarangabroad.com\/es\/wp-json\/wp\/v2\/categories?post=4609"},{"taxonomy":"post_tag","embeddable":true,"href":"https:\/\/afarangabroad.com\/es\/wp-json\/wp\/v2\/tags?post=4609"}],"curies":[{"name":"wp","href":"https:\/\/api.w.org\/{rel}","templated":true}]}}