{"id":512569,"date":"2020-05-19T04:51:53","date_gmt":"2020-05-19T03:51:53","guid":{"rendered":"https:\/\/afarangabroad.com\/?p=512569"},"modified":"2020-05-19T04:52:55","modified_gmt":"2020-05-19T03:52:55","slug":"tinder-china","status":"publish","type":"page","link":"https:\/\/afarangabroad.com\/es\/tinder-china\/","title":{"rendered":"C\u00f3mo utilizar Tinder en China como un jefe"},"content":{"rendered":"<p>So you\u2019re going to China, and you want to get some action with the cute Chinese ladies. Despite the hoopla against using Tinder in China, it\u2019s fairly simple to get girls on there. <\/p>\n<p>Quieres conocer chicas gratis en China,&nbsp;<a rel=\"noreferrer noopener\" href=\"https:\/\/afarangabroad.com\/es\/china-love-cupid-review\/\" target=\"_blank\">consulte este art\u00edculo<\/a>.<\/p>\n<div class=\"wp-block-image\">\n<figure class=\"aligncenter\"><a href=\"https:\/\/afarangabroad.com\/es\/china-love-cupid-review\/\" target=\"_blank\" rel=\"noreferrer noopener\"><img loading=\"lazy\" decoding=\"async\" width=\"1024\" height=\"691\" src=\"https:\/\/cdn.shortpixel.ai\/client\/q_lossy,ret_img,w_1024\/https:\/\/afarangabroad.com\/wp-content\/uploads\/2017\/05\/meet-sexy-chiense-girls-1024x691.png\" alt=\"sex in Guangzhou, 7 Places For Sex in Guangzhou\" class=\"wp-image-8477\" srcset=\"https:\/\/afarangabroad.com\/wp-content\/uploads\/2017\/05\/meet-sexy-chiense-girls-1024x691.png 1024w, https:\/\/afarangabroad.com\/wp-content\/uploads\/2017\/05\/meet-sexy-chiense-girls-300x202.png 300w, https:\/\/afarangabroad.com\/wp-content\/uploads\/2017\/05\/meet-sexy-chiense-girls-768x518.png 768w, https:\/\/afarangabroad.com\/wp-content\/uploads\/2017\/05\/meet-sexy-chiense-girls-720x486.png 720w, https:\/\/afarangabroad.com\/wp-content\/uploads\/2017\/05\/meet-sexy-chiense-girls.png 1038w\" sizes=\"(max-width: 1024px) 100vw, 1024px\" \/><\/a><\/figure>\n<\/div>\n<p>Una vez que sepas c\u00f3mo abrirte camino a trav\u00e9s de la B.S, Tinder puede hacer maravillas por ti. <\/p>\n<p>There are, however, a few downsides to using Tinder in China, but that\u2019s why we\u2019ve created this bulletproof guide to getting you those Chinese hotties.<\/p>\n<h2 class=\"wp-block-heading\">C\u00f3mo entrar en Tinder en China<\/h2>\n<p>En primer lugar, el gobierno chino es un verdadero obst\u00e1culo para los hombres. Para acceder a Tinder en China, es necesario utilizar una VPN. El gobierno chino bloquea muchas aplicaciones y sitios web como Facebook, Instagram, Gmail, YouTube y Tinder. <\/p>\n<p>Yes, even Pornhub is blocked. But don\u2019t worry, with this guide you can find a real hot babe instead of fantasizing over one. So it\u2019s fairly simple, just pay for a <a href=\"https:\/\/www.comparitech.com\/blog\/vpn-privacy\/whats-the-best-vpn-for-china-5-that-still-work-in-2016\/\" target=\"_blank\" rel=\"noreferrer noopener\">Servicio VPN<\/a> that works in China, so your IP address shows that you\u2019re located somewhere else.<\/p>\n<div class=\"wp-block-image\">\n<figure class=\"aligncenter size-large is-resized\"><img loading=\"lazy\" decoding=\"async\" src=\"https:\/\/afarangabroad.com\/wp-content\/uploads\/2020\/05\/Inked97979826_656818401711552_5625560280403542016_n_LI-473x1024.jpg\" alt=\"Girl on Tinder in China\" class=\"wp-image-512586\" width=\"280\" height=\"607\" srcset=\"https:\/\/afarangabroad.com\/wp-content\/uploads\/2020\/05\/Inked97979826_656818401711552_5625560280403542016_n_LI-473x1024.jpg 473w, https:\/\/afarangabroad.com\/wp-content\/uploads\/2020\/05\/Inked97979826_656818401711552_5625560280403542016_n_LI-139x300.jpg 139w, https:\/\/afarangabroad.com\/wp-content\/uploads\/2020\/05\/Inked97979826_656818401711552_5625560280403542016_n_LI-768x1662.jpg 768w, https:\/\/afarangabroad.com\/wp-content\/uploads\/2020\/05\/Inked97979826_656818401711552_5625560280403542016_n_LI-710x1536.jpg 710w, https:\/\/afarangabroad.com\/wp-content\/uploads\/2020\/05\/Inked97979826_656818401711552_5625560280403542016_n_LI.jpg 828w\" sizes=\"(max-width: 280px) 100vw, 280px\" \/><figcaption>Tinder Pek\u00edn<\/figcaption><\/figure>\n<\/div>\n<h2 class=\"wp-block-heading\">Lo que nos gusta del Tinder chino<\/h2>\n<p>A pesar de las restricciones de Tinder, hay muchas mujeres guapas por ah\u00ed. He aqu\u00ed algunas razones por las que Tinder en China es una mina de oro.&nbsp;<\/p>\n<ul class=\"wp-block-list\">\n<li><strong>Girls Want International Men &#8211; <\/strong>Pi\u00e9nsalo. Los que se esfuerzan por tener una VPN y descargar Tinder est\u00e1n buscando hombres internacionales como t\u00fa.<\/li>\n<li><strong>Little Competition &#8211; <\/strong>Lo mejor de todo es que la mayor\u00eda de los hombres chinos son muy conservadores, lo que significa que puedes hacerles la pu\u00f1eta. S\u00f3lo tienes que tener un poco de valor y dar el primer paso.&nbsp;<\/li>\n<li><strong>English is a Plus &#8211; <\/strong>Many Chinese girls have learned to speak English during childhood, so you won\u2019t have to worry about the language barrier. Also, from what I\u2019ve seen personally, Chinese girls really have a thing for white guys (who speak Native English).<\/li>\n<\/ul>\n<p>There are so many hot girls in China, so you won\u2019t go wrong trying to find one for yourself. With a decent profile and a bit of confidence, you\u2019ll bring one home in no time!<\/p>\n<h2 class=\"wp-block-heading\">Things we don\u2019t like&nbsp;<\/h2>\n<p>Before you begin swiping, you should know the common traps that you might get into with Tinder in China and the profiles you\u2019ll find.&nbsp;<\/p>\n<ul class=\"wp-block-list\">\n<li><strong>Time Wasters &#8211; <\/strong>It\u2019s bound to happen, especially in Asian countries where girls are more conservative. Many girls just want to chat for a long time before finally meeting up. If you see that it\u2019s going nowhere, just move on. Another tip is to screen them out by telling them you\u2019re only here for X number of days or weeks. You can also take them out to the night scene, such as a bar or club. There\u2019s nothing worse than being text buddies with a girl only to find out she\u2019s not willing to put out.&nbsp;<\/li>\n<\/ul>\n<ul class=\"wp-block-list\">\n<li><strong>Scammers &#8211;&nbsp; <\/strong>If the profile looks too good to be true and if it just seems too easy, that\u2019s a huge red flag! You should stop to think. What is this girl after? Here are a few possible scenarios:\n<ul>\n<li><strong>Catfish &#8211; <\/strong>Las fotos de Tinder pueden ser enga\u00f1osas. Personalmente, siempre me gusta pedirles sus redes sociales. Si no, p\u00eddeles que te las env\u00eden a trav\u00e9s de Wechat.&nbsp;<\/li>\n<li><strong>Gold Diggers &#8211; <\/strong>Sadly, there are some that are just after your wallet. Always choose an inexpensive date spot. For example, I always like inviting girls to a boba date because it\u2019s super casual.&nbsp;<\/li>\n<li><strong>Informaci\u00f3n sobre pesca <\/strong>&#8211; Be aware when you see the hottest looking profiles because they might be internet hackers looking to steal your information. Just be careful. If they try to have a dirty talk with you immediately, that\u2019s a huge no-no.&nbsp;<\/li>\n<li><strong>Putas <\/strong>&#8211; there are lots of  <a href=\"https:\/\/afarangabroad.com\/es\/chinese-hookers\/\">Prostitutas chinas<\/a> en estos sitios que buscan estafarte.<\/li>\n<\/ul>\n<\/li>\n<\/ul>\n<h2 class=\"wp-block-heading\">Utilizar Tinder Shangh\u00e1i&nbsp;<\/h2>\n<p><a href=\"https:\/\/afarangabroad.com\/es\/shanghai-hookers\/\">Shanghai<\/a> es el hogar de algunas de las mujeres m\u00e1s bellas de Asia. Estas chicas tienen una piel clara perfecta, piernas largas y una personalidad muy sumisa. Lo mejor de todo es que adoran a sus hombres europeos y americanos.&nbsp;<\/p>\n<p>La ubicaci\u00f3n es clave. Sugiero saber d\u00f3nde est\u00e1 el <a href=\"https:\/\/afarangabroad.com\/es\/chicas-de-shanghai\/\">hot girls\u2019 hangout in Shanghai<\/a>. Por ejemplo, si te alojas cerca de Nanjing Road o del centro comercial IFC, donde est\u00e1n todos los compradores, tendr\u00e1s m\u00e1s posibilidades de ligar con chicas guapas. Te conviene quedarte cerca de las zonas populares, porque normalmente las chicas que quieren ligar prefieren quedarse cerca.&nbsp;<\/p>","protected":false},"excerpt":{"rendered":"<p>So you\u2019re going to China, and you want to get some action with the cute Chinese ladies. Despite the hoopla against using Tinder in China, it\u2019s fairly simple to get girls on there. Want to meet girls for free in China,&nbsp;check out this article. Once you know how to maneuver your way through the B.S, [&hellip;]<\/p>","protected":false},"author":2,"featured_media":512585,"parent":0,"menu_order":0,"comment_status":"open","ping_status":"open","template":"","meta":{"_exactmetrics_skip_tracking":false,"_exactmetrics_sitenote_active":false,"_exactmetrics_sitenote_note":"","_exactmetrics_sitenote_category":0,"footnotes":""},"categories":[334],"tags":[],"class_list":["post-512569","page","type-page","status-publish","has-post-thumbnail","hentry","category-china"],"yoast_head":"<!-- This site is optimized with the Yoast SEO plugin v20.1 - https:\/\/yoast.com\/wordpress\/plugins\/seo\/ -->\n<title>How to Use Tinder in China Like a Boss - A Farang Abroad<\/title>\n<meta name=\"description\" content=\"Learn how to use Tinder in China to meet dozens of local girls, the scams to watch out for and other ways to meet girls using dating apps in China.\" \/>\n<meta name=\"robots\" content=\"index, follow, max-snippet:-1, max-image-preview:large, max-video-preview:-1\" \/>\n<link rel=\"canonical\" href=\"https:\/\/afarangabroad.com\/es\/tinder-china\/\" \/>\n<meta property=\"og:locale\" content=\"es_ES\" \/>\n<meta property=\"og:type\" content=\"article\" \/>\n<meta property=\"og:title\" content=\"How to Use Tinder in China Like a Boss - A Farang Abroad\" \/>\n<meta property=\"og:description\" content=\"Learn how to use Tinder in China to meet dozens of local girls, the scams to watch out for and other ways to meet girls using dating apps in China.\" \/>\n<meta property=\"og:url\" content=\"https:\/\/afarangabroad.com\/es\/tinder-china\/\" \/>\n<meta property=\"og:site_name\" content=\"A Farang Abroad\" \/>\n<meta property=\"article:modified_time\" content=\"2020-05-19T03:52:55+00:00\" \/>\n<meta property=\"og:image\" content=\"https:\/\/afarangabroad.com\/wp-content\/uploads\/2020\/05\/Inked96755961_2525110457818465_1260950596505042944_n_LI.jpg\" \/>\n\t<meta property=\"og:image:width\" content=\"828\" \/>\n\t<meta property=\"og:image:height\" content=\"1792\" \/>\n\t<meta property=\"og:image:type\" content=\"image\/jpeg\" \/>\n<meta name=\"twitter:label1\" content=\"Tiempo de lectura\" \/>\n\t<meta name=\"twitter:data1\" content=\"6 minutos\" \/>\n<script type=\"application\/ld+json\" class=\"yoast-schema-graph\">{\"@context\":\"https:\/\/schema.org\",\"@graph\":[{\"@type\":\"WebPage\",\"@id\":\"https:\/\/afarangabroad.com\/tinder-china\/\",\"url\":\"https:\/\/afarangabroad.com\/tinder-china\/\",\"name\":\"How to Use Tinder in China Like a Boss - A Farang Abroad\",\"isPartOf\":{\"@id\":\"https:\/\/afarangabroad.com\/#website\"},\"datePublished\":\"2020-05-19T03:51:53+00:00\",\"dateModified\":\"2020-05-19T03:52:55+00:00\",\"description\":\"Learn how to use Tinder in China to meet dozens of local girls, the scams to watch out for and other ways to meet girls using dating apps in China.\",\"breadcrumb\":{\"@id\":\"https:\/\/afarangabroad.com\/tinder-china\/#breadcrumb\"},\"inLanguage\":\"es\",\"potentialAction\":[{\"@type\":\"ReadAction\",\"target\":[\"https:\/\/afarangabroad.com\/tinder-china\/\"]}]},{\"@type\":\"BreadcrumbList\",\"@id\":\"https:\/\/afarangabroad.com\/tinder-china\/#breadcrumb\",\"itemListElement\":[{\"@type\":\"ListItem\",\"position\":1,\"name\":\"Home\",\"item\":\"https:\/\/afarangabroad.com\/\"},{\"@type\":\"ListItem\",\"position\":2,\"name\":\"How to Use Tinder in China Like a Boss\"}]},{\"@type\":\"WebSite\",\"@id\":\"https:\/\/afarangabroad.com\/#website\",\"url\":\"https:\/\/afarangabroad.com\/\",\"name\":\"A Farang Abroad\",\"description\":\"Your secret guide to Asia&#039;s sexiest nightlife.\",\"potentialAction\":[{\"@type\":\"SearchAction\",\"target\":{\"@type\":\"EntryPoint\",\"urlTemplate\":\"https:\/\/afarangabroad.com\/?s={search_term_string}\"},\"query-input\":\"required name=search_term_string\"}],\"inLanguage\":\"es\"}]}<\/script>\n<!-- \/ Yoast SEO plugin. -->","yoast_head_json":{"title":"How to Use Tinder in China Like a Boss - A Farang Abroad","description":"Learn how to use Tinder in China to meet dozens of local girls, the scams to watch out for and other ways to meet girls using dating apps in China.","robots":{"index":"index","follow":"follow","max-snippet":"max-snippet:-1","max-image-preview":"max-image-preview:large","max-video-preview":"max-video-preview:-1"},"canonical":"https:\/\/afarangabroad.com\/es\/tinder-china\/","og_locale":"es_ES","og_type":"article","og_title":"How to Use Tinder in China Like a Boss - A Farang Abroad","og_description":"Learn how to use Tinder in China to meet dozens of local girls, the scams to watch out for and other ways to meet girls using dating apps in China.","og_url":"https:\/\/afarangabroad.com\/es\/tinder-china\/","og_site_name":"A Farang Abroad","article_modified_time":"2020-05-19T03:52:55+00:00","og_image":[{"width":828,"height":1792,"url":"https:\/\/afarangabroad.com\/wp-content\/uploads\/2020\/05\/Inked96755961_2525110457818465_1260950596505042944_n_LI.jpg","type":"image\/jpeg"}],"twitter_misc":{"Tiempo de lectura":"6 minutos"},"schema":{"@context":"https:\/\/schema.org","@graph":[{"@type":"WebPage","@id":"https:\/\/afarangabroad.com\/tinder-china\/","url":"https:\/\/afarangabroad.com\/tinder-china\/","name":"How to Use Tinder in China Like a Boss - A Farang Abroad","isPartOf":{"@id":"https:\/\/afarangabroad.com\/#website"},"datePublished":"2020-05-19T03:51:53+00:00","dateModified":"2020-05-19T03:52:55+00:00","description":"Learn how to use Tinder in China to meet dozens of local girls, the scams to watch out for and other ways to meet girls using dating apps in China.","breadcrumb":{"@id":"https:\/\/afarangabroad.com\/tinder-china\/#breadcrumb"},"inLanguage":"es","potentialAction":[{"@type":"ReadAction","target":["https:\/\/afarangabroad.com\/tinder-china\/"]}]},{"@type":"BreadcrumbList","@id":"https:\/\/afarangabroad.com\/tinder-china\/#breadcrumb","itemListElement":[{"@type":"ListItem","position":1,"name":"Home","item":"https:\/\/afarangabroad.com\/"},{"@type":"ListItem","position":2,"name":"How to Use Tinder in China Like a Boss"}]},{"@type":"WebSite","@id":"https:\/\/afarangabroad.com\/#website","url":"https:\/\/afarangabroad.com\/","name":"A Farang Abroad","description":"Your secret guide to Asia&#039;s sexiest nightlife.","potentialAction":[{"@type":"SearchAction","target":{"@type":"EntryPoint","urlTemplate":"https:\/\/afarangabroad.com\/?s={search_term_string}"},"query-input":"required name=search_term_string"}],"inLanguage":"es"}]}},"_links":{"self":[{"href":"https:\/\/afarangabroad.com\/es\/wp-json\/wp\/v2\/pages\/512569"}],"collection":[{"href":"https:\/\/afarangabroad.com\/es\/wp-json\/wp\/v2\/pages"}],"about":[{"href":"https:\/\/afarangabroad.com\/es\/wp-json\/wp\/v2\/types\/page"}],"author":[{"embeddable":true,"href":"https:\/\/afarangabroad.com\/es\/wp-json\/wp\/v2\/users\/2"}],"replies":[{"embeddable":true,"href":"https:\/\/afarangabroad.com\/es\/wp-json\/wp\/v2\/comments?post=512569"}],"version-history":[{"count":0,"href":"https:\/\/afarangabroad.com\/es\/wp-json\/wp\/v2\/pages\/512569\/revisions"}],"wp:featuredmedia":[{"embeddable":true,"href":"https:\/\/afarangabroad.com\/es\/wp-json\/wp\/v2\/media\/512585"}],"wp:attachment":[{"href":"https:\/\/afarangabroad.com\/es\/wp-json\/wp\/v2\/media?parent=512569"}],"wp:term":[{"taxonomy":"category","embeddable":true,"href":"https:\/\/afarangabroad.com\/es\/wp-json\/wp\/v2\/categories?post=512569"},{"taxonomy":"post_tag","embeddable":true,"href":"https:\/\/afarangabroad.com\/es\/wp-json\/wp\/v2\/tags?post=512569"}],"curies":[{"name":"wp","href":"https:\/\/api.w.org\/{rel}","templated":true}]}}