{"id":6228,"date":"2015-10-11T10:09:33","date_gmt":"2015-10-11T09:09:33","guid":{"rendered":"https:\/\/afarangabroad.com\/?page_id=6228"},"modified":"2019-06-18T04:24:55","modified_gmt":"2019-06-18T03:24:55","slug":"pattaya-freelancers","status":"publish","type":"page","link":"https:\/\/afarangabroad.com\/es\/pattaya-autonomos\/","title":{"rendered":"\u00bfCu\u00e1nto cuestan los aut\u00f3nomos de Pattaya?"},"content":{"rendered":"<p>Cu\u00e1nto mide un trozo de cuerda es lo primero que viene a la mente al preguntar el precio de los aut\u00f3nomos de Pattaya.<\/p>\n<p>Si desea obtener <strong>follar gratis en Pattaya<\/strong>, <a href=\"https:\/\/afarangabroad.com\/es\/thai-cupid-dating-site\/\" target=\"_blank\" rel=\"noopener noreferrer\">leer este art\u00edculo<\/a>.<\/p>\n<p><a href=\"https:\/\/afarangabroad.com\/es\/thai-cupid-dating-site\/\" target=\"_blank\" rel=\"noopener noreferrer\"><img loading=\"lazy\" decoding=\"async\" class=\"aligncenter  wp-image-7256\" src=\"https:\/\/afarangabroad.com\/wp-content\/uploads\/2016\/06\/Meet-Thai-girls-1024x691.png\" alt=\"Conocer chicas tailandesas\" width=\"400\" height=\"272\" \/><\/a>Al llegar a Pattaya no se le entrega un folleto con todos los <a href=\"https:\/\/afarangabroad.com\/es\/sexo-tailandia-precios\/\" target=\"_blank\" rel=\"noopener noreferrer\">costes y tarifas de los servicios sexuales <\/a>de la <a href=\"https:\/\/afarangabroad.com\/es\/2015\/03\/thai-hookers\/\" target=\"_blank\" rel=\"noopener noreferrer\">Prostitutas tailandesas<\/a>. Ni cuando est\u00e1s en uno de <a href=\" \" target=\"_blank\" rel=\"noopener noreferrer\">Cervecer\u00edas o bares Go Go de Pattaya<\/a> las chicas tienen una tarifa pegada a la espalda.<\/p>\n<p>Incluso he conocido a algunas chicas de bar que renuncian a sus honorarios porque el chico est\u00e1 muy bueno, es cierto que no a menudo, pero se ha sabido.<\/p>\n<p>As\u00ed que vuelves a la vieja casta\u00f1a cu\u00e1nto cobra un aut\u00f3nomo de Pattaya y cu\u00e1nto debes pagar por acostarte con un <a href=\"https:\/\/afarangabroad.com\/es\/chicas-pattaya\/\" target=\"_blank\" rel=\"noopener noreferrer\">Chica de Pattaya<\/a>?<\/p>\n<p><img loading=\"lazy\" decoding=\"async\" class=\"size-full wp-image-6230 aligncenter\" src=\"https:\/\/afarangabroad.com\/wp-content\/uploads\/2015\/10\/wallet-669458_640.jpg\" alt=\"pattaya aut\u00f3nomos\" width=\"640\" height=\"360\" srcset=\"https:\/\/afarangabroad.com\/wp-content\/uploads\/2015\/10\/wallet-669458_640.jpg 640w, https:\/\/afarangabroad.com\/wp-content\/uploads\/2015\/10\/wallet-669458_640-300x169.jpg 300w\" sizes=\"(max-width: 640px) 100vw, 640px\" \/><\/p>\n<p>Depende de d\u00f3nde, qui\u00e9n, cu\u00e1ntos, cu\u00e1nto tiempo, qu\u00e9 servicios sexuales quieras, <a href=\"https:\/\/afarangabroad.com\/es\/2015\/02\/bangkok-bdsm-dominatrix\/\" target=\"_blank\" rel=\"noopener noreferrer\">fetiches<\/a>Chicas, chicos, <a href=\"https:\/\/afarangabroad.com\/es\/russian-girls-pattaya\/\" target=\"_blank\" rel=\"noopener noreferrer\">Ruso<\/a>, <a href=\"https:\/\/afarangabroad.com\/es\/6-maneras-de-conocer-ladyboys-bangkok\/\" target=\"_blank\" rel=\"noopener noreferrer\">ladyboys<\/a>, nacionalidad, gordura, altura, delgadez....... la lista es interminable y afectar\u00e1 al coste.<\/p>\n<p>Si est\u00e1 desesperado y la <a href=\"https:\/\/afarangabroad.com\/es\/thai-friendly-dating\/\" target=\"_blank\" rel=\"noopener noreferrer\">Chica tailandesa<\/a> puede sentirlo, entonces el cielo ser\u00e1 el l\u00edmite.<\/p>\n<p>Dicho todo esto, en algunos lugares hay directrices que siguen las prostitutas y no hay una tarifa est\u00e1ndar, sino una tarifa recomendada.<\/p>\n<p>En realidad, todo se reduce a la negociaci\u00f3n y, si conoces las directrices, no te timar\u00e1n. Deja siempre claro lo que quieres, por cu\u00e1nto tiempo y acuerda un precio, hazlo antes de llevar a la chica a tu hotel.<\/p>\n<h2><strong>El precio del sexo en los bares de cerveza<\/strong><\/h2>\n<p>Los bares de cerveza tienen unas directrices bastante sencillas:<\/p>","protected":false},"excerpt":{"rendered":"<p>Cu\u00e1nto dura un trozo de cuerda es lo primero que viene a la mente cuando se pregunta el precio de los aut\u00f3nomos de Pattaya. Si quieres echar un polvo gratis en Pattaya, lee este art\u00edculo. Al llegar a Pattaya no te entregan un folleto en el que se detallan todos los [...]<\/p>","protected":false},"author":2,"featured_media":6231,"parent":0,"menu_order":0,"comment_status":"open","ping_status":"closed","template":"","meta":{"_exactmetrics_skip_tracking":false,"_exactmetrics_sitenote_active":false,"_exactmetrics_sitenote_note":"","_exactmetrics_sitenote_category":0,"footnotes":""},"categories":[322],"tags":[],"class_list":["post-6228","page","type-page","status-publish","has-post-thumbnail","hentry","category-pattaya"],"yoast_head":"<!-- This site is optimized with the Yoast SEO plugin v20.1 - https:\/\/yoast.com\/wordpress\/plugins\/seo\/ -->\n<title>How Much Do Pattaya Freelancers Cost? - A Farang Abroad<\/title>\n<meta name=\"description\" content=\"Want to know the price of Pattaya Freelancers? In this thread I breakdown the cost of girls and where you can meet them for free.\" \/>\n<meta name=\"robots\" content=\"index, follow, max-snippet:-1, max-image-preview:large, max-video-preview:-1\" \/>\n<link rel=\"canonical\" href=\"https:\/\/afarangabroad.com\/es\/pattaya-autonomos\/\" \/>\n<meta property=\"og:locale\" content=\"es_ES\" \/>\n<meta property=\"og:type\" content=\"article\" \/>\n<meta property=\"og:title\" content=\"How Much Do Pattaya Freelancers Cost? - A Farang Abroad\" \/>\n<meta property=\"og:description\" content=\"Want to know the price of Pattaya Freelancers? In this thread I breakdown the cost of girls and where you can meet them for free.\" \/>\n<meta property=\"og:url\" content=\"https:\/\/afarangabroad.com\/es\/pattaya-autonomos\/\" \/>\n<meta property=\"og:site_name\" content=\"A Farang Abroad\" \/>\n<meta property=\"article:modified_time\" content=\"2019-06-18T03:24:55+00:00\" \/>\n<meta property=\"og:image\" content=\"https:\/\/afarangabroad.com\/wp-content\/uploads\/2015\/10\/europe-69526_640.jpg\" \/>\n\t<meta property=\"og:image:width\" content=\"640\" \/>\n\t<meta property=\"og:image:height\" content=\"426\" \/>\n\t<meta property=\"og:image:type\" content=\"image\/jpeg\" \/>\n<meta name=\"twitter:label1\" content=\"Tiempo de lectura\" \/>\n\t<meta name=\"twitter:data1\" content=\"6 minutos\" \/>\n<script type=\"application\/ld+json\" class=\"yoast-schema-graph\">{\"@context\":\"https:\/\/schema.org\",\"@graph\":[{\"@type\":\"WebPage\",\"@id\":\"https:\/\/afarangabroad.com\/pattaya-freelancers\/\",\"url\":\"https:\/\/afarangabroad.com\/pattaya-freelancers\/\",\"name\":\"How Much Do Pattaya Freelancers Cost? - A Farang Abroad\",\"isPartOf\":{\"@id\":\"https:\/\/afarangabroad.com\/#website\"},\"datePublished\":\"2015-10-11T09:09:33+00:00\",\"dateModified\":\"2019-06-18T03:24:55+00:00\",\"description\":\"Want to know the price of Pattaya Freelancers? In this thread I breakdown the cost of girls and where you can meet them for free.\",\"breadcrumb\":{\"@id\":\"https:\/\/afarangabroad.com\/pattaya-freelancers\/#breadcrumb\"},\"inLanguage\":\"es\",\"potentialAction\":[{\"@type\":\"ReadAction\",\"target\":[\"https:\/\/afarangabroad.com\/pattaya-freelancers\/\"]}]},{\"@type\":\"BreadcrumbList\",\"@id\":\"https:\/\/afarangabroad.com\/pattaya-freelancers\/#breadcrumb\",\"itemListElement\":[{\"@type\":\"ListItem\",\"position\":1,\"name\":\"Home\",\"item\":\"https:\/\/afarangabroad.com\/\"},{\"@type\":\"ListItem\",\"position\":2,\"name\":\"How Much Do Pattaya Freelancers Cost?\"}]},{\"@type\":\"WebSite\",\"@id\":\"https:\/\/afarangabroad.com\/#website\",\"url\":\"https:\/\/afarangabroad.com\/\",\"name\":\"A Farang Abroad\",\"description\":\"Your secret guide to Asia&#039;s sexiest nightlife.\",\"potentialAction\":[{\"@type\":\"SearchAction\",\"target\":{\"@type\":\"EntryPoint\",\"urlTemplate\":\"https:\/\/afarangabroad.com\/?s={search_term_string}\"},\"query-input\":\"required name=search_term_string\"}],\"inLanguage\":\"es\"}]}<\/script>\n<!-- \/ Yoast SEO plugin. -->","yoast_head_json":{"title":"How Much Do Pattaya Freelancers Cost? - A Farang Abroad","description":"Want to know the price of Pattaya Freelancers? In this thread I breakdown the cost of girls and where you can meet them for free.","robots":{"index":"index","follow":"follow","max-snippet":"max-snippet:-1","max-image-preview":"max-image-preview:large","max-video-preview":"max-video-preview:-1"},"canonical":"https:\/\/afarangabroad.com\/es\/pattaya-autonomos\/","og_locale":"es_ES","og_type":"article","og_title":"How Much Do Pattaya Freelancers Cost? - A Farang Abroad","og_description":"Want to know the price of Pattaya Freelancers? In this thread I breakdown the cost of girls and where you can meet them for free.","og_url":"https:\/\/afarangabroad.com\/es\/pattaya-autonomos\/","og_site_name":"A Farang Abroad","article_modified_time":"2019-06-18T03:24:55+00:00","og_image":[{"width":640,"height":426,"url":"https:\/\/afarangabroad.com\/wp-content\/uploads\/2015\/10\/europe-69526_640.jpg","type":"image\/jpeg"}],"twitter_misc":{"Tiempo de lectura":"6 minutos"},"schema":{"@context":"https:\/\/schema.org","@graph":[{"@type":"WebPage","@id":"https:\/\/afarangabroad.com\/pattaya-freelancers\/","url":"https:\/\/afarangabroad.com\/pattaya-freelancers\/","name":"How Much Do Pattaya Freelancers Cost? - A Farang Abroad","isPartOf":{"@id":"https:\/\/afarangabroad.com\/#website"},"datePublished":"2015-10-11T09:09:33+00:00","dateModified":"2019-06-18T03:24:55+00:00","description":"Want to know the price of Pattaya Freelancers? In this thread I breakdown the cost of girls and where you can meet them for free.","breadcrumb":{"@id":"https:\/\/afarangabroad.com\/pattaya-freelancers\/#breadcrumb"},"inLanguage":"es","potentialAction":[{"@type":"ReadAction","target":["https:\/\/afarangabroad.com\/pattaya-freelancers\/"]}]},{"@type":"BreadcrumbList","@id":"https:\/\/afarangabroad.com\/pattaya-freelancers\/#breadcrumb","itemListElement":[{"@type":"ListItem","position":1,"name":"Home","item":"https:\/\/afarangabroad.com\/"},{"@type":"ListItem","position":2,"name":"How Much Do Pattaya Freelancers Cost?"}]},{"@type":"WebSite","@id":"https:\/\/afarangabroad.com\/#website","url":"https:\/\/afarangabroad.com\/","name":"A Farang Abroad","description":"Your secret guide to Asia&#039;s sexiest nightlife.","potentialAction":[{"@type":"SearchAction","target":{"@type":"EntryPoint","urlTemplate":"https:\/\/afarangabroad.com\/?s={search_term_string}"},"query-input":"required name=search_term_string"}],"inLanguage":"es"}]}},"_links":{"self":[{"href":"https:\/\/afarangabroad.com\/es\/wp-json\/wp\/v2\/pages\/6228"}],"collection":[{"href":"https:\/\/afarangabroad.com\/es\/wp-json\/wp\/v2\/pages"}],"about":[{"href":"https:\/\/afarangabroad.com\/es\/wp-json\/wp\/v2\/types\/page"}],"author":[{"embeddable":true,"href":"https:\/\/afarangabroad.com\/es\/wp-json\/wp\/v2\/users\/2"}],"replies":[{"embeddable":true,"href":"https:\/\/afarangabroad.com\/es\/wp-json\/wp\/v2\/comments?post=6228"}],"version-history":[{"count":0,"href":"https:\/\/afarangabroad.com\/es\/wp-json\/wp\/v2\/pages\/6228\/revisions"}],"wp:featuredmedia":[{"embeddable":true,"href":"https:\/\/afarangabroad.com\/es\/wp-json\/wp\/v2\/media\/6231"}],"wp:attachment":[{"href":"https:\/\/afarangabroad.com\/es\/wp-json\/wp\/v2\/media?parent=6228"}],"wp:term":[{"taxonomy":"category","embeddable":true,"href":"https:\/\/afarangabroad.com\/es\/wp-json\/wp\/v2\/categories?post=6228"},{"taxonomy":"post_tag","embeddable":true,"href":"https:\/\/afarangabroad.com\/es\/wp-json\/wp\/v2\/tags?post=6228"}],"curies":[{"name":"wp","href":"https:\/\/api.w.org\/{rel}","templated":true}]}}