{"id":6266,"date":"2015-10-12T14:45:16","date_gmt":"2015-10-12T13:45:16","guid":{"rendered":"https:\/\/afarangabroad.com\/?page_id=6266"},"modified":"2019-01-08T06:03:30","modified_gmt":"2019-01-08T06:03:30","slug":"laos-girls","status":"publish","type":"page","link":"https:\/\/afarangabroad.com\/es\/chicas-de-laos\/","title":{"rendered":"5 lugares para conocer chicas de Laos"},"content":{"rendered":"<p>Las chicas de Laos son muy f\u00e1ciles de conocer si sabes d\u00f3nde buscar. La capital, Vientiane, es sin duda la zona m\u00e1s animada de Laos, pero incluso la vida nocturna es mucho m\u00e1s tranquila que en otros lugares.<\/p>\n<p>If you&#8217;re looking to get <strong>sexo con chicas Laos gratis<\/strong>, <a href=\"https:\/\/afarangabroad.com\/es\/citas-asiaticas\/\" target=\"_blank\" rel=\"noopener\">consulte este art\u00edculo<\/a>.<\/p>\n<p><a href=\"https:\/\/afarangabroad.com\/es\/citas-asiaticas\/\" target=\"_blank\" rel=\"noopener\"><img loading=\"lazy\" decoding=\"async\" class=\"aligncenter size-large wp-image-7592\" src=\"https:\/\/afarangabroad.com\/wp-content\/uploads\/2015\/10\/Laos-girls-1024x691.png\" alt=\"Laos girls\" width=\"600\" height=\"405\" srcset=\"https:\/\/afarangabroad.com\/wp-content\/uploads\/2015\/10\/Laos-girls-1024x691.png 1024w, https:\/\/afarangabroad.com\/wp-content\/uploads\/2015\/10\/Laos-girls-300x202.png 300w, https:\/\/afarangabroad.com\/wp-content\/uploads\/2015\/10\/Laos-girls-768x518.png 768w, https:\/\/afarangabroad.com\/wp-content\/uploads\/2015\/10\/Laos-girls-720x486.png 720w, https:\/\/afarangabroad.com\/wp-content\/uploads\/2015\/10\/Laos-girls.png 1038w\" sizes=\"(max-width: 600px) 100vw, 600px\" \/><\/a>El pa\u00eds en su conjunto es mucho m\u00e1s conservador que Tailandia, pero tiene varias afinidades con Issan, en el noreste del pa\u00eds, incluso el idioma es muy similar. <a href=\"https:\/\/afarangabroad.com\/es\/mujeres-tailandesas\/\" target=\"_blank\" rel=\"noopener\">Mujeres tailandesas<\/a>.<\/p>\n<p>Un dato que muchos visitantes desconocen es que es ilegal que un ciudadano laosiano mantenga relaciones sexuales con un no laosiano.<\/p>\n<p>De hecho, conlleva una multa y una posible deportaci\u00f3n. Dicho esto, no conozco a nadie a quien le haya ocurrido esto, pero es algo a tener en cuenta.<\/p>\n<p>Se trata simplemente de una ley que nunca llega a aplicarse, pero que usted debe conocer.<\/p>\n<p>No espere que Vientiane sea un lugar pr\u00f3spero para las citas, y ligar es definitivamente m\u00e1s dif\u00edcil que en cualquier otro lugar del sudeste, a no ser que utilice <a href=\"https:\/\/afarangabroad.com\/es\/citas-asiaticas\/\" target=\"_blank\" rel=\"noopener\">sitios de citas<\/a>. Pero hay lugares y cosas que hacer que te ayudar\u00e1n a encontrar una chica de Laos y posiblemente echar un polvo.<\/p>\n<p>Las chicas de Laos son muy amables y est\u00e1n dispuestas a hablar con occidentales, por lo que no deber\u00eda resultar dif\u00edcil entablar conversaci\u00f3n con alguien del sexo opuesto.<\/p>\n<p>Un peque\u00f1o problema es que durante el d\u00eda las mujeres laosianas tienden a llevar el vestido tradicional el <em>Sinh, <\/em>e intentar ver bien la figura de una chica a veces es dif\u00edcil.<\/p>\n<p>\u00bfPor d\u00f3nde empezar a buscar y conocer a una chica de Laos?<\/p>\n<p>Well Vientiane is the place to go. It is not the only place but Laos is very rural and picking up a partner elsewhere in the country will be extremely difficult.<\/p>","protected":false},"excerpt":{"rendered":"<p>Laos girls are super easy to meet if you know where to look. The captial, Vientiane is definitely the liveliest part of Lao but even the nightlife here is far more low-key than elsewhere. If you&#8217;re looking to get laid with Laos girls for free, check out this article. The country as a whole is [&hellip;]<\/p>","protected":false},"author":2,"featured_media":6269,"parent":0,"menu_order":0,"comment_status":"open","ping_status":"closed","template":"","meta":{"_exactmetrics_skip_tracking":false,"_exactmetrics_sitenote_active":false,"_exactmetrics_sitenote_note":"","_exactmetrics_sitenote_category":0,"footnotes":""},"categories":[329],"tags":[],"class_list":["post-6266","page","type-page","status-publish","has-post-thumbnail","hentry","category-laos-camboida-burma"],"yoast_head":"<!-- This site is optimized with the Yoast SEO plugin v20.1 - https:\/\/yoast.com\/wordpress\/plugins\/seo\/ -->\n<title>5 Places To Meet Laos Girls - A Farang Abroad<\/title>\n<meta name=\"description\" content=\"Are you looking to meet Laos girls on your next visa run or tip? Here are the 5 best places to meet Laos women on your next trip\" \/>\n<meta name=\"robots\" content=\"index, follow, max-snippet:-1, max-image-preview:large, max-video-preview:-1\" \/>\n<link rel=\"canonical\" href=\"https:\/\/afarangabroad.com\/es\/chicas-de-laos\/\" \/>\n<meta property=\"og:locale\" content=\"es_ES\" \/>\n<meta property=\"og:type\" content=\"article\" \/>\n<meta property=\"og:title\" content=\"5 Places To Meet Laos Girls - A Farang Abroad\" \/>\n<meta property=\"og:description\" content=\"Are you looking to meet Laos girls on your next visa run or tip? Here are the 5 best places to meet Laos women on your next trip\" \/>\n<meta property=\"og:url\" content=\"https:\/\/afarangabroad.com\/es\/chicas-de-laos\/\" \/>\n<meta property=\"og:site_name\" content=\"A Farang Abroad\" \/>\n<meta property=\"article:modified_time\" content=\"2019-01-08T06:03:30+00:00\" \/>\n<meta property=\"og:image\" content=\"https:\/\/afarangabroad.com\/wp-content\/uploads\/2015\/10\/laos-230260_640.jpg\" \/>\n\t<meta property=\"og:image:width\" content=\"640\" \/>\n\t<meta property=\"og:image:height\" content=\"428\" \/>\n\t<meta property=\"og:image:type\" content=\"image\/jpeg\" \/>\n<meta name=\"twitter:label1\" content=\"Tiempo de lectura\" \/>\n\t<meta name=\"twitter:data1\" content=\"6 minutos\" \/>\n<script type=\"application\/ld+json\" class=\"yoast-schema-graph\">{\"@context\":\"https:\/\/schema.org\",\"@graph\":[{\"@type\":\"WebPage\",\"@id\":\"https:\/\/afarangabroad.com\/laos-girls\/\",\"url\":\"https:\/\/afarangabroad.com\/laos-girls\/\",\"name\":\"5 Places To Meet Laos Girls - A Farang Abroad\",\"isPartOf\":{\"@id\":\"https:\/\/afarangabroad.com\/#website\"},\"datePublished\":\"2015-10-12T13:45:16+00:00\",\"dateModified\":\"2019-01-08T06:03:30+00:00\",\"description\":\"Are you looking to meet Laos girls on your next visa run or tip? Here are the 5 best places to meet Laos women on your next trip\",\"breadcrumb\":{\"@id\":\"https:\/\/afarangabroad.com\/laos-girls\/#breadcrumb\"},\"inLanguage\":\"es\",\"potentialAction\":[{\"@type\":\"ReadAction\",\"target\":[\"https:\/\/afarangabroad.com\/laos-girls\/\"]}]},{\"@type\":\"BreadcrumbList\",\"@id\":\"https:\/\/afarangabroad.com\/laos-girls\/#breadcrumb\",\"itemListElement\":[{\"@type\":\"ListItem\",\"position\":1,\"name\":\"Home\",\"item\":\"https:\/\/afarangabroad.com\/\"},{\"@type\":\"ListItem\",\"position\":2,\"name\":\"5 Places To Meet Laos Girls\"}]},{\"@type\":\"WebSite\",\"@id\":\"https:\/\/afarangabroad.com\/#website\",\"url\":\"https:\/\/afarangabroad.com\/\",\"name\":\"A Farang Abroad\",\"description\":\"Your secret guide to Asia&#039;s sexiest nightlife.\",\"potentialAction\":[{\"@type\":\"SearchAction\",\"target\":{\"@type\":\"EntryPoint\",\"urlTemplate\":\"https:\/\/afarangabroad.com\/?s={search_term_string}\"},\"query-input\":\"required name=search_term_string\"}],\"inLanguage\":\"es\"}]}<\/script>\n<!-- \/ Yoast SEO plugin. -->","yoast_head_json":{"title":"5 Places To Meet Laos Girls - A Farang Abroad","description":"Are you looking to meet Laos girls on your next visa run or tip? Here are the 5 best places to meet Laos women on your next trip","robots":{"index":"index","follow":"follow","max-snippet":"max-snippet:-1","max-image-preview":"max-image-preview:large","max-video-preview":"max-video-preview:-1"},"canonical":"https:\/\/afarangabroad.com\/es\/chicas-de-laos\/","og_locale":"es_ES","og_type":"article","og_title":"5 Places To Meet Laos Girls - A Farang Abroad","og_description":"Are you looking to meet Laos girls on your next visa run or tip? Here are the 5 best places to meet Laos women on your next trip","og_url":"https:\/\/afarangabroad.com\/es\/chicas-de-laos\/","og_site_name":"A Farang Abroad","article_modified_time":"2019-01-08T06:03:30+00:00","og_image":[{"width":640,"height":428,"url":"https:\/\/afarangabroad.com\/wp-content\/uploads\/2015\/10\/laos-230260_640.jpg","type":"image\/jpeg"}],"twitter_misc":{"Tiempo de lectura":"6 minutos"},"schema":{"@context":"https:\/\/schema.org","@graph":[{"@type":"WebPage","@id":"https:\/\/afarangabroad.com\/laos-girls\/","url":"https:\/\/afarangabroad.com\/laos-girls\/","name":"5 Places To Meet Laos Girls - A Farang Abroad","isPartOf":{"@id":"https:\/\/afarangabroad.com\/#website"},"datePublished":"2015-10-12T13:45:16+00:00","dateModified":"2019-01-08T06:03:30+00:00","description":"Are you looking to meet Laos girls on your next visa run or tip? Here are the 5 best places to meet Laos women on your next trip","breadcrumb":{"@id":"https:\/\/afarangabroad.com\/laos-girls\/#breadcrumb"},"inLanguage":"es","potentialAction":[{"@type":"ReadAction","target":["https:\/\/afarangabroad.com\/laos-girls\/"]}]},{"@type":"BreadcrumbList","@id":"https:\/\/afarangabroad.com\/laos-girls\/#breadcrumb","itemListElement":[{"@type":"ListItem","position":1,"name":"Home","item":"https:\/\/afarangabroad.com\/"},{"@type":"ListItem","position":2,"name":"5 Places To Meet Laos Girls"}]},{"@type":"WebSite","@id":"https:\/\/afarangabroad.com\/#website","url":"https:\/\/afarangabroad.com\/","name":"A Farang Abroad","description":"Your secret guide to Asia&#039;s sexiest nightlife.","potentialAction":[{"@type":"SearchAction","target":{"@type":"EntryPoint","urlTemplate":"https:\/\/afarangabroad.com\/?s={search_term_string}"},"query-input":"required name=search_term_string"}],"inLanguage":"es"}]}},"_links":{"self":[{"href":"https:\/\/afarangabroad.com\/es\/wp-json\/wp\/v2\/pages\/6266"}],"collection":[{"href":"https:\/\/afarangabroad.com\/es\/wp-json\/wp\/v2\/pages"}],"about":[{"href":"https:\/\/afarangabroad.com\/es\/wp-json\/wp\/v2\/types\/page"}],"author":[{"embeddable":true,"href":"https:\/\/afarangabroad.com\/es\/wp-json\/wp\/v2\/users\/2"}],"replies":[{"embeddable":true,"href":"https:\/\/afarangabroad.com\/es\/wp-json\/wp\/v2\/comments?post=6266"}],"version-history":[{"count":0,"href":"https:\/\/afarangabroad.com\/es\/wp-json\/wp\/v2\/pages\/6266\/revisions"}],"wp:featuredmedia":[{"embeddable":true,"href":"https:\/\/afarangabroad.com\/es\/wp-json\/wp\/v2\/media\/6269"}],"wp:attachment":[{"href":"https:\/\/afarangabroad.com\/es\/wp-json\/wp\/v2\/media?parent=6266"}],"wp:term":[{"taxonomy":"category","embeddable":true,"href":"https:\/\/afarangabroad.com\/es\/wp-json\/wp\/v2\/categories?post=6266"},{"taxonomy":"post_tag","embeddable":true,"href":"https:\/\/afarangabroad.com\/es\/wp-json\/wp\/v2\/tags?post=6266"}],"curies":[{"name":"wp","href":"https:\/\/api.w.org\/{rel}","templated":true}]}}