{"id":6272,"date":"2015-10-12T15:00:31","date_gmt":"2015-10-12T14:00:31","guid":{"rendered":"https:\/\/afarangabroad.com\/?page_id=6272"},"modified":"2024-03-08T03:23:28","modified_gmt":"2024-03-08T03:23:28","slug":"viet-girls","status":"publish","type":"page","link":"https:\/\/afarangabroad.com\/es\/chicas-viet\/","title":{"rendered":"Mejores lugares para conocer chicas vietnamitas"},"content":{"rendered":"<p>Are you looking to meet Viet girls on your next tip over here? You&#8217;ve come to the right place.<\/p>\n<p>Si desea <strong>contactos con chicas vietnam gratis<\/strong>, <a href=\"https:\/\/afarangabroad.com\/es\/vietnam-cupid\/\">consulte este art\u00edculo<\/a>.<\/p>\n<p><a href=\"https:\/\/afarangabroad.com\/es\/vietnam-cupid\/\" target=\"_blank\" rel=\"noopener\"><img loading=\"lazy\" decoding=\"async\" class=\"aligncenter size-large wp-image-7258\" src=\"https:\/\/afarangabroad.com\/wp-content\/uploads\/2016\/06\/Meet-Viet-Girls1-1024x691.png\" alt=\"\" width=\"600\" height=\"405\" srcset=\"https:\/\/afarangabroad.com\/wp-content\/uploads\/2016\/06\/Meet-Viet-Girls1-1024x691.png 1024w, https:\/\/afarangabroad.com\/wp-content\/uploads\/2016\/06\/Meet-Viet-Girls1-300x202.png 300w, https:\/\/afarangabroad.com\/wp-content\/uploads\/2016\/06\/Meet-Viet-Girls1-720x486.png 720w, https:\/\/afarangabroad.com\/wp-content\/uploads\/2016\/06\/Meet-Viet-Girls1.png 1038w\" sizes=\"(max-width: 600px) 100vw, 600px\" \/><\/a><\/p>\n<p>Vietnam es un lugar grande y pr\u00f3spero con dos grandes ciudades en su centro. <a href=\"https:\/\/afarangabroad.com\/es\/hanoi-nightlife\/\">Vida nocturna en Hanoi<\/a> y Ciudad Ho Chi Minh. Desde la guerra, las cosas han cambiado y el estricto r\u00e9gimen comunista ha menguado un poco y Vietnam ha abierto sus puertas a todo el mundo.<\/p>\n<p>Pero si se visita Vietnam para encontrar a las bellas vietnamitas, las dos ciudades no son iguales.<\/p>\n<p>Vietnam tiene m\u00e1s en com\u00fan con China que con sus vecinos del sudeste asi\u00e1tico, y ese comentario resume muy bien c\u00f3mo hay que enfocar el lugar.<\/p>\n<p>Han\u00f3i es el centro pol\u00edtico de Vietnam. Saig\u00f3n es el epicentro empresarial y m\u00e1s occidental.<\/p>\n<p>Las chicas vietnamitas difieren mucho.<\/p>\n<p>En Hanoi, las chicas tienen un aspecto m\u00e1s tradicional, casi como modelos.<\/p>\n<p>Las chicas de Saig\u00f3n son m\u00e1s diversas y est\u00e1n m\u00e1s a la moda. Es muy dif\u00edcil para un occidental conseguir <a href=\"https:\/\/afarangabroad.com\/es\/sexo-en-hanoi\/\">tendido en Hanoi<\/a> as\u00ed que para los fines de este blog nos centraremos en Saig\u00f3n.<\/p>\n<p>Las vietnamitas son sexys y tienen un car\u00e1cter bastante singular. Son muy abiertas, casi transparentes. Es f\u00e1cil saber exactamente<a href=\"https:\/\/afarangabroad.com\/es\/chicas-vietnamitas\/\" target=\"_blank\" rel=\"noopener\"> Chica vietnamita<\/a> est\u00e1 pensando o sintiendo. Son muy amigables, esto puede cambiar un poco si usted est\u00e1 tratando de formar una relaci\u00f3n.<\/p>","protected":false},"excerpt":{"rendered":"<p>Are you looking to meet Viet girls on your next tip over here? You&#8217;ve come to the right place. If you want to hook up with Viet girls for free, check out this article. Vietnam is large thriving place with two major cities at its core. Hanoi nightlife and Ho Chi Minh City. Since the [&hellip;]<\/p>","protected":false},"author":2,"featured_media":6274,"parent":0,"menu_order":0,"comment_status":"open","ping_status":"closed","template":"","meta":{"_exactmetrics_skip_tracking":false,"_exactmetrics_sitenote_active":false,"_exactmetrics_sitenote_note":"","_exactmetrics_sitenote_category":0,"footnotes":""},"categories":[328],"tags":[],"class_list":["post-6272","page","type-page","status-publish","has-post-thumbnail","hentry","category-vietnam"],"yoast_head":"<!-- This site is optimized with the Yoast SEO plugin v20.1 - https:\/\/yoast.com\/wordpress\/plugins\/seo\/ -->\n<title>Top Locations To Meet Viet Girls - A Farang Abroad<\/title>\n<meta name=\"description\" content=\"Are you looking to meet Viet girls on your next tip over here? You&#039;ve come to the right place. I&#039;ll show you 5 top spots to meet girls in Vietnam\" \/>\n<meta name=\"robots\" content=\"index, follow, max-snippet:-1, max-image-preview:large, max-video-preview:-1\" \/>\n<link rel=\"canonical\" href=\"https:\/\/afarangabroad.com\/es\/chicas-viet\/\" \/>\n<meta property=\"og:locale\" content=\"es_ES\" \/>\n<meta property=\"og:type\" content=\"article\" \/>\n<meta property=\"og:title\" content=\"Top Locations To Meet Viet Girls - A Farang Abroad\" \/>\n<meta property=\"og:description\" content=\"Are you looking to meet Viet girls on your next tip over here? You&#039;ve come to the right place. I&#039;ll show you 5 top spots to meet girls in Vietnam\" \/>\n<meta property=\"og:url\" content=\"https:\/\/afarangabroad.com\/es\/chicas-viet\/\" \/>\n<meta property=\"og:site_name\" content=\"A Farang Abroad\" \/>\n<meta property=\"article:modified_time\" content=\"2024-03-08T03:23:28+00:00\" \/>\n<meta property=\"og:image\" content=\"https:\/\/afarangabroad.com\/wp-content\/uploads\/2015\/10\/vietnam-200058_640.jpg\" \/>\n\t<meta property=\"og:image:width\" content=\"640\" \/>\n\t<meta property=\"og:image:height\" content=\"456\" \/>\n\t<meta property=\"og:image:type\" content=\"image\/jpeg\" \/>\n<meta name=\"twitter:label1\" content=\"Tiempo de lectura\" \/>\n\t<meta name=\"twitter:data1\" content=\"7 minutos\" \/>\n<script type=\"application\/ld+json\" class=\"yoast-schema-graph\">{\"@context\":\"https:\/\/schema.org\",\"@graph\":[{\"@type\":\"WebPage\",\"@id\":\"https:\/\/afarangabroad.com\/viet-girls\/\",\"url\":\"https:\/\/afarangabroad.com\/viet-girls\/\",\"name\":\"Top Locations To Meet Viet Girls - A Farang Abroad\",\"isPartOf\":{\"@id\":\"https:\/\/afarangabroad.com\/#website\"},\"datePublished\":\"2015-10-12T14:00:31+00:00\",\"dateModified\":\"2024-03-08T03:23:28+00:00\",\"description\":\"Are you looking to meet Viet girls on your next tip over here? You've come to the right place. I'll show you 5 top spots to meet girls in Vietnam\",\"breadcrumb\":{\"@id\":\"https:\/\/afarangabroad.com\/viet-girls\/#breadcrumb\"},\"inLanguage\":\"es\",\"potentialAction\":[{\"@type\":\"ReadAction\",\"target\":[\"https:\/\/afarangabroad.com\/viet-girls\/\"]}]},{\"@type\":\"BreadcrumbList\",\"@id\":\"https:\/\/afarangabroad.com\/viet-girls\/#breadcrumb\",\"itemListElement\":[{\"@type\":\"ListItem\",\"position\":1,\"name\":\"Home\",\"item\":\"https:\/\/afarangabroad.com\/\"},{\"@type\":\"ListItem\",\"position\":2,\"name\":\"Top Locations To Meet Viet Girls\"}]},{\"@type\":\"WebSite\",\"@id\":\"https:\/\/afarangabroad.com\/#website\",\"url\":\"https:\/\/afarangabroad.com\/\",\"name\":\"A Farang Abroad\",\"description\":\"Your secret guide to Asia&#039;s sexiest nightlife.\",\"potentialAction\":[{\"@type\":\"SearchAction\",\"target\":{\"@type\":\"EntryPoint\",\"urlTemplate\":\"https:\/\/afarangabroad.com\/?s={search_term_string}\"},\"query-input\":\"required name=search_term_string\"}],\"inLanguage\":\"es\"}]}<\/script>\n<!-- \/ Yoast SEO plugin. -->","yoast_head_json":{"title":"Top Locations To Meet Viet Girls - A Farang Abroad","description":"Are you looking to meet Viet girls on your next tip over here? You've come to the right place. I'll show you 5 top spots to meet girls in Vietnam","robots":{"index":"index","follow":"follow","max-snippet":"max-snippet:-1","max-image-preview":"max-image-preview:large","max-video-preview":"max-video-preview:-1"},"canonical":"https:\/\/afarangabroad.com\/es\/chicas-viet\/","og_locale":"es_ES","og_type":"article","og_title":"Top Locations To Meet Viet Girls - A Farang Abroad","og_description":"Are you looking to meet Viet girls on your next tip over here? You've come to the right place. I'll show you 5 top spots to meet girls in Vietnam","og_url":"https:\/\/afarangabroad.com\/es\/chicas-viet\/","og_site_name":"A Farang Abroad","article_modified_time":"2024-03-08T03:23:28+00:00","og_image":[{"width":640,"height":456,"url":"https:\/\/afarangabroad.com\/wp-content\/uploads\/2015\/10\/vietnam-200058_640.jpg","type":"image\/jpeg"}],"twitter_misc":{"Tiempo de lectura":"7 minutos"},"schema":{"@context":"https:\/\/schema.org","@graph":[{"@type":"WebPage","@id":"https:\/\/afarangabroad.com\/viet-girls\/","url":"https:\/\/afarangabroad.com\/viet-girls\/","name":"Top Locations To Meet Viet Girls - A Farang Abroad","isPartOf":{"@id":"https:\/\/afarangabroad.com\/#website"},"datePublished":"2015-10-12T14:00:31+00:00","dateModified":"2024-03-08T03:23:28+00:00","description":"Are you looking to meet Viet girls on your next tip over here? You've come to the right place. I'll show you 5 top spots to meet girls in Vietnam","breadcrumb":{"@id":"https:\/\/afarangabroad.com\/viet-girls\/#breadcrumb"},"inLanguage":"es","potentialAction":[{"@type":"ReadAction","target":["https:\/\/afarangabroad.com\/viet-girls\/"]}]},{"@type":"BreadcrumbList","@id":"https:\/\/afarangabroad.com\/viet-girls\/#breadcrumb","itemListElement":[{"@type":"ListItem","position":1,"name":"Home","item":"https:\/\/afarangabroad.com\/"},{"@type":"ListItem","position":2,"name":"Top Locations To Meet Viet Girls"}]},{"@type":"WebSite","@id":"https:\/\/afarangabroad.com\/#website","url":"https:\/\/afarangabroad.com\/","name":"A Farang Abroad","description":"Your secret guide to Asia&#039;s sexiest nightlife.","potentialAction":[{"@type":"SearchAction","target":{"@type":"EntryPoint","urlTemplate":"https:\/\/afarangabroad.com\/?s={search_term_string}"},"query-input":"required name=search_term_string"}],"inLanguage":"es"}]}},"_links":{"self":[{"href":"https:\/\/afarangabroad.com\/es\/wp-json\/wp\/v2\/pages\/6272"}],"collection":[{"href":"https:\/\/afarangabroad.com\/es\/wp-json\/wp\/v2\/pages"}],"about":[{"href":"https:\/\/afarangabroad.com\/es\/wp-json\/wp\/v2\/types\/page"}],"author":[{"embeddable":true,"href":"https:\/\/afarangabroad.com\/es\/wp-json\/wp\/v2\/users\/2"}],"replies":[{"embeddable":true,"href":"https:\/\/afarangabroad.com\/es\/wp-json\/wp\/v2\/comments?post=6272"}],"version-history":[{"count":4,"href":"https:\/\/afarangabroad.com\/es\/wp-json\/wp\/v2\/pages\/6272\/revisions"}],"predecessor-version":[{"id":513492,"href":"https:\/\/afarangabroad.com\/es\/wp-json\/wp\/v2\/pages\/6272\/revisions\/513492"}],"wp:featuredmedia":[{"embeddable":true,"href":"https:\/\/afarangabroad.com\/es\/wp-json\/wp\/v2\/media\/6274"}],"wp:attachment":[{"href":"https:\/\/afarangabroad.com\/es\/wp-json\/wp\/v2\/media?parent=6272"}],"wp:term":[{"taxonomy":"category","embeddable":true,"href":"https:\/\/afarangabroad.com\/es\/wp-json\/wp\/v2\/categories?post=6272"},{"taxonomy":"post_tag","embeddable":true,"href":"https:\/\/afarangabroad.com\/es\/wp-json\/wp\/v2\/tags?post=6272"}],"curies":[{"name":"wp","href":"https:\/\/api.w.org\/{rel}","templated":true}]}}