{"id":6278,"date":"2015-10-12T15:13:13","date_gmt":"2015-10-12T14:13:13","guid":{"rendered":"https:\/\/afarangabroad.com\/?page_id=6278"},"modified":"2019-06-18T04:26:53","modified_gmt":"2019-06-18T03:26:53","slug":"burmese-girls","status":"publish","type":"page","link":"https:\/\/afarangabroad.com\/es\/chicas-birmanas\/","title":{"rendered":"6 lugares para conocer a birmanas en tu pr\u00f3ximo viaje"},"content":{"rendered":"<p>If you&#8217;re planning to meet Burmese girls on your next trip, you will need to read this article. Meeting normal girls who speak good English is not that easy.<\/p>\n<p>Si quieres reunirte con normalidad <strong>Chicas birmanas gratis<\/strong>, <a href=\"https:\/\/afarangabroad.com\/es\/citas-asiaticas\/\" target=\"_blank\" rel=\"noopener noreferrer\">leer este art\u00edculo<\/a>.<\/p>\n<p><a href=\"https:\/\/afarangabroad.com\/es\/citas-asiaticas\/\" target=\"_blank\" rel=\"noopener noreferrer\"><img loading=\"lazy\" decoding=\"async\" class=\"aligncenter  wp-image-7597\" src=\"https:\/\/afarangabroad.com\/wp-content\/uploads\/2015\/10\/Burmese-hotties-1024x691.png\" alt=\"Burmese  hotties\" width=\"381\" height=\"259\" \/><\/a>El pa\u00eds est\u00e1 en pa\u00f1ales en cuanto a libertad y a\u00fan pasar\u00e1n algunos a\u00f1os hasta que adopten la cultura occidental.<\/p>\n<p>Hace s\u00f3lo un par de a\u00f1os no hab\u00eda cajeros autom\u00e1ticos y era casi imposible conseguir un visado para entrar en el pa\u00eds a menos que se perteneciera a un partido gubernamental.<\/p>\n<p>Things have changed dramatically since Ang Suu Kyis\u2019 struggle for human rights bought the attention of the world to Burma\u2019s plight.<\/p>\n<p><img loading=\"lazy\" decoding=\"async\" class=\"size-full wp-image-6281 aligncenter\" src=\"https:\/\/afarangabroad.com\/wp-content\/uploads\/2015\/10\/giraffe-women-315039_640.jpg\" alt=\"chicas birmanas\" width=\"480\" height=\"640\" srcset=\"https:\/\/afarangabroad.com\/wp-content\/uploads\/2015\/10\/giraffe-women-315039_640.jpg 480w, https:\/\/afarangabroad.com\/wp-content\/uploads\/2015\/10\/giraffe-women-315039_640-225x300.jpg 225w, https:\/\/afarangabroad.com\/wp-content\/uploads\/2015\/10\/giraffe-women-315039_640-300x400.jpg 300w\" sizes=\"(max-width: 480px) 100vw, 480px\" \/><\/p>\n<p>Myanmar no ha hecho m\u00e1s que crecer; muchas birmanas siguen vistiendo trajes tradicionales y tienen fuertes valores familiares. Hay poca vida nocturna fuera de Yangon, e incluso \u00e9sta es limitada.<\/p>\n<p>Dicho todo esto, los birmanos est\u00e1n saliendo de su caparaz\u00f3n y son muy sociables. Al igual que sus vecinos, les gusta salir de fiesta y, sobre todo, beber. O<\/p>\n<p>na de sus mejores cervezas se llama Myanmar Beer y el ron Mandalay suele ser una bebida muy popular, aunque cuesta alrededor de $3 la botella.<\/p>\n<h2><strong>\u00bfD\u00f3nde puedes conocer a chicas birmanas?<\/strong><\/h2>\n<p>Una de las mejores maneras de empezar a encontrar una chica birmana es a trav\u00e9s de un sitio de citas. <a href=\"https:\/\/afarangabroad.com\/es\/citas-asiaticas\/\" target=\"_blank\" rel=\"noopener noreferrer\">Citas asi\u00e1ticas<\/a> es probablemente la mejor para Yangon y Mandalay.<\/p>\n<p>There are no Go Go bars or Strip clubs so don\u2019t expect to find any, this is not Bangkok or <a href=\" \" target=\"_blank\" rel=\"noopener noreferrer\">Pattaya<\/a> y tendr\u00e1s que hacer las cosas a la antigua usanza.<\/p>","protected":false},"excerpt":{"rendered":"<p>If you&#8217;re planning to meet Burmese girls on your next trip, you will need to read this article. Meeting normal girls who speak good English is not that easy. If you want to meet-up with normal Burmese girls for free, read this article. The country is in its infancy in terms of freedom and it [&hellip;]<\/p>","protected":false},"author":2,"featured_media":7597,"parent":0,"menu_order":0,"comment_status":"open","ping_status":"closed","template":"","meta":{"_exactmetrics_skip_tracking":false,"_exactmetrics_sitenote_active":false,"_exactmetrics_sitenote_note":"","_exactmetrics_sitenote_category":0,"footnotes":""},"categories":[329],"tags":[],"class_list":["post-6278","page","type-page","status-publish","has-post-thumbnail","hentry","category-laos-camboida-burma"],"yoast_head":"<!-- This site is optimized with the Yoast SEO plugin v20.1 - https:\/\/yoast.com\/wordpress\/plugins\/seo\/ -->\n<title>6 Spots To Meet Burmese Girls On Your Next Trip - A Farang Abroad<\/title>\n<meta name=\"description\" content=\"If you&#039;re planning to meet Burmese girls on your next trip, you will need to read this article. Meeting normal girls who speak good English is not that easy\" \/>\n<meta name=\"robots\" content=\"index, follow, max-snippet:-1, max-image-preview:large, max-video-preview:-1\" \/>\n<link rel=\"canonical\" href=\"https:\/\/afarangabroad.com\/es\/chicas-birmanas\/\" \/>\n<meta property=\"og:locale\" content=\"es_ES\" \/>\n<meta property=\"og:type\" content=\"article\" \/>\n<meta property=\"og:title\" content=\"6 Spots To Meet Burmese Girls On Your Next Trip - A Farang Abroad\" \/>\n<meta property=\"og:description\" content=\"If you&#039;re planning to meet Burmese girls on your next trip, you will need to read this article. Meeting normal girls who speak good English is not that easy\" \/>\n<meta property=\"og:url\" content=\"https:\/\/afarangabroad.com\/es\/chicas-birmanas\/\" \/>\n<meta property=\"og:site_name\" content=\"A Farang Abroad\" \/>\n<meta property=\"article:modified_time\" content=\"2019-06-18T03:26:53+00:00\" \/>\n<meta property=\"og:image\" content=\"https:\/\/afarangabroad.com\/wp-content\/uploads\/2015\/10\/Burmese-hotties.png\" \/>\n\t<meta property=\"og:image:width\" content=\"1038\" \/>\n\t<meta property=\"og:image:height\" content=\"700\" \/>\n\t<meta property=\"og:image:type\" content=\"image\/png\" \/>\n<meta name=\"twitter:label1\" content=\"Tiempo de lectura\" \/>\n\t<meta name=\"twitter:data1\" content=\"5 minutos\" \/>\n<script type=\"application\/ld+json\" class=\"yoast-schema-graph\">{\"@context\":\"https:\/\/schema.org\",\"@graph\":[{\"@type\":\"WebPage\",\"@id\":\"https:\/\/afarangabroad.com\/burmese-girls\/\",\"url\":\"https:\/\/afarangabroad.com\/burmese-girls\/\",\"name\":\"6 Spots To Meet Burmese Girls On Your Next Trip - A Farang Abroad\",\"isPartOf\":{\"@id\":\"https:\/\/afarangabroad.com\/#website\"},\"datePublished\":\"2015-10-12T14:13:13+00:00\",\"dateModified\":\"2019-06-18T03:26:53+00:00\",\"description\":\"If you're planning to meet Burmese girls on your next trip, you will need to read this article. Meeting normal girls who speak good English is not that easy\",\"breadcrumb\":{\"@id\":\"https:\/\/afarangabroad.com\/burmese-girls\/#breadcrumb\"},\"inLanguage\":\"es\",\"potentialAction\":[{\"@type\":\"ReadAction\",\"target\":[\"https:\/\/afarangabroad.com\/burmese-girls\/\"]}]},{\"@type\":\"BreadcrumbList\",\"@id\":\"https:\/\/afarangabroad.com\/burmese-girls\/#breadcrumb\",\"itemListElement\":[{\"@type\":\"ListItem\",\"position\":1,\"name\":\"Home\",\"item\":\"https:\/\/afarangabroad.com\/\"},{\"@type\":\"ListItem\",\"position\":2,\"name\":\"6 Spots To Meet Burmese Girls On Your Next Trip\"}]},{\"@type\":\"WebSite\",\"@id\":\"https:\/\/afarangabroad.com\/#website\",\"url\":\"https:\/\/afarangabroad.com\/\",\"name\":\"A Farang Abroad\",\"description\":\"Your secret guide to Asia&#039;s sexiest nightlife.\",\"potentialAction\":[{\"@type\":\"SearchAction\",\"target\":{\"@type\":\"EntryPoint\",\"urlTemplate\":\"https:\/\/afarangabroad.com\/?s={search_term_string}\"},\"query-input\":\"required name=search_term_string\"}],\"inLanguage\":\"es\"}]}<\/script>\n<!-- \/ Yoast SEO plugin. -->","yoast_head_json":{"title":"6 Spots To Meet Burmese Girls On Your Next Trip - A Farang Abroad","description":"If you're planning to meet Burmese girls on your next trip, you will need to read this article. Meeting normal girls who speak good English is not that easy","robots":{"index":"index","follow":"follow","max-snippet":"max-snippet:-1","max-image-preview":"max-image-preview:large","max-video-preview":"max-video-preview:-1"},"canonical":"https:\/\/afarangabroad.com\/es\/chicas-birmanas\/","og_locale":"es_ES","og_type":"article","og_title":"6 Spots To Meet Burmese Girls On Your Next Trip - A Farang Abroad","og_description":"If you're planning to meet Burmese girls on your next trip, you will need to read this article. Meeting normal girls who speak good English is not that easy","og_url":"https:\/\/afarangabroad.com\/es\/chicas-birmanas\/","og_site_name":"A Farang Abroad","article_modified_time":"2019-06-18T03:26:53+00:00","og_image":[{"width":1038,"height":700,"url":"https:\/\/afarangabroad.com\/wp-content\/uploads\/2015\/10\/Burmese-hotties.png","type":"image\/png"}],"twitter_misc":{"Tiempo de lectura":"5 minutos"},"schema":{"@context":"https:\/\/schema.org","@graph":[{"@type":"WebPage","@id":"https:\/\/afarangabroad.com\/burmese-girls\/","url":"https:\/\/afarangabroad.com\/burmese-girls\/","name":"6 Spots To Meet Burmese Girls On Your Next Trip - A Farang Abroad","isPartOf":{"@id":"https:\/\/afarangabroad.com\/#website"},"datePublished":"2015-10-12T14:13:13+00:00","dateModified":"2019-06-18T03:26:53+00:00","description":"If you're planning to meet Burmese girls on your next trip, you will need to read this article. Meeting normal girls who speak good English is not that easy","breadcrumb":{"@id":"https:\/\/afarangabroad.com\/burmese-girls\/#breadcrumb"},"inLanguage":"es","potentialAction":[{"@type":"ReadAction","target":["https:\/\/afarangabroad.com\/burmese-girls\/"]}]},{"@type":"BreadcrumbList","@id":"https:\/\/afarangabroad.com\/burmese-girls\/#breadcrumb","itemListElement":[{"@type":"ListItem","position":1,"name":"Home","item":"https:\/\/afarangabroad.com\/"},{"@type":"ListItem","position":2,"name":"6 Spots To Meet Burmese Girls On Your Next Trip"}]},{"@type":"WebSite","@id":"https:\/\/afarangabroad.com\/#website","url":"https:\/\/afarangabroad.com\/","name":"A Farang Abroad","description":"Your secret guide to Asia&#039;s sexiest nightlife.","potentialAction":[{"@type":"SearchAction","target":{"@type":"EntryPoint","urlTemplate":"https:\/\/afarangabroad.com\/?s={search_term_string}"},"query-input":"required name=search_term_string"}],"inLanguage":"es"}]}},"_links":{"self":[{"href":"https:\/\/afarangabroad.com\/es\/wp-json\/wp\/v2\/pages\/6278"}],"collection":[{"href":"https:\/\/afarangabroad.com\/es\/wp-json\/wp\/v2\/pages"}],"about":[{"href":"https:\/\/afarangabroad.com\/es\/wp-json\/wp\/v2\/types\/page"}],"author":[{"embeddable":true,"href":"https:\/\/afarangabroad.com\/es\/wp-json\/wp\/v2\/users\/2"}],"replies":[{"embeddable":true,"href":"https:\/\/afarangabroad.com\/es\/wp-json\/wp\/v2\/comments?post=6278"}],"version-history":[{"count":0,"href":"https:\/\/afarangabroad.com\/es\/wp-json\/wp\/v2\/pages\/6278\/revisions"}],"wp:featuredmedia":[{"embeddable":true,"href":"https:\/\/afarangabroad.com\/es\/wp-json\/wp\/v2\/media\/7597"}],"wp:attachment":[{"href":"https:\/\/afarangabroad.com\/es\/wp-json\/wp\/v2\/media?parent=6278"}],"wp:term":[{"taxonomy":"category","embeddable":true,"href":"https:\/\/afarangabroad.com\/es\/wp-json\/wp\/v2\/categories?post=6278"},{"taxonomy":"post_tag","embeddable":true,"href":"https:\/\/afarangabroad.com\/es\/wp-json\/wp\/v2\/tags?post=6278"}],"curies":[{"name":"wp","href":"https:\/\/api.w.org\/{rel}","templated":true}]}}