{"id":6307,"date":"2015-10-13T09:12:59","date_gmt":"2015-10-13T08:12:59","guid":{"rendered":"https:\/\/afarangabroad.com\/?page_id=6307"},"modified":"2025-05-14T21:39:23","modified_gmt":"2025-05-14T20:39:23","slug":"hanoi-girls","status":"publish","type":"page","link":"https:\/\/afarangabroad.com\/es\/hanoi-girls\/","title":{"rendered":"5 mejores sitios para encontrar chicas en Hanoi"},"content":{"rendered":"<p>Hanoi girls whilst being harder to get than others in <a href=\"https:\/\/afarangabroad.com\/es\/chicas-de-laos\/\" target=\"_blank\" rel=\"noopener noreferrer\">South East Asia<\/a> are very passionate and open to foreigners.<\/p>\n<p>It is almost that Hanoi girls are using you more for the English language that for your wallet.<\/p>\n<p><a href=\"https:\/\/afarangabroad.com\/es\/vietnam-cupid\/\" target=\"_blank\" rel=\"noopener noreferrer\"><img loading=\"lazy\" decoding=\"async\" class=\"aligncenter size-large wp-image-7258\" src=\"https:\/\/afarangabroad.com\/wp-content\/uploads\/2016\/06\/Meet-Viet-Girls1-1024x691.png\" alt=\"Conoce a las chicas de Vietnam\" width=\"600\" height=\"405\" srcset=\"https:\/\/afarangabroad.com\/wp-content\/uploads\/2016\/06\/Meet-Viet-Girls1-1024x691.png 1024w, https:\/\/afarangabroad.com\/wp-content\/uploads\/2016\/06\/Meet-Viet-Girls1-300x202.png 300w, https:\/\/afarangabroad.com\/wp-content\/uploads\/2016\/06\/Meet-Viet-Girls1-720x486.png 720w, https:\/\/afarangabroad.com\/wp-content\/uploads\/2016\/06\/Meet-Viet-Girls1.png 1038w\" sizes=\"(max-width: 600px) 100vw, 600px\" \/><\/a><\/p>\n<p>If you want to meet normal girls in Hanoi, <a href=\"https:\/\/afarangabroad.com\/es\/vietnam-cupid\/\" target=\"_blank\" rel=\"noopener noreferrer\">leer este art\u00edculo<\/a>.<\/p>\n<p>A note of caution prostitution is illegal in Vietnam and many hotels will not let you take a guest back to your room. Check before you book that your hotel is <em>guest friendly.<\/em><\/p>\n<p>There are many options of finding a sexy Hanoi lady and I have given you five pointers to start.<\/p>\n<h2><strong>1. Vietnam Cupid to meet Hanoi girls<\/strong><\/h2>\n<p>Dating in Hanoi to find your dream sexy girl can be a bit tricky due to cultural differences. The best bet is to sign up for a dating site, find your girl or girls before you arrive. <a href=\"https:\/\/afarangabroad.com\/es\/vietnam-cupid\/\" target=\"_blank\" rel=\"noopener noreferrer\">Cupido Vietnam<\/a> is by far the most used by Hanoi women.<\/p>\n<p><a href=\"https:\/\/afarangabroad.com\/es\/vietnam-cupid\/\" target=\"_blank\" rel=\"noopener noreferrer\"><img loading=\"lazy\" decoding=\"async\" class=\"aligncenter size-full wp-image-6661\" src=\"https:\/\/afarangabroad.com\/wp-content\/uploads\/2014\/10\/Vietnam-Cupid.jpg\" alt=\"Cupido Vietnam\" width=\"336\" height=\"280\" srcset=\"https:\/\/afarangabroad.com\/wp-content\/uploads\/2014\/10\/Vietnam-Cupid.jpg 336w, https:\/\/afarangabroad.com\/wp-content\/uploads\/2014\/10\/Vietnam-Cupid-300x250.jpg 300w\" sizes=\"(max-width: 336px) 100vw, 336px\" \/><\/a><\/p>\n<p>They have features like chat rooms and webcams so it is easier to get to know your date before you arrange a face-to-face meeting.<\/p>\n<h2><\/h2>\n<h2 class=\"wp-block-heading\">2. J Spa &amp; Massage<\/h2>\n<figure class=\"wp-block-embed is-provider-youtube wp-block-embed-youtube\">\n<div class=\"wp-block-embed__wrapper\">\n<figure class=\"wp-block-image size-large\"><img loading=\"lazy\" decoding=\"async\" width=\"1024\" height=\"682\" class=\"wp-image-513743\" src=\"https:\/\/afarangabroad.com\/wp-content\/uploads\/2025\/05\/jspa-1024x682.jpeg\" alt=\"\" srcset=\"https:\/\/afarangabroad.com\/wp-content\/uploads\/2025\/05\/jspa-1024x682.jpeg 1024w, https:\/\/afarangabroad.com\/wp-content\/uploads\/2025\/05\/jspa-300x200.jpeg 300w, https:\/\/afarangabroad.com\/wp-content\/uploads\/2025\/05\/jspa-768x512.jpeg 768w, https:\/\/afarangabroad.com\/wp-content\/uploads\/2025\/05\/jspa-1536x1024.jpeg 1536w, https:\/\/afarangabroad.com\/wp-content\/uploads\/2025\/05\/jspa-2048x1365.jpeg 2048w, https:\/\/afarangabroad.com\/wp-content\/uploads\/2025\/05\/jspa-18x12.jpeg 18w\" sizes=\"(max-width: 1024px) 100vw, 1024px\" \/><\/figure>\n<\/div>\n<\/figure>\n<p>Situado en el n\u00famero 168 de la calle Ngoc Khanh, en el distrito Ba Dinh de Han\u00f3i, J Spa &amp; Massage es un destino de primera para los caballeros que buscan una experiencia de relajaci\u00f3n refinada y de alta gama en el coraz\u00f3n de la capital de Vietnam. Se trata de unas instalaciones recientemente renovadas, tras el exitoso traslado desde su anterior direcci\u00f3n en Cung Xuan, Vo Thi Sau, donde el spa llevaba funcionando con orgullo m\u00e1s de seis a\u00f1os con una s\u00f3lida reputaci\u00f3n y una clientela fiel.<\/p>\n<p>J Spa &amp; Massage es conocido sobre todo por su especializaci\u00f3n en masaje nuru, una terapia cuerpo a cuerpo distintiva dise\u00f1ada para liberar la tensi\u00f3n f\u00edsica, mejorar la circulaci\u00f3n y proporcionar una profunda relajaci\u00f3n emocional y f\u00edsica. Cada sesi\u00f3n se realiza en un entorno privado, respetuoso y profesional.<\/p>","protected":false},"excerpt":{"rendered":"<p>Hanoi girls whilst being harder to get than others in South East Asia are very passionate and open to foreigners. It is almost that Hanoi girls are using you more for the English language that for your wallet. If you want to meet normal girls in Hanoi, read this article. A note of caution prostitution [&hellip;]<\/p>","protected":false},"author":2,"featured_media":6308,"parent":0,"menu_order":0,"comment_status":"open","ping_status":"closed","template":"","meta":{"_exactmetrics_skip_tracking":false,"_exactmetrics_sitenote_active":false,"_exactmetrics_sitenote_note":"","_exactmetrics_sitenote_category":0,"footnotes":""},"categories":[328],"tags":[],"class_list":["post-6307","page","type-page","status-publish","has-post-thumbnail","hentry","category-vietnam"],"yoast_head":"<!-- This site is optimized with the Yoast SEO plugin v20.1 - https:\/\/yoast.com\/wordpress\/plugins\/seo\/ -->\n<title>5 Best Places To Find Hanoi Girls - A Farang Abroad<\/title>\n<meta name=\"description\" content=\"In this article I list the top 5 places you can meet Hanoi girls on your next trip. I suggest places where you can meet normal girls and Hanoi hookers.\" \/>\n<meta name=\"robots\" content=\"index, follow, max-snippet:-1, max-image-preview:large, max-video-preview:-1\" \/>\n<link rel=\"canonical\" href=\"https:\/\/afarangabroad.com\/es\/hanoi-girls\/\" \/>\n<meta property=\"og:locale\" content=\"es_ES\" \/>\n<meta property=\"og:type\" content=\"article\" \/>\n<meta property=\"og:title\" content=\"5 Best Places To Find Hanoi Girls - A Farang Abroad\" \/>\n<meta property=\"og:description\" content=\"In this article I list the top 5 places you can meet Hanoi girls on your next trip. I suggest places where you can meet normal girls and Hanoi hookers.\" \/>\n<meta property=\"og:url\" content=\"https:\/\/afarangabroad.com\/es\/hanoi-girls\/\" \/>\n<meta property=\"og:site_name\" content=\"A Farang Abroad\" \/>\n<meta property=\"article:modified_time\" content=\"2025-05-14T20:39:23+00:00\" \/>\n<meta property=\"og:image\" content=\"https:\/\/afarangabroad.com\/wp-content\/uploads\/2015\/10\/heartsickness-428103_640.jpg\" \/>\n\t<meta property=\"og:image:width\" content=\"640\" \/>\n\t<meta property=\"og:image:height\" content=\"423\" \/>\n\t<meta property=\"og:image:type\" content=\"image\/jpeg\" \/>\n<meta name=\"twitter:label1\" content=\"Tiempo de lectura\" \/>\n\t<meta name=\"twitter:data1\" content=\"6 minutos\" \/>\n<script type=\"application\/ld+json\" class=\"yoast-schema-graph\">{\"@context\":\"https:\/\/schema.org\",\"@graph\":[{\"@type\":\"WebPage\",\"@id\":\"https:\/\/afarangabroad.com\/hanoi-girls\/\",\"url\":\"https:\/\/afarangabroad.com\/hanoi-girls\/\",\"name\":\"5 Best Places To Find Hanoi Girls - A Farang Abroad\",\"isPartOf\":{\"@id\":\"https:\/\/afarangabroad.com\/#website\"},\"datePublished\":\"2015-10-13T08:12:59+00:00\",\"dateModified\":\"2025-05-14T20:39:23+00:00\",\"description\":\"In this article I list the top 5 places you can meet Hanoi girls on your next trip. I suggest places where you can meet normal girls and Hanoi hookers.\",\"breadcrumb\":{\"@id\":\"https:\/\/afarangabroad.com\/hanoi-girls\/#breadcrumb\"},\"inLanguage\":\"es\",\"potentialAction\":[{\"@type\":\"ReadAction\",\"target\":[\"https:\/\/afarangabroad.com\/hanoi-girls\/\"]}]},{\"@type\":\"BreadcrumbList\",\"@id\":\"https:\/\/afarangabroad.com\/hanoi-girls\/#breadcrumb\",\"itemListElement\":[{\"@type\":\"ListItem\",\"position\":1,\"name\":\"Home\",\"item\":\"https:\/\/afarangabroad.com\/\"},{\"@type\":\"ListItem\",\"position\":2,\"name\":\"5 Best Places To Find Hanoi Girls\"}]},{\"@type\":\"WebSite\",\"@id\":\"https:\/\/afarangabroad.com\/#website\",\"url\":\"https:\/\/afarangabroad.com\/\",\"name\":\"A Farang Abroad\",\"description\":\"Your secret guide to Asia&#039;s sexiest nightlife.\",\"potentialAction\":[{\"@type\":\"SearchAction\",\"target\":{\"@type\":\"EntryPoint\",\"urlTemplate\":\"https:\/\/afarangabroad.com\/?s={search_term_string}\"},\"query-input\":\"required name=search_term_string\"}],\"inLanguage\":\"es\"}]}<\/script>\n<!-- \/ Yoast SEO plugin. -->","yoast_head_json":{"title":"5 Best Places To Find Hanoi Girls - A Farang Abroad","description":"In this article I list the top 5 places you can meet Hanoi girls on your next trip. I suggest places where you can meet normal girls and Hanoi hookers.","robots":{"index":"index","follow":"follow","max-snippet":"max-snippet:-1","max-image-preview":"max-image-preview:large","max-video-preview":"max-video-preview:-1"},"canonical":"https:\/\/afarangabroad.com\/es\/hanoi-girls\/","og_locale":"es_ES","og_type":"article","og_title":"5 Best Places To Find Hanoi Girls - A Farang Abroad","og_description":"In this article I list the top 5 places you can meet Hanoi girls on your next trip. I suggest places where you can meet normal girls and Hanoi hookers.","og_url":"https:\/\/afarangabroad.com\/es\/hanoi-girls\/","og_site_name":"A Farang Abroad","article_modified_time":"2025-05-14T20:39:23+00:00","og_image":[{"width":640,"height":423,"url":"https:\/\/afarangabroad.com\/wp-content\/uploads\/2015\/10\/heartsickness-428103_640.jpg","type":"image\/jpeg"}],"twitter_misc":{"Tiempo de lectura":"6 minutos"},"schema":{"@context":"https:\/\/schema.org","@graph":[{"@type":"WebPage","@id":"https:\/\/afarangabroad.com\/hanoi-girls\/","url":"https:\/\/afarangabroad.com\/hanoi-girls\/","name":"5 Best Places To Find Hanoi Girls - A Farang Abroad","isPartOf":{"@id":"https:\/\/afarangabroad.com\/#website"},"datePublished":"2015-10-13T08:12:59+00:00","dateModified":"2025-05-14T20:39:23+00:00","description":"In this article I list the top 5 places you can meet Hanoi girls on your next trip. I suggest places where you can meet normal girls and Hanoi hookers.","breadcrumb":{"@id":"https:\/\/afarangabroad.com\/hanoi-girls\/#breadcrumb"},"inLanguage":"es","potentialAction":[{"@type":"ReadAction","target":["https:\/\/afarangabroad.com\/hanoi-girls\/"]}]},{"@type":"BreadcrumbList","@id":"https:\/\/afarangabroad.com\/hanoi-girls\/#breadcrumb","itemListElement":[{"@type":"ListItem","position":1,"name":"Home","item":"https:\/\/afarangabroad.com\/"},{"@type":"ListItem","position":2,"name":"5 Best Places To Find Hanoi Girls"}]},{"@type":"WebSite","@id":"https:\/\/afarangabroad.com\/#website","url":"https:\/\/afarangabroad.com\/","name":"A Farang Abroad","description":"Your secret guide to Asia&#039;s sexiest nightlife.","potentialAction":[{"@type":"SearchAction","target":{"@type":"EntryPoint","urlTemplate":"https:\/\/afarangabroad.com\/?s={search_term_string}"},"query-input":"required name=search_term_string"}],"inLanguage":"es"}]}},"_links":{"self":[{"href":"https:\/\/afarangabroad.com\/es\/wp-json\/wp\/v2\/pages\/6307"}],"collection":[{"href":"https:\/\/afarangabroad.com\/es\/wp-json\/wp\/v2\/pages"}],"about":[{"href":"https:\/\/afarangabroad.com\/es\/wp-json\/wp\/v2\/types\/page"}],"author":[{"embeddable":true,"href":"https:\/\/afarangabroad.com\/es\/wp-json\/wp\/v2\/users\/2"}],"replies":[{"embeddable":true,"href":"https:\/\/afarangabroad.com\/es\/wp-json\/wp\/v2\/comments?post=6307"}],"version-history":[{"count":6,"href":"https:\/\/afarangabroad.com\/es\/wp-json\/wp\/v2\/pages\/6307\/revisions"}],"predecessor-version":[{"id":513777,"href":"https:\/\/afarangabroad.com\/es\/wp-json\/wp\/v2\/pages\/6307\/revisions\/513777"}],"wp:featuredmedia":[{"embeddable":true,"href":"https:\/\/afarangabroad.com\/es\/wp-json\/wp\/v2\/media\/6308"}],"wp:attachment":[{"href":"https:\/\/afarangabroad.com\/es\/wp-json\/wp\/v2\/media?parent=6307"}],"wp:term":[{"taxonomy":"category","embeddable":true,"href":"https:\/\/afarangabroad.com\/es\/wp-json\/wp\/v2\/categories?post=6307"},{"taxonomy":"post_tag","embeddable":true,"href":"https:\/\/afarangabroad.com\/es\/wp-json\/wp\/v2\/tags?post=6307"}],"curies":[{"name":"wp","href":"https:\/\/api.w.org\/{rel}","templated":true}]}}