{"id":6316,"date":"2015-10-13T09:35:59","date_gmt":"2015-10-13T08:35:59","guid":{"rendered":"https:\/\/afarangabroad.com\/?page_id=6316"},"modified":"2025-06-25T02:44:55","modified_gmt":"2025-06-25T01:44:55","slug":"vietnam-hookers","status":"publish","type":"page","link":"https:\/\/afarangabroad.com\/es\/putas-vietnam\/","title":{"rendered":"Gu\u00eda de putas y acompa\u00f1antes de Vietnam - 2025"},"content":{"rendered":"<p>En este art\u00edculo aprender\u00e1s d\u00f3nde encontrar escorts vietnamitas y prostitutas vietnamitas.<\/p>\n<p>Aunque en tu viaje ver\u00e1s prostitutas vietnamitas, ten en cuenta que la prostituci\u00f3n es ilegal en Vietnam. Aunque la polic\u00eda haga la vista gorda, puedes acabar metido en un l\u00edo. Sobre todo si tu cita no sale como hab\u00edas planeado y llaman a la polic\u00eda.<\/p>\n<p><a href=\"https:\/\/afarangabroad.com\/es\/vietnam-cupid\/\" target=\"_blank\" rel=\"noopener noreferrer\"><img loading=\"lazy\" decoding=\"async\" class=\"aligncenter size-large wp-image-7258\" src=\"https:\/\/afarangabroad.com\/wp-content\/uploads\/2016\/06\/Meet-Viet-Girls1-1024x691.png\" alt=\"Conoce a las chicas de Vietnam\" width=\"600\" height=\"405\" srcset=\"https:\/\/afarangabroad.com\/wp-content\/uploads\/2016\/06\/Meet-Viet-Girls1-1024x691.png 1024w, https:\/\/afarangabroad.com\/wp-content\/uploads\/2016\/06\/Meet-Viet-Girls1-300x202.png 300w, https:\/\/afarangabroad.com\/wp-content\/uploads\/2016\/06\/Meet-Viet-Girls1-720x486.png 720w, https:\/\/afarangabroad.com\/wp-content\/uploads\/2016\/06\/Meet-Viet-Girls1.png 1038w\" sizes=\"(max-width: 600px) 100vw, 600px\" \/><\/a><\/p>\n<p>Si quieres conocer a gente normal <a href=\"https:\/\/afarangabroad.com\/es\/chicas-vietnamitas\/\" target=\"_blank\" rel=\"noopener noreferrer\">Chicas vietnamitas<\/a> <strong>y no pagar por sexo<\/strong>, <a href=\"https:\/\/afarangabroad.com\/es\/vietnam-cupid\/\" target=\"_blank\" rel=\"noopener noreferrer\">consulte este art\u00edculo<\/a>.<\/p>\n<p>Adem\u00e1s, muchos hoteles no le permiten llevar a un hu\u00e9sped a su habitaci\u00f3n, prostituta o un normal <a href=\"https:\/\/afarangabroad.com\/es\/hanoi-girls\/\" target=\"_blank\" rel=\"noopener noreferrer\">Chica de Hanoi<\/a>.<\/p>\n<p>As\u00ed que aseg\u00farese de que son <em>agradable para los hu\u00e9spedes<\/em> antes de hacer su reserva.<\/p>\n<p>Se calcula que 30.000 personas trabajan en el pa\u00eds como prostitutas, pero como naci\u00f3n conservadora no es famosa por el turismo sexual y muchas empresas no lo ven con buenos ojos.<\/p>\n<h2 class=\"wp-block-heading\">J Spa &amp; Massage<\/h2>\n<figure class=\"wp-block-embed is-provider-youtube wp-block-embed-youtube\">\n<div class=\"wp-block-embed__wrapper\">\n<figure class=\"wp-block-image size-large\"><img loading=\"lazy\" decoding=\"async\" width=\"1024\" height=\"682\" class=\"wp-image-513743\" src=\"https:\/\/afarangabroad.com\/wp-content\/uploads\/2025\/05\/jspa-1024x682.jpeg\" alt=\"\" srcset=\"https:\/\/afarangabroad.com\/wp-content\/uploads\/2025\/05\/jspa-1024x682.jpeg 1024w, https:\/\/afarangabroad.com\/wp-content\/uploads\/2025\/05\/jspa-300x200.jpeg 300w, https:\/\/afarangabroad.com\/wp-content\/uploads\/2025\/05\/jspa-768x512.jpeg 768w, https:\/\/afarangabroad.com\/wp-content\/uploads\/2025\/05\/jspa-1536x1024.jpeg 1536w, https:\/\/afarangabroad.com\/wp-content\/uploads\/2025\/05\/jspa-2048x1365.jpeg 2048w, https:\/\/afarangabroad.com\/wp-content\/uploads\/2025\/05\/jspa-18x12.jpeg 18w\" sizes=\"(max-width: 1024px) 100vw, 1024px\" \/><\/figure>\n<\/div>\n<\/figure>\n<p>Situado en el n\u00famero 168 de la calle Ngoc Khanh, en el distrito Ba Dinh de Han\u00f3i, J Spa &amp; Massage es un destino de primera para los caballeros que buscan una experiencia de relajaci\u00f3n refinada y de alta gama en el coraz\u00f3n de la capital de Vietnam. Se trata de unas instalaciones recientemente renovadas, tras el exitoso traslado desde su anterior direcci\u00f3n en Cung Xuan, Vo Thi Sau, donde el spa llevaba funcionando con orgullo m\u00e1s de seis a\u00f1os con una s\u00f3lida reputaci\u00f3n y una clientela fiel.<\/p>\n<p>J Spa &amp; Massage es conocido sobre todo por su especializaci\u00f3n en masaje nuru, una terapia cuerpo a cuerpo distintiva dise\u00f1ada para liberar la tensi\u00f3n f\u00edsica, mejorar la circulaci\u00f3n y proporcionar una profunda relajaci\u00f3n emocional y f\u00edsica. Cada sesi\u00f3n se realiza en un entorno privado, respetuoso y profesional.<\/p>\n<p>El spa presenta una elegante arquitectura neocl\u00e1sica con interiores artesanales chapados en oro de 24 quilates, que crean un ambiente de aut\u00e9ntico lujo. Los hu\u00e9spedes pueden elegir entre modernas salas de karaoke en la piscina o suites privadas de categor\u00eda real, adecuadas tanto para la relajaci\u00f3n individual como para el entretenimiento de peque\u00f1os grupos. Con su meticulosa atenci\u00f3n al dise\u00f1o y a la calidad del servicio, J Spa &amp; Massage ha sido reconocido como uno de los balnearios masculinos m\u00e1s bellos de Asia.<\/p>\n<p>Su equipo de m\u00e1s de 60 terapeutas j\u00f3venes, simp\u00e1ticas y formadas profesionalmente ha sido cuidadosamente instruido bajo la direcci\u00f3n de Nhung Lady, una respetada experta en bienestar masculino y terapia emocional. Cada sesi\u00f3n en J Spa &amp; Massage se realiza con excelencia t\u00e9cnica y atenci\u00f3n sincera.<\/p>","protected":false},"excerpt":{"rendered":"<p>En este art\u00edculo aprender\u00e1s d\u00f3nde encontrar escorts y prostitutas vietnamitas. Aunque en tu viaje ver\u00e1s prostitutas vietnamitas, ten en cuenta que la prostituci\u00f3n es ilegal en Vietnam. Aunque la polic\u00eda haga la vista gorda, puedes acabar metido en un l\u00edo. Sobre todo si tu cita no sali\u00f3 como hab\u00edas planeado [...]<\/p>","protected":false},"author":2,"featured_media":6317,"parent":0,"menu_order":0,"comment_status":"open","ping_status":"closed","template":"","meta":{"_exactmetrics_skip_tracking":false,"_exactmetrics_sitenote_active":false,"_exactmetrics_sitenote_note":"","_exactmetrics_sitenote_category":0,"footnotes":""},"categories":[328],"tags":[],"class_list":["post-6316","page","type-page","status-publish","has-post-thumbnail","hentry","category-vietnam"],"yoast_head":"<!-- This site is optimized with the Yoast SEO plugin v20.1 - https:\/\/yoast.com\/wordpress\/plugins\/seo\/ -->\n<title>Vietnam Hookers and Escort Guide - 2025 - A Farang Abroad<\/title>\n<meta name=\"description\" content=\"Learn everything about Vietnam hookers and the cost of Vietnemse escorts. I&#039;ll tell you how much they cost and where to find prostitutes in clubs.\" \/>\n<meta name=\"robots\" content=\"index, follow, max-snippet:-1, max-image-preview:large, max-video-preview:-1\" \/>\n<link rel=\"canonical\" href=\"https:\/\/afarangabroad.com\/es\/putas-vietnam\/\" \/>\n<meta property=\"og:locale\" content=\"es_ES\" \/>\n<meta property=\"og:type\" content=\"article\" \/>\n<meta property=\"og:title\" content=\"Vietnam Hookers and Escort Guide - 2025 - A Farang Abroad\" \/>\n<meta property=\"og:description\" content=\"Learn everything about Vietnam hookers and the cost of Vietnemse escorts. I&#039;ll tell you how much they cost and where to find prostitutes in clubs.\" \/>\n<meta property=\"og:url\" content=\"https:\/\/afarangabroad.com\/es\/putas-vietnam\/\" \/>\n<meta property=\"og:site_name\" content=\"A Farang Abroad\" \/>\n<meta property=\"article:modified_time\" content=\"2025-06-25T01:44:55+00:00\" \/>\n<meta property=\"og:image\" content=\"https:\/\/afarangabroad.com\/wp-content\/uploads\/2015\/10\/girl-428110_640.jpg\" \/>\n\t<meta property=\"og:image:width\" content=\"640\" \/>\n\t<meta property=\"og:image:height\" content=\"482\" \/>\n\t<meta property=\"og:image:type\" content=\"image\/jpeg\" \/>\n<meta name=\"twitter:label1\" content=\"Tiempo de lectura\" \/>\n\t<meta name=\"twitter:data1\" content=\"13 minutos\" \/>\n<script type=\"application\/ld+json\" class=\"yoast-schema-graph\">{\"@context\":\"https:\/\/schema.org\",\"@graph\":[{\"@type\":\"WebPage\",\"@id\":\"https:\/\/afarangabroad.com\/vietnam-hookers\/\",\"url\":\"https:\/\/afarangabroad.com\/vietnam-hookers\/\",\"name\":\"Vietnam Hookers and Escort Guide - 2025 - A Farang Abroad\",\"isPartOf\":{\"@id\":\"https:\/\/afarangabroad.com\/#website\"},\"datePublished\":\"2015-10-13T08:35:59+00:00\",\"dateModified\":\"2025-06-25T01:44:55+00:00\",\"description\":\"Learn everything about Vietnam hookers and the cost of Vietnemse escorts. I'll tell you how much they cost and where to find prostitutes in clubs.\",\"breadcrumb\":{\"@id\":\"https:\/\/afarangabroad.com\/vietnam-hookers\/#breadcrumb\"},\"inLanguage\":\"es\",\"potentialAction\":[{\"@type\":\"ReadAction\",\"target\":[\"https:\/\/afarangabroad.com\/vietnam-hookers\/\"]}]},{\"@type\":\"BreadcrumbList\",\"@id\":\"https:\/\/afarangabroad.com\/vietnam-hookers\/#breadcrumb\",\"itemListElement\":[{\"@type\":\"ListItem\",\"position\":1,\"name\":\"Home\",\"item\":\"https:\/\/afarangabroad.com\/\"},{\"@type\":\"ListItem\",\"position\":2,\"name\":\"Vietnam Hookers and Escort Guide &#8211; 2025\"}]},{\"@type\":\"WebSite\",\"@id\":\"https:\/\/afarangabroad.com\/#website\",\"url\":\"https:\/\/afarangabroad.com\/\",\"name\":\"A Farang Abroad\",\"description\":\"Your secret guide to Asia&#039;s sexiest nightlife.\",\"potentialAction\":[{\"@type\":\"SearchAction\",\"target\":{\"@type\":\"EntryPoint\",\"urlTemplate\":\"https:\/\/afarangabroad.com\/?s={search_term_string}\"},\"query-input\":\"required name=search_term_string\"}],\"inLanguage\":\"es\"}]}<\/script>\n<!-- \/ Yoast SEO plugin. -->","yoast_head_json":{"title":"Vietnam Hookers and Escort Guide - 2025 - A Farang Abroad","description":"Learn everything about Vietnam hookers and the cost of Vietnemse escorts. I'll tell you how much they cost and where to find prostitutes in clubs.","robots":{"index":"index","follow":"follow","max-snippet":"max-snippet:-1","max-image-preview":"max-image-preview:large","max-video-preview":"max-video-preview:-1"},"canonical":"https:\/\/afarangabroad.com\/es\/putas-vietnam\/","og_locale":"es_ES","og_type":"article","og_title":"Vietnam Hookers and Escort Guide - 2025 - A Farang Abroad","og_description":"Learn everything about Vietnam hookers and the cost of Vietnemse escorts. I'll tell you how much they cost and where to find prostitutes in clubs.","og_url":"https:\/\/afarangabroad.com\/es\/putas-vietnam\/","og_site_name":"A Farang Abroad","article_modified_time":"2025-06-25T01:44:55+00:00","og_image":[{"width":640,"height":482,"url":"https:\/\/afarangabroad.com\/wp-content\/uploads\/2015\/10\/girl-428110_640.jpg","type":"image\/jpeg"}],"twitter_misc":{"Tiempo de lectura":"13 minutos"},"schema":{"@context":"https:\/\/schema.org","@graph":[{"@type":"WebPage","@id":"https:\/\/afarangabroad.com\/vietnam-hookers\/","url":"https:\/\/afarangabroad.com\/vietnam-hookers\/","name":"Vietnam Hookers and Escort Guide - 2025 - A Farang Abroad","isPartOf":{"@id":"https:\/\/afarangabroad.com\/#website"},"datePublished":"2015-10-13T08:35:59+00:00","dateModified":"2025-06-25T01:44:55+00:00","description":"Learn everything about Vietnam hookers and the cost of Vietnemse escorts. I'll tell you how much they cost and where to find prostitutes in clubs.","breadcrumb":{"@id":"https:\/\/afarangabroad.com\/vietnam-hookers\/#breadcrumb"},"inLanguage":"es","potentialAction":[{"@type":"ReadAction","target":["https:\/\/afarangabroad.com\/vietnam-hookers\/"]}]},{"@type":"BreadcrumbList","@id":"https:\/\/afarangabroad.com\/vietnam-hookers\/#breadcrumb","itemListElement":[{"@type":"ListItem","position":1,"name":"Home","item":"https:\/\/afarangabroad.com\/"},{"@type":"ListItem","position":2,"name":"Vietnam Hookers and Escort Guide &#8211; 2025"}]},{"@type":"WebSite","@id":"https:\/\/afarangabroad.com\/#website","url":"https:\/\/afarangabroad.com\/","name":"A Farang Abroad","description":"Your secret guide to Asia&#039;s sexiest nightlife.","potentialAction":[{"@type":"SearchAction","target":{"@type":"EntryPoint","urlTemplate":"https:\/\/afarangabroad.com\/?s={search_term_string}"},"query-input":"required name=search_term_string"}],"inLanguage":"es"}]}},"_links":{"self":[{"href":"https:\/\/afarangabroad.com\/es\/wp-json\/wp\/v2\/pages\/6316"}],"collection":[{"href":"https:\/\/afarangabroad.com\/es\/wp-json\/wp\/v2\/pages"}],"about":[{"href":"https:\/\/afarangabroad.com\/es\/wp-json\/wp\/v2\/types\/page"}],"author":[{"embeddable":true,"href":"https:\/\/afarangabroad.com\/es\/wp-json\/wp\/v2\/users\/2"}],"replies":[{"embeddable":true,"href":"https:\/\/afarangabroad.com\/es\/wp-json\/wp\/v2\/comments?post=6316"}],"version-history":[{"count":8,"href":"https:\/\/afarangabroad.com\/es\/wp-json\/wp\/v2\/pages\/6316\/revisions"}],"predecessor-version":[{"id":513783,"href":"https:\/\/afarangabroad.com\/es\/wp-json\/wp\/v2\/pages\/6316\/revisions\/513783"}],"wp:featuredmedia":[{"embeddable":true,"href":"https:\/\/afarangabroad.com\/es\/wp-json\/wp\/v2\/media\/6317"}],"wp:attachment":[{"href":"https:\/\/afarangabroad.com\/es\/wp-json\/wp\/v2\/media?parent=6316"}],"wp:term":[{"taxonomy":"category","embeddable":true,"href":"https:\/\/afarangabroad.com\/es\/wp-json\/wp\/v2\/categories?post=6316"},{"taxonomy":"post_tag","embeddable":true,"href":"https:\/\/afarangabroad.com\/es\/wp-json\/wp\/v2\/tags?post=6316"}],"curies":[{"name":"wp","href":"https:\/\/api.w.org\/{rel}","templated":true}]}}