{"id":6562,"date":"2015-12-08T07:11:52","date_gmt":"2015-12-08T07:11:52","guid":{"rendered":"https:\/\/afarangabroad.com\/?p=6562"},"modified":"2019-05-19T07:24:30","modified_gmt":"2019-05-19T06:24:30","slug":"isaan-girls","status":"publish","type":"page","link":"https:\/\/afarangabroad.com\/es\/chicas-isaan\/","title":{"rendered":"Lo que s\u00e9 de las chicas de Isaan"},"content":{"rendered":"<p>El dinero significa muchas cosas para las chicas de Isaan. \u00bfC\u00f3mo se consigue dinero entonces? O bien recibiendo una buena educaci\u00f3n y despu\u00e9s de la graduaci\u00f3n es conseguir un buen trabajo que pague bien, \u00bfverdad?<\/p>\n<p>Si desea reunirse <strong>Chicas tailandesas gratis en Tailandia<\/strong>, <a href=\"https:\/\/afarangabroad.com\/es\/thai-friendly-dating\/\" target=\"_blank\" rel=\"noopener noreferrer\">consulte este art\u00edculo<\/a>.<\/p>\n<p><a href=\"https:\/\/afarangabroad.com\/es\/thai-friendly-dating\/\" target=\"_blank\" rel=\"noopener noreferrer\"><img loading=\"lazy\" decoding=\"async\" class=\"aligncenter size-large wp-image-7259\" src=\"https:\/\/afarangabroad.com\/wp-content\/uploads\/2016\/06\/Meet-Thai-girls1-1024x691.png\" alt=\"Conocer chicas tailandesas\" width=\"600\" height=\"405\" srcset=\"https:\/\/afarangabroad.com\/wp-content\/uploads\/2016\/06\/Meet-Thai-girls1-1024x691.png 1024w, https:\/\/afarangabroad.com\/wp-content\/uploads\/2016\/06\/Meet-Thai-girls1-300x202.png 300w, https:\/\/afarangabroad.com\/wp-content\/uploads\/2016\/06\/Meet-Thai-girls1-720x486.png 720w, https:\/\/afarangabroad.com\/wp-content\/uploads\/2016\/06\/Meet-Thai-girls1.png 1038w\" sizes=\"(max-width: 600px) 100vw, 600px\" \/><\/a><\/p>\n<p>\u00bfQu\u00e9 sentido tiene escribir este art\u00edculo? He o\u00eddo muchas historias de farangs de mediana edad que se enamoran de chicas de Isaan y de todas las prerrogativas que conlleva una relaci\u00f3n con ellas.<\/p>\n<h2><strong>Chicas de Isaan 101<\/strong><\/h2>\n<p>S\u00f3lo un poco de informaci\u00f3n para los que no lo sepan. <a href=\"https:\/\/en.wikipedia.org\/wiki\/Isan\" target=\"_blank\" rel=\"noopener noreferrer\">Isaan es una provincia situada en el noreste de Tailandia.<\/a> y bueno, las mujeres de all\u00ed se llaman mujeres Isaan.<\/p>\n<p><img loading=\"lazy\" decoding=\"async\" class=\"alignnone size-full wp-image-6566\" src=\"https:\/\/afarangabroad.com\/wp-content\/uploads\/2015\/12\/transplanting-rice-983760_640.jpg\" alt=\"rice field\" width=\"640\" height=\"294\" srcset=\"https:\/\/afarangabroad.com\/wp-content\/uploads\/2015\/12\/transplanting-rice-983760_640.jpg 640w, https:\/\/afarangabroad.com\/wp-content\/uploads\/2015\/12\/transplanting-rice-983760_640-300x138.jpg 300w\" sizes=\"(max-width: 640px) 100vw, 640px\" \/><\/p>\n<p>They are shunned away from the country because of the region where they are born in and are considered as a second class citizen as well. So by nature, they actually don\u2019t stand a chance against other Thais who are born and raised in the city or from wealthy families.<\/p>\n<p><em>Lectura relacionada: descubre d\u00f3nde conocer a los mejores <a href=\"https:\/\/afarangabroad.com\/es\/chicas-en-khon-kaen\/\">Chicas Isaan en Khon Kean<\/a>.<\/em><\/p>\n<p>Algunas chicas de Isaan han trabajado en un <a href=\"https:\/\/afarangabroad.com\/es\/2015\/01\/never-visit-soi-cowboy-nana-plaza\/\" target=\"_blank\" rel=\"noopener noreferrer\">go go bar<\/a> (ver la relaci\u00f3n sobre c\u00f3mo conocen a los farangs) y siempre est\u00e1n a la caza de extranjeros u occidentales porque piensan en ellos como alguien con un bolsillo grande y gordo.<\/p>\n<p>La pobreza suele empujar a estas mujeres a trabajar como <a href=\"https:\/\/afarangabroad.com\/es\/2015\/03\/thai-hookers\/\" target=\"_blank\" rel=\"noopener noreferrer\">Prostitutas tailandesas<\/a> La falta de educaci\u00f3n y el hecho de que toda su familia dependa de ellas las empuja a vender su cuerpo a los hombres para conseguir dinero r\u00e1pido y, si tienen suerte, conocer a un farang que pueda darles dinero mensualmente.<\/p>\n<p>So when their families see that amount of money they are sending back home, this is when their mothers would encourage to send more and this is quite easy to achieve when they met a foreigner who is quite stupid to fall in love with them up to the point that they will give them monthly allowance, etc.<\/p>","protected":false},"excerpt":{"rendered":"<p>Money means a lot of things to Isaan girls. How do you get money then? It is either by getting good education and after graduation is to get a good job that pays well, right? If you want to meet Thai girls for free in Thailand, check out this article. So what is my point [&hellip;]<\/p>","protected":false},"author":2,"featured_media":6567,"parent":0,"menu_order":0,"comment_status":"open","ping_status":"open","template":"","meta":{"_exactmetrics_skip_tracking":false,"_exactmetrics_sitenote_active":false,"_exactmetrics_sitenote_note":"","_exactmetrics_sitenote_category":0,"footnotes":""},"categories":[323],"tags":[],"class_list":["post-6562","page","type-page","status-publish","has-post-thumbnail","hentry","category-thailand-girls"],"yoast_head":"<!-- This site is optimized with the Yoast SEO plugin v20.1 - https:\/\/yoast.com\/wordpress\/plugins\/seo\/ -->\n<title>What I Know About Isaan Girls - A Farang Abroad<\/title>\n<meta name=\"description\" content=\"If you&#039;re wanting more information on Isaan girls in Thailand, in this article you&#039;ll learn everything there is to know about women in Isaan.\" \/>\n<meta name=\"robots\" content=\"index, follow, max-snippet:-1, max-image-preview:large, max-video-preview:-1\" \/>\n<link rel=\"canonical\" href=\"https:\/\/afarangabroad.com\/es\/chicas-isaan\/\" \/>\n<meta property=\"og:locale\" content=\"es_ES\" \/>\n<meta property=\"og:type\" content=\"article\" \/>\n<meta property=\"og:title\" content=\"What I Know About Isaan Girls - A Farang Abroad\" \/>\n<meta property=\"og:description\" content=\"If you&#039;re wanting more information on Isaan girls in Thailand, in this article you&#039;ll learn everything there is to know about women in Isaan.\" \/>\n<meta property=\"og:url\" content=\"https:\/\/afarangabroad.com\/es\/chicas-isaan\/\" \/>\n<meta property=\"og:site_name\" content=\"A Farang Abroad\" \/>\n<meta property=\"article:modified_time\" content=\"2019-05-19T06:24:30+00:00\" \/>\n<meta property=\"og:image\" content=\"https:\/\/afarangabroad.com\/wp-content\/uploads\/2015\/12\/thai-lady-1033118_1920.jpg\" \/>\n\t<meta property=\"og:image:width\" content=\"1920\" \/>\n\t<meta property=\"og:image:height\" content=\"1280\" \/>\n\t<meta property=\"og:image:type\" content=\"image\/jpeg\" \/>\n<meta name=\"twitter:label1\" content=\"Tiempo de lectura\" \/>\n\t<meta name=\"twitter:data1\" content=\"5 minutos\" \/>\n<script type=\"application\/ld+json\" class=\"yoast-schema-graph\">{\"@context\":\"https:\/\/schema.org\",\"@graph\":[{\"@type\":\"WebPage\",\"@id\":\"https:\/\/afarangabroad.com\/isaan-girls\/\",\"url\":\"https:\/\/afarangabroad.com\/isaan-girls\/\",\"name\":\"What I Know About Isaan Girls - A Farang Abroad\",\"isPartOf\":{\"@id\":\"https:\/\/afarangabroad.com\/#website\"},\"datePublished\":\"2015-12-08T07:11:52+00:00\",\"dateModified\":\"2019-05-19T06:24:30+00:00\",\"description\":\"If you're wanting more information on Isaan girls in Thailand, in this article you'll learn everything there is to know about women in Isaan.\",\"breadcrumb\":{\"@id\":\"https:\/\/afarangabroad.com\/isaan-girls\/#breadcrumb\"},\"inLanguage\":\"es\",\"potentialAction\":[{\"@type\":\"ReadAction\",\"target\":[\"https:\/\/afarangabroad.com\/isaan-girls\/\"]}]},{\"@type\":\"BreadcrumbList\",\"@id\":\"https:\/\/afarangabroad.com\/isaan-girls\/#breadcrumb\",\"itemListElement\":[{\"@type\":\"ListItem\",\"position\":1,\"name\":\"Home\",\"item\":\"https:\/\/afarangabroad.com\/\"},{\"@type\":\"ListItem\",\"position\":2,\"name\":\"What I Know About Isaan Girls\"}]},{\"@type\":\"WebSite\",\"@id\":\"https:\/\/afarangabroad.com\/#website\",\"url\":\"https:\/\/afarangabroad.com\/\",\"name\":\"A Farang Abroad\",\"description\":\"Your secret guide to Asia&#039;s sexiest nightlife.\",\"potentialAction\":[{\"@type\":\"SearchAction\",\"target\":{\"@type\":\"EntryPoint\",\"urlTemplate\":\"https:\/\/afarangabroad.com\/?s={search_term_string}\"},\"query-input\":\"required name=search_term_string\"}],\"inLanguage\":\"es\"}]}<\/script>\n<!-- \/ Yoast SEO plugin. -->","yoast_head_json":{"title":"What I Know About Isaan Girls - A Farang Abroad","description":"If you're wanting more information on Isaan girls in Thailand, in this article you'll learn everything there is to know about women in Isaan.","robots":{"index":"index","follow":"follow","max-snippet":"max-snippet:-1","max-image-preview":"max-image-preview:large","max-video-preview":"max-video-preview:-1"},"canonical":"https:\/\/afarangabroad.com\/es\/chicas-isaan\/","og_locale":"es_ES","og_type":"article","og_title":"What I Know About Isaan Girls - A Farang Abroad","og_description":"If you're wanting more information on Isaan girls in Thailand, in this article you'll learn everything there is to know about women in Isaan.","og_url":"https:\/\/afarangabroad.com\/es\/chicas-isaan\/","og_site_name":"A Farang Abroad","article_modified_time":"2019-05-19T06:24:30+00:00","og_image":[{"width":1920,"height":1280,"url":"https:\/\/afarangabroad.com\/wp-content\/uploads\/2015\/12\/thai-lady-1033118_1920.jpg","type":"image\/jpeg"}],"twitter_misc":{"Tiempo de lectura":"5 minutos"},"schema":{"@context":"https:\/\/schema.org","@graph":[{"@type":"WebPage","@id":"https:\/\/afarangabroad.com\/isaan-girls\/","url":"https:\/\/afarangabroad.com\/isaan-girls\/","name":"What I Know About Isaan Girls - A Farang Abroad","isPartOf":{"@id":"https:\/\/afarangabroad.com\/#website"},"datePublished":"2015-12-08T07:11:52+00:00","dateModified":"2019-05-19T06:24:30+00:00","description":"If you're wanting more information on Isaan girls in Thailand, in this article you'll learn everything there is to know about women in Isaan.","breadcrumb":{"@id":"https:\/\/afarangabroad.com\/isaan-girls\/#breadcrumb"},"inLanguage":"es","potentialAction":[{"@type":"ReadAction","target":["https:\/\/afarangabroad.com\/isaan-girls\/"]}]},{"@type":"BreadcrumbList","@id":"https:\/\/afarangabroad.com\/isaan-girls\/#breadcrumb","itemListElement":[{"@type":"ListItem","position":1,"name":"Home","item":"https:\/\/afarangabroad.com\/"},{"@type":"ListItem","position":2,"name":"What I Know About Isaan Girls"}]},{"@type":"WebSite","@id":"https:\/\/afarangabroad.com\/#website","url":"https:\/\/afarangabroad.com\/","name":"A Farang Abroad","description":"Your secret guide to Asia&#039;s sexiest nightlife.","potentialAction":[{"@type":"SearchAction","target":{"@type":"EntryPoint","urlTemplate":"https:\/\/afarangabroad.com\/?s={search_term_string}"},"query-input":"required name=search_term_string"}],"inLanguage":"es"}]}},"_links":{"self":[{"href":"https:\/\/afarangabroad.com\/es\/wp-json\/wp\/v2\/pages\/6562"}],"collection":[{"href":"https:\/\/afarangabroad.com\/es\/wp-json\/wp\/v2\/pages"}],"about":[{"href":"https:\/\/afarangabroad.com\/es\/wp-json\/wp\/v2\/types\/page"}],"author":[{"embeddable":true,"href":"https:\/\/afarangabroad.com\/es\/wp-json\/wp\/v2\/users\/2"}],"replies":[{"embeddable":true,"href":"https:\/\/afarangabroad.com\/es\/wp-json\/wp\/v2\/comments?post=6562"}],"version-history":[{"count":0,"href":"https:\/\/afarangabroad.com\/es\/wp-json\/wp\/v2\/pages\/6562\/revisions"}],"wp:featuredmedia":[{"embeddable":true,"href":"https:\/\/afarangabroad.com\/es\/wp-json\/wp\/v2\/media\/6567"}],"wp:attachment":[{"href":"https:\/\/afarangabroad.com\/es\/wp-json\/wp\/v2\/media?parent=6562"}],"wp:term":[{"taxonomy":"category","embeddable":true,"href":"https:\/\/afarangabroad.com\/es\/wp-json\/wp\/v2\/categories?post=6562"},{"taxonomy":"post_tag","embeddable":true,"href":"https:\/\/afarangabroad.com\/es\/wp-json\/wp\/v2\/tags?post=6562"}],"curies":[{"name":"wp","href":"https:\/\/api.w.org\/{rel}","templated":true}]}}