{"id":6578,"date":"2015-12-13T04:09:17","date_gmt":"2015-12-13T04:09:17","guid":{"rendered":"https:\/\/afarangabroad.com\/?p=6578"},"modified":"2024-10-11T20:45:22","modified_gmt":"2024-10-11T19:45:22","slug":"bangkok-prostitution","status":"publish","type":"page","link":"https:\/\/afarangabroad.com\/es\/prostitucion-en-bangkok\/","title":{"rendered":"Gu\u00eda para principiantes sobre la prostituci\u00f3n en Bangkok"},"content":{"rendered":"<div class=\"wp-block-group\">\n<div class=\"wp-block-group__inner-container is-layout-constrained wp-block-group-is-layout-constrained\">\n<p>Las calles de Bangkok est\u00e1n repletas de prostitutas.<\/p>\n<p>Van desde <a href=\"https:\/\/afarangabroad.com\/es\/2015\/03\/thai-hookers\/\" target=\"_blank\" rel=\"noopener noreferrer\">mujeres prostitutas <\/a>a prostitutas ladyboy<\/p>\n<p>. Depende de tus preferencias lo que quieras para la noche.<\/p>\n<p>Si quieres <strong>dormir con normalidad<\/strong> <a href=\"https:\/\/afarangabroad.com\/es\/mujeres-tailandesas\/\" target=\"_blank\" rel=\"noopener noreferrer\">Mujeres tailandesas<\/a> gratis, entonces <a href=\"https:\/\/afarangabroad.com\/es\/thai-cupid-dating-site\/\" target=\"_blank\" rel=\"noopener noreferrer\">consulte este art\u00edculo ahora<\/a>.<\/p>\n<p><a href=\"https:\/\/afarangabroad.com\/es\/thai-cupid-dating-site\/\" target=\"_blank\" rel=\"noopener noreferrer\"><img loading=\"lazy\" decoding=\"async\" class=\"aligncenter size-large wp-image-7256\" src=\"https:\/\/afarangabroad.com\/wp-content\/uploads\/2016\/06\/Meet-Thai-girls-1024x691.png\" alt=\"Conocer chicas tailandesas\" width=\"600\" height=\"405\" srcset=\"https:\/\/afarangabroad.com\/wp-content\/uploads\/2016\/06\/Meet-Thai-girls-1024x691.png 1024w, https:\/\/afarangabroad.com\/wp-content\/uploads\/2016\/06\/Meet-Thai-girls-300x202.png 300w, https:\/\/afarangabroad.com\/wp-content\/uploads\/2016\/06\/Meet-Thai-girls-720x486.png 720w, https:\/\/afarangabroad.com\/wp-content\/uploads\/2016\/06\/Meet-Thai-girls.png 1038w\" sizes=\"(max-width: 600px) 100vw, 600px\" \/><\/a><\/p>\n<p>Bangkok prostitution is high and seems to be increasing each year. When you have any plans of travelling to Thailand or Bangkok in particular, this will be your beginner\u2019s guide to Bangkok prostitution with tips, advice and interactive maps.<\/p>\n<h2><strong>\u00bfPor qu\u00e9 Bangkok?<\/strong><\/h2>\n<p><a href=\"https:\/\/afarangabroad.com\/es\/sexo-tailandia-precios\/\" target=\"_blank\" rel=\"noopener noreferrer\">Sexo en Tailandia<\/a> es barato.<\/p>\n<p>Foreign men seem to have the best of both worlds when in Bangkok. Getting the service of a Bangkok prostitute only costs a couple of beer, bar fine and room. After having sex, you say your good byes and that\u2019s it. They can move on to the next petite, slender brown-skinned woman the following day.<\/p>\n<p>Bangkok ha sido el destino n\u00famero 1 del turismo sexual porque, aunque es ilegal, est\u00e1 ampliamente aceptado o tolerado por la sociedad para disminuir la amenaza de violaci\u00f3n y la amenaza a la estabilidad familiar. Tienen la idea de que es bueno que el marido practique sexo barato en lugar de tomar una amante o una esposa m\u00e1s joven.<\/p>\n<p>Muchas de estas mujeres que han llegado a Bangkok como prostitutas proceden de provincias y pueblos pobres de Tailandia.<\/p>\n<p>Debido a la pobreza, estas mujeres se convirtieron en trabajadoras del sexo. As\u00ed que no esperes que sean realmente guapas.<\/p>","protected":false},"excerpt":{"rendered":"<p>Bangkok streets are flocked with prostitutes. They range from women prostitutes to ladyboy prostitutes . It is just up to your preference on whatever you want for the night. If you want sleep with normal Thai women for free, then check out this article now. Bangkok prostitution is high and seems to be increasing each [&hellip;]<\/p>","protected":false},"author":2,"featured_media":3343,"parent":0,"menu_order":0,"comment_status":"open","ping_status":"open","template":"","meta":{"_exactmetrics_skip_tracking":false,"_exactmetrics_sitenote_active":false,"_exactmetrics_sitenote_note":"","_exactmetrics_sitenote_category":0,"footnotes":""},"categories":[298],"tags":[],"class_list":["post-6578","page","type-page","status-publish","has-post-thumbnail","hentry","category-bangkok-nightlife"],"yoast_head":"<!-- This site is optimized with the Yoast SEO plugin v20.1 - https:\/\/yoast.com\/wordpress\/plugins\/seo\/ -->\n<title>Beginner&#039;s Guide To Bangkok Prostitution - A Farang Abroad<\/title>\n<meta name=\"description\" content=\"Coming to Thailand and want to find Bangkok prostitutes? Learn where to find them, how much the cost and even have your own interactive map.\" \/>\n<meta name=\"robots\" content=\"index, follow, max-snippet:-1, max-image-preview:large, max-video-preview:-1\" \/>\n<link rel=\"canonical\" href=\"https:\/\/afarangabroad.com\/es\/prostitucion-en-bangkok\/\" \/>\n<meta property=\"og:locale\" content=\"es_ES\" \/>\n<meta property=\"og:type\" content=\"article\" \/>\n<meta property=\"og:title\" content=\"Beginner&#039;s Guide To Bangkok Prostitution - A Farang Abroad\" \/>\n<meta property=\"og:description\" content=\"Coming to Thailand and want to find Bangkok prostitutes? Learn where to find them, how much the cost and even have your own interactive map.\" \/>\n<meta property=\"og:url\" content=\"https:\/\/afarangabroad.com\/es\/prostitucion-en-bangkok\/\" \/>\n<meta property=\"og:site_name\" content=\"A Farang Abroad\" \/>\n<meta property=\"article:modified_time\" content=\"2024-10-11T19:45:22+00:00\" \/>\n<meta property=\"og:image\" content=\"https:\/\/afarangabroad.com\/wp-content\/uploads\/2014\/06\/soi-11-massage.jpg\" \/>\n\t<meta property=\"og:image:width\" content=\"640\" \/>\n\t<meta property=\"og:image:height\" content=\"480\" \/>\n\t<meta property=\"og:image:type\" content=\"image\/jpeg\" \/>\n<meta name=\"twitter:label1\" content=\"Tiempo de lectura\" \/>\n\t<meta name=\"twitter:data1\" content=\"10 minutos\" \/>\n<script type=\"application\/ld+json\" class=\"yoast-schema-graph\">{\"@context\":\"https:\/\/schema.org\",\"@graph\":[{\"@type\":\"WebPage\",\"@id\":\"https:\/\/afarangabroad.com\/bangkok-prostitution\/\",\"url\":\"https:\/\/afarangabroad.com\/bangkok-prostitution\/\",\"name\":\"Beginner's Guide To Bangkok Prostitution - A Farang Abroad\",\"isPartOf\":{\"@id\":\"https:\/\/afarangabroad.com\/#website\"},\"datePublished\":\"2015-12-13T04:09:17+00:00\",\"dateModified\":\"2024-10-11T19:45:22+00:00\",\"description\":\"Coming to Thailand and want to find Bangkok prostitutes? Learn where to find them, how much the cost and even have your own interactive map.\",\"breadcrumb\":{\"@id\":\"https:\/\/afarangabroad.com\/bangkok-prostitution\/#breadcrumb\"},\"inLanguage\":\"es\",\"potentialAction\":[{\"@type\":\"ReadAction\",\"target\":[\"https:\/\/afarangabroad.com\/bangkok-prostitution\/\"]}]},{\"@type\":\"BreadcrumbList\",\"@id\":\"https:\/\/afarangabroad.com\/bangkok-prostitution\/#breadcrumb\",\"itemListElement\":[{\"@type\":\"ListItem\",\"position\":1,\"name\":\"Home\",\"item\":\"https:\/\/afarangabroad.com\/\"},{\"@type\":\"ListItem\",\"position\":2,\"name\":\"Beginner&#8217;s Guide To Bangkok Prostitution\"}]},{\"@type\":\"WebSite\",\"@id\":\"https:\/\/afarangabroad.com\/#website\",\"url\":\"https:\/\/afarangabroad.com\/\",\"name\":\"A Farang Abroad\",\"description\":\"Your secret guide to Asia&#039;s sexiest nightlife.\",\"potentialAction\":[{\"@type\":\"SearchAction\",\"target\":{\"@type\":\"EntryPoint\",\"urlTemplate\":\"https:\/\/afarangabroad.com\/?s={search_term_string}\"},\"query-input\":\"required name=search_term_string\"}],\"inLanguage\":\"es\"}]}<\/script>\n<!-- \/ Yoast SEO plugin. -->","yoast_head_json":{"title":"Beginner's Guide To Bangkok Prostitution - A Farang Abroad","description":"Coming to Thailand and want to find Bangkok prostitutes? Learn where to find them, how much the cost and even have your own interactive map.","robots":{"index":"index","follow":"follow","max-snippet":"max-snippet:-1","max-image-preview":"max-image-preview:large","max-video-preview":"max-video-preview:-1"},"canonical":"https:\/\/afarangabroad.com\/es\/prostitucion-en-bangkok\/","og_locale":"es_ES","og_type":"article","og_title":"Beginner's Guide To Bangkok Prostitution - A Farang Abroad","og_description":"Coming to Thailand and want to find Bangkok prostitutes? Learn where to find them, how much the cost and even have your own interactive map.","og_url":"https:\/\/afarangabroad.com\/es\/prostitucion-en-bangkok\/","og_site_name":"A Farang Abroad","article_modified_time":"2024-10-11T19:45:22+00:00","og_image":[{"width":640,"height":480,"url":"https:\/\/afarangabroad.com\/wp-content\/uploads\/2014\/06\/soi-11-massage.jpg","type":"image\/jpeg"}],"twitter_misc":{"Tiempo de lectura":"10 minutos"},"schema":{"@context":"https:\/\/schema.org","@graph":[{"@type":"WebPage","@id":"https:\/\/afarangabroad.com\/bangkok-prostitution\/","url":"https:\/\/afarangabroad.com\/bangkok-prostitution\/","name":"Beginner's Guide To Bangkok Prostitution - A Farang Abroad","isPartOf":{"@id":"https:\/\/afarangabroad.com\/#website"},"datePublished":"2015-12-13T04:09:17+00:00","dateModified":"2024-10-11T19:45:22+00:00","description":"Coming to Thailand and want to find Bangkok prostitutes? Learn where to find them, how much the cost and even have your own interactive map.","breadcrumb":{"@id":"https:\/\/afarangabroad.com\/bangkok-prostitution\/#breadcrumb"},"inLanguage":"es","potentialAction":[{"@type":"ReadAction","target":["https:\/\/afarangabroad.com\/bangkok-prostitution\/"]}]},{"@type":"BreadcrumbList","@id":"https:\/\/afarangabroad.com\/bangkok-prostitution\/#breadcrumb","itemListElement":[{"@type":"ListItem","position":1,"name":"Home","item":"https:\/\/afarangabroad.com\/"},{"@type":"ListItem","position":2,"name":"Beginner&#8217;s Guide To Bangkok Prostitution"}]},{"@type":"WebSite","@id":"https:\/\/afarangabroad.com\/#website","url":"https:\/\/afarangabroad.com\/","name":"A Farang Abroad","description":"Your secret guide to Asia&#039;s sexiest nightlife.","potentialAction":[{"@type":"SearchAction","target":{"@type":"EntryPoint","urlTemplate":"https:\/\/afarangabroad.com\/?s={search_term_string}"},"query-input":"required name=search_term_string"}],"inLanguage":"es"}]}},"_links":{"self":[{"href":"https:\/\/afarangabroad.com\/es\/wp-json\/wp\/v2\/pages\/6578"}],"collection":[{"href":"https:\/\/afarangabroad.com\/es\/wp-json\/wp\/v2\/pages"}],"about":[{"href":"https:\/\/afarangabroad.com\/es\/wp-json\/wp\/v2\/types\/page"}],"author":[{"embeddable":true,"href":"https:\/\/afarangabroad.com\/es\/wp-json\/wp\/v2\/users\/2"}],"replies":[{"embeddable":true,"href":"https:\/\/afarangabroad.com\/es\/wp-json\/wp\/v2\/comments?post=6578"}],"version-history":[{"count":10,"href":"https:\/\/afarangabroad.com\/es\/wp-json\/wp\/v2\/pages\/6578\/revisions"}],"predecessor-version":[{"id":513605,"href":"https:\/\/afarangabroad.com\/es\/wp-json\/wp\/v2\/pages\/6578\/revisions\/513605"}],"wp:featuredmedia":[{"embeddable":true,"href":"https:\/\/afarangabroad.com\/es\/wp-json\/wp\/v2\/media\/3343"}],"wp:attachment":[{"href":"https:\/\/afarangabroad.com\/es\/wp-json\/wp\/v2\/media?parent=6578"}],"wp:term":[{"taxonomy":"category","embeddable":true,"href":"https:\/\/afarangabroad.com\/es\/wp-json\/wp\/v2\/categories?post=6578"},{"taxonomy":"post_tag","embeddable":true,"href":"https:\/\/afarangabroad.com\/es\/wp-json\/wp\/v2\/tags?post=6578"}],"curies":[{"name":"wp","href":"https:\/\/api.w.org\/{rel}","templated":true}]}}