{"id":6583,"date":"2015-12-12T06:23:35","date_gmt":"2015-12-12T06:23:35","guid":{"rendered":"https:\/\/afarangabroad.com\/?p=6583"},"modified":"2019-09-22T13:36:40","modified_gmt":"2019-09-22T12:36:40","slug":"ladyboys-pattaya","status":"publish","type":"page","link":"https:\/\/afarangabroad.com\/es\/ladyboys-pattaya\/","title":{"rendered":"Como Encontrar Ladyboys En Pattaya"},"content":{"rendered":"<p>Ladyboys or katoey, \u2013 it does not matter in Pattaya. Men love them and fantasizes having sex with them. Thailand is not just a country that boasts of bargain shopping for knock offs. It sure does boast of its tropical beaches but one thing that attracts many tourists are the ladyboys.<\/p>\n<p>Si quieres encontrar ladyboys en Pattaya discretamente, <a href=\"https:\/\/afarangabroad.com\/es\/recommends\/ladyboydating\/\">echa un vistazo a este sitio de citas para que vengan directamente a tu hotel o apartamento<\/a>.<\/p>\n<p><a href=\"https:\/\/afarangabroad.com\/es\/recommends\/ladyboydating\/\"><img loading=\"lazy\" decoding=\"async\" class=\"aligncenter wp-image-7640 size-large\" src=\"https:\/\/afarangabroad.com\/wp-content\/uploads\/2015\/10\/ladyboys-1024x691.png\" alt=\"ladyboys\" width=\"678\" height=\"458\" srcset=\"https:\/\/afarangabroad.com\/wp-content\/uploads\/2015\/10\/ladyboys-1024x691.png 1024w, https:\/\/afarangabroad.com\/wp-content\/uploads\/2015\/10\/ladyboys-300x202.png 300w, https:\/\/afarangabroad.com\/wp-content\/uploads\/2015\/10\/ladyboys-768x518.png 768w, https:\/\/afarangabroad.com\/wp-content\/uploads\/2015\/10\/ladyboys-720x486.png 720w, https:\/\/afarangabroad.com\/wp-content\/uploads\/2015\/10\/ladyboys.png 1038w\" sizes=\"(max-width: 678px) 100vw, 678px\" \/><\/a><\/p>\n<p>Google the words \u201cladyboys\u201d and most return searches will be <a href=\"https:\/\/afarangabroad.com\/es\/pattaya-bar-girls\/\" target=\"_blank\" rel=\"noopener noreferrer\">Pattaya<\/a>.<\/p>\n<p>Pattaya es una ciudad ladyboy friendly por eso hay muchas ladyboys all\u00ed en comparaci\u00f3n con Bangkok. Si te interesan las ladyboys en Pattaya, podemos darte una gu\u00eda sobre d\u00f3nde encontrar ladyboys en la ciudad del pecado del sudeste asi\u00e1tico. As\u00ed, en caso de que vayas a visitar la ciudad, ya sabes d\u00f3nde ir. Estos son algunos de los lugares donde puedes encontrar ladyboys en Pattaya.<\/p>\n<p>Hay varias maneras de encontrar ladyboys en Pattaya. La elecci\u00f3n y la opci\u00f3n s\u00f3lo est\u00e1 limitada por su presupuesto.<\/p>\n<h2><strong>Ladyboy Bars en Pattaya<br \/>\n<\/strong><\/h2>\n<p>Hay varios bares de ladyboys en Pattaya y puede encontrarlos repartidos a lo largo de tres lugares principales como Soi 6\/1, Walking Street y Soi 13\/2.<\/p>\n<p><iframe loading=\"lazy\" style=\"border: 0;\" src=\"https:\/\/www.google.com\/maps\/embed?pb=!1m18!1m12!1m3!1d3888.7111935305757!2d100.87075911458605!3d12.926274590885617!2m3!1f0!2f0!3f0!3m2!1i1024!2i768!4f13.1!3m3!1m2!1s0x310296147ab6f935%3A0x3bcfb55d2d0c88f5!2sWalking+Street+Muang+Pattaya%2C+Amphoe+Bang+Lamung%2C+Chang+Wat+Chon+Buri+20150%2C+Thailand!5e0!3m2!1sen!2suk!4v1470837834130\" width=\"400\" height=\"300\" frameborder=\"0\" allowfullscreen=\"allowfullscreen\"><\/iframe><\/p>\n<p>Soi 6\/1 es el centro neur\u00e1lgico de la mayor\u00eda de los bares de ladyboys de la ciudad. El lugar abastece a turistas o clientes a los que les gusta ligar con ladyboys. Hay varios bares de ladyboys en este corto callej\u00f3n y la mayor\u00eda de los establecimientos tambi\u00e9n tienen habitaciones de corta duraci\u00f3n. Puedes recoger a una ladyboy en el bar, pagar la multa y alquilar una habitaci\u00f3n para tener sexo.<\/p>\n<p>Beber en el bar no es realmente necesario. Puedes ir directamente a lo tuyo. Lo bueno de esto es que como el lugar es s\u00f3lo un callej\u00f3n estrecho, puedes ser discreto. Si te preocupa el presupuesto, las ladyboys de Pattaya en este lugar cuestan unos 1.500 baht por su servicio. Si se te da bien regatear, podr\u00e1s negociar el precio a 1.000 baht, as\u00ed que puede que un poco de tailand\u00e9s no est\u00e9 tan mal despu\u00e9s de todo.<\/p>\n<p>Al lado de Soi 6\/1 est\u00e1 la Walking Street. Comparado con el primer lugar, ser\u00eda dif\u00edcil ser discreto. Tambi\u00e9n hay habitaciones que se alquilan por poco tiempo y cuestan unos 300 baht.<\/p>","protected":false},"excerpt":{"rendered":"<p>Ladyboys or katoey, \u2013 it does not matter in Pattaya. Men love them and fantasizes having sex with them. Thailand is not just a country that boasts of bargain shopping for knock offs. It sure does boast of its tropical beaches but one thing that attracts many tourists are the ladyboys. If you want to [&hellip;]<\/p>","protected":false},"author":2,"featured_media":6168,"parent":0,"menu_order":0,"comment_status":"open","ping_status":"open","template":"","meta":{"_exactmetrics_skip_tracking":false,"_exactmetrics_sitenote_active":false,"_exactmetrics_sitenote_note":"","_exactmetrics_sitenote_category":0,"footnotes":""},"categories":[336],"tags":[],"class_list":["post-6583","page","type-page","status-publish","has-post-thumbnail","hentry","category-ladyboys"],"yoast_head":"<!-- This site is optimized with the Yoast SEO plugin v20.1 - https:\/\/yoast.com\/wordpress\/plugins\/seo\/ -->\n<title>How To Find Ladyboys In Pattaya - A Farang Abroad<\/title>\n<meta name=\"description\" content=\"If you&#039;re searching to find ladyboys in Pattaya, this guide will tell you where to find them online and offline, and what you should expect to pay.\" \/>\n<meta name=\"robots\" content=\"index, follow, max-snippet:-1, max-image-preview:large, max-video-preview:-1\" \/>\n<link rel=\"canonical\" href=\"https:\/\/afarangabroad.com\/es\/ladyboys-pattaya\/\" \/>\n<meta property=\"og:locale\" content=\"es_ES\" \/>\n<meta property=\"og:type\" content=\"article\" \/>\n<meta property=\"og:title\" content=\"How To Find Ladyboys In Pattaya - A Farang Abroad\" \/>\n<meta property=\"og:description\" content=\"If you&#039;re searching to find ladyboys in Pattaya, this guide will tell you where to find them online and offline, and what you should expect to pay.\" \/>\n<meta property=\"og:url\" content=\"https:\/\/afarangabroad.com\/es\/ladyboys-pattaya\/\" \/>\n<meta property=\"og:site_name\" content=\"A Farang Abroad\" \/>\n<meta property=\"article:modified_time\" content=\"2019-09-22T12:36:40+00:00\" \/>\n<meta property=\"og:image\" content=\"https:\/\/afarangabroad.com\/wp-content\/uploads\/2015\/10\/neon-lights-226174_640.jpg\" \/>\n\t<meta property=\"og:image:width\" content=\"640\" \/>\n\t<meta property=\"og:image:height\" content=\"480\" \/>\n\t<meta property=\"og:image:type\" content=\"image\/jpeg\" \/>\n<meta name=\"twitter:label1\" content=\"Tiempo de lectura\" \/>\n\t<meta name=\"twitter:data1\" content=\"5 minutos\" \/>\n<script type=\"application\/ld+json\" class=\"yoast-schema-graph\">{\"@context\":\"https:\/\/schema.org\",\"@graph\":[{\"@type\":\"WebPage\",\"@id\":\"https:\/\/afarangabroad.com\/ladyboys-pattaya\/\",\"url\":\"https:\/\/afarangabroad.com\/ladyboys-pattaya\/\",\"name\":\"How To Find Ladyboys In Pattaya - A Farang Abroad\",\"isPartOf\":{\"@id\":\"https:\/\/afarangabroad.com\/#website\"},\"datePublished\":\"2015-12-12T06:23:35+00:00\",\"dateModified\":\"2019-09-22T12:36:40+00:00\",\"description\":\"If you're searching to find ladyboys in Pattaya, this guide will tell you where to find them online and offline, and what you should expect to pay.\",\"breadcrumb\":{\"@id\":\"https:\/\/afarangabroad.com\/ladyboys-pattaya\/#breadcrumb\"},\"inLanguage\":\"es\",\"potentialAction\":[{\"@type\":\"ReadAction\",\"target\":[\"https:\/\/afarangabroad.com\/ladyboys-pattaya\/\"]}]},{\"@type\":\"BreadcrumbList\",\"@id\":\"https:\/\/afarangabroad.com\/ladyboys-pattaya\/#breadcrumb\",\"itemListElement\":[{\"@type\":\"ListItem\",\"position\":1,\"name\":\"Home\",\"item\":\"https:\/\/afarangabroad.com\/\"},{\"@type\":\"ListItem\",\"position\":2,\"name\":\"How To Find Ladyboys In Pattaya\"}]},{\"@type\":\"WebSite\",\"@id\":\"https:\/\/afarangabroad.com\/#website\",\"url\":\"https:\/\/afarangabroad.com\/\",\"name\":\"A Farang Abroad\",\"description\":\"Your secret guide to Asia&#039;s sexiest nightlife.\",\"potentialAction\":[{\"@type\":\"SearchAction\",\"target\":{\"@type\":\"EntryPoint\",\"urlTemplate\":\"https:\/\/afarangabroad.com\/?s={search_term_string}\"},\"query-input\":\"required name=search_term_string\"}],\"inLanguage\":\"es\"}]}<\/script>\n<!-- \/ Yoast SEO plugin. -->","yoast_head_json":{"title":"How To Find Ladyboys In Pattaya - A Farang Abroad","description":"If you're searching to find ladyboys in Pattaya, this guide will tell you where to find them online and offline, and what you should expect to pay.","robots":{"index":"index","follow":"follow","max-snippet":"max-snippet:-1","max-image-preview":"max-image-preview:large","max-video-preview":"max-video-preview:-1"},"canonical":"https:\/\/afarangabroad.com\/es\/ladyboys-pattaya\/","og_locale":"es_ES","og_type":"article","og_title":"How To Find Ladyboys In Pattaya - A Farang Abroad","og_description":"If you're searching to find ladyboys in Pattaya, this guide will tell you where to find them online and offline, and what you should expect to pay.","og_url":"https:\/\/afarangabroad.com\/es\/ladyboys-pattaya\/","og_site_name":"A Farang Abroad","article_modified_time":"2019-09-22T12:36:40+00:00","og_image":[{"width":640,"height":480,"url":"https:\/\/afarangabroad.com\/wp-content\/uploads\/2015\/10\/neon-lights-226174_640.jpg","type":"image\/jpeg"}],"twitter_misc":{"Tiempo de lectura":"5 minutos"},"schema":{"@context":"https:\/\/schema.org","@graph":[{"@type":"WebPage","@id":"https:\/\/afarangabroad.com\/ladyboys-pattaya\/","url":"https:\/\/afarangabroad.com\/ladyboys-pattaya\/","name":"How To Find Ladyboys In Pattaya - A Farang Abroad","isPartOf":{"@id":"https:\/\/afarangabroad.com\/#website"},"datePublished":"2015-12-12T06:23:35+00:00","dateModified":"2019-09-22T12:36:40+00:00","description":"If you're searching to find ladyboys in Pattaya, this guide will tell you where to find them online and offline, and what you should expect to pay.","breadcrumb":{"@id":"https:\/\/afarangabroad.com\/ladyboys-pattaya\/#breadcrumb"},"inLanguage":"es","potentialAction":[{"@type":"ReadAction","target":["https:\/\/afarangabroad.com\/ladyboys-pattaya\/"]}]},{"@type":"BreadcrumbList","@id":"https:\/\/afarangabroad.com\/ladyboys-pattaya\/#breadcrumb","itemListElement":[{"@type":"ListItem","position":1,"name":"Home","item":"https:\/\/afarangabroad.com\/"},{"@type":"ListItem","position":2,"name":"How To Find Ladyboys In Pattaya"}]},{"@type":"WebSite","@id":"https:\/\/afarangabroad.com\/#website","url":"https:\/\/afarangabroad.com\/","name":"A Farang Abroad","description":"Your secret guide to Asia&#039;s sexiest nightlife.","potentialAction":[{"@type":"SearchAction","target":{"@type":"EntryPoint","urlTemplate":"https:\/\/afarangabroad.com\/?s={search_term_string}"},"query-input":"required name=search_term_string"}],"inLanguage":"es"}]}},"_links":{"self":[{"href":"https:\/\/afarangabroad.com\/es\/wp-json\/wp\/v2\/pages\/6583"}],"collection":[{"href":"https:\/\/afarangabroad.com\/es\/wp-json\/wp\/v2\/pages"}],"about":[{"href":"https:\/\/afarangabroad.com\/es\/wp-json\/wp\/v2\/types\/page"}],"author":[{"embeddable":true,"href":"https:\/\/afarangabroad.com\/es\/wp-json\/wp\/v2\/users\/2"}],"replies":[{"embeddable":true,"href":"https:\/\/afarangabroad.com\/es\/wp-json\/wp\/v2\/comments?post=6583"}],"version-history":[{"count":0,"href":"https:\/\/afarangabroad.com\/es\/wp-json\/wp\/v2\/pages\/6583\/revisions"}],"wp:featuredmedia":[{"embeddable":true,"href":"https:\/\/afarangabroad.com\/es\/wp-json\/wp\/v2\/media\/6168"}],"wp:attachment":[{"href":"https:\/\/afarangabroad.com\/es\/wp-json\/wp\/v2\/media?parent=6583"}],"wp:term":[{"taxonomy":"category","embeddable":true,"href":"https:\/\/afarangabroad.com\/es\/wp-json\/wp\/v2\/categories?post=6583"},{"taxonomy":"post_tag","embeddable":true,"href":"https:\/\/afarangabroad.com\/es\/wp-json\/wp\/v2\/tags?post=6583"}],"curies":[{"name":"wp","href":"https:\/\/api.w.org\/{rel}","templated":true}]}}