{"id":6676,"date":"2015-12-21T05:52:37","date_gmt":"2015-12-21T05:52:37","guid":{"rendered":"https:\/\/afarangabroad.com\/?page_id=6676"},"modified":"2019-09-21T21:50:58","modified_gmt":"2019-09-21T20:50:58","slug":"indonesian-cupid","status":"publish","type":"page","link":"https:\/\/afarangabroad.com\/es\/cupido-indonesio\/","title":{"rendered":"Rese\u00f1a de Indonesian Cupid - Conseguir chicas de forma f\u00e1cil"},"content":{"rendered":"<p>If you&#8217;re planning to visit Indonesia on a holiday or to live here as an expat, your easiest way to meet local Indonesian girls is through this dating site.<\/p>\n<p>In this article I&#8217;ll provide you with tips to meet Indonesian girls on your next trip.<\/p>\n<p><a href=\"https:\/\/afarangabroad.com\/es\/recommends\/indonesiancupid\/\"><img loading=\"lazy\" decoding=\"async\" class=\"aligncenter wp-image-6677 size-full\" src=\"https:\/\/afarangabroad.com\/wp-content\/uploads\/2015\/12\/Indonesian-cupid.jpg\" alt=\"Cupido indonesio\" width=\"336\" height=\"280\" srcset=\"https:\/\/afarangabroad.com\/wp-content\/uploads\/2015\/12\/Indonesian-cupid.jpg 336w, https:\/\/afarangabroad.com\/wp-content\/uploads\/2015\/12\/Indonesian-cupid-300x250.jpg 300w\" sizes=\"(max-width: 336px) 100vw, 336px\" \/><\/a><\/p>\n<h2><strong>\u00bfQu\u00e9 es Cupido indonesio?<\/strong><\/h2>\n<p>Indonesian cupid es el mayor sitio de citas online en indonesio.<\/p>\n<p>If you want to setup dates before you land or meet girls who are down to meeting western guys, it&#8217;s your best option.<\/p>\n<p>Recuerda que Indonesia es un pa\u00eds musulm\u00e1n (70% de la poblaci\u00f3n son musulmanes) y a la mayor\u00eda de las chicas no se les permite conocer chicos o tener relaciones sexuales antes del matrimonio, especialmente a los chicos occidentales.<\/p>\n<p>Unless you can spot a Muslim girl by just looking at her, you&#8217;ll have a very hard time meeting Indonesian girls who you can date or take things further with.<\/p>\n<p>Indonesian cupid is a great solution because it&#8217;s only used by Indonesian girls who want to meet western guys, and many of them can speak English, this takes the guessing game away.<\/p>\n<p>Los indonesios locales no utilizan el sitio web, y las indonesias s\u00f3lo lo usan para conocer a occidentales.<\/p>\n<h2><strong>Mi experiencia con este sitio<\/strong><\/h2>\n<p>Whenever I go on holiday alone or with my friends, the first thing I&#8217;ll do is login to the country&#8217;s biggest online dating site and take a look around.<\/p>\n<p>If I&#8217;m travelling along it&#8217;s a great way to setup dates with girls and even ask them to be my personal tour guide. When I was in Jakarta I messaged dozens of girls and setup dates with about 5.<\/p>","protected":false},"excerpt":{"rendered":"<p>If you&#8217;re planning to visit Indonesia on a holiday or to live here as an expat, your easiest way to meet local Indonesian girls is through this dating site. In this article I&#8217;ll provide you with tips to meet Indonesian girls on your next trip. What is Indonesian cupid? Indonesian cupid is the biggest online [&hellip;]<\/p>","protected":false},"author":2,"featured_media":4717,"parent":0,"menu_order":0,"comment_status":"open","ping_status":"closed","template":"","meta":{"_exactmetrics_skip_tracking":false,"_exactmetrics_sitenote_active":false,"_exactmetrics_sitenote_note":"","_exactmetrics_sitenote_category":0,"footnotes":""},"categories":[318],"tags":[],"class_list":["post-6676","page","type-page","status-publish","has-post-thumbnail","hentry","category-indonesia"],"yoast_head":"<!-- This site is optimized with the Yoast SEO plugin v20.1 - https:\/\/yoast.com\/wordpress\/plugins\/seo\/ -->\n<title>Indonesian Cupid Review - Getting Girls The Easy Way - A Farang Abroad<\/title>\n<meta name=\"description\" content=\"Are you coming to Indonesia and want to meet girls online? Indonesian Cupid is the biggest dating site and learn how to meet girls before you even land.\" \/>\n<meta name=\"robots\" content=\"index, follow, max-snippet:-1, max-image-preview:large, max-video-preview:-1\" \/>\n<link rel=\"canonical\" href=\"https:\/\/afarangabroad.com\/es\/cupido-indonesio\/\" \/>\n<meta property=\"og:locale\" content=\"es_ES\" \/>\n<meta property=\"og:type\" content=\"article\" \/>\n<meta property=\"og:title\" content=\"Indonesian Cupid Review - Getting Girls The Easy Way - A Farang Abroad\" \/>\n<meta property=\"og:description\" content=\"Are you coming to Indonesia and want to meet girls online? Indonesian Cupid is the biggest dating site and learn how to meet girls before you even land.\" \/>\n<meta property=\"og:url\" content=\"https:\/\/afarangabroad.com\/es\/cupido-indonesio\/\" \/>\n<meta property=\"og:site_name\" content=\"A Farang Abroad\" \/>\n<meta property=\"article:modified_time\" content=\"2019-09-21T20:50:58+00:00\" \/>\n<meta property=\"og:image\" content=\"https:\/\/afarangabroad.com\/wp-content\/uploads\/2015\/04\/woman-422706_640.jpg\" \/>\n\t<meta property=\"og:image:width\" content=\"640\" \/>\n\t<meta property=\"og:image:height\" content=\"350\" \/>\n\t<meta property=\"og:image:type\" content=\"image\/jpeg\" \/>\n<meta name=\"twitter:label1\" content=\"Tiempo de lectura\" \/>\n\t<meta name=\"twitter:data1\" content=\"3 minutos\" \/>\n<script type=\"application\/ld+json\" class=\"yoast-schema-graph\">{\"@context\":\"https:\/\/schema.org\",\"@graph\":[{\"@type\":\"WebPage\",\"@id\":\"https:\/\/afarangabroad.com\/indonesian-cupid\/\",\"url\":\"https:\/\/afarangabroad.com\/indonesian-cupid\/\",\"name\":\"Indonesian Cupid Review - Getting Girls The Easy Way - A Farang Abroad\",\"isPartOf\":{\"@id\":\"https:\/\/afarangabroad.com\/#website\"},\"datePublished\":\"2015-12-21T05:52:37+00:00\",\"dateModified\":\"2019-09-21T20:50:58+00:00\",\"description\":\"Are you coming to Indonesia and want to meet girls online? Indonesian Cupid is the biggest dating site and learn how to meet girls before you even land.\",\"breadcrumb\":{\"@id\":\"https:\/\/afarangabroad.com\/indonesian-cupid\/#breadcrumb\"},\"inLanguage\":\"es\",\"potentialAction\":[{\"@type\":\"ReadAction\",\"target\":[\"https:\/\/afarangabroad.com\/indonesian-cupid\/\"]}]},{\"@type\":\"BreadcrumbList\",\"@id\":\"https:\/\/afarangabroad.com\/indonesian-cupid\/#breadcrumb\",\"itemListElement\":[{\"@type\":\"ListItem\",\"position\":1,\"name\":\"Home\",\"item\":\"https:\/\/afarangabroad.com\/\"},{\"@type\":\"ListItem\",\"position\":2,\"name\":\"Indonesian Cupid Review &#8211; Getting Girls The Easy Way\"}]},{\"@type\":\"WebSite\",\"@id\":\"https:\/\/afarangabroad.com\/#website\",\"url\":\"https:\/\/afarangabroad.com\/\",\"name\":\"A Farang Abroad\",\"description\":\"Your secret guide to Asia&#039;s sexiest nightlife.\",\"potentialAction\":[{\"@type\":\"SearchAction\",\"target\":{\"@type\":\"EntryPoint\",\"urlTemplate\":\"https:\/\/afarangabroad.com\/?s={search_term_string}\"},\"query-input\":\"required name=search_term_string\"}],\"inLanguage\":\"es\"}]}<\/script>\n<!-- \/ Yoast SEO plugin. -->","yoast_head_json":{"title":"Indonesian Cupid Review - Getting Girls The Easy Way - A Farang Abroad","description":"Are you coming to Indonesia and want to meet girls online? Indonesian Cupid is the biggest dating site and learn how to meet girls before you even land.","robots":{"index":"index","follow":"follow","max-snippet":"max-snippet:-1","max-image-preview":"max-image-preview:large","max-video-preview":"max-video-preview:-1"},"canonical":"https:\/\/afarangabroad.com\/es\/cupido-indonesio\/","og_locale":"es_ES","og_type":"article","og_title":"Indonesian Cupid Review - Getting Girls The Easy Way - A Farang Abroad","og_description":"Are you coming to Indonesia and want to meet girls online? Indonesian Cupid is the biggest dating site and learn how to meet girls before you even land.","og_url":"https:\/\/afarangabroad.com\/es\/cupido-indonesio\/","og_site_name":"A Farang Abroad","article_modified_time":"2019-09-21T20:50:58+00:00","og_image":[{"width":640,"height":350,"url":"https:\/\/afarangabroad.com\/wp-content\/uploads\/2015\/04\/woman-422706_640.jpg","type":"image\/jpeg"}],"twitter_misc":{"Tiempo de lectura":"3 minutos"},"schema":{"@context":"https:\/\/schema.org","@graph":[{"@type":"WebPage","@id":"https:\/\/afarangabroad.com\/indonesian-cupid\/","url":"https:\/\/afarangabroad.com\/indonesian-cupid\/","name":"Indonesian Cupid Review - Getting Girls The Easy Way - A Farang Abroad","isPartOf":{"@id":"https:\/\/afarangabroad.com\/#website"},"datePublished":"2015-12-21T05:52:37+00:00","dateModified":"2019-09-21T20:50:58+00:00","description":"Are you coming to Indonesia and want to meet girls online? Indonesian Cupid is the biggest dating site and learn how to meet girls before you even land.","breadcrumb":{"@id":"https:\/\/afarangabroad.com\/indonesian-cupid\/#breadcrumb"},"inLanguage":"es","potentialAction":[{"@type":"ReadAction","target":["https:\/\/afarangabroad.com\/indonesian-cupid\/"]}]},{"@type":"BreadcrumbList","@id":"https:\/\/afarangabroad.com\/indonesian-cupid\/#breadcrumb","itemListElement":[{"@type":"ListItem","position":1,"name":"Home","item":"https:\/\/afarangabroad.com\/"},{"@type":"ListItem","position":2,"name":"Indonesian Cupid Review &#8211; Getting Girls The Easy Way"}]},{"@type":"WebSite","@id":"https:\/\/afarangabroad.com\/#website","url":"https:\/\/afarangabroad.com\/","name":"A Farang Abroad","description":"Your secret guide to Asia&#039;s sexiest nightlife.","potentialAction":[{"@type":"SearchAction","target":{"@type":"EntryPoint","urlTemplate":"https:\/\/afarangabroad.com\/?s={search_term_string}"},"query-input":"required name=search_term_string"}],"inLanguage":"es"}]}},"_links":{"self":[{"href":"https:\/\/afarangabroad.com\/es\/wp-json\/wp\/v2\/pages\/6676"}],"collection":[{"href":"https:\/\/afarangabroad.com\/es\/wp-json\/wp\/v2\/pages"}],"about":[{"href":"https:\/\/afarangabroad.com\/es\/wp-json\/wp\/v2\/types\/page"}],"author":[{"embeddable":true,"href":"https:\/\/afarangabroad.com\/es\/wp-json\/wp\/v2\/users\/2"}],"replies":[{"embeddable":true,"href":"https:\/\/afarangabroad.com\/es\/wp-json\/wp\/v2\/comments?post=6676"}],"version-history":[{"count":0,"href":"https:\/\/afarangabroad.com\/es\/wp-json\/wp\/v2\/pages\/6676\/revisions"}],"wp:featuredmedia":[{"embeddable":true,"href":"https:\/\/afarangabroad.com\/es\/wp-json\/wp\/v2\/media\/4717"}],"wp:attachment":[{"href":"https:\/\/afarangabroad.com\/es\/wp-json\/wp\/v2\/media?parent=6676"}],"wp:term":[{"taxonomy":"category","embeddable":true,"href":"https:\/\/afarangabroad.com\/es\/wp-json\/wp\/v2\/categories?post=6676"},{"taxonomy":"post_tag","embeddable":true,"href":"https:\/\/afarangabroad.com\/es\/wp-json\/wp\/v2\/tags?post=6676"}],"curies":[{"name":"wp","href":"https:\/\/api.w.org\/{rel}","templated":true}]}}