{"id":6787,"date":"2015-12-31T09:29:33","date_gmt":"2015-12-31T09:29:33","guid":{"rendered":"https:\/\/afarangabroad.com\/?p=6787"},"modified":"2024-10-22T03:03:58","modified_gmt":"2024-10-22T02:03:58","slug":"girls-in-bangkok","status":"publish","type":"page","link":"https:\/\/afarangabroad.com\/es\/chicas-en-bangkok\/","title":{"rendered":"Beer Bar Girls en Bangkok - \u00bfCu\u00e1nto cuesta?"},"content":{"rendered":"<div class=\"wp-block-group\"><div class=\"wp-block-group__inner-container is-layout-constrained wp-block-group-is-layout-constrained\">\n<p>Las chicas de Bangkok est\u00e1n muy dispuestas a complacerte siempre que tengas el dinero. Cada vez son m\u00e1s los extranjeros \u00e1vidos de sexo que desean pasar sus vacaciones solos en Tailandia gracias al turismo sexual.<\/p>\n<p>Si desea obtener <strong>gratis en Bangkok<\/strong>, <a href=\"https:\/\/afarangabroad.com\/es\/thai-friendly-dating\/\" target=\"_blank\" rel=\"noopener\">leer este art\u00edculo<\/a>.<\/p>\n<p>As\u00ed que si usted est\u00e1 viajando a Tailandia y le gustar\u00eda echar un polvo con chicas en Bangkok aqu\u00ed est\u00e1n algunas de las cosas que usted debe saber: d\u00f3nde encontrar chicas en Bangkok y cu\u00e1nto las tarifas van son.<\/p>\n<p>Digamos que vas a un bar en Bangkok y te encuentras con un <a href=\"https:\/\/afarangabroad.com\/es\/5-maneras-de-parar-a-las-chicas-de-bar-tailandesas\/\" target=\"_blank\" rel=\"noopener\">Chica de bar tailandesa<\/a>. Querr\u00e1s ligar con ella y la primera pregunta es \u00bfcu\u00e1nto? Normalmente te gastar\u00e1s entre 2.300 y 2.500 baht. Esto es para una chica de bar de aspecto normal.<\/p>\n<p>Para empezar, te gastar\u00e1s unos 300 baht en bebidas (una cerveza para ti y una bebida para ella). Las cervezas son bastante baratas en Bangkok, sobre todo si eres extranjero. El coste total oscila entre 300 y 500 baht.<\/p>\n<p><a href=\"https:\/\/afarangabroad.com\/wp-content\/uploads\/2015\/10\/thailand-345514_6401.jpg\"><img loading=\"lazy\" decoding=\"async\" class=\"alignnone size-full wp-image-6154\" src=\"https:\/\/afarangabroad.com\/wp-content\/uploads\/2015\/10\/thailand-345514_6401.jpg\" alt=\"Thai family\" width=\"640\" height=\"355\" srcset=\"https:\/\/afarangabroad.com\/wp-content\/uploads\/2015\/10\/thailand-345514_6401.jpg 640w, https:\/\/afarangabroad.com\/wp-content\/uploads\/2015\/10\/thailand-345514_6401-300x166.jpg 300w\" sizes=\"(max-width: 640px) 100vw, 640px\" \/><\/a><\/p>\n<p>Entonces has decidido llevarla a tu hotel porque est\u00e1s en Bangkok para tener sexo con <a href=\"https:\/\/afarangabroad.com\/es\/chicas-en-bangkok\/\" target=\"_blank\" rel=\"noopener\">Chicas de Bangkok<\/a>\u00a1! Antes de sacarla, debes pagar la multa de bar de 600 baht. Las multas de bar son tarifas est\u00e1ndar y no negociables.<\/p>\n<p>Ahora lo m\u00e1s importante es \u00bfcu\u00e1nto cuesta una chica en Bangkok? La tarifa m\u00ednima para las chicas de bar es de 1.500 baht por una hora. De nuevo, esto es para chicas de aspecto medio. Si buscas a una chica guapa, el precio es de 2.500 baht por hora.<\/p>\n<p>S\u00f3lo para resumir para el precio b\u00e1sico es: 300 baht por las bebidas, 600 baht por la multa del bar y 1.500 baht por un rato. El coste m\u00ednimo total es de 2.400 baht. Es bastante barato, \u00bfno?<\/p>\n<p>No esperes que estas chicas te hagan grandes descuentos porque saben que de una forma u otra, seguir\u00e1n consiguiendo un cliente que les dar\u00e1 menos problemas sobre todo con el precio. Tambi\u00e9n deber\u00edas hacerles saber cu\u00e1les son tus preferencias en la cama y hablarlo con ella antes de pagar la multa del bar.<\/p>\n<h2>Body Bliss Masaje Bangkok<\/h2>\n<p>Body Bliss Massage es un nuevo pero muy buen servicio de masajes a domicilio donde se puede conseguir handjobs en Bangkok. Ofrecen servicios tanto para hombres como para mujeres.<\/p>\n<p><a href=\"https:\/\/bodyblissbangkok.com\/\" target=\"_blank\" rel=\"noopener\"><img loading=\"lazy\" decoding=\"async\" class=\"aligncenter wp-image-513386\" src=\"https:\/\/afarangabroad.com\/wp-content\/uploads\/2023\/12\/body-bliss-massage-575x1024.jpg\" alt=\"masaje body bliss\" width=\"372\" height=\"662\" srcset=\"https:\/\/afarangabroad.com\/wp-content\/uploads\/2023\/12\/body-bliss-massage-575x1024.jpg 575w, https:\/\/afarangabroad.com\/wp-content\/uploads\/2023\/12\/body-bliss-massage-168x300.jpg 168w, https:\/\/afarangabroad.com\/wp-content\/uploads\/2023\/12\/body-bliss-massage-768x1368.jpg 768w, https:\/\/afarangabroad.com\/wp-content\/uploads\/2023\/12\/body-bliss-massage-862x1536.jpg 862w, https:\/\/afarangabroad.com\/wp-content\/uploads\/2023\/12\/body-bliss-massage.jpg 904w\" sizes=\"(max-width: 372px) 100vw, 372px\" \/><\/a><\/p>\n<figure class=\"wp-block-image aligncenter\"><\/figure>\n<p>Tienen una gama de masajes incluyendo jabonosa y pr\u00f3stata . Usted puede ver todas sus chicas, pero visitando su sitio web en\u00a0<a href=\"http:\/\/www.bodyblissbangkok.com\/\" target=\"_blank\" rel=\"nofollow noopener\">BodyBlissBangkok.com<\/a><\/p>\n<h2>Bangkok ex\u00f3tico<\/h2>\n<p>Exotic Bangkok es el nuevo proveedor de masajes a domicilio. Tienen de todo, desde t\u00e1ntrico, a nuru, a los masajes rizado. Tienen algunas de las mejores chicas de Bangkok. Para una llamada a domicilio, se encuentran en Sukhumvit 20. Puedes ver sus ofertas aqu\u00ed: <a href=\"https:\/\/exoticmassagebangkok.com\/\">ExoticMassageBangkok.com<\/a><\/p>\n<p><a href=\"https:\/\/exoticmassagebangkok.com\/\"><img loading=\"lazy\" decoding=\"async\" class=\"aligncenter wp-image-513539\" src=\"https:\/\/afarangabroad.com\/wp-content\/uploads\/2024\/08\/image_123650291-691x1024.jpg\" alt=\"\" width=\"400\" height=\"593\" srcset=\"https:\/\/afarangabroad.com\/wp-content\/uploads\/2024\/08\/image_123650291-691x1024.jpg 691w, https:\/\/afarangabroad.com\/wp-content\/uploads\/2024\/08\/image_123650291-202x300.jpg 202w, https:\/\/afarangabroad.com\/wp-content\/uploads\/2024\/08\/image_123650291.jpg 700w\" sizes=\"(max-width: 400px) 100vw, 400px\" \/><\/a><\/p>\n<h2><strong>\u00bfLargo o corto plazo?<\/strong><\/h2>\n<p>Un ratito suele durar una hora y eso significar\u00eda un chute. Si le gustas, puede que te d\u00e9 otra ronda, pero eso depende de ella. Los precios de las chicas en Bangkok para un rato corto (1 hora) suelen oscilar entre 1.500 y 2.500 baht, dependiendo de su aspecto. Las chicas de Bangkok de larga duraci\u00f3n (una noche) cuestan entre 4.000 y 7.000 baht.<\/p>\n<p>La mayor\u00eda de las mujeres que trabajan como chicas de bar en Bangkok lo hacen s\u00f3lo por dinero. Las chicas decentes que trabajan de 9 a 5 suelen ganar un <a href=\"http:\/\/www.tradingeconomics.com\/thailand\/minimum-wages\" target=\"_blank\" rel=\"noopener\">m\u00ednimo de 9.000 baht<\/a>. Por supuesto, quienes tienen estudios superiores pueden ganar m\u00e1s que la renta m\u00ednima y llevar un buen tren de vida.<\/p>\n<p>En comparaci\u00f3n con las chicas de los bares de Bangkok, la mayor\u00eda de estas mujeres proceden de zonas o provincias lejanas de Tailandia. No tienen otras formas de ganar dinero aparte de trabajar en un bar. No esperes que se enamoren de ti. Te complacer\u00e1n todo lo que puedan para sacarte m\u00e1s dinero.<\/p>\n<p><img loading=\"lazy\" decoding=\"async\" class=\"size-full wp-image-4803 aligncenter\" src=\"https:\/\/afarangabroad.com\/wp-content\/uploads\/2015\/05\/Soi-23.jpg\" alt=\"Soi 23\" width=\"768\" height=\"1024\" srcset=\"https:\/\/afarangabroad.com\/wp-content\/uploads\/2015\/05\/Soi-23.jpg 768w, https:\/\/afarangabroad.com\/wp-content\/uploads\/2015\/05\/Soi-23-225x300.jpg 225w, https:\/\/afarangabroad.com\/wp-content\/uploads\/2015\/05\/Soi-23-600x800.jpg 600w, https:\/\/afarangabroad.com\/wp-content\/uploads\/2015\/05\/Soi-23-300x400.jpg 300w, https:\/\/afarangabroad.com\/wp-content\/uploads\/2015\/05\/Soi-23-720x960.jpg 720w\" sizes=\"(max-width: 768px) 100vw, 768px\" \/>As\u00ed que si han acordado salir contigo durante una hora, cuanto antes se pongan manos a la obra y se vayan, mejor. Esto significa que tendr\u00e1n m\u00e1s posibilidades de ligar con m\u00e1s clientes esa noche. M\u00e1s dinero ganar\u00e1n esa noche.<\/p>\n<p>En Bangkok hay tres tipos de chicas que trabajan en el sexo a cambio de dinero; debes saber identificarlas.<\/p>\n<p><strong>Lecturas relacionadas<\/strong>el coste de <a href=\"https:\/\/afarangabroad.com\/es\/sexo-en-bangkok\/\" target=\"_blank\" rel=\"noopener\">sexo en Bangkok<\/a>.<\/p>\n<h2>Go Go Bar Girls en Bangkok<\/h2>\n<p>These types of girls are the ones you usually see dancing on stage wearing two piece bikinis. The usual process is that you enter a go go bar, order a beer (which is usually some sort of your \u201cfee\u201d to stay for a little bit.<\/p>\n<p>Echa un vistazo a las chicas y si ves a alguna con la que crees que te gustar\u00eda ligar, puedes entablar un contacto visual con ella o decirle al camarero o al personal del bar el n\u00famero de la chica. Siempre que est\u00e9 libre se sentar\u00e1 contigo para tener una charla r\u00e1pida. Tambi\u00e9n tendr\u00e1s que invitarla a una copa).<\/p>\n<p><iframe loading=\"lazy\" title=\"Soi Cowboy Girls 3, Bangkok 2015 [HD]\" width=\"678\" height=\"381\" src=\"https:\/\/www.youtube.com\/embed\/0-G6LmYWhiQ?feature=oembed\" frameborder=\"0\" allow=\"accelerometer; autoplay; clipboard-write; encrypted-media; gyroscope; picture-in-picture; web-share\" referrerpolicy=\"strict-origin-when-cross-origin\" allowfullscreen><\/iframe><\/p>\n<h2><strong>Beer Bar Girls\u00a0<\/strong><\/h2>\n<p>beer bar girls in Bangkok are those who are usually wearing sexy clothes but not as revealing as with the go go bar girls. They would just simply have a chat with you, drink with you and if you have decided to take her out \u2013 pay the bar fine and take her back to your hotel room, etc. Beer bars are located at Sukhumvit Road, <a href=\"https:\/\/afarangabroad.com\/es\/2015\/01\/never-visit-soi-cowboy-nana-plaza\/\" target=\"_blank\" rel=\"noopener\">Soi Cowboy <\/a>y <a href=\"https:\/\/afarangabroad.com\/es\/2015\/01\/never-visit-soi-cowboy-nana-plaza\/\" target=\"_blank\" rel=\"noopener\">Nana Plaza Bangkok<\/a>.<\/p>\n<h2><strong>Aut\u00f3nomos\u00a0<\/strong><\/h2>\n<p><a href=\"https:\/\/afarangabroad.com\/es\/pattaya-autonomos\/\" target=\"_blank\" rel=\"noopener\">aut\u00f3nomos<\/a> can also be found in beer bars. The only difference is that they are not housed or do not regularly go to any specific beer bar or establishment. They would sometimes pay an entrance fee or pay a certain commission to the bar\u2019s security for her to gain access and hopefully get a client\/ clients for the night.<\/p>\n<p>Si este va a ser su <a href=\"http:\/\/www.travelandleisure.com\/articles\/bangkok-travel-what-you-should-know\" target=\"_blank\" rel=\"noopener\">primera vez que viajo a Bangkok<\/a>Nunca debes dejar que estas chicas de bar en Bangkok sepan que eres un novato.<\/p>\n<p>De lo contrario, te cobrar\u00e1n m\u00e1s de lo normal. Les encantan las novatas porque saben que pueden sacarles m\u00e1s dinero f\u00e1cilmente y salirse con la suya. En resumidas cuentas, estas chicas de bar solo trabajan por dinero y todo son negocios.<\/p>\n<p>Si desea obtener <strong>gratis en Bangkok<\/strong>, <a href=\"https:\/\/afarangabroad.com\/es\/thai-friendly-dating\/\" target=\"_blank\" rel=\"noopener\">leer este art\u00edculo<\/a>.<\/p>\n<p>Otra opci\u00f3n, pero esto se hace sobre todo con los viajeros frecuentes y experimentados en Bangkok son la experiencia de novia bar tailand\u00e9s. Sin embargo, esto es m\u00e1s caro en comparaci\u00f3n con llevarla a cabo para un corto o un gancho de largo plazo para arriba. Algunos de estos hombres incluso las llevar\u00edan para unas cortas vacaciones en Phuket, etc. y las considerar\u00edan como su novia a corto plazo durante su estancia en Bangkok.<\/p>\n<\/div><\/div>","protected":false},"excerpt":{"rendered":"<p>Girls in Bangkok are very willing to please as long as you have the money. More and more sex-hungry farangs are looking forward to spend their holidays alone in Thailand because of its sex tourism. If you want to get laid in Bangkok for free, read this article. So if you are traveling to Thailand [&hellip;]<\/p>","protected":false},"author":2,"featured_media":4369,"parent":0,"menu_order":0,"comment_status":"open","ping_status":"open","template":"","meta":{"_exactmetrics_skip_tracking":false,"_exactmetrics_sitenote_active":false,"_exactmetrics_sitenote_note":"","_exactmetrics_sitenote_category":0,"footnotes":""},"categories":[298],"tags":[],"class_list":["post-6787","page","type-page","status-publish","has-post-thumbnail","hentry","category-bangkok-nightlife"],"yoast_head":"<!-- This site is optimized with the Yoast SEO plugin v20.1 - https:\/\/yoast.com\/wordpress\/plugins\/seo\/ -->\n<title>Beer Bar Girls in Bangkok - How Much Does it Cost? - A Farang Abroad<\/title>\n<meta name=\"description\" content=\"Find out what it costs to get yourself a girl in Bangkok, and how you can get girls without spending any money!\" \/>\n<meta name=\"robots\" content=\"index, follow, max-snippet:-1, max-image-preview:large, max-video-preview:-1\" \/>\n<link rel=\"canonical\" href=\"https:\/\/afarangabroad.com\/es\/chicas-en-bangkok\/\" \/>\n<meta property=\"og:locale\" content=\"es_ES\" \/>\n<meta property=\"og:type\" content=\"article\" \/>\n<meta property=\"og:title\" content=\"Beer Bar Girls in Bangkok - How Much Does it Cost? - A Farang Abroad\" \/>\n<meta property=\"og:description\" content=\"Find out what it costs to get yourself a girl in Bangkok, and how you can get girls without spending any money!\" \/>\n<meta property=\"og:url\" content=\"https:\/\/afarangabroad.com\/es\/chicas-en-bangkok\/\" \/>\n<meta property=\"og:site_name\" content=\"A Farang Abroad\" \/>\n<meta property=\"article:modified_time\" content=\"2024-10-22T02:03:58+00:00\" \/>\n<meta property=\"og:image\" content=\"https:\/\/afarangabroad.com\/wp-content\/uploads\/2014\/12\/Thai-bank-account.jpg\" \/>\n\t<meta property=\"og:image:width\" content=\"1024\" \/>\n\t<meta property=\"og:image:height\" content=\"768\" \/>\n\t<meta property=\"og:image:type\" content=\"image\/jpeg\" \/>\n<meta name=\"twitter:label1\" content=\"Tiempo de lectura\" \/>\n\t<meta name=\"twitter:data1\" content=\"6 minutos\" \/>\n<script type=\"application\/ld+json\" class=\"yoast-schema-graph\">{\"@context\":\"https:\/\/schema.org\",\"@graph\":[{\"@type\":\"WebPage\",\"@id\":\"https:\/\/afarangabroad.com\/girls-in-bangkok\/\",\"url\":\"https:\/\/afarangabroad.com\/girls-in-bangkok\/\",\"name\":\"Beer Bar Girls in Bangkok - How Much Does it Cost? - A Farang Abroad\",\"isPartOf\":{\"@id\":\"https:\/\/afarangabroad.com\/#website\"},\"datePublished\":\"2015-12-31T09:29:33+00:00\",\"dateModified\":\"2024-10-22T02:03:58+00:00\",\"description\":\"Find out what it costs to get yourself a girl in Bangkok, and how you can get girls without spending any money!\",\"breadcrumb\":{\"@id\":\"https:\/\/afarangabroad.com\/girls-in-bangkok\/#breadcrumb\"},\"inLanguage\":\"es\",\"potentialAction\":[{\"@type\":\"ReadAction\",\"target\":[\"https:\/\/afarangabroad.com\/girls-in-bangkok\/\"]}]},{\"@type\":\"BreadcrumbList\",\"@id\":\"https:\/\/afarangabroad.com\/girls-in-bangkok\/#breadcrumb\",\"itemListElement\":[{\"@type\":\"ListItem\",\"position\":1,\"name\":\"Home\",\"item\":\"https:\/\/afarangabroad.com\/\"},{\"@type\":\"ListItem\",\"position\":2,\"name\":\"Beer Bar Girls in Bangkok &#8211; How Much Does it Cost?\"}]},{\"@type\":\"WebSite\",\"@id\":\"https:\/\/afarangabroad.com\/#website\",\"url\":\"https:\/\/afarangabroad.com\/\",\"name\":\"A Farang Abroad\",\"description\":\"Your secret guide to Asia&#039;s sexiest nightlife.\",\"potentialAction\":[{\"@type\":\"SearchAction\",\"target\":{\"@type\":\"EntryPoint\",\"urlTemplate\":\"https:\/\/afarangabroad.com\/?s={search_term_string}\"},\"query-input\":\"required name=search_term_string\"}],\"inLanguage\":\"es\"}]}<\/script>\n<!-- \/ Yoast SEO plugin. -->","yoast_head_json":{"title":"Beer Bar Girls in Bangkok - How Much Does it Cost? - A Farang Abroad","description":"Find out what it costs to get yourself a girl in Bangkok, and how you can get girls without spending any money!","robots":{"index":"index","follow":"follow","max-snippet":"max-snippet:-1","max-image-preview":"max-image-preview:large","max-video-preview":"max-video-preview:-1"},"canonical":"https:\/\/afarangabroad.com\/es\/chicas-en-bangkok\/","og_locale":"es_ES","og_type":"article","og_title":"Beer Bar Girls in Bangkok - How Much Does it Cost? - A Farang Abroad","og_description":"Find out what it costs to get yourself a girl in Bangkok, and how you can get girls without spending any money!","og_url":"https:\/\/afarangabroad.com\/es\/chicas-en-bangkok\/","og_site_name":"A Farang Abroad","article_modified_time":"2024-10-22T02:03:58+00:00","og_image":[{"width":1024,"height":768,"url":"https:\/\/afarangabroad.com\/wp-content\/uploads\/2014\/12\/Thai-bank-account.jpg","type":"image\/jpeg"}],"twitter_misc":{"Tiempo de lectura":"6 minutos"},"schema":{"@context":"https:\/\/schema.org","@graph":[{"@type":"WebPage","@id":"https:\/\/afarangabroad.com\/girls-in-bangkok\/","url":"https:\/\/afarangabroad.com\/girls-in-bangkok\/","name":"Beer Bar Girls in Bangkok - How Much Does it Cost? - A Farang Abroad","isPartOf":{"@id":"https:\/\/afarangabroad.com\/#website"},"datePublished":"2015-12-31T09:29:33+00:00","dateModified":"2024-10-22T02:03:58+00:00","description":"Find out what it costs to get yourself a girl in Bangkok, and how you can get girls without spending any money!","breadcrumb":{"@id":"https:\/\/afarangabroad.com\/girls-in-bangkok\/#breadcrumb"},"inLanguage":"es","potentialAction":[{"@type":"ReadAction","target":["https:\/\/afarangabroad.com\/girls-in-bangkok\/"]}]},{"@type":"BreadcrumbList","@id":"https:\/\/afarangabroad.com\/girls-in-bangkok\/#breadcrumb","itemListElement":[{"@type":"ListItem","position":1,"name":"Home","item":"https:\/\/afarangabroad.com\/"},{"@type":"ListItem","position":2,"name":"Beer Bar Girls in Bangkok &#8211; How Much Does it Cost?"}]},{"@type":"WebSite","@id":"https:\/\/afarangabroad.com\/#website","url":"https:\/\/afarangabroad.com\/","name":"A Farang Abroad","description":"Your secret guide to Asia&#039;s sexiest nightlife.","potentialAction":[{"@type":"SearchAction","target":{"@type":"EntryPoint","urlTemplate":"https:\/\/afarangabroad.com\/?s={search_term_string}"},"query-input":"required name=search_term_string"}],"inLanguage":"es"}]}},"_links":{"self":[{"href":"https:\/\/afarangabroad.com\/es\/wp-json\/wp\/v2\/pages\/6787"}],"collection":[{"href":"https:\/\/afarangabroad.com\/es\/wp-json\/wp\/v2\/pages"}],"about":[{"href":"https:\/\/afarangabroad.com\/es\/wp-json\/wp\/v2\/types\/page"}],"author":[{"embeddable":true,"href":"https:\/\/afarangabroad.com\/es\/wp-json\/wp\/v2\/users\/2"}],"replies":[{"embeddable":true,"href":"https:\/\/afarangabroad.com\/es\/wp-json\/wp\/v2\/comments?post=6787"}],"version-history":[{"count":5,"href":"https:\/\/afarangabroad.com\/es\/wp-json\/wp\/v2\/pages\/6787\/revisions"}],"predecessor-version":[{"id":513563,"href":"https:\/\/afarangabroad.com\/es\/wp-json\/wp\/v2\/pages\/6787\/revisions\/513563"}],"wp:featuredmedia":[{"embeddable":true,"href":"https:\/\/afarangabroad.com\/es\/wp-json\/wp\/v2\/media\/4369"}],"wp:attachment":[{"href":"https:\/\/afarangabroad.com\/es\/wp-json\/wp\/v2\/media?parent=6787"}],"wp:term":[{"taxonomy":"category","embeddable":true,"href":"https:\/\/afarangabroad.com\/es\/wp-json\/wp\/v2\/categories?post=6787"},{"taxonomy":"post_tag","embeddable":true,"href":"https:\/\/afarangabroad.com\/es\/wp-json\/wp\/v2\/tags?post=6787"}],"curies":[{"name":"wp","href":"https:\/\/api.w.org\/{rel}","templated":true}]}}