{"id":6829,"date":"2016-01-09T08:30:53","date_gmt":"2016-01-09T08:30:53","guid":{"rendered":"https:\/\/afarangabroad.com\/?p=6829"},"modified":"2024-10-16T06:35:47","modified_gmt":"2024-10-16T05:35:47","slug":"gentlemen-club-bangkok","status":"publish","type":"page","link":"https:\/\/afarangabroad.com\/es\/club-de-caballeros-bangkok\/","title":{"rendered":"Los 10 mejores clubes de caballeros de Bangkok"},"content":{"rendered":"<p>In this article you will learn where to find Gentlemen club&#8217;s in Bangkok.<\/p>\n<p>If you are fond of the Bangkok nightlife, you should have heard about gentlemen\u2019s club.<\/p>\n<p>There are several gentlemen\u2019s clubs in Bangkok that sometimes it is difficult to pick which one you should go to.<\/p>\n<p>Si quieres echar un polvo en Tailandia con <strong>chicas calientes gratis<\/strong>, <a href=\"https:\/\/afarangabroad.com\/es\/thai-friendly-dating\/\" target=\"_blank\" rel=\"noopener noreferrer\">consulte este art\u00edculo<\/a>.<\/p>\n<p><a href=\"https:\/\/afarangabroad.com\/es\/thai-friendly-dating\/\" target=\"_blank\" rel=\"noopener noreferrer\"><img loading=\"lazy\" decoding=\"async\" class=\"aligncenter size-large wp-image-7256\" src=\"https:\/\/afarangabroad.com\/wp-content\/uploads\/2016\/06\/Meet-Thai-girls-1024x691.png\" alt=\"Conocer chicas tailandesas\" width=\"600\" height=\"405\" srcset=\"https:\/\/afarangabroad.com\/wp-content\/uploads\/2016\/06\/Meet-Thai-girls-1024x691.png 1024w, https:\/\/afarangabroad.com\/wp-content\/uploads\/2016\/06\/Meet-Thai-girls-300x202.png 300w, https:\/\/afarangabroad.com\/wp-content\/uploads\/2016\/06\/Meet-Thai-girls-720x486.png 720w, https:\/\/afarangabroad.com\/wp-content\/uploads\/2016\/06\/Meet-Thai-girls.png 1038w\" sizes=\"(max-width: 600px) 100vw, 600px\" \/><\/a><\/p>\n<p>You can\u2019t enjoy the <a href=\"https:\/\/afarangabroad.com\/es\/bangkok-clubbing-guide__trashed\/clubes-limpios-de-bangkok\/\" target=\"_blank\" rel=\"noopener noreferrer\">Vida nocturna en Bangkok<\/a> en poco m\u00e1s de una noche, pero si est\u00e1 en tr\u00e1nsito y tendr\u00eda que pasar la noche en Bangkok.<\/p>\n<p>Usted puede tratar de visitar tal vez uno o dos clubes de caballeros Bangkok para tener el sabor de un estilo de vida nocturno de lujo, es decir, si usted tiene el dinero para gastar. La mayor\u00eda de los clubes de caballeros cuestan m\u00e1s que un club nocturno o un bar.<\/p>\n<p>Aqu\u00ed he enumerado los clubs de caballeros que puedes encontrar en Bangkok y quiz\u00e1s te ayude a decidir cu\u00e1l es el mejor para pasar unas horas y gastar tu dinero (porque todos sabemos que las bebidas y las mujeres son especialmente caras en este tipo de lugares).<\/p>\n<h2>\u00a0<\/h2>\n<\/h2>\n<h2 class=\"wp-embed-aspect-4-3 wp-has-aspect-ratio wp-block-heading\">Body Bliss Masaje Bangkok<\/h2>\n<h2>\n<\/h2>\n<p class=\"wp-embed-aspect-4-3 wp-has-aspect-ratio\">Body Bliss Massage es un nuevo pero muy buen servicio de masajes a domicilio donde se puede conseguir handjobs en Bangkok. Ofrecen servicios tanto para hombres como para mujeres.<\/p>\n<p><a href=\"https:\/\/bodyblissbangkok.com\/\" target=\"_blank\" rel=\"noopener\"><img loading=\"lazy\" decoding=\"async\" class=\"alignright wp-image-10396 size-full\" src=\"https:\/\/afarangabroad.com\/wp-content\/uploads\/2018\/11\/body-bliss-bangkok.jpg\" alt=\"body bliss bangkok\" width=\"820\" height=\"312\" srcset=\"https:\/\/afarangabroad.com\/wp-content\/uploads\/2018\/11\/body-bliss-bangkok.jpg 820w, https:\/\/afarangabroad.com\/wp-content\/uploads\/2018\/11\/body-bliss-bangkok-300x114.jpg 300w, https:\/\/afarangabroad.com\/wp-content\/uploads\/2018\/11\/body-bliss-bangkok-768x292.jpg 768w\" sizes=\"(max-width: 820px) 100vw, 820px\" \/><\/a><\/p>\n<h2>\n<\/h2>\n<figure class=\"wp-block-embed is-type-video is-provider-youtube wp-block-embed-youtube wp-embed-aspect-4-3 wp-has-aspect-ratio\"><\/figure>\n<p class=\"wp-embed-aspect-4-3 wp-has-aspect-ratio\">Tienen una gama de masajes incluyendo jabonosa y pr\u00f3stata . Usted puede ver todas sus chicas, pero visitando su sitio web en <a href=\"http:\/\/www.bodyblissbangkok.com\/\" target=\"_blank\" rel=\"nofollow noopener noreferrer\">BodyBlissBangkok.com<\/a><\/p>","protected":false},"excerpt":{"rendered":"<p>In this article you will learn where to find Gentlemen club&#8217;s in Bangkok. If you are fond of the Bangkok nightlife, you should have heard about gentlemen\u2019s club. There are several gentlemen\u2019s clubs in Bangkok that sometimes it is difficult to pick which one you should go to. If you want to get laid in [&hellip;]<\/p>","protected":false},"author":2,"featured_media":4423,"parent":0,"menu_order":0,"comment_status":"open","ping_status":"open","template":"","meta":{"_exactmetrics_skip_tracking":false,"_exactmetrics_sitenote_active":false,"_exactmetrics_sitenote_note":"","_exactmetrics_sitenote_category":0,"footnotes":""},"categories":[298],"tags":[],"class_list":["post-6829","page","type-page","status-publish","has-post-thumbnail","hentry","category-bangkok-nightlife"],"yoast_head":"<!-- This site is optimized with the Yoast SEO plugin v20.1 - https:\/\/yoast.com\/wordpress\/plugins\/seo\/ -->\n<title>Top 10 Gentlemen Clubs In Bangkok - A Farang Abroad<\/title>\n<meta name=\"description\" content=\"Thinking about visiting a gentlemen&#039;s club in Bangkok? Here&#039;s 10 G clubs in Thailand to visit with maps, prices and further information.\" \/>\n<meta name=\"robots\" content=\"index, follow, max-snippet:-1, max-image-preview:large, max-video-preview:-1\" \/>\n<link rel=\"canonical\" href=\"https:\/\/afarangabroad.com\/es\/club-de-caballeros-bangkok\/\" \/>\n<meta property=\"og:locale\" content=\"es_ES\" \/>\n<meta property=\"og:type\" content=\"article\" \/>\n<meta property=\"og:title\" content=\"Top 10 Gentlemen Clubs In Bangkok - A Farang Abroad\" \/>\n<meta property=\"og:description\" content=\"Thinking about visiting a gentlemen&#039;s club in Bangkok? Here&#039;s 10 G clubs in Thailand to visit with maps, prices and further information.\" \/>\n<meta property=\"og:url\" content=\"https:\/\/afarangabroad.com\/es\/club-de-caballeros-bangkok\/\" \/>\n<meta property=\"og:site_name\" content=\"A Farang Abroad\" \/>\n<meta property=\"article:modified_time\" content=\"2024-10-16T05:35:47+00:00\" \/>\n<meta property=\"og:image\" content=\"https:\/\/afarangabroad.com\/wp-content\/uploads\/2015\/01\/go-go-bar-bangkok-1024x1024-1024x1024.jpg\" \/>\n\t<meta property=\"og:image:width\" content=\"1024\" \/>\n\t<meta property=\"og:image:height\" content=\"1024\" \/>\n\t<meta property=\"og:image:type\" content=\"image\/jpeg\" \/>\n<meta name=\"twitter:label1\" content=\"Tiempo de lectura\" \/>\n\t<meta name=\"twitter:data1\" content=\"7 minutos\" \/>\n<script type=\"application\/ld+json\" class=\"yoast-schema-graph\">{\"@context\":\"https:\/\/schema.org\",\"@graph\":[{\"@type\":\"WebPage\",\"@id\":\"https:\/\/afarangabroad.com\/gentlemen-club-bangkok\/\",\"url\":\"https:\/\/afarangabroad.com\/gentlemen-club-bangkok\/\",\"name\":\"Top 10 Gentlemen Clubs In Bangkok - A Farang Abroad\",\"isPartOf\":{\"@id\":\"https:\/\/afarangabroad.com\/#website\"},\"datePublished\":\"2016-01-09T08:30:53+00:00\",\"dateModified\":\"2024-10-16T05:35:47+00:00\",\"description\":\"Thinking about visiting a gentlemen's club in Bangkok? Here's 10 G clubs in Thailand to visit with maps, prices and further information.\",\"breadcrumb\":{\"@id\":\"https:\/\/afarangabroad.com\/gentlemen-club-bangkok\/#breadcrumb\"},\"inLanguage\":\"es\",\"potentialAction\":[{\"@type\":\"ReadAction\",\"target\":[\"https:\/\/afarangabroad.com\/gentlemen-club-bangkok\/\"]}]},{\"@type\":\"BreadcrumbList\",\"@id\":\"https:\/\/afarangabroad.com\/gentlemen-club-bangkok\/#breadcrumb\",\"itemListElement\":[{\"@type\":\"ListItem\",\"position\":1,\"name\":\"Home\",\"item\":\"https:\/\/afarangabroad.com\/\"},{\"@type\":\"ListItem\",\"position\":2,\"name\":\"Top 10 Gentlemen Clubs In Bangkok\"}]},{\"@type\":\"WebSite\",\"@id\":\"https:\/\/afarangabroad.com\/#website\",\"url\":\"https:\/\/afarangabroad.com\/\",\"name\":\"A Farang Abroad\",\"description\":\"Your secret guide to Asia&#039;s sexiest nightlife.\",\"potentialAction\":[{\"@type\":\"SearchAction\",\"target\":{\"@type\":\"EntryPoint\",\"urlTemplate\":\"https:\/\/afarangabroad.com\/?s={search_term_string}\"},\"query-input\":\"required name=search_term_string\"}],\"inLanguage\":\"es\"}]}<\/script>\n<!-- \/ Yoast SEO plugin. -->","yoast_head_json":{"title":"Top 10 Gentlemen Clubs In Bangkok - A Farang Abroad","description":"Thinking about visiting a gentlemen's club in Bangkok? Here's 10 G clubs in Thailand to visit with maps, prices and further information.","robots":{"index":"index","follow":"follow","max-snippet":"max-snippet:-1","max-image-preview":"max-image-preview:large","max-video-preview":"max-video-preview:-1"},"canonical":"https:\/\/afarangabroad.com\/es\/club-de-caballeros-bangkok\/","og_locale":"es_ES","og_type":"article","og_title":"Top 10 Gentlemen Clubs In Bangkok - A Farang Abroad","og_description":"Thinking about visiting a gentlemen's club in Bangkok? Here's 10 G clubs in Thailand to visit with maps, prices and further information.","og_url":"https:\/\/afarangabroad.com\/es\/club-de-caballeros-bangkok\/","og_site_name":"A Farang Abroad","article_modified_time":"2024-10-16T05:35:47+00:00","og_image":[{"width":1024,"height":1024,"url":"https:\/\/afarangabroad.com\/wp-content\/uploads\/2015\/01\/go-go-bar-bangkok-1024x1024-1024x1024.jpg","type":"image\/jpeg"}],"twitter_misc":{"Tiempo de lectura":"7 minutos"},"schema":{"@context":"https:\/\/schema.org","@graph":[{"@type":"WebPage","@id":"https:\/\/afarangabroad.com\/gentlemen-club-bangkok\/","url":"https:\/\/afarangabroad.com\/gentlemen-club-bangkok\/","name":"Top 10 Gentlemen Clubs In Bangkok - A Farang Abroad","isPartOf":{"@id":"https:\/\/afarangabroad.com\/#website"},"datePublished":"2016-01-09T08:30:53+00:00","dateModified":"2024-10-16T05:35:47+00:00","description":"Thinking about visiting a gentlemen's club in Bangkok? Here's 10 G clubs in Thailand to visit with maps, prices and further information.","breadcrumb":{"@id":"https:\/\/afarangabroad.com\/gentlemen-club-bangkok\/#breadcrumb"},"inLanguage":"es","potentialAction":[{"@type":"ReadAction","target":["https:\/\/afarangabroad.com\/gentlemen-club-bangkok\/"]}]},{"@type":"BreadcrumbList","@id":"https:\/\/afarangabroad.com\/gentlemen-club-bangkok\/#breadcrumb","itemListElement":[{"@type":"ListItem","position":1,"name":"Home","item":"https:\/\/afarangabroad.com\/"},{"@type":"ListItem","position":2,"name":"Top 10 Gentlemen Clubs In Bangkok"}]},{"@type":"WebSite","@id":"https:\/\/afarangabroad.com\/#website","url":"https:\/\/afarangabroad.com\/","name":"A Farang Abroad","description":"Your secret guide to Asia&#039;s sexiest nightlife.","potentialAction":[{"@type":"SearchAction","target":{"@type":"EntryPoint","urlTemplate":"https:\/\/afarangabroad.com\/?s={search_term_string}"},"query-input":"required name=search_term_string"}],"inLanguage":"es"}]}},"_links":{"self":[{"href":"https:\/\/afarangabroad.com\/es\/wp-json\/wp\/v2\/pages\/6829"}],"collection":[{"href":"https:\/\/afarangabroad.com\/es\/wp-json\/wp\/v2\/pages"}],"about":[{"href":"https:\/\/afarangabroad.com\/es\/wp-json\/wp\/v2\/types\/page"}],"author":[{"embeddable":true,"href":"https:\/\/afarangabroad.com\/es\/wp-json\/wp\/v2\/users\/2"}],"replies":[{"embeddable":true,"href":"https:\/\/afarangabroad.com\/es\/wp-json\/wp\/v2\/comments?post=6829"}],"version-history":[{"count":5,"href":"https:\/\/afarangabroad.com\/es\/wp-json\/wp\/v2\/pages\/6829\/revisions"}],"predecessor-version":[{"id":513635,"href":"https:\/\/afarangabroad.com\/es\/wp-json\/wp\/v2\/pages\/6829\/revisions\/513635"}],"wp:featuredmedia":[{"embeddable":true,"href":"https:\/\/afarangabroad.com\/es\/wp-json\/wp\/v2\/media\/4423"}],"wp:attachment":[{"href":"https:\/\/afarangabroad.com\/es\/wp-json\/wp\/v2\/media?parent=6829"}],"wp:term":[{"taxonomy":"category","embeddable":true,"href":"https:\/\/afarangabroad.com\/es\/wp-json\/wp\/v2\/categories?post=6829"},{"taxonomy":"post_tag","embeddable":true,"href":"https:\/\/afarangabroad.com\/es\/wp-json\/wp\/v2\/tags?post=6829"}],"curies":[{"name":"wp","href":"https:\/\/api.w.org\/{rel}","templated":true}]}}