{"id":6951,"date":"2016-02-10T09:49:36","date_gmt":"2016-02-10T09:49:36","guid":{"rendered":"https:\/\/afarangabroad.com\/?p=6951"},"modified":"2019-01-15T06:01:33","modified_gmt":"2019-01-15T06:01:33","slug":"ho-chi-minh-nightlife-guide","status":"publish","type":"page","link":"https:\/\/afarangabroad.com\/es\/guia-de-la-vida-nocturna-en-ho-chi-minh\/","title":{"rendered":"Gu\u00eda de la vida nocturna de Ho Chi Minh"},"content":{"rendered":"<p>Ho Chi Minh es una ciudad interesante, rica en cultura y tradici\u00f3n.<\/p>\n<p>Si desea obtener <strong>puesto<\/strong> con <a class=\"mozbar-highlight-followed-wGA7MhRhQ3WS\" href=\"https:\/\/afarangabroad.com\/es\/chicas-vietnamitas\/\" target=\"_blank\" rel=\"noopener\">Chicas vietnamitas<\/a> gratis, <a class=\"mozbar-highlight-followed-wGA7MhRhQ3WS\" href=\"https:\/\/afarangabroad.com\/es\/vietnam-cupid\/\" target=\"_blank\" rel=\"noopener\">consulte este art\u00edculo<\/a>.<\/p>\n<p>Una ciudad totalmente cargada de tentadores destinos tur\u00edsticos que es innegable que disfrutan los mochileros, viajeros e incluso los residentes locales de la ciudad. A pesar de que la ciudad tiene su cultura inculcada en ellos hasta ahora, todav\u00eda podemos encontrar y disfrutar de Ho Chi Minh City vida nocturna all\u00ed.<\/p>\n<p>Cuando se visita la exquisita ciudad de Ho Chi Minh, las escenas que podemos encontrar var\u00edan realmente seg\u00fan el distrito en el que nos encontremos; el Distrito 1 ofrece un estilo de fiesta en el que hay bares en las azoteas, discotecas ostentosas, casinos de lujo e incluso bandas de jazz que permanecen abiertas hasta las 3 de la madrugada o incluso m\u00e1s tarde. Mientras tanto.<\/p>\n<p>Los distritos 3 y 5 est\u00e1n repletos de calles concurridas donde podemos encontrar bares y pubs, m\u00fasica en directo, comida barata y un buen ambiente creado por sus amables habitantes.<\/p>\n<p><iframe loading=\"lazy\" width=\"678\" height=\"381\" src=\"https:\/\/www.youtube.com\/embed\/vjsHj0r2qR0?feature=oembed\" frameborder=\"0\" allowfullscreen><\/iframe><\/p>\n<p>For those who are looking forward on visiting Ho Chi Minh and experience the Ho Chi Minh nightlife from the city\u2019s tourist spots to local people, here is a list of places and experience that you should definitely try when you are in the place:<\/p>\n<h2><strong>Divi\u00e9rtete y ten suerte en el casino<\/strong><\/h2>\n<p>Una de las mejores bazas de Ho Chi Minh son sus casinos, que se encuentran en varios de sus grandes hoteles. Dos de los m\u00e1s grandes se encuentran en el Hotel Caravelle y en el Shiraton Saigon Hotel and Towers.<\/p>\n<p>Casinos here in Ho Chi Minh might not be as big as the casinos in Las Vegas but travelers and backpacker are as well into trying their games and although Ho Chi Minh casinos just have hold em\u2019 poker in their computers, players can still play mah-jong and other games available in their slot machines.<\/p>\n<p><iframe loading=\"lazy\" style=\"border: 0;\" src=\"https:\/\/www.google.com\/maps\/embed?pb=!1m18!1m12!1m3!1d3919.4525470450303!2d106.70151211462094!3d10.776609762137559!2m3!1f0!2f0!3f0!3m2!1i1024!2i768!4f13.1!3m3!1m2!1s0x31752f467a55ff73%3A0x10584ab251c7f7b6!2sCaravelle+Saigon!5e0!3m2!1sen!2sth!4v1455097259854\" width=\"600\" height=\"450\" frameborder=\"0\" allowfullscreen=\"allowfullscreen\"><\/iframe><\/p>\n<h2><strong>Disfrutar de un vaso de cerveza en un bar en la azotea<\/strong><\/h2>\n<p>\u00bfBusca una ciudad que tenga una de las mayores colecciones de bares en azoteas? Pues bien, Ho Chi Minh es lo que est\u00e1 buscando, porque la ciudad ofrece un mont\u00f3n de bares en azoteas que van desde el encanto colonial hasta el estilo elegante y moderno que sin duda se adaptar\u00e1 a su estado de \u00e1nimo.<\/p>","protected":false},"excerpt":{"rendered":"<p>Ho Chi Minh is an interesting city that is rich in culture and tradition. If you want to get laid with Vietnamese girls for free, check out this article. A city fully loaded with tantalizing tourist destination that is undeniable enjoyed by the backpackers, travelers and even the local residences of the city. Even though [&hellip;]<\/p>","protected":false},"author":2,"featured_media":6965,"parent":0,"menu_order":0,"comment_status":"open","ping_status":"open","template":"","meta":{"_exactmetrics_skip_tracking":false,"_exactmetrics_sitenote_active":false,"_exactmetrics_sitenote_note":"","_exactmetrics_sitenote_category":0,"footnotes":""},"categories":[328],"tags":[],"class_list":["post-6951","page","type-page","status-publish","has-post-thumbnail","hentry","category-vietnam"],"yoast_head":"<!-- This site is optimized with the Yoast SEO plugin v20.1 - https:\/\/yoast.com\/wordpress\/plugins\/seo\/ -->\n<title>Ho Chi Minh Nightlife Guide - A Farang Abroad<\/title>\n<meta name=\"description\" content=\"Not sure where to go in Ho Chi Minh Nightlife? Here&#039;s my Ho Chi Minh Nightlife guide which includes interactive maps and a list of the best clubs.\" \/>\n<meta name=\"robots\" content=\"index, follow, max-snippet:-1, max-image-preview:large, max-video-preview:-1\" \/>\n<link rel=\"canonical\" href=\"https:\/\/afarangabroad.com\/es\/guia-de-la-vida-nocturna-en-ho-chi-minh\/\" \/>\n<meta property=\"og:locale\" content=\"es_ES\" \/>\n<meta property=\"og:type\" content=\"article\" \/>\n<meta property=\"og:title\" content=\"Ho Chi Minh Nightlife Guide - A Farang Abroad\" \/>\n<meta property=\"og:description\" content=\"Not sure where to go in Ho Chi Minh Nightlife? Here&#039;s my Ho Chi Minh Nightlife guide which includes interactive maps and a list of the best clubs.\" \/>\n<meta property=\"og:url\" content=\"https:\/\/afarangabroad.com\/es\/guia-de-la-vida-nocturna-en-ho-chi-minh\/\" \/>\n<meta property=\"og:site_name\" content=\"A Farang Abroad\" \/>\n<meta property=\"article:modified_time\" content=\"2019-01-15T06:01:33+00:00\" \/>\n<meta property=\"og:image\" content=\"https:\/\/afarangabroad.com\/wp-content\/uploads\/2016\/02\/12646707_1245732565444133_704464604074605354_o.jpg\" \/>\n\t<meta property=\"og:image:width\" content=\"1000\" \/>\n\t<meta property=\"og:image:height\" content=\"667\" \/>\n\t<meta property=\"og:image:type\" content=\"image\/jpeg\" \/>\n<meta name=\"twitter:label1\" content=\"Tiempo de lectura\" \/>\n\t<meta name=\"twitter:data1\" content=\"12 minutos\" \/>\n<script type=\"application\/ld+json\" class=\"yoast-schema-graph\">{\"@context\":\"https:\/\/schema.org\",\"@graph\":[{\"@type\":\"WebPage\",\"@id\":\"https:\/\/afarangabroad.com\/ho-chi-minh-nightlife-guide\/\",\"url\":\"https:\/\/afarangabroad.com\/ho-chi-minh-nightlife-guide\/\",\"name\":\"Ho Chi Minh Nightlife Guide - A Farang Abroad\",\"isPartOf\":{\"@id\":\"https:\/\/afarangabroad.com\/#website\"},\"datePublished\":\"2016-02-10T09:49:36+00:00\",\"dateModified\":\"2019-01-15T06:01:33+00:00\",\"description\":\"Not sure where to go in Ho Chi Minh Nightlife? Here's my Ho Chi Minh Nightlife guide which includes interactive maps and a list of the best clubs.\",\"breadcrumb\":{\"@id\":\"https:\/\/afarangabroad.com\/ho-chi-minh-nightlife-guide\/#breadcrumb\"},\"inLanguage\":\"es\",\"potentialAction\":[{\"@type\":\"ReadAction\",\"target\":[\"https:\/\/afarangabroad.com\/ho-chi-minh-nightlife-guide\/\"]}]},{\"@type\":\"BreadcrumbList\",\"@id\":\"https:\/\/afarangabroad.com\/ho-chi-minh-nightlife-guide\/#breadcrumb\",\"itemListElement\":[{\"@type\":\"ListItem\",\"position\":1,\"name\":\"Home\",\"item\":\"https:\/\/afarangabroad.com\/\"},{\"@type\":\"ListItem\",\"position\":2,\"name\":\"Ho Chi Minh Nightlife Guide\"}]},{\"@type\":\"WebSite\",\"@id\":\"https:\/\/afarangabroad.com\/#website\",\"url\":\"https:\/\/afarangabroad.com\/\",\"name\":\"A Farang Abroad\",\"description\":\"Your secret guide to Asia&#039;s sexiest nightlife.\",\"potentialAction\":[{\"@type\":\"SearchAction\",\"target\":{\"@type\":\"EntryPoint\",\"urlTemplate\":\"https:\/\/afarangabroad.com\/?s={search_term_string}\"},\"query-input\":\"required name=search_term_string\"}],\"inLanguage\":\"es\"}]}<\/script>\n<!-- \/ Yoast SEO plugin. -->","yoast_head_json":{"title":"Ho Chi Minh Nightlife Guide - A Farang Abroad","description":"Not sure where to go in Ho Chi Minh Nightlife? Here's my Ho Chi Minh Nightlife guide which includes interactive maps and a list of the best clubs.","robots":{"index":"index","follow":"follow","max-snippet":"max-snippet:-1","max-image-preview":"max-image-preview:large","max-video-preview":"max-video-preview:-1"},"canonical":"https:\/\/afarangabroad.com\/es\/guia-de-la-vida-nocturna-en-ho-chi-minh\/","og_locale":"es_ES","og_type":"article","og_title":"Ho Chi Minh Nightlife Guide - A Farang Abroad","og_description":"Not sure where to go in Ho Chi Minh Nightlife? Here's my Ho Chi Minh Nightlife guide which includes interactive maps and a list of the best clubs.","og_url":"https:\/\/afarangabroad.com\/es\/guia-de-la-vida-nocturna-en-ho-chi-minh\/","og_site_name":"A Farang Abroad","article_modified_time":"2019-01-15T06:01:33+00:00","og_image":[{"width":1000,"height":667,"url":"https:\/\/afarangabroad.com\/wp-content\/uploads\/2016\/02\/12646707_1245732565444133_704464604074605354_o.jpg","type":"image\/jpeg"}],"twitter_misc":{"Tiempo de lectura":"12 minutos"},"schema":{"@context":"https:\/\/schema.org","@graph":[{"@type":"WebPage","@id":"https:\/\/afarangabroad.com\/ho-chi-minh-nightlife-guide\/","url":"https:\/\/afarangabroad.com\/ho-chi-minh-nightlife-guide\/","name":"Ho Chi Minh Nightlife Guide - A Farang Abroad","isPartOf":{"@id":"https:\/\/afarangabroad.com\/#website"},"datePublished":"2016-02-10T09:49:36+00:00","dateModified":"2019-01-15T06:01:33+00:00","description":"Not sure where to go in Ho Chi Minh Nightlife? Here's my Ho Chi Minh Nightlife guide which includes interactive maps and a list of the best clubs.","breadcrumb":{"@id":"https:\/\/afarangabroad.com\/ho-chi-minh-nightlife-guide\/#breadcrumb"},"inLanguage":"es","potentialAction":[{"@type":"ReadAction","target":["https:\/\/afarangabroad.com\/ho-chi-minh-nightlife-guide\/"]}]},{"@type":"BreadcrumbList","@id":"https:\/\/afarangabroad.com\/ho-chi-minh-nightlife-guide\/#breadcrumb","itemListElement":[{"@type":"ListItem","position":1,"name":"Home","item":"https:\/\/afarangabroad.com\/"},{"@type":"ListItem","position":2,"name":"Ho Chi Minh Nightlife Guide"}]},{"@type":"WebSite","@id":"https:\/\/afarangabroad.com\/#website","url":"https:\/\/afarangabroad.com\/","name":"A Farang Abroad","description":"Your secret guide to Asia&#039;s sexiest nightlife.","potentialAction":[{"@type":"SearchAction","target":{"@type":"EntryPoint","urlTemplate":"https:\/\/afarangabroad.com\/?s={search_term_string}"},"query-input":"required name=search_term_string"}],"inLanguage":"es"}]}},"_links":{"self":[{"href":"https:\/\/afarangabroad.com\/es\/wp-json\/wp\/v2\/pages\/6951"}],"collection":[{"href":"https:\/\/afarangabroad.com\/es\/wp-json\/wp\/v2\/pages"}],"about":[{"href":"https:\/\/afarangabroad.com\/es\/wp-json\/wp\/v2\/types\/page"}],"author":[{"embeddable":true,"href":"https:\/\/afarangabroad.com\/es\/wp-json\/wp\/v2\/users\/2"}],"replies":[{"embeddable":true,"href":"https:\/\/afarangabroad.com\/es\/wp-json\/wp\/v2\/comments?post=6951"}],"version-history":[{"count":0,"href":"https:\/\/afarangabroad.com\/es\/wp-json\/wp\/v2\/pages\/6951\/revisions"}],"wp:featuredmedia":[{"embeddable":true,"href":"https:\/\/afarangabroad.com\/es\/wp-json\/wp\/v2\/media\/6965"}],"wp:attachment":[{"href":"https:\/\/afarangabroad.com\/es\/wp-json\/wp\/v2\/media?parent=6951"}],"wp:term":[{"taxonomy":"category","embeddable":true,"href":"https:\/\/afarangabroad.com\/es\/wp-json\/wp\/v2\/categories?post=6951"},{"taxonomy":"post_tag","embeddable":true,"href":"https:\/\/afarangabroad.com\/es\/wp-json\/wp\/v2\/tags?post=6951"}],"curies":[{"name":"wp","href":"https:\/\/api.w.org\/{rel}","templated":true}]}}