{"id":7067,"date":"2016-03-08T08:27:46","date_gmt":"2016-03-08T08:27:46","guid":{"rendered":"https:\/\/afarangabroad.com\/?p=7067"},"modified":"2025-06-25T02:45:11","modified_gmt":"2025-06-25T01:45:11","slug":"hanoi-nightlife","status":"publish","type":"page","link":"https:\/\/afarangabroad.com\/es\/hanoi-nightlife\/","title":{"rendered":"Gu\u00eda de la vida nocturna de Han\u00f3i para principiantes"},"content":{"rendered":"In this article I talk about the best nightlife spots in Hanoi.\n\nHanoi is a vibrant city and houses the 2<sup>nd<\/sup> largest population in Vietnam. But we are not going to focus on what Hanoi\u2019s rich history is; instead this is to point out Hanoi\u2019s nightlife.\n\nHanoi nightlife is like no other with lots of <a href=\"https:\/\/afarangabroad.com\/es\/hanoi-girls\/\">local girls<\/a>. Here are some of the best places that you can go to and do when you are in the city to enjoy the most of what it has to offer:\n\nIf you want to meet <a href=\"https:\/\/afarangabroad.com\/es\/chicas-vietnamitas\/\" target=\"_blank\" rel=\"noopener\">Chicas vietnamitas<\/a> gratis, entonces <a href=\"https:\/\/afarangabroad.com\/es\/vietnam-cupid\/\" target=\"_blank\" rel=\"noopener\">consulte este art\u00edculo<\/a>.\n\n<a href=\"https:\/\/afarangabroad.com\/es\/vietnam-cupid\/\" target=\"_blank\" rel=\"noopener\"><img loading=\"lazy\" decoding=\"async\" class=\"aligncenter size-large wp-image-7258\" src=\"https:\/\/afarangabroad.com\/wp-content\/uploads\/2016\/06\/Meet-Viet-Girls1-1024x691.png\" alt=\"\" width=\"600\" height=\"405\" srcset=\"https:\/\/afarangabroad.com\/wp-content\/uploads\/2016\/06\/Meet-Viet-Girls1-1024x691.png 1024w, https:\/\/afarangabroad.com\/wp-content\/uploads\/2016\/06\/Meet-Viet-Girls1-300x202.png 300w, https:\/\/afarangabroad.com\/wp-content\/uploads\/2016\/06\/Meet-Viet-Girls1-720x486.png 720w, https:\/\/afarangabroad.com\/wp-content\/uploads\/2016\/06\/Meet-Viet-Girls1.png 1038w\" sizes=\"(max-width: 600px) 100vw, 600px\" \/><\/a>\n\nJust like any other countries in South East Asia, Hanoi also has its best nightclubs and bars. You can be able to find the widest selection of pubs, nightclubs, and bars within the Old Quarter so it is not so hard to miss. You can choose from the upscale type to the side street type, it does not matter as long as you have good fun the <a href=\"https:\/\/afarangabroad.com\/es\/sexo-en-hanoi\/\">Hanoi way and find sex<\/a>.\n\nThe only downside is that you can\u2019t compare Hanoi\u2019s nightlife to any other nightlife in Bangkok or <a href=\"https:\/\/afarangabroad.com\/es\/sex-ho-chi-minh\/\" target=\"_blank\" rel=\"noopener\">Ho Chi Minh City nightlife<\/a>, because it couldn\u2019t get as dirty as the latter. Prostitution is visible but can only be found within the upscale bars from the hotels (but just beware of the scams as it is just prominent).\n<h2 class=\"wp-block-heading\">J Spa &amp; Massage<\/h2>\n<!-- \/wp:heading --> <!-- wp:embed {\"url\":\"https:\/\/www.youtube.com\/watch?v=9rwVmUAqLvI\",\"providerNameSlug\":\"youtube\",\"responsive\":true} -->\n<figure class=\"wp-block-embed is-provider-youtube wp-block-embed-youtube\">\n<div class=\"wp-block-embed__wrapper\"><!-- wp:image {\"id\":513743,\"sizeSlug\":\"large\",\"linkDestination\":\"none\"} -->\n<figure class=\"wp-block-image size-large\"><img loading=\"lazy\" decoding=\"async\" width=\"1024\" height=\"682\" class=\"wp-image-513743\" src=\"https:\/\/afarangabroad.com\/wp-content\/uploads\/2025\/05\/jspa-1024x682.jpeg\" alt=\"\" srcset=\"https:\/\/afarangabroad.com\/wp-content\/uploads\/2025\/05\/jspa-1024x682.jpeg 1024w, https:\/\/afarangabroad.com\/wp-content\/uploads\/2025\/05\/jspa-300x200.jpeg 300w, https:\/\/afarangabroad.com\/wp-content\/uploads\/2025\/05\/jspa-768x512.jpeg 768w, https:\/\/afarangabroad.com\/wp-content\/uploads\/2025\/05\/jspa-1536x1024.jpeg 1536w, https:\/\/afarangabroad.com\/wp-content\/uploads\/2025\/05\/jspa-2048x1365.jpeg 2048w, https:\/\/afarangabroad.com\/wp-content\/uploads\/2025\/05\/jspa-18x12.jpeg 18w\" sizes=\"(max-width: 1024px) 100vw, 1024px\" \/><\/figure>\n<!-- \/wp:image -->\n\n<\/div><\/figure>\n<!-- \/wp:embed --> <!-- wp:paragraph -->\n\nSituado en el n\u00famero 168 de la calle Ngoc Khanh, en el distrito Ba Dinh de Han\u00f3i, J Spa &amp; Massage es un destino de primera para los caballeros que buscan una experiencia de relajaci\u00f3n refinada y de alta gama en el coraz\u00f3n de la capital de Vietnam. Se trata de unas instalaciones recientemente renovadas, tras el exitoso traslado desde su anterior direcci\u00f3n en Cung Xuan, Vo Thi Sau, donde el spa llevaba funcionando con orgullo m\u00e1s de seis a\u00f1os con una s\u00f3lida reputaci\u00f3n y una clientela fiel.\n\n<!-- \/wp:paragraph --> <!-- wp:paragraph -->\n\nJ Spa &amp; Massage es conocido sobre todo por su especializaci\u00f3n en masaje nuru, una terapia cuerpo a cuerpo distintiva dise\u00f1ada para liberar la tensi\u00f3n f\u00edsica, mejorar la circulaci\u00f3n y proporcionar una profunda relajaci\u00f3n emocional y f\u00edsica. Cada sesi\u00f3n se realiza en un entorno privado, respetuoso y profesional.\n\n<!-- \/wp:paragraph --> <!-- wp:paragraph -->\n\nEl spa presenta una elegante arquitectura neocl\u00e1sica con interiores artesanales chapados en oro de 24 quilates, que crean un ambiente de aut\u00e9ntico lujo. Los hu\u00e9spedes pueden elegir entre modernas salas de karaoke en la piscina o suites privadas de categor\u00eda real, adecuadas tanto para la relajaci\u00f3n individual como para el entretenimiento de peque\u00f1os grupos. Con su meticulosa atenci\u00f3n al dise\u00f1o y a la calidad del servicio, J Spa &amp; Massage ha sido reconocido como uno de los balnearios masculinos m\u00e1s bellos de Asia.\n\n<!-- \/wp:paragraph --> <!-- wp:paragraph -->\n\nSu equipo de m\u00e1s de 60 terapeutas j\u00f3venes, simp\u00e1ticas y formadas profesionalmente ha sido cuidadosamente instruido bajo la direcci\u00f3n de Nhung Lady, una respetada experta en bienestar masculino y terapia emocional. Cada sesi\u00f3n en J Spa &amp; Massage se realiza con excelencia t\u00e9cnica y atenci\u00f3n sincera.\n\n<!-- \/wp:paragraph --> <!-- wp:paragraph -->\n\nOne of the spa\u2019s most appreciated features is its transparent pricing, which is identical for both local and international guests, ensuring fairness and professionalism. Additionally, Visa and MasterCard payments are accepted without any swipe fees, offering added convenience for overseas visitors.\n\n<!-- \/wp:paragraph --> <!-- wp:paragraph -->\n\nContact Information:\nAddress: 168 Ngoc Khanh Street, Ba Dinh District, Hanoi, Vietnam\nWebsite:\u00a0<a href=\"http:\/\/www.jspamassage.com\/\">www.jspamassage.com<\/a>\n<div dir=\"auto\">L\u00ednea directa + 84973027979 (llamar, zalo)<\/div>\n<div dir=\"auto\">Whatsapp: +84972267979 (no llamar)<\/div>\n<div dir=\"auto\">Telegram id: @jspa001<\/div>\n<div dir=\"auto\">Wechat id: @jmassage01<\/div>\n<iframe loading=\"lazy\" src=\"https:\/\/www.google.com\/maps\/embed?pb=!1m14!1m8!1m3!1d14898.727936946609!2d105.856289!3d21.0053812!3m2!1i1024!2i768!4f13.1!3m3!1m2!1s0x3135ab796e61d2e5%3A0x55eefeee1e46b325!2zSiBOdXJ1IE1hc3NhZ2Ugc-G7kSAxIEjDoCBO4buZaQ!5e0!3m2!1sen!2sth!4v1688019705628!5m2!1sen!2sth\" width=\"400\" height=\"300\" allowfullscreen=\"allowfullscreen\" data-mce-fragment=\"1\"><\/iframe>\n\n<strong>Here\u2019s a classification of different nightlife in Hanoi:<\/strong>\n<h2><strong>Discotecas<\/strong><\/h2>\nGoing to nightclubs is probably the best idea and place to hang out and have a couple of drinks for you and your friends if you are into the loud and techno music.\n\nGoing to Da Nang or Hoi Ann on this trip? Then read my nightlife guides on them below:\n\n<a href=\"https:\/\/afarangabroad.com\/es\/da-nang-nightlife-girls\/\">Where to meet local girls in Da Nang<\/a>\n\n<a href=\"https:\/\/afarangabroad.com\/es\/hoi-nightlife-girls\/\">Where to party in Hoi Ann<\/a>\n\nMost patrons consist of young locals and expats. Most of these places offer cocktails, beers and liquors. They also have happy hour and drinks are usually priced fair starting at 70,000 VND.\n<h2><strong><u>Bars\/ Lounges<\/u><\/strong><\/h2>\nBars are a bit tame compared to nightclubs \u2013 in Hanoi they also have different types of bars ranging from sports to themed-bars or classified based on the music they are playing (such as Binh Minh\u2019s Jazz bar).\n\nIf you want to check out <a href=\"https:\/\/afarangabroad.com\/es\/putas-vietnam\/\">Vietnamese hookers<\/a>, read my <a href=\"https:\/\/afarangabroad.com\/es\/barrio-rojo-de-hanoi\/\">Hanoi Red light guide<\/a>.\n<h2><strong><u>Beer Gardens\/ Side Street Bars<\/u><\/strong><\/h2>\nIf you want to have the open type or having a drink or two al fresco, beer gardens or side street bars are the places to go. These places are patronized mostly my locals and even foreigners because of its unique twist. They offer local shows and local draft beers which are also sold at a very reasonable price.\n\n<em>Relacionado: descubra d\u00f3nde est\u00e1n los mejores <a href=\"https:\/\/afarangabroad.com\/es\/massages-vietnam\/\" target=\"_blank\" rel=\"noopener\">masajes sexuales en Vietnam<\/a> son.\u00a0<\/em>\n\n<strong>Top places to experience Hanoi Nightlife: <\/strong>\n\nTo give you a tip on which places to visit for a fun Hanoi nightlife, here\u2019s a couple of them &#8211;\n<h2><strong>Sunset Bar at InterContinental<\/strong><\/h2>\nIf you are a fan of upscale bars, then Sunset Bar is the place. Located on a man-made island at InterContinental Hanoi West Lake, this is a nice place to relax and have a drink or two (that is, if the budget permits). The interior is very updated, urban and classy at the same time. They offer a wide range of liquors, cocktails and even local or imported beers which start from 90,000 VND. They also have a happy hour in between 5 pm to 7 pm and they are open from 4pm to 12 midnight.\n<ul>\n \t<li><a href=\"https:\/\/www.facebook.com\/pages\/Sunset-Bar-At-Intercontinental-Hotel-Hanoi\/219563634725981\" target=\"_blank\" rel=\"noopener\">P\u00e1gina de Facebook<\/a><\/li>\n<\/ul>\n<h2><strong>O\u2019Leary\u2019s Sports Bar<\/strong><\/h2>\nIf you are a sports fan, O\u2019Leary\u2019s is your place of destination. The place is a reputable bar with branches sprawled in few other countries. Their interior design will take you back to some of the highlights of sports events through its memorabilia. They have cozy chairs and sofa, which is the typical Western sports bar ambiance. Expect to see draft beers but they also serve cocktails and spirits as well as the undying Western comfort food such as burgers and fries.\n<ul>\n \t<li><a href=\"https:\/\/www.facebook.com\/Olearys.vn\/\" target=\"_blank\" rel=\"noopener\">P\u00e1gina de Facebook <\/a><\/li>\n<\/ul>\n<h2><strong>Rockstore<\/strong><\/h2>\nRockstore also gives you the sports bar feel. It is a bar, pub and a restaurant in one situated in Old Quarter. The owner seems to like big music icons such as Jimi Hendrix, Elvis Presley and The Beatles so you can expect patrons who are also within the same age bracket. What\u2019s interesting is that they hold themed parties each week and that attracts young clients as well.\n\n<iframe loading=\"lazy\" style=\"border: 0;\" src=\"https:\/\/www.google.com\/maps\/embed?pb=!1m18!1m12!1m3!1d3723.9422977123277!2d105.8512706147247!3d21.0349946929418!2m3!1f0!2f0!3f0!3m2!1i1024!2i768!4f13.1!3m3!1m2!1s0x3135abc0bc66ba4f%3A0xed09eb46ced828bf!2sRockstore!5e0!3m2!1sen!2sth!4v1457425504945\" width=\"600\" height=\"450\" frameborder=\"0\" allowfullscreen=\"allowfullscreen\"><\/iframe>\n<h2><strong>Pressclub<\/strong><\/h2>\nPressclub is an upscale bar\/ restaurant which houses 2 \u2013star Michelin chef so you can expect to have gourmet food being served. If you don\u2019t have the budget, this is definitely not a good place to go. But you will be able to see foreigners here mostly having a drink or two.\n\n<iframe loading=\"lazy\" width=\"678\" height=\"381\" src=\"https:\/\/www.youtube.com\/embed\/SS-61Qw3G1c?feature=oembed\" frameborder=\"0\" allowfullscreen><\/iframe>\n<h2><strong>Binh Minh\u2019s Jazz Bar<\/strong><\/h2>\nIf you have eclectic taste and you feel that you would like to listen to some jazz music, then you should go to Binh Minh\u2019s. They have just recently relocated behind the Opera House and usually play live jazz music every night. If you are not into jazz music, this is not a good place to hang out just to have a drink since the menu is not typically priced fairly. Maybe because you get to listen to live jazz music, the price pretty much includes live entertainment nightly.\n<h2><strong>Legend Beer<\/strong><\/h2>\nLegend Beer is located on the 3<sup>rd<\/sup> floor of a building in downtown area. They serve German beer and also other European beers as well as German grub. They can be a little bit expensive since they brew their own beer hence the name, Legend Beer. You will also have a great view of the busy and hustling city of Hanoi so it is a great place to go to unwind especially after a long day at work or touring the city.\n<ul>\n \t<li><a href=\"https:\/\/www.facebook.com\/pages\/Legend-Beer\/592589874126394\" target=\"_blank\" rel=\"noopener\">P\u00e1gina de Facebook<\/a><\/li>\n<\/ul>\n<h2><strong>King Pirates Club<\/strong><\/h2>\nMost people would usually opt to have a drink at the regular pub. But if you want to give it a twist, King Pirates Club is the best place to go.\n\nRead my article on <a href=\"https:\/\/afarangabroad.com\/es\/hanoi-final-feliz-masaje\/\">where to get happy ending massages in Hanoi<\/a>.\n\nThey have a nicely-themed pub although the place is not too big, there are also tables and chairs on the outside to accommodate more patrons. From the name itself, expect to see pirate costumes and anything of its sort.\n\n<img loading=\"lazy\" decoding=\"async\" class=\"aligncenter size-full wp-image-7080\" src=\"https:\/\/afarangabroad.com\/wp-content\/uploads\/2016\/03\/King-Pirates-Club-hanoi.jpg\" alt=\"King Pirates Club hanoi\" width=\"320\" height=\"240\" srcset=\"https:\/\/afarangabroad.com\/wp-content\/uploads\/2016\/03\/King-Pirates-Club-hanoi.jpg 320w, https:\/\/afarangabroad.com\/wp-content\/uploads\/2016\/03\/King-Pirates-Club-hanoi-300x225.jpg 300w\" sizes=\"(max-width: 320px) 100vw, 320px\" \/>\n<h2><strong>Bia Hoi Junction<\/strong><\/h2>\nLocated at the center of Old Quarter, it offers a wide variety of beer offerings for those with eclectic taste. This is where locals and even tourists go to and enjoy Hanoi nightlife. You haven\u2019t been to Hanoi if you haven\u2019t sat down and have a drink or two in this place. Why is it famous? They offer cheap beer for as low as 5,000 VND!\n\nIf you want to meet <a href=\"https:\/\/afarangabroad.com\/es\/chicas-vietnamitas\/\" target=\"_blank\" rel=\"noopener\">Chicas vietnamitas<\/a> gratis, entonces <a href=\"https:\/\/afarangabroad.com\/es\/vietnam-cupid\/\" target=\"_blank\" rel=\"noopener\">consulte este art\u00edculo<\/a>.\n\n<a href=\"https:\/\/afarangabroad.com\/es\/vietnam-cupid\/\" target=\"_blank\" rel=\"noopener\"><img loading=\"lazy\" decoding=\"async\" class=\"aligncenter size-large wp-image-7258\" src=\"https:\/\/afarangabroad.com\/wp-content\/uploads\/2016\/06\/Meet-Viet-Girls1-1024x691.png\" alt=\"\" width=\"600\" height=\"405\" srcset=\"https:\/\/afarangabroad.com\/wp-content\/uploads\/2016\/06\/Meet-Viet-Girls1-1024x691.png 1024w, https:\/\/afarangabroad.com\/wp-content\/uploads\/2016\/06\/Meet-Viet-Girls1-300x202.png 300w, https:\/\/afarangabroad.com\/wp-content\/uploads\/2016\/06\/Meet-Viet-Girls1-720x486.png 720w, https:\/\/afarangabroad.com\/wp-content\/uploads\/2016\/06\/Meet-Viet-Girls1.png 1038w\" sizes=\"(max-width: 600px) 100vw, 600px\" \/><\/a>","protected":false},"excerpt":{"rendered":"<p>In this article I talk about the best nightlife spots in Hanoi. Hanoi is a vibrant city and houses the 2nd largest population in Vietnam. But we are not going to focus on what Hanoi\u2019s rich history is; instead this is to point out Hanoi\u2019s nightlife. Hanoi nightlife is like no other with lots of [&hellip;]<\/p>","protected":false},"author":2,"featured_media":7080,"parent":0,"menu_order":0,"comment_status":"open","ping_status":"open","template":"","meta":{"_exactmetrics_skip_tracking":false,"_exactmetrics_sitenote_active":false,"_exactmetrics_sitenote_note":"","_exactmetrics_sitenote_category":0,"footnotes":""},"categories":[328],"tags":[],"class_list":["post-7067","page","type-page","status-publish","has-post-thumbnail","hentry","category-vietnam"],"yoast_head":"<!-- This site is optimized with the Yoast SEO plugin v20.1 - https:\/\/yoast.com\/wordpress\/plugins\/seo\/ -->\n<title>Hanoi Nightlife Guide For Beginners - A Farang Abroad<\/title>\n<meta name=\"description\" content=\"Want to find the best clubs in Hanoi? In this article I list the best nightlife spots and the best places to meet girls\" \/>\n<meta name=\"robots\" content=\"index, follow, max-snippet:-1, max-image-preview:large, max-video-preview:-1\" \/>\n<link rel=\"canonical\" href=\"https:\/\/afarangabroad.com\/es\/hanoi-nightlife\/\" \/>\n<meta property=\"og:locale\" content=\"es_ES\" \/>\n<meta property=\"og:type\" content=\"article\" \/>\n<meta property=\"og:title\" content=\"Hanoi Nightlife Guide For Beginners - A Farang Abroad\" \/>\n<meta property=\"og:description\" content=\"Want to find the best clubs in Hanoi? In this article I list the best nightlife spots and the best places to meet girls\" \/>\n<meta property=\"og:url\" content=\"https:\/\/afarangabroad.com\/es\/hanoi-nightlife\/\" \/>\n<meta property=\"og:site_name\" content=\"A Farang Abroad\" \/>\n<meta property=\"article:modified_time\" content=\"2025-06-25T01:45:11+00:00\" \/>\n<meta property=\"og:image\" content=\"https:\/\/afarangabroad.com\/wp-content\/uploads\/2016\/03\/King-Pirates-Club-hanoi.jpg\" \/>\n\t<meta property=\"og:image:width\" content=\"320\" \/>\n\t<meta property=\"og:image:height\" content=\"240\" \/>\n\t<meta property=\"og:image:type\" content=\"image\/jpeg\" \/>\n<meta name=\"twitter:label1\" content=\"Tiempo de lectura\" \/>\n\t<meta name=\"twitter:data1\" content=\"8 minutos\" \/>\n<script type=\"application\/ld+json\" class=\"yoast-schema-graph\">{\"@context\":\"https:\/\/schema.org\",\"@graph\":[{\"@type\":\"WebPage\",\"@id\":\"https:\/\/afarangabroad.com\/hanoi-nightlife\/\",\"url\":\"https:\/\/afarangabroad.com\/hanoi-nightlife\/\",\"name\":\"Hanoi Nightlife Guide For Beginners - A Farang Abroad\",\"isPartOf\":{\"@id\":\"https:\/\/afarangabroad.com\/#website\"},\"datePublished\":\"2016-03-08T08:27:46+00:00\",\"dateModified\":\"2025-06-25T01:45:11+00:00\",\"description\":\"Want to find the best clubs in Hanoi? In this article I list the best nightlife spots and the best places to meet girls\",\"breadcrumb\":{\"@id\":\"https:\/\/afarangabroad.com\/hanoi-nightlife\/#breadcrumb\"},\"inLanguage\":\"es\",\"potentialAction\":[{\"@type\":\"ReadAction\",\"target\":[\"https:\/\/afarangabroad.com\/hanoi-nightlife\/\"]}]},{\"@type\":\"BreadcrumbList\",\"@id\":\"https:\/\/afarangabroad.com\/hanoi-nightlife\/#breadcrumb\",\"itemListElement\":[{\"@type\":\"ListItem\",\"position\":1,\"name\":\"Home\",\"item\":\"https:\/\/afarangabroad.com\/\"},{\"@type\":\"ListItem\",\"position\":2,\"name\":\"Hanoi Nightlife Guide For Beginners\"}]},{\"@type\":\"WebSite\",\"@id\":\"https:\/\/afarangabroad.com\/#website\",\"url\":\"https:\/\/afarangabroad.com\/\",\"name\":\"A Farang Abroad\",\"description\":\"Your secret guide to Asia&#039;s sexiest nightlife.\",\"potentialAction\":[{\"@type\":\"SearchAction\",\"target\":{\"@type\":\"EntryPoint\",\"urlTemplate\":\"https:\/\/afarangabroad.com\/?s={search_term_string}\"},\"query-input\":\"required name=search_term_string\"}],\"inLanguage\":\"es\"}]}<\/script>\n<!-- \/ Yoast SEO plugin. -->","yoast_head_json":{"title":"Hanoi Nightlife Guide For Beginners - A Farang Abroad","description":"Want to find the best clubs in Hanoi? In this article I list the best nightlife spots and the best places to meet girls","robots":{"index":"index","follow":"follow","max-snippet":"max-snippet:-1","max-image-preview":"max-image-preview:large","max-video-preview":"max-video-preview:-1"},"canonical":"https:\/\/afarangabroad.com\/es\/hanoi-nightlife\/","og_locale":"es_ES","og_type":"article","og_title":"Hanoi Nightlife Guide For Beginners - A Farang Abroad","og_description":"Want to find the best clubs in Hanoi? In this article I list the best nightlife spots and the best places to meet girls","og_url":"https:\/\/afarangabroad.com\/es\/hanoi-nightlife\/","og_site_name":"A Farang Abroad","article_modified_time":"2025-06-25T01:45:11+00:00","og_image":[{"width":320,"height":240,"url":"https:\/\/afarangabroad.com\/wp-content\/uploads\/2016\/03\/King-Pirates-Club-hanoi.jpg","type":"image\/jpeg"}],"twitter_misc":{"Tiempo de lectura":"8 minutos"},"schema":{"@context":"https:\/\/schema.org","@graph":[{"@type":"WebPage","@id":"https:\/\/afarangabroad.com\/hanoi-nightlife\/","url":"https:\/\/afarangabroad.com\/hanoi-nightlife\/","name":"Hanoi Nightlife Guide For Beginners - A Farang Abroad","isPartOf":{"@id":"https:\/\/afarangabroad.com\/#website"},"datePublished":"2016-03-08T08:27:46+00:00","dateModified":"2025-06-25T01:45:11+00:00","description":"Want to find the best clubs in Hanoi? In this article I list the best nightlife spots and the best places to meet girls","breadcrumb":{"@id":"https:\/\/afarangabroad.com\/hanoi-nightlife\/#breadcrumb"},"inLanguage":"es","potentialAction":[{"@type":"ReadAction","target":["https:\/\/afarangabroad.com\/hanoi-nightlife\/"]}]},{"@type":"BreadcrumbList","@id":"https:\/\/afarangabroad.com\/hanoi-nightlife\/#breadcrumb","itemListElement":[{"@type":"ListItem","position":1,"name":"Home","item":"https:\/\/afarangabroad.com\/"},{"@type":"ListItem","position":2,"name":"Hanoi Nightlife Guide For Beginners"}]},{"@type":"WebSite","@id":"https:\/\/afarangabroad.com\/#website","url":"https:\/\/afarangabroad.com\/","name":"A Farang Abroad","description":"Your secret guide to Asia&#039;s sexiest nightlife.","potentialAction":[{"@type":"SearchAction","target":{"@type":"EntryPoint","urlTemplate":"https:\/\/afarangabroad.com\/?s={search_term_string}"},"query-input":"required name=search_term_string"}],"inLanguage":"es"}]}},"_links":{"self":[{"href":"https:\/\/afarangabroad.com\/es\/wp-json\/wp\/v2\/pages\/7067"}],"collection":[{"href":"https:\/\/afarangabroad.com\/es\/wp-json\/wp\/v2\/pages"}],"about":[{"href":"https:\/\/afarangabroad.com\/es\/wp-json\/wp\/v2\/types\/page"}],"author":[{"embeddable":true,"href":"https:\/\/afarangabroad.com\/es\/wp-json\/wp\/v2\/users\/2"}],"replies":[{"embeddable":true,"href":"https:\/\/afarangabroad.com\/es\/wp-json\/wp\/v2\/comments?post=7067"}],"version-history":[{"count":6,"href":"https:\/\/afarangabroad.com\/es\/wp-json\/wp\/v2\/pages\/7067\/revisions"}],"predecessor-version":[{"id":513784,"href":"https:\/\/afarangabroad.com\/es\/wp-json\/wp\/v2\/pages\/7067\/revisions\/513784"}],"wp:featuredmedia":[{"embeddable":true,"href":"https:\/\/afarangabroad.com\/es\/wp-json\/wp\/v2\/media\/7080"}],"wp:attachment":[{"href":"https:\/\/afarangabroad.com\/es\/wp-json\/wp\/v2\/media?parent=7067"}],"wp:term":[{"taxonomy":"category","embeddable":true,"href":"https:\/\/afarangabroad.com\/es\/wp-json\/wp\/v2\/categories?post=7067"},{"taxonomy":"post_tag","embeddable":true,"href":"https:\/\/afarangabroad.com\/es\/wp-json\/wp\/v2\/tags?post=7067"}],"curies":[{"name":"wp","href":"https:\/\/api.w.org\/{rel}","templated":true}]}}