{"id":7070,"date":"2016-03-08T08:35:13","date_gmt":"2016-03-08T08:35:13","guid":{"rendered":"https:\/\/afarangabroad.com\/?p=7070"},"modified":"2019-01-07T04:19:59","modified_gmt":"2019-01-07T04:19:59","slug":"hoi-nightlife-girls","status":"publish","type":"page","link":"https:\/\/afarangabroad.com\/es\/hoi-nightlife-girls\/","title":{"rendered":"Gu\u00eda de la vida nocturna de Hoi An para conocer chicas"},"content":{"rendered":"<p>If you have been to Da Nang and experience its nightlife, there is also a good place to go to which is just about 30 minutes away \u2013 Hoi An.<\/p>\n<p>Si desea reunirse <a href=\"https:\/\/afarangabroad.com\/es\/chicas-vietnamitas\/\" target=\"_blank\" >Chicas vietnamitas<\/a> gratis en Hoi An, luego <a href=\"https:\/\/afarangabroad.com\/es\/vietnam-cupid\/\" target=\"_blank\" >consulte este art\u00edculo<\/a>.<\/p>\n<p><a href=\"https:\/\/afarangabroad.com\/es\/vietnam-cupid\/\" target=\"_blank\" ><img loading=\"lazy\" decoding=\"async\" class=\"aligncenter size-large wp-image-7257\" src=\"https:\/\/afarangabroad.com\/wp-content\/uploads\/2016\/06\/Meet-Viet-Girls-1024x691.png\" alt=\"\" width=\"600\" height=\"405\" srcset=\"https:\/\/afarangabroad.com\/wp-content\/uploads\/2016\/06\/Meet-Viet-Girls-1024x691.png 1024w, https:\/\/afarangabroad.com\/wp-content\/uploads\/2016\/06\/Meet-Viet-Girls-300x202.png 300w, https:\/\/afarangabroad.com\/wp-content\/uploads\/2016\/06\/Meet-Viet-Girls-720x486.png 720w, https:\/\/afarangabroad.com\/wp-content\/uploads\/2016\/06\/Meet-Viet-Girls.png 1038w\" sizes=\"(max-width: 600px) 100vw, 600px\" \/><\/a><\/p>\n<p>Hoi An tambi\u00e9n ofrece una vibrante vida nocturna, de la que podr\u00e1 disfrutar hasta altas horas de la madrugada.<\/p>\n<p>While most of these places or establishments close by 3 p.m., it does not mean that it is not boring, although it&#8217;s not as big as <a href=\"https:\/\/afarangabroad.com\/es\/hanoi-nightlife\/\">Hanoi&#8217;s party areas<\/a>.<\/p>\n<p>Al igual que en cualquier otro pueblo o ciudad importante de Vietnam, se puede disfrutar de la vida nocturna de Hoi An en diferentes tipos:<\/p>\n<h2><strong>Habitaciones Mango<\/strong><\/h2>\n<p>This is not necessarily a bar, but more of a restaurant and caf\u00e9 type that offers a huge list of drinks ranging from cocktails, wine, spirits and mocktails<\/p>\n<p>. Tambi\u00e9n ofrecen grandes opciones de comida que son inevitablemente deliciosas. Tambi\u00e9n se llama Mango Mango. Lo mejor de este lugar es que puedes disfrutar comiendo mientras contemplas la orilla del r\u00edo. Un lugar estupendo para relajarse, sobre todo por la tarde. Est\u00e1 abierto desde las 8 de la ma\u00f1ana hasta las 12 de la noche, as\u00ed que si te apetece comer algo a medianoche, ya sabes ad\u00f3nde tienes que ir.<\/p>\n<ul>\n<li><a href=\"http:\/\/mangorooms.com\/\" target=\"_blank\" >P\u00e1gina web<\/a><\/li>\n<\/ul>\n<h2><strong>M\u00e1rmol blanco<\/strong><\/h2>\n<p>No es necesariamente otro bar, pero puede pasar por ser realmente un bar de vinos. Se encuentra en la calle Le Loi y est\u00e1 dentro de un edificio patrimonial rehabilitado, lo que significa que se puede tener una peque\u00f1a sensaci\u00f3n de nostalgia al tomar unas copas con los amigos.<\/p>\n<p><img loading=\"lazy\" decoding=\"async\" class=\"aligncenter size-full wp-image-7084\" src=\"https:\/\/afarangabroad.com\/wp-content\/uploads\/2016\/03\/hoi-ann-bars.jpg\" alt=\"hoi ann bars\" width=\"528\" height=\"960\" srcset=\"https:\/\/afarangabroad.com\/wp-content\/uploads\/2016\/03\/hoi-ann-bars.jpg 528w, https:\/\/afarangabroad.com\/wp-content\/uploads\/2016\/03\/hoi-ann-bars-165x300.jpg 165w, https:\/\/afarangabroad.com\/wp-content\/uploads\/2016\/03\/hoi-ann-bars-300x545.jpg 300w\" sizes=\"(max-width: 528px) 100vw, 528px\" \/><\/p>\n<p>Most wine lovers\/ enthusiasts visit this place so you can be able to see locals and foreigners \u2013 but you will seldom see young patrons because they prefer beer or liquors compared to wines. The place is open from 7 am to 11 pm and they offer a wide range of premium wines from all over the world.<\/p>","protected":false},"excerpt":{"rendered":"<p>If you have been to Da Nang and experience its nightlife, there is also a good place to go to which is just about 30 minutes away \u2013 Hoi An. If you want to meet Vietnamese girls for free in Hoi An, then check out this article. Hoi An also offers vibrant nightlife and you [&hellip;]<\/p>","protected":false},"author":2,"featured_media":7084,"parent":0,"menu_order":0,"comment_status":"open","ping_status":"open","template":"","meta":{"_exactmetrics_skip_tracking":false,"_exactmetrics_sitenote_active":false,"_exactmetrics_sitenote_note":"","_exactmetrics_sitenote_category":0,"footnotes":""},"categories":[328],"tags":[],"class_list":["post-7070","page","type-page","status-publish","has-post-thumbnail","hentry","category-vietnam"],"yoast_head":"<!-- This site is optimized with the Yoast SEO plugin v20.1 - https:\/\/yoast.com\/wordpress\/plugins\/seo\/ -->\n<title>Hoi An Nightlife Guide For Meeting Girls - A Farang Abroad<\/title>\n<meta name=\"description\" content=\"The beginner&#039;s guide to nightlife and clubs in Hoi An. Find the best bars and clubs to visit to party and meet local girls.\" \/>\n<meta name=\"robots\" content=\"index, follow, max-snippet:-1, max-image-preview:large, max-video-preview:-1\" \/>\n<link rel=\"canonical\" href=\"https:\/\/afarangabroad.com\/es\/hoi-nightlife-girls\/\" \/>\n<meta property=\"og:locale\" content=\"es_ES\" \/>\n<meta property=\"og:type\" content=\"article\" \/>\n<meta property=\"og:title\" content=\"Hoi An Nightlife Guide For Meeting Girls - A Farang Abroad\" \/>\n<meta property=\"og:description\" content=\"The beginner&#039;s guide to nightlife and clubs in Hoi An. Find the best bars and clubs to visit to party and meet local girls.\" \/>\n<meta property=\"og:url\" content=\"https:\/\/afarangabroad.com\/es\/hoi-nightlife-girls\/\" \/>\n<meta property=\"og:site_name\" content=\"A Farang Abroad\" \/>\n<meta property=\"article:modified_time\" content=\"2019-01-07T04:19:59+00:00\" \/>\n<meta property=\"og:image\" content=\"https:\/\/afarangabroad.com\/wp-content\/uploads\/2016\/03\/hoi-ann-bars.jpg\" \/>\n\t<meta property=\"og:image:width\" content=\"528\" \/>\n\t<meta property=\"og:image:height\" content=\"960\" \/>\n\t<meta property=\"og:image:type\" content=\"image\/jpeg\" \/>\n<meta name=\"twitter:label1\" content=\"Tiempo de lectura\" \/>\n\t<meta name=\"twitter:data1\" content=\"6 minutos\" \/>\n<script type=\"application\/ld+json\" class=\"yoast-schema-graph\">{\"@context\":\"https:\/\/schema.org\",\"@graph\":[{\"@type\":\"WebPage\",\"@id\":\"https:\/\/afarangabroad.com\/hoi-nightlife-girls\/\",\"url\":\"https:\/\/afarangabroad.com\/hoi-nightlife-girls\/\",\"name\":\"Hoi An Nightlife Guide For Meeting Girls - A Farang Abroad\",\"isPartOf\":{\"@id\":\"https:\/\/afarangabroad.com\/#website\"},\"datePublished\":\"2016-03-08T08:35:13+00:00\",\"dateModified\":\"2019-01-07T04:19:59+00:00\",\"description\":\"The beginner's guide to nightlife and clubs in Hoi An. Find the best bars and clubs to visit to party and meet local girls.\",\"breadcrumb\":{\"@id\":\"https:\/\/afarangabroad.com\/hoi-nightlife-girls\/#breadcrumb\"},\"inLanguage\":\"es\",\"potentialAction\":[{\"@type\":\"ReadAction\",\"target\":[\"https:\/\/afarangabroad.com\/hoi-nightlife-girls\/\"]}]},{\"@type\":\"BreadcrumbList\",\"@id\":\"https:\/\/afarangabroad.com\/hoi-nightlife-girls\/#breadcrumb\",\"itemListElement\":[{\"@type\":\"ListItem\",\"position\":1,\"name\":\"Home\",\"item\":\"https:\/\/afarangabroad.com\/\"},{\"@type\":\"ListItem\",\"position\":2,\"name\":\"Hoi An Nightlife Guide For Meeting Girls\"}]},{\"@type\":\"WebSite\",\"@id\":\"https:\/\/afarangabroad.com\/#website\",\"url\":\"https:\/\/afarangabroad.com\/\",\"name\":\"A Farang Abroad\",\"description\":\"Your secret guide to Asia&#039;s sexiest nightlife.\",\"potentialAction\":[{\"@type\":\"SearchAction\",\"target\":{\"@type\":\"EntryPoint\",\"urlTemplate\":\"https:\/\/afarangabroad.com\/?s={search_term_string}\"},\"query-input\":\"required name=search_term_string\"}],\"inLanguage\":\"es\"}]}<\/script>\n<!-- \/ Yoast SEO plugin. -->","yoast_head_json":{"title":"Hoi An Nightlife Guide For Meeting Girls - A Farang Abroad","description":"The beginner's guide to nightlife and clubs in Hoi An. Find the best bars and clubs to visit to party and meet local girls.","robots":{"index":"index","follow":"follow","max-snippet":"max-snippet:-1","max-image-preview":"max-image-preview:large","max-video-preview":"max-video-preview:-1"},"canonical":"https:\/\/afarangabroad.com\/es\/hoi-nightlife-girls\/","og_locale":"es_ES","og_type":"article","og_title":"Hoi An Nightlife Guide For Meeting Girls - A Farang Abroad","og_description":"The beginner's guide to nightlife and clubs in Hoi An. Find the best bars and clubs to visit to party and meet local girls.","og_url":"https:\/\/afarangabroad.com\/es\/hoi-nightlife-girls\/","og_site_name":"A Farang Abroad","article_modified_time":"2019-01-07T04:19:59+00:00","og_image":[{"width":528,"height":960,"url":"https:\/\/afarangabroad.com\/wp-content\/uploads\/2016\/03\/hoi-ann-bars.jpg","type":"image\/jpeg"}],"twitter_misc":{"Tiempo de lectura":"6 minutos"},"schema":{"@context":"https:\/\/schema.org","@graph":[{"@type":"WebPage","@id":"https:\/\/afarangabroad.com\/hoi-nightlife-girls\/","url":"https:\/\/afarangabroad.com\/hoi-nightlife-girls\/","name":"Hoi An Nightlife Guide For Meeting Girls - A Farang Abroad","isPartOf":{"@id":"https:\/\/afarangabroad.com\/#website"},"datePublished":"2016-03-08T08:35:13+00:00","dateModified":"2019-01-07T04:19:59+00:00","description":"The beginner's guide to nightlife and clubs in Hoi An. Find the best bars and clubs to visit to party and meet local girls.","breadcrumb":{"@id":"https:\/\/afarangabroad.com\/hoi-nightlife-girls\/#breadcrumb"},"inLanguage":"es","potentialAction":[{"@type":"ReadAction","target":["https:\/\/afarangabroad.com\/hoi-nightlife-girls\/"]}]},{"@type":"BreadcrumbList","@id":"https:\/\/afarangabroad.com\/hoi-nightlife-girls\/#breadcrumb","itemListElement":[{"@type":"ListItem","position":1,"name":"Home","item":"https:\/\/afarangabroad.com\/"},{"@type":"ListItem","position":2,"name":"Hoi An Nightlife Guide For Meeting Girls"}]},{"@type":"WebSite","@id":"https:\/\/afarangabroad.com\/#website","url":"https:\/\/afarangabroad.com\/","name":"A Farang Abroad","description":"Your secret guide to Asia&#039;s sexiest nightlife.","potentialAction":[{"@type":"SearchAction","target":{"@type":"EntryPoint","urlTemplate":"https:\/\/afarangabroad.com\/?s={search_term_string}"},"query-input":"required name=search_term_string"}],"inLanguage":"es"}]}},"_links":{"self":[{"href":"https:\/\/afarangabroad.com\/es\/wp-json\/wp\/v2\/pages\/7070"}],"collection":[{"href":"https:\/\/afarangabroad.com\/es\/wp-json\/wp\/v2\/pages"}],"about":[{"href":"https:\/\/afarangabroad.com\/es\/wp-json\/wp\/v2\/types\/page"}],"author":[{"embeddable":true,"href":"https:\/\/afarangabroad.com\/es\/wp-json\/wp\/v2\/users\/2"}],"replies":[{"embeddable":true,"href":"https:\/\/afarangabroad.com\/es\/wp-json\/wp\/v2\/comments?post=7070"}],"version-history":[{"count":0,"href":"https:\/\/afarangabroad.com\/es\/wp-json\/wp\/v2\/pages\/7070\/revisions"}],"wp:featuredmedia":[{"embeddable":true,"href":"https:\/\/afarangabroad.com\/es\/wp-json\/wp\/v2\/media\/7084"}],"wp:attachment":[{"href":"https:\/\/afarangabroad.com\/es\/wp-json\/wp\/v2\/media?parent=7070"}],"wp:term":[{"taxonomy":"category","embeddable":true,"href":"https:\/\/afarangabroad.com\/es\/wp-json\/wp\/v2\/categories?post=7070"},{"taxonomy":"post_tag","embeddable":true,"href":"https:\/\/afarangabroad.com\/es\/wp-json\/wp\/v2\/tags?post=7070"}],"curies":[{"name":"wp","href":"https:\/\/api.w.org\/{rel}","templated":true}]}}