{"id":7160,"date":"2016-04-16T15:31:36","date_gmt":"2016-04-16T14:31:36","guid":{"rendered":"https:\/\/afarangabroad.com\/?p=7160"},"modified":"2022-11-09T02:11:14","modified_gmt":"2022-11-09T02:11:14","slug":"prostitutes-hookers-phuket","status":"publish","type":"page","link":"https:\/\/afarangabroad.com\/es\/prostitutes-hookers-phuket\/","title":{"rendered":"Encontrar prostitutas y putas en Phuket"},"content":{"rendered":"<p>Tourist attractions such as beaches and shopping usually what drives tourist to travel into a certain place.<\/p>\n<p>Si desea <a class=\"mozbar-highlight-followed-wGA7MhRhQ3WS\" href=\"https:\/\/afarangabroad.com\/es\/phuket-girls\/\">Chicas de Phuket<\/a> gratis, <a class=\"mozbar-highlight-followed-wGA7MhRhQ3WS\" href=\"https:\/\/afarangabroad.com\/es\/thai-cupid-dating-site\/\" target=\"_blank\" rel=\"noopener noreferrer\">consulte este art\u00edculo<\/a>.<\/p>\n<p><a class=\"mozbar-highlight-followed-wGA7MhRhQ3WS\" href=\"https:\/\/afarangabroad.com\/es\/thai-cupid-dating-site\/\" target=\"_blank\" rel=\"noopener noreferrer\"><img loading=\"lazy\" decoding=\"async\" class=\"aligncenter wp-image-7256\" src=\"https:\/\/afarangabroad.com\/wp-content\/uploads\/2016\/06\/Meet-Thai-girls-1024x691.png\" alt=\"Conocer chicas tailandesas\" width=\"529\" height=\"359\" \/><\/a>Thailand has both and some. In Phuket, prostitution is one of them. It is easy to hook up with a hooker or prostitutes plus the rates are cheaper. There is no doubt that male farangs are up to some kind of unusual bachelor party.<\/p>\n<p>Adem\u00e1s, si quieres saber d\u00f3nde conseguir hierba en BKK, no dejes de visitar <strong>suscr\u00edbase a<\/strong> al canal de abajo:<\/p>\n<p><iframe loading=\"lazy\" title=\"Trailer: Un vistazo al mundo de los dispensarios m\u00e9dicos en Bangkok\" width=\"678\" height=\"381\" src=\"https:\/\/www.youtube.com\/embed\/j0HbIHjnG5g?feature=oembed\" frameborder=\"0\" allow=\"accelerometer; autoplay; clipboard-write; encrypted-media; gyroscope; picture-in-picture\" allowfullscreen><\/iframe><\/p>\n<h2><strong>Smooci escort Phuket<\/strong><\/h2>\n<p>If you\u2019re looking for an incall service where you can get blow jobs and more, there is no better service than Smooci.<\/p>\n<p>A trav\u00e9s de su p\u00e1gina web puedes reservar el n\u00famero de chicas que quieras para que vayan directamente a tu habitaci\u00f3n y te presten servicios de BJ y mucho m\u00e1s.<\/p>\n<h2><a href=\"https:\/\/smooci.com\/bangkok?search&amp;utm_source=afarang-bkk-disc-ban\" target=\"_blank\" rel=\"noopener noreferrer\"><img loading=\"lazy\" decoding=\"async\" class=\"aligncenter wp-image-512712 size-full\" src=\"https:\/\/afarangabroad.com\/wp-content\/uploads\/2020\/08\/new-smooci-banner.gif\" alt=\"\" width=\"800\" height=\"200\" \/><\/a><\/h2>\n<p>Los precios de cada chica se enumeran en el sitio y en un momento dado suelen tener hasta m\u00e1s de 20 chicas libres, puede obtener m\u00e1s informaci\u00f3n visitando su sitio web:\u00a0<a href=\"https:\/\/smooci.com\/phuket?utm_source=afarang-bkk-disc-ban\" target=\"_blank\" rel=\"nofollow noopener noreferrer\">www.Smooci.com<\/a><\/p>\n<h2><strong>How To Find Prostitutes in Phuket<\/strong><\/h2>\n<p>There are several places where you can find prostitutes or hookers in Phuket.<\/p>\n<p>Most of these girls working in the <a class=\"mozbar-highlight-followed-wGA7MhRhQ3WS\" href=\"https:\/\/afarangabroad.com\/es\/sex-in-phuket\/\">sex industry in Phuket<\/a> came from far flung provinces and towns. Due to poverty they hope to earn more money in this type of business.<\/p>\n<p>Prostitution is tolerated in Thailand, but in a sense it is still illegal, however again tolerated.<\/p>","protected":false},"excerpt":{"rendered":"<p>Tourist attractions such as beaches and shopping usually what drives tourist to travel into a certain place. If you want to Phuket girls for free, then check out this article. Thailand has both and some. In Phuket, prostitution is one of them. It is easy to hook up with a hooker or prostitutes plus the [&hellip;]<\/p>","protected":false},"author":2,"featured_media":7151,"parent":0,"menu_order":0,"comment_status":"open","ping_status":"open","template":"","meta":{"_exactmetrics_skip_tracking":false,"_exactmetrics_sitenote_active":false,"_exactmetrics_sitenote_note":"","_exactmetrics_sitenote_category":0,"footnotes":""},"categories":[331],"tags":[],"class_list":["post-7160","page","type-page","status-publish","has-post-thumbnail","hentry","category-phuket-nightlife"],"yoast_head":"<!-- This site is optimized with the Yoast SEO plugin v20.1 - https:\/\/yoast.com\/wordpress\/plugins\/seo\/ -->\n<title>Finding Prostitutes and Hookers in Phuket - A Farang Abroad<\/title>\n<meta name=\"description\" content=\"Are you looking to meet hookers in Phuket? Here&#039;s a low down on where to find the best prostitutes in Patong and how much they cost.\" \/>\n<meta name=\"robots\" content=\"index, follow, max-snippet:-1, max-image-preview:large, max-video-preview:-1\" \/>\n<link rel=\"canonical\" href=\"https:\/\/afarangabroad.com\/es\/prostitutes-hookers-phuket\/\" \/>\n<meta property=\"og:locale\" content=\"es_ES\" \/>\n<meta property=\"og:type\" content=\"article\" \/>\n<meta property=\"og:title\" content=\"Finding Prostitutes and Hookers in Phuket - A Farang Abroad\" \/>\n<meta property=\"og:description\" content=\"Are you looking to meet hookers in Phuket? Here&#039;s a low down on where to find the best prostitutes in Patong and how much they cost.\" \/>\n<meta property=\"og:url\" content=\"https:\/\/afarangabroad.com\/es\/prostitutes-hookers-phuket\/\" \/>\n<meta property=\"og:site_name\" content=\"A Farang Abroad\" \/>\n<meta property=\"article:modified_time\" content=\"2022-11-09T02:11:14+00:00\" \/>\n<meta property=\"og:image\" content=\"https:\/\/afarangabroad.com\/wp-content\/uploads\/2016\/04\/Christin-Massage.jpg\" \/>\n\t<meta property=\"og:image:width\" content=\"800\" \/>\n\t<meta property=\"og:image:height\" content=\"800\" \/>\n\t<meta property=\"og:image:type\" content=\"image\/jpeg\" \/>\n<meta name=\"twitter:label1\" content=\"Tiempo de lectura\" \/>\n\t<meta name=\"twitter:data1\" content=\"9 minutos\" \/>\n<script type=\"application\/ld+json\" class=\"yoast-schema-graph\">{\"@context\":\"https:\/\/schema.org\",\"@graph\":[{\"@type\":\"WebPage\",\"@id\":\"https:\/\/afarangabroad.com\/prostitutes-hookers-phuket\/\",\"url\":\"https:\/\/afarangabroad.com\/prostitutes-hookers-phuket\/\",\"name\":\"Finding Prostitutes and Hookers in Phuket - A Farang Abroad\",\"isPartOf\":{\"@id\":\"https:\/\/afarangabroad.com\/#website\"},\"datePublished\":\"2016-04-16T14:31:36+00:00\",\"dateModified\":\"2022-11-09T02:11:14+00:00\",\"description\":\"Are you looking to meet hookers in Phuket? Here's a low down on where to find the best prostitutes in Patong and how much they cost.\",\"breadcrumb\":{\"@id\":\"https:\/\/afarangabroad.com\/prostitutes-hookers-phuket\/#breadcrumb\"},\"inLanguage\":\"es\",\"potentialAction\":[{\"@type\":\"ReadAction\",\"target\":[\"https:\/\/afarangabroad.com\/prostitutes-hookers-phuket\/\"]}]},{\"@type\":\"BreadcrumbList\",\"@id\":\"https:\/\/afarangabroad.com\/prostitutes-hookers-phuket\/#breadcrumb\",\"itemListElement\":[{\"@type\":\"ListItem\",\"position\":1,\"name\":\"Home\",\"item\":\"https:\/\/afarangabroad.com\/\"},{\"@type\":\"ListItem\",\"position\":2,\"name\":\"Finding Prostitutes and Hookers in Phuket\"}]},{\"@type\":\"WebSite\",\"@id\":\"https:\/\/afarangabroad.com\/#website\",\"url\":\"https:\/\/afarangabroad.com\/\",\"name\":\"A Farang Abroad\",\"description\":\"Your secret guide to Asia&#039;s sexiest nightlife.\",\"potentialAction\":[{\"@type\":\"SearchAction\",\"target\":{\"@type\":\"EntryPoint\",\"urlTemplate\":\"https:\/\/afarangabroad.com\/?s={search_term_string}\"},\"query-input\":\"required name=search_term_string\"}],\"inLanguage\":\"es\"}]}<\/script>\n<!-- \/ Yoast SEO plugin. -->","yoast_head_json":{"title":"Finding Prostitutes and Hookers in Phuket - A Farang Abroad","description":"Are you looking to meet hookers in Phuket? Here's a low down on where to find the best prostitutes in Patong and how much they cost.","robots":{"index":"index","follow":"follow","max-snippet":"max-snippet:-1","max-image-preview":"max-image-preview:large","max-video-preview":"max-video-preview:-1"},"canonical":"https:\/\/afarangabroad.com\/es\/prostitutes-hookers-phuket\/","og_locale":"es_ES","og_type":"article","og_title":"Finding Prostitutes and Hookers in Phuket - A Farang Abroad","og_description":"Are you looking to meet hookers in Phuket? Here's a low down on where to find the best prostitutes in Patong and how much they cost.","og_url":"https:\/\/afarangabroad.com\/es\/prostitutes-hookers-phuket\/","og_site_name":"A Farang Abroad","article_modified_time":"2022-11-09T02:11:14+00:00","og_image":[{"width":800,"height":800,"url":"https:\/\/afarangabroad.com\/wp-content\/uploads\/2016\/04\/Christin-Massage.jpg","type":"image\/jpeg"}],"twitter_misc":{"Tiempo de lectura":"9 minutos"},"schema":{"@context":"https:\/\/schema.org","@graph":[{"@type":"WebPage","@id":"https:\/\/afarangabroad.com\/prostitutes-hookers-phuket\/","url":"https:\/\/afarangabroad.com\/prostitutes-hookers-phuket\/","name":"Finding Prostitutes and Hookers in Phuket - A Farang Abroad","isPartOf":{"@id":"https:\/\/afarangabroad.com\/#website"},"datePublished":"2016-04-16T14:31:36+00:00","dateModified":"2022-11-09T02:11:14+00:00","description":"Are you looking to meet hookers in Phuket? Here's a low down on where to find the best prostitutes in Patong and how much they cost.","breadcrumb":{"@id":"https:\/\/afarangabroad.com\/prostitutes-hookers-phuket\/#breadcrumb"},"inLanguage":"es","potentialAction":[{"@type":"ReadAction","target":["https:\/\/afarangabroad.com\/prostitutes-hookers-phuket\/"]}]},{"@type":"BreadcrumbList","@id":"https:\/\/afarangabroad.com\/prostitutes-hookers-phuket\/#breadcrumb","itemListElement":[{"@type":"ListItem","position":1,"name":"Home","item":"https:\/\/afarangabroad.com\/"},{"@type":"ListItem","position":2,"name":"Finding Prostitutes and Hookers in Phuket"}]},{"@type":"WebSite","@id":"https:\/\/afarangabroad.com\/#website","url":"https:\/\/afarangabroad.com\/","name":"A Farang Abroad","description":"Your secret guide to Asia&#039;s sexiest nightlife.","potentialAction":[{"@type":"SearchAction","target":{"@type":"EntryPoint","urlTemplate":"https:\/\/afarangabroad.com\/?s={search_term_string}"},"query-input":"required name=search_term_string"}],"inLanguage":"es"}]}},"_links":{"self":[{"href":"https:\/\/afarangabroad.com\/es\/wp-json\/wp\/v2\/pages\/7160"}],"collection":[{"href":"https:\/\/afarangabroad.com\/es\/wp-json\/wp\/v2\/pages"}],"about":[{"href":"https:\/\/afarangabroad.com\/es\/wp-json\/wp\/v2\/types\/page"}],"author":[{"embeddable":true,"href":"https:\/\/afarangabroad.com\/es\/wp-json\/wp\/v2\/users\/2"}],"replies":[{"embeddable":true,"href":"https:\/\/afarangabroad.com\/es\/wp-json\/wp\/v2\/comments?post=7160"}],"version-history":[{"count":4,"href":"https:\/\/afarangabroad.com\/es\/wp-json\/wp\/v2\/pages\/7160\/revisions"}],"predecessor-version":[{"id":513006,"href":"https:\/\/afarangabroad.com\/es\/wp-json\/wp\/v2\/pages\/7160\/revisions\/513006"}],"wp:featuredmedia":[{"embeddable":true,"href":"https:\/\/afarangabroad.com\/es\/wp-json\/wp\/v2\/media\/7151"}],"wp:attachment":[{"href":"https:\/\/afarangabroad.com\/es\/wp-json\/wp\/v2\/media?parent=7160"}],"wp:term":[{"taxonomy":"category","embeddable":true,"href":"https:\/\/afarangabroad.com\/es\/wp-json\/wp\/v2\/categories?post=7160"},{"taxonomy":"post_tag","embeddable":true,"href":"https:\/\/afarangabroad.com\/es\/wp-json\/wp\/v2\/tags?post=7160"}],"curies":[{"name":"wp","href":"https:\/\/api.w.org\/{rel}","templated":true}]}}