{"id":7162,"date":"2016-04-16T15:21:48","date_gmt":"2016-04-16T14:21:48","guid":{"rendered":"https:\/\/afarangabroad.com\/?p=7162"},"modified":"2019-01-10T07:16:32","modified_gmt":"2019-01-10T07:16:32","slug":"best-go-go-bars-phuket","status":"publish","type":"page","link":"https:\/\/afarangabroad.com\/es\/mejores-bares-go-go-phuket\/","title":{"rendered":"Los mejores bares Go Go de Phuket"},"content":{"rendered":"<p>Los bares Go Go son s\u00f3lo uno de los lugares que atraen a los turistas masculinos en Phuket.<\/p>\n<p>Imag\u00ednate tomando una botella de cerveza fr\u00eda mientras ves a estas atractivas y esbeltas tailandesas meneando el culo delante de ti.<\/p>\n<p>Si desea <strong>conocer chicas gratis en Phuket<\/strong>, <a href=\"https:\/\/afarangabroad.com\/es\/thai-cupid-dating-site\/\" target=\"_blank\" rel=\"noopener\">consulte este art\u00edculo<\/a>.<\/p>\n<p><a class=\"mozbar-highlight-followed-wGA7MhRhQ3WS\" href=\"https:\/\/afarangabroad.com\/es\/thai-cupid-dating-site\/\" target=\"_blank\" ><img loading=\"lazy\" decoding=\"async\" class=\"aligncenter size-large wp-image-8295\" src=\"https:\/\/afarangabroad.com\/wp-content\/uploads\/2017\/04\/Meet-Thaigirls-1024x691.jpg\" alt=\"\" width=\"600\" height=\"405\" srcset=\"https:\/\/afarangabroad.com\/wp-content\/uploads\/2017\/04\/Meet-Thaigirls.jpg 1024w, https:\/\/afarangabroad.com\/wp-content\/uploads\/2017\/04\/Meet-Thaigirls-300x202.jpg 300w, https:\/\/afarangabroad.com\/wp-content\/uploads\/2017\/04\/Meet-Thaigirls-768x518.jpg 768w, https:\/\/afarangabroad.com\/wp-content\/uploads\/2017\/04\/Meet-Thaigirls-30x20.jpg 30w, https:\/\/afarangabroad.com\/wp-content\/uploads\/2017\/04\/Meet-Thaigirls-720x486.jpg 720w\" sizes=\"(max-width: 600px) 100vw, 600px\" \/><\/a><\/p>\n<p>Seguramente habr\u00e1s visto una escena parecida en alguna pel\u00edcula. Pero la diferencia es que estas chicas se divierten \u00a1y es m\u00e1s barato!<\/p>\n<p>Si est\u00e1 planeando unas vacaciones en Phuket o Patong, quiz\u00e1 podamos deleitarle con algunos de los mejores bares go go de la zona de Phuket\/Patong.<\/p>\n<p>You can be able to find a line of go go bars up in Soi Bangla \u2013 which is a popular nightlife place when in town. There are lots of things that this side of town offers you but for now we will focus on go go bars and give you a glimpse of the go go bar Phuket experience.<\/p>\n<p>Consulte este art\u00edculo si desea conocer los clubes nocturnos de Phuket o <a href=\"https:\/\/afarangabroad.com\/es\/masaje-sexual-phuket\/\" target=\"_blank\" rel=\"noopener\">Masajes sexuales en Phuket<\/a>.<\/p>\n<p><iframe loading=\"lazy\" style=\"border: 0;\" src=\"https:\/\/www.google.com\/maps\/embed?pb=!1m18!1m12!1m3!1d3952.0145979870376!2d98.29459231463201!3d7.893540894313386!2m3!1f0!2f0!3f0!3m2!1i1024!2i768!4f13.1!3m3!1m2!1s0x30503abca3ef6d49%3A0xaa5e766fce3724ff!2sThanon+Bangla%2C+Tambon+Patong%2C+Amphoe+Kathu%2C+Chang+Wat+Phuket+83150!5e0!3m2!1sen!2sth!4v1460816218502\" width=\"400\" height=\"300\" frameborder=\"0\" allowfullscreen=\"allowfullscreen\"><\/iframe><\/p>\n<p>S\u00f3lo un poco de informaci\u00f3n, go go bares en Patong o Phuket son diferentes entre s\u00ed.<\/p>\n<h2><strong>\u00bfQu\u00e9 ocurre dentro de un bar go go?<\/strong><\/h2>\n<p>Para las mentes curiosas y novatas, en algunos bares go go las chicas se quitan la ropa por completo, mientras que en otros hacen espect\u00e1culos y en algunos lugares no se quitan la ropa interior (s\u00ed, esa parte es aburrida). En resumen, ofrecen un espect\u00e1culo sensual para disfrute de los hombres.<\/p>","protected":false},"excerpt":{"rendered":"<p>Go go bars are just one of the places that attract male tourists in Phuket. Imagine yourself having a bottle of cold beer while you watch these attractive and slim Thai girls shaking their asses off in front of you. If you want to meet girls for free in Phuket, then check out this article. [&hellip;]<\/p>","protected":false},"author":2,"featured_media":7125,"parent":0,"menu_order":0,"comment_status":"open","ping_status":"open","template":"","meta":{"_exactmetrics_skip_tracking":false,"_exactmetrics_sitenote_active":false,"_exactmetrics_sitenote_note":"","_exactmetrics_sitenote_category":0,"footnotes":""},"categories":[331],"tags":[],"class_list":["post-7162","page","type-page","status-publish","has-post-thumbnail","hentry","category-phuket-nightlife"],"yoast_head":"<!-- This site is optimized with the Yoast SEO plugin v20.1 - https:\/\/yoast.com\/wordpress\/plugins\/seo\/ -->\n<title>Best Go Go Bars in Phuket - A Farang Abroad<\/title>\n<meta name=\"description\" content=\"Looking for the best go go bars in Phuket? Here&#039;s a review of the top 7 go go clubs in Patong with Google Maps on how to get there.\" \/>\n<meta name=\"robots\" content=\"index, follow, max-snippet:-1, max-image-preview:large, max-video-preview:-1\" \/>\n<link rel=\"canonical\" href=\"https:\/\/afarangabroad.com\/es\/mejores-bares-go-go-phuket\/\" \/>\n<meta property=\"og:locale\" content=\"es_ES\" \/>\n<meta property=\"og:type\" content=\"article\" \/>\n<meta property=\"og:title\" content=\"Best Go Go Bars in Phuket - A Farang Abroad\" \/>\n<meta property=\"og:description\" content=\"Looking for the best go go bars in Phuket? Here&#039;s a review of the top 7 go go clubs in Patong with Google Maps on how to get there.\" \/>\n<meta property=\"og:url\" content=\"https:\/\/afarangabroad.com\/es\/mejores-bares-go-go-phuket\/\" \/>\n<meta property=\"og:site_name\" content=\"A Farang Abroad\" \/>\n<meta property=\"article:modified_time\" content=\"2019-01-10T07:16:32+00:00\" \/>\n<meta property=\"og:image\" content=\"https:\/\/afarangabroad.com\/wp-content\/uploads\/2016\/04\/suzie-wongs.jpg\" \/>\n\t<meta property=\"og:image:width\" content=\"600\" \/>\n\t<meta property=\"og:image:height\" content=\"800\" \/>\n\t<meta property=\"og:image:type\" content=\"image\/jpeg\" \/>\n<meta name=\"twitter:label1\" content=\"Tiempo de lectura\" \/>\n\t<meta name=\"twitter:data1\" content=\"16 minutos\" \/>\n<script type=\"application\/ld+json\" class=\"yoast-schema-graph\">{\"@context\":\"https:\/\/schema.org\",\"@graph\":[{\"@type\":\"WebPage\",\"@id\":\"https:\/\/afarangabroad.com\/best-go-go-bars-phuket\/\",\"url\":\"https:\/\/afarangabroad.com\/best-go-go-bars-phuket\/\",\"name\":\"Best Go Go Bars in Phuket - A Farang Abroad\",\"isPartOf\":{\"@id\":\"https:\/\/afarangabroad.com\/#website\"},\"datePublished\":\"2016-04-16T14:21:48+00:00\",\"dateModified\":\"2019-01-10T07:16:32+00:00\",\"description\":\"Looking for the best go go bars in Phuket? Here's a review of the top 7 go go clubs in Patong with Google Maps on how to get there.\",\"breadcrumb\":{\"@id\":\"https:\/\/afarangabroad.com\/best-go-go-bars-phuket\/#breadcrumb\"},\"inLanguage\":\"es\",\"potentialAction\":[{\"@type\":\"ReadAction\",\"target\":[\"https:\/\/afarangabroad.com\/best-go-go-bars-phuket\/\"]}]},{\"@type\":\"BreadcrumbList\",\"@id\":\"https:\/\/afarangabroad.com\/best-go-go-bars-phuket\/#breadcrumb\",\"itemListElement\":[{\"@type\":\"ListItem\",\"position\":1,\"name\":\"Home\",\"item\":\"https:\/\/afarangabroad.com\/\"},{\"@type\":\"ListItem\",\"position\":2,\"name\":\"Best Go Go Bars in Phuket\"}]},{\"@type\":\"WebSite\",\"@id\":\"https:\/\/afarangabroad.com\/#website\",\"url\":\"https:\/\/afarangabroad.com\/\",\"name\":\"A Farang Abroad\",\"description\":\"Your secret guide to Asia&#039;s sexiest nightlife.\",\"potentialAction\":[{\"@type\":\"SearchAction\",\"target\":{\"@type\":\"EntryPoint\",\"urlTemplate\":\"https:\/\/afarangabroad.com\/?s={search_term_string}\"},\"query-input\":\"required name=search_term_string\"}],\"inLanguage\":\"es\"}]}<\/script>\n<!-- \/ Yoast SEO plugin. -->","yoast_head_json":{"title":"Best Go Go Bars in Phuket - A Farang Abroad","description":"Looking for the best go go bars in Phuket? Here's a review of the top 7 go go clubs in Patong with Google Maps on how to get there.","robots":{"index":"index","follow":"follow","max-snippet":"max-snippet:-1","max-image-preview":"max-image-preview:large","max-video-preview":"max-video-preview:-1"},"canonical":"https:\/\/afarangabroad.com\/es\/mejores-bares-go-go-phuket\/","og_locale":"es_ES","og_type":"article","og_title":"Best Go Go Bars in Phuket - A Farang Abroad","og_description":"Looking for the best go go bars in Phuket? Here's a review of the top 7 go go clubs in Patong with Google Maps on how to get there.","og_url":"https:\/\/afarangabroad.com\/es\/mejores-bares-go-go-phuket\/","og_site_name":"A Farang Abroad","article_modified_time":"2019-01-10T07:16:32+00:00","og_image":[{"width":600,"height":800,"url":"https:\/\/afarangabroad.com\/wp-content\/uploads\/2016\/04\/suzie-wongs.jpg","type":"image\/jpeg"}],"twitter_misc":{"Tiempo de lectura":"16 minutos"},"schema":{"@context":"https:\/\/schema.org","@graph":[{"@type":"WebPage","@id":"https:\/\/afarangabroad.com\/best-go-go-bars-phuket\/","url":"https:\/\/afarangabroad.com\/best-go-go-bars-phuket\/","name":"Best Go Go Bars in Phuket - A Farang Abroad","isPartOf":{"@id":"https:\/\/afarangabroad.com\/#website"},"datePublished":"2016-04-16T14:21:48+00:00","dateModified":"2019-01-10T07:16:32+00:00","description":"Looking for the best go go bars in Phuket? Here's a review of the top 7 go go clubs in Patong with Google Maps on how to get there.","breadcrumb":{"@id":"https:\/\/afarangabroad.com\/best-go-go-bars-phuket\/#breadcrumb"},"inLanguage":"es","potentialAction":[{"@type":"ReadAction","target":["https:\/\/afarangabroad.com\/best-go-go-bars-phuket\/"]}]},{"@type":"BreadcrumbList","@id":"https:\/\/afarangabroad.com\/best-go-go-bars-phuket\/#breadcrumb","itemListElement":[{"@type":"ListItem","position":1,"name":"Home","item":"https:\/\/afarangabroad.com\/"},{"@type":"ListItem","position":2,"name":"Best Go Go Bars in Phuket"}]},{"@type":"WebSite","@id":"https:\/\/afarangabroad.com\/#website","url":"https:\/\/afarangabroad.com\/","name":"A Farang Abroad","description":"Your secret guide to Asia&#039;s sexiest nightlife.","potentialAction":[{"@type":"SearchAction","target":{"@type":"EntryPoint","urlTemplate":"https:\/\/afarangabroad.com\/?s={search_term_string}"},"query-input":"required name=search_term_string"}],"inLanguage":"es"}]}},"_links":{"self":[{"href":"https:\/\/afarangabroad.com\/es\/wp-json\/wp\/v2\/pages\/7162"}],"collection":[{"href":"https:\/\/afarangabroad.com\/es\/wp-json\/wp\/v2\/pages"}],"about":[{"href":"https:\/\/afarangabroad.com\/es\/wp-json\/wp\/v2\/types\/page"}],"author":[{"embeddable":true,"href":"https:\/\/afarangabroad.com\/es\/wp-json\/wp\/v2\/users\/2"}],"replies":[{"embeddable":true,"href":"https:\/\/afarangabroad.com\/es\/wp-json\/wp\/v2\/comments?post=7162"}],"version-history":[{"count":0,"href":"https:\/\/afarangabroad.com\/es\/wp-json\/wp\/v2\/pages\/7162\/revisions"}],"wp:featuredmedia":[{"embeddable":true,"href":"https:\/\/afarangabroad.com\/es\/wp-json\/wp\/v2\/media\/7125"}],"wp:attachment":[{"href":"https:\/\/afarangabroad.com\/es\/wp-json\/wp\/v2\/media?parent=7162"}],"wp:term":[{"taxonomy":"category","embeddable":true,"href":"https:\/\/afarangabroad.com\/es\/wp-json\/wp\/v2\/categories?post=7162"},{"taxonomy":"post_tag","embeddable":true,"href":"https:\/\/afarangabroad.com\/es\/wp-json\/wp\/v2\/tags?post=7162"}],"curies":[{"name":"wp","href":"https:\/\/api.w.org\/{rel}","templated":true}]}}