{"id":7285,"date":"2016-06-18T18:21:45","date_gmt":"2016-06-18T17:21:45","guid":{"rendered":"https:\/\/afarangabroad.com\/?p=7285"},"modified":"2022-11-09T02:14:15","modified_gmt":"2022-11-09T02:14:15","slug":"sex-pattaya","status":"publish","type":"page","link":"https:\/\/afarangabroad.com\/es\/sexo-pattaya\/","title":{"rendered":"Gu\u00eda para principiantes sobre el sexo en Pattaya"},"content":{"rendered":"<p>En este art\u00edculo aprender a encontrar sexo en Pattaya<\/p>\n<p>\u00bfEs usted soltero y est\u00e1 pensando en irse de vacaciones?<\/p>\n<p>Pattaya podr\u00eda ser uno de sus destinos so\u00f1ados y no cabe duda de que ha o\u00eddo hablar de lo que el lugar tiene que ofrecer.<\/p>\n<p><a href=\"https:\/\/afarangabroad.com\/es\/thai-friendly-dating\/\" target=\"_blank\" rel=\"noopener noreferrer\"><img loading=\"lazy\" decoding=\"async\" class=\"aligncenter wp-image-7259\" src=\"https:\/\/afarangabroad.com\/wp-content\/uploads\/2016\/06\/Meet-Thai-girls1-1024x691.png\" alt=\"Conocer chicas tailandesas\" width=\"414\" height=\"281\" \/><\/a>\u00bfQuieres poner a prueba tu virilidad? \u00bfO s\u00f3lo busca un poco de diversi\u00f3n casual? Pattaya ha sido uno de los mejores lugares tur\u00edsticos para los solteros por su colorida y vibrante vida nocturna.<\/p>\n<p>Aunque Pattaya presume de sus magn\u00edficas playas, la principal raz\u00f3n por la que la gente, especialmente los hombres, se sienten atra\u00eddos por este lugar son las chicas.<\/p>\n<p>A s\u00f3lo 2 horas de Bangkok, Pattaya est\u00e1 repleta de turistas durante todo el a\u00f1o.<\/p>\n<p>Adem\u00e1s, si quieres saber d\u00f3nde conseguir hierba en BKK, no dejes de visitar <strong>suscr\u00edbase a<\/strong> al canal de abajo:<\/p>\n<p><iframe loading=\"lazy\" title=\"Trailer: Un vistazo al mundo de los dispensarios m\u00e9dicos en Bangkok\" width=\"678\" height=\"381\" src=\"https:\/\/www.youtube.com\/embed\/j0HbIHjnG5g?feature=oembed\" frameborder=\"0\" allow=\"accelerometer; autoplay; clipboard-write; encrypted-media; gyroscope; picture-in-picture\" allowfullscreen><\/iframe><\/p>\n<p>Si es la primera vez que visita Pattaya, la mejor \u00e9poca para disfrutar de la playa es entre los meses de noviembre y mayo.<\/p>\n<p>Si quieres ir a burdeles o masajes, consulta mis gu\u00edas sobre:<\/p>\n<ul>\n<li>Mejor <a href=\"https:\/\/afarangabroad.com\/es\/masajes-con-final-feliz-pattaya\/\">masajes sexuales en Pattaya<\/a><\/li>\n<li><a href=\"https:\/\/afarangabroad.com\/es\/blow-job-bars-pattaya\/\">Bares de mamadas en Pattaya<\/a><\/li>\n<li>D\u00f3nde reunirse <a href=\"https:\/\/afarangabroad.com\/es\/pattaya-autonomos\/\">aut\u00f3nomos en Pattaya<\/a><\/li>\n<\/ul>\n<p>If you can\u2019t stand the heat, December to January is probably a good time for you to go. Regardless, you will still be able to have a great experience in Pattaya.<\/p>","protected":false},"excerpt":{"rendered":"<p>In this article learn where to find sex in Pattaya Are you a single man who is thinking of going on a holiday? Pattaya could be one of your dream destinations and it is no doubt that you have heard about what the place has to offer. Want to put your virility to a test? [&hellip;]<\/p>","protected":false},"author":2,"featured_media":7294,"parent":0,"menu_order":0,"comment_status":"open","ping_status":"open","template":"","meta":{"_exactmetrics_skip_tracking":false,"_exactmetrics_sitenote_active":false,"_exactmetrics_sitenote_note":"","_exactmetrics_sitenote_category":0,"footnotes":""},"categories":[322],"tags":[],"class_list":["post-7285","page","type-page","status-publish","has-post-thumbnail","hentry","category-pattaya"],"yoast_head":"<!-- This site is optimized with the Yoast SEO plugin v20.1 - https:\/\/yoast.com\/wordpress\/plugins\/seo\/ -->\n<title>Beginner\u2019s Guide to Sex in Pattaya - A Farang Abroad<\/title>\n<meta name=\"description\" content=\"Are you coming to Pattaya soon? Find out where to find sex in Pattaya, the best bars, clubs and brothels in the city.\" \/>\n<meta name=\"robots\" content=\"index, follow, max-snippet:-1, max-image-preview:large, max-video-preview:-1\" \/>\n<link rel=\"canonical\" href=\"https:\/\/afarangabroad.com\/es\/sexo-pattaya\/\" \/>\n<meta property=\"og:locale\" content=\"es_ES\" \/>\n<meta property=\"og:type\" content=\"article\" \/>\n<meta property=\"og:title\" content=\"Beginner\u2019s Guide to Sex in Pattaya - A Farang Abroad\" \/>\n<meta property=\"og:description\" content=\"Are you coming to Pattaya soon? Find out where to find sex in Pattaya, the best bars, clubs and brothels in the city.\" \/>\n<meta property=\"og:url\" content=\"https:\/\/afarangabroad.com\/es\/sexo-pattaya\/\" \/>\n<meta property=\"og:site_name\" content=\"A Farang Abroad\" \/>\n<meta property=\"article:modified_time\" content=\"2022-11-09T02:14:15+00:00\" \/>\n<meta property=\"og:image\" content=\"https:\/\/afarangabroad.com\/wp-content\/uploads\/2016\/06\/13417470_628264814005020_2475737758099878080_n.jpg\" \/>\n\t<meta property=\"og:image:width\" content=\"471\" \/>\n\t<meta property=\"og:image:height\" content=\"315\" \/>\n\t<meta property=\"og:image:type\" content=\"image\/jpeg\" \/>\n<meta name=\"twitter:label1\" content=\"Tiempo de lectura\" \/>\n\t<meta name=\"twitter:data1\" content=\"8 minutos\" \/>\n<script type=\"application\/ld+json\" class=\"yoast-schema-graph\">{\"@context\":\"https:\/\/schema.org\",\"@graph\":[{\"@type\":\"WebPage\",\"@id\":\"https:\/\/afarangabroad.com\/sex-pattaya\/\",\"url\":\"https:\/\/afarangabroad.com\/sex-pattaya\/\",\"name\":\"Beginner\u2019s Guide to Sex in Pattaya - A Farang Abroad\",\"isPartOf\":{\"@id\":\"https:\/\/afarangabroad.com\/#website\"},\"datePublished\":\"2016-06-18T17:21:45+00:00\",\"dateModified\":\"2022-11-09T02:14:15+00:00\",\"description\":\"Are you coming to Pattaya soon? Find out where to find sex in Pattaya, the best bars, clubs and brothels in the city.\",\"breadcrumb\":{\"@id\":\"https:\/\/afarangabroad.com\/sex-pattaya\/#breadcrumb\"},\"inLanguage\":\"es\",\"potentialAction\":[{\"@type\":\"ReadAction\",\"target\":[\"https:\/\/afarangabroad.com\/sex-pattaya\/\"]}]},{\"@type\":\"BreadcrumbList\",\"@id\":\"https:\/\/afarangabroad.com\/sex-pattaya\/#breadcrumb\",\"itemListElement\":[{\"@type\":\"ListItem\",\"position\":1,\"name\":\"Home\",\"item\":\"https:\/\/afarangabroad.com\/\"},{\"@type\":\"ListItem\",\"position\":2,\"name\":\"Beginner\u2019s Guide to Sex in Pattaya\"}]},{\"@type\":\"WebSite\",\"@id\":\"https:\/\/afarangabroad.com\/#website\",\"url\":\"https:\/\/afarangabroad.com\/\",\"name\":\"A Farang Abroad\",\"description\":\"Your secret guide to Asia&#039;s sexiest nightlife.\",\"potentialAction\":[{\"@type\":\"SearchAction\",\"target\":{\"@type\":\"EntryPoint\",\"urlTemplate\":\"https:\/\/afarangabroad.com\/?s={search_term_string}\"},\"query-input\":\"required name=search_term_string\"}],\"inLanguage\":\"es\"}]}<\/script>\n<!-- \/ Yoast SEO plugin. -->","yoast_head_json":{"title":"Beginner\u2019s Guide to Sex in Pattaya - A Farang Abroad","description":"Are you coming to Pattaya soon? Find out where to find sex in Pattaya, the best bars, clubs and brothels in the city.","robots":{"index":"index","follow":"follow","max-snippet":"max-snippet:-1","max-image-preview":"max-image-preview:large","max-video-preview":"max-video-preview:-1"},"canonical":"https:\/\/afarangabroad.com\/es\/sexo-pattaya\/","og_locale":"es_ES","og_type":"article","og_title":"Beginner\u2019s Guide to Sex in Pattaya - A Farang Abroad","og_description":"Are you coming to Pattaya soon? Find out where to find sex in Pattaya, the best bars, clubs and brothels in the city.","og_url":"https:\/\/afarangabroad.com\/es\/sexo-pattaya\/","og_site_name":"A Farang Abroad","article_modified_time":"2022-11-09T02:14:15+00:00","og_image":[{"width":471,"height":315,"url":"https:\/\/afarangabroad.com\/wp-content\/uploads\/2016\/06\/13417470_628264814005020_2475737758099878080_n.jpg","type":"image\/jpeg"}],"twitter_misc":{"Tiempo de lectura":"8 minutos"},"schema":{"@context":"https:\/\/schema.org","@graph":[{"@type":"WebPage","@id":"https:\/\/afarangabroad.com\/sex-pattaya\/","url":"https:\/\/afarangabroad.com\/sex-pattaya\/","name":"Beginner\u2019s Guide to Sex in Pattaya - A Farang Abroad","isPartOf":{"@id":"https:\/\/afarangabroad.com\/#website"},"datePublished":"2016-06-18T17:21:45+00:00","dateModified":"2022-11-09T02:14:15+00:00","description":"Are you coming to Pattaya soon? Find out where to find sex in Pattaya, the best bars, clubs and brothels in the city.","breadcrumb":{"@id":"https:\/\/afarangabroad.com\/sex-pattaya\/#breadcrumb"},"inLanguage":"es","potentialAction":[{"@type":"ReadAction","target":["https:\/\/afarangabroad.com\/sex-pattaya\/"]}]},{"@type":"BreadcrumbList","@id":"https:\/\/afarangabroad.com\/sex-pattaya\/#breadcrumb","itemListElement":[{"@type":"ListItem","position":1,"name":"Home","item":"https:\/\/afarangabroad.com\/"},{"@type":"ListItem","position":2,"name":"Beginner\u2019s Guide to Sex in Pattaya"}]},{"@type":"WebSite","@id":"https:\/\/afarangabroad.com\/#website","url":"https:\/\/afarangabroad.com\/","name":"A Farang Abroad","description":"Your secret guide to Asia&#039;s sexiest nightlife.","potentialAction":[{"@type":"SearchAction","target":{"@type":"EntryPoint","urlTemplate":"https:\/\/afarangabroad.com\/?s={search_term_string}"},"query-input":"required name=search_term_string"}],"inLanguage":"es"}]}},"_links":{"self":[{"href":"https:\/\/afarangabroad.com\/es\/wp-json\/wp\/v2\/pages\/7285"}],"collection":[{"href":"https:\/\/afarangabroad.com\/es\/wp-json\/wp\/v2\/pages"}],"about":[{"href":"https:\/\/afarangabroad.com\/es\/wp-json\/wp\/v2\/types\/page"}],"author":[{"embeddable":true,"href":"https:\/\/afarangabroad.com\/es\/wp-json\/wp\/v2\/users\/2"}],"replies":[{"embeddable":true,"href":"https:\/\/afarangabroad.com\/es\/wp-json\/wp\/v2\/comments?post=7285"}],"version-history":[{"count":2,"href":"https:\/\/afarangabroad.com\/es\/wp-json\/wp\/v2\/pages\/7285\/revisions"}],"predecessor-version":[{"id":513015,"href":"https:\/\/afarangabroad.com\/es\/wp-json\/wp\/v2\/pages\/7285\/revisions\/513015"}],"wp:featuredmedia":[{"embeddable":true,"href":"https:\/\/afarangabroad.com\/es\/wp-json\/wp\/v2\/media\/7294"}],"wp:attachment":[{"href":"https:\/\/afarangabroad.com\/es\/wp-json\/wp\/v2\/media?parent=7285"}],"wp:term":[{"taxonomy":"category","embeddable":true,"href":"https:\/\/afarangabroad.com\/es\/wp-json\/wp\/v2\/categories?post=7285"},{"taxonomy":"post_tag","embeddable":true,"href":"https:\/\/afarangabroad.com\/es\/wp-json\/wp\/v2\/tags?post=7285"}],"curies":[{"name":"wp","href":"https:\/\/api.w.org\/{rel}","templated":true}]}}