{"id":7439,"date":"2016-07-22T15:16:41","date_gmt":"2016-07-22T14:16:41","guid":{"rendered":"https:\/\/afarangabroad.com\/?p=7439"},"modified":"2022-11-18T14:42:37","modified_gmt":"2022-11-18T14:42:37","slug":"happy-ending-massage-pattaya","status":"publish","type":"page","link":"https:\/\/afarangabroad.com\/es\/masajes-con-final-feliz-pattaya\/","title":{"rendered":"Encuentre un masaje con final feliz en Pattaya"},"content":{"rendered":"<p>In this article you&#8217;ll learn where to find sex and happy ending massages in Pattaya.<\/p>\n<p>Pattaya est\u00e1 considerada un punto caliente para sex\u00f3patas y turistas.<\/p>\n<p>Suele haber hombres solteros (y casados), j\u00f3venes y mayores, de visita en el pa\u00eds.<\/p>\n<p><a href=\"https:\/\/afarangabroad.com\/es\/thai-cupid-dating-site\/\" target=\"_blank\" rel=\"noopener noreferrer\"><img loading=\"lazy\" decoding=\"async\" class=\"aligncenter wp-image-7256\" src=\"https:\/\/afarangabroad.com\/wp-content\/uploads\/2016\/06\/Meet-Thai-girls-1024x691.png\" alt=\"Conocer chicas tailandesas\" width=\"436\" height=\"296\" \/><\/a>Si quieres echar un polvo con chicas tailandesas normales en Pattaya, <a class=\"mozbar-highlight-followed-wGA7MhRhQ3WS\" href=\"https:\/\/afarangabroad.com\/es\/thai-cupid-dating-site\/\" target=\"_blank\" rel=\"noopener noreferrer\">consulte este art\u00edculo<\/a>.<\/p>\n<p>Una de las razones de su fama es que la prostituci\u00f3n es tolerable. Puedes ir a bares y clubes nocturnos, tomarte unas copas y tirarte a una chica por un precio determinado.<\/p>\n<p>No hay necesidad de esperar a la noche, porque todav\u00eda puede ser capaz de pasar unas buenas horas para relajarse y descansar.<\/p>\n<p>Tenga en cuenta que los siguientes lugares no ofrecen <a href=\"https:\/\/afarangabroad.com\/es\/sexo-tailandia-precios\/\">sexo en Tailandia<\/a>S\u00f3lo son bares BJ.<\/p>\n<p>Adem\u00e1s, si quieres saber d\u00f3nde conseguir hierba en BKK, no dejes de visitar <strong>suscr\u00edbase a<\/strong> al canal de abajo:<\/p>\n<p>https:\/\/youtu.be\/j0HbIHjnG5g<\/p>\n<h2><\/h2>\n<h2><strong>Lo que hay que saber<\/strong><\/h2>\n<p>El precio es la primera pregunta, especialmente si usted es un principiante que quiere probar el masaje con final feliz en Pattaya. S\u00f3lo un poco de informaci\u00f3n, los precios de masaje son un poco m\u00e1s barato en Pattaya que en Bangkok.<\/p>\n<p>Un masaje con aceite cuesta unos 300 baht por hora.<\/p>","protected":false},"excerpt":{"rendered":"<p>In this article you&#8217;ll learn where to find sex and happy ending massages in Pattaya. Pattaya is considered a hotspot for sexpats and tourists. You will usually see single (and married) men, young and old, visiting the country. If you want to get laid with normal Thai girls in Pattaya, check out this article. One [&hellip;]<\/p>","protected":false},"author":2,"featured_media":1768,"parent":0,"menu_order":0,"comment_status":"open","ping_status":"closed","template":"","meta":{"_exactmetrics_skip_tracking":false,"_exactmetrics_sitenote_active":false,"_exactmetrics_sitenote_note":"","_exactmetrics_sitenote_category":0,"footnotes":""},"categories":[322],"tags":[],"class_list":["post-7439","page","type-page","status-publish","has-post-thumbnail","hentry","category-pattaya"],"yoast_head":"<!-- This site is optimized with the Yoast SEO plugin v20.1 - https:\/\/yoast.com\/wordpress\/plugins\/seo\/ -->\n<title>Find Happy Ending Massage in Pattaya - A Farang Abroad<\/title>\n<meta name=\"description\" content=\"Find out where to get the best hand jobs in Pattaya. In this article I show maps and prices of happy ending massages all over Pattaya.\" \/>\n<meta name=\"robots\" content=\"index, follow, max-snippet:-1, max-image-preview:large, max-video-preview:-1\" \/>\n<link rel=\"canonical\" href=\"https:\/\/afarangabroad.com\/es\/masajes-con-final-feliz-pattaya\/\" \/>\n<meta property=\"og:locale\" content=\"es_ES\" \/>\n<meta property=\"og:type\" content=\"article\" \/>\n<meta property=\"og:title\" content=\"Find Happy Ending Massage in Pattaya - A Farang Abroad\" \/>\n<meta property=\"og:description\" content=\"Find out where to get the best hand jobs in Pattaya. In this article I show maps and prices of happy ending massages all over Pattaya.\" \/>\n<meta property=\"og:url\" content=\"https:\/\/afarangabroad.com\/es\/masajes-con-final-feliz-pattaya\/\" \/>\n<meta property=\"og:site_name\" content=\"A Farang Abroad\" \/>\n<meta property=\"article:modified_time\" content=\"2022-11-18T14:42:37+00:00\" \/>\n<meta property=\"og:image\" content=\"https:\/\/afarangabroad.com\/wp-content\/uploads\/2012\/12\/Pattaya+3.jpg\" \/>\n\t<meta property=\"og:image:width\" content=\"383\" \/>\n\t<meta property=\"og:image:height\" content=\"640\" \/>\n\t<meta property=\"og:image:type\" content=\"image\/jpeg\" \/>\n<meta name=\"twitter:label1\" content=\"Tiempo de lectura\" \/>\n\t<meta name=\"twitter:data1\" content=\"9 minutos\" \/>\n<script type=\"application\/ld+json\" class=\"yoast-schema-graph\">{\"@context\":\"https:\/\/schema.org\",\"@graph\":[{\"@type\":\"WebPage\",\"@id\":\"https:\/\/afarangabroad.com\/happy-ending-massage-pattaya\/\",\"url\":\"https:\/\/afarangabroad.com\/happy-ending-massage-pattaya\/\",\"name\":\"Find Happy Ending Massage in Pattaya - A Farang Abroad\",\"isPartOf\":{\"@id\":\"https:\/\/afarangabroad.com\/#website\"},\"datePublished\":\"2016-07-22T14:16:41+00:00\",\"dateModified\":\"2022-11-18T14:42:37+00:00\",\"description\":\"Find out where to get the best hand jobs in Pattaya. In this article I show maps and prices of happy ending massages all over Pattaya.\",\"breadcrumb\":{\"@id\":\"https:\/\/afarangabroad.com\/happy-ending-massage-pattaya\/#breadcrumb\"},\"inLanguage\":\"es\",\"potentialAction\":[{\"@type\":\"ReadAction\",\"target\":[\"https:\/\/afarangabroad.com\/happy-ending-massage-pattaya\/\"]}]},{\"@type\":\"BreadcrumbList\",\"@id\":\"https:\/\/afarangabroad.com\/happy-ending-massage-pattaya\/#breadcrumb\",\"itemListElement\":[{\"@type\":\"ListItem\",\"position\":1,\"name\":\"Home\",\"item\":\"https:\/\/afarangabroad.com\/\"},{\"@type\":\"ListItem\",\"position\":2,\"name\":\"Find Happy Ending Massage in Pattaya\"}]},{\"@type\":\"WebSite\",\"@id\":\"https:\/\/afarangabroad.com\/#website\",\"url\":\"https:\/\/afarangabroad.com\/\",\"name\":\"A Farang Abroad\",\"description\":\"Your secret guide to Asia&#039;s sexiest nightlife.\",\"potentialAction\":[{\"@type\":\"SearchAction\",\"target\":{\"@type\":\"EntryPoint\",\"urlTemplate\":\"https:\/\/afarangabroad.com\/?s={search_term_string}\"},\"query-input\":\"required name=search_term_string\"}],\"inLanguage\":\"es\"}]}<\/script>\n<!-- \/ Yoast SEO plugin. -->","yoast_head_json":{"title":"Find Happy Ending Massage in Pattaya - A Farang Abroad","description":"Find out where to get the best hand jobs in Pattaya. In this article I show maps and prices of happy ending massages all over Pattaya.","robots":{"index":"index","follow":"follow","max-snippet":"max-snippet:-1","max-image-preview":"max-image-preview:large","max-video-preview":"max-video-preview:-1"},"canonical":"https:\/\/afarangabroad.com\/es\/masajes-con-final-feliz-pattaya\/","og_locale":"es_ES","og_type":"article","og_title":"Find Happy Ending Massage in Pattaya - A Farang Abroad","og_description":"Find out where to get the best hand jobs in Pattaya. In this article I show maps and prices of happy ending massages all over Pattaya.","og_url":"https:\/\/afarangabroad.com\/es\/masajes-con-final-feliz-pattaya\/","og_site_name":"A Farang Abroad","article_modified_time":"2022-11-18T14:42:37+00:00","og_image":[{"width":383,"height":640,"url":"https:\/\/afarangabroad.com\/wp-content\/uploads\/2012\/12\/Pattaya+3.jpg","type":"image\/jpeg"}],"twitter_misc":{"Tiempo de lectura":"9 minutos"},"schema":{"@context":"https:\/\/schema.org","@graph":[{"@type":"WebPage","@id":"https:\/\/afarangabroad.com\/happy-ending-massage-pattaya\/","url":"https:\/\/afarangabroad.com\/happy-ending-massage-pattaya\/","name":"Find Happy Ending Massage in Pattaya - A Farang Abroad","isPartOf":{"@id":"https:\/\/afarangabroad.com\/#website"},"datePublished":"2016-07-22T14:16:41+00:00","dateModified":"2022-11-18T14:42:37+00:00","description":"Find out where to get the best hand jobs in Pattaya. In this article I show maps and prices of happy ending massages all over Pattaya.","breadcrumb":{"@id":"https:\/\/afarangabroad.com\/happy-ending-massage-pattaya\/#breadcrumb"},"inLanguage":"es","potentialAction":[{"@type":"ReadAction","target":["https:\/\/afarangabroad.com\/happy-ending-massage-pattaya\/"]}]},{"@type":"BreadcrumbList","@id":"https:\/\/afarangabroad.com\/happy-ending-massage-pattaya\/#breadcrumb","itemListElement":[{"@type":"ListItem","position":1,"name":"Home","item":"https:\/\/afarangabroad.com\/"},{"@type":"ListItem","position":2,"name":"Find Happy Ending Massage in Pattaya"}]},{"@type":"WebSite","@id":"https:\/\/afarangabroad.com\/#website","url":"https:\/\/afarangabroad.com\/","name":"A Farang Abroad","description":"Your secret guide to Asia&#039;s sexiest nightlife.","potentialAction":[{"@type":"SearchAction","target":{"@type":"EntryPoint","urlTemplate":"https:\/\/afarangabroad.com\/?s={search_term_string}"},"query-input":"required name=search_term_string"}],"inLanguage":"es"}]}},"_links":{"self":[{"href":"https:\/\/afarangabroad.com\/es\/wp-json\/wp\/v2\/pages\/7439"}],"collection":[{"href":"https:\/\/afarangabroad.com\/es\/wp-json\/wp\/v2\/pages"}],"about":[{"href":"https:\/\/afarangabroad.com\/es\/wp-json\/wp\/v2\/types\/page"}],"author":[{"embeddable":true,"href":"https:\/\/afarangabroad.com\/es\/wp-json\/wp\/v2\/users\/2"}],"replies":[{"embeddable":true,"href":"https:\/\/afarangabroad.com\/es\/wp-json\/wp\/v2\/comments?post=7439"}],"version-history":[{"count":3,"href":"https:\/\/afarangabroad.com\/es\/wp-json\/wp\/v2\/pages\/7439\/revisions"}],"predecessor-version":[{"id":513018,"href":"https:\/\/afarangabroad.com\/es\/wp-json\/wp\/v2\/pages\/7439\/revisions\/513018"}],"wp:featuredmedia":[{"embeddable":true,"href":"https:\/\/afarangabroad.com\/es\/wp-json\/wp\/v2\/media\/1768"}],"wp:attachment":[{"href":"https:\/\/afarangabroad.com\/es\/wp-json\/wp\/v2\/media?parent=7439"}],"wp:term":[{"taxonomy":"category","embeddable":true,"href":"https:\/\/afarangabroad.com\/es\/wp-json\/wp\/v2\/categories?post=7439"},{"taxonomy":"post_tag","embeddable":true,"href":"https:\/\/afarangabroad.com\/es\/wp-json\/wp\/v2\/tags?post=7439"}],"curies":[{"name":"wp","href":"https:\/\/api.w.org\/{rel}","templated":true}]}}