{"id":7460,"date":"2016-07-21T18:25:34","date_gmt":"2016-07-21T17:25:34","guid":{"rendered":"https:\/\/afarangabroad.com\/?p=7460"},"modified":"2024-10-16T06:26:13","modified_gmt":"2024-10-16T05:26:13","slug":"blow-job-bars-pattaya","status":"publish","type":"page","link":"https:\/\/afarangabroad.com\/es\/blow-job-bars-pattaya\/","title":{"rendered":"Encuentra Los Mejores Bares De Mamadas En Pattaya"},"content":{"rendered":"<p>In this article I&#8217;ll show you where to find the best blow job bars in Pattaya.<\/p>\n<p><del><\/del><a href=\"https:\/\/afarangabroad.com\/es\/thai-cupid-dating-site\/\" target=\"_blank\" rel=\"noopener noreferrer\"><img loading=\"lazy\" decoding=\"async\" class=\"aligncenter size-large wp-image-7259\" src=\"https:\/\/afarangabroad.com\/wp-content\/uploads\/2016\/06\/Meet-Thai-girls1-1024x691.png\" alt=\"Conocer chicas tailandesas\" width=\"600\" height=\"405\" srcset=\"https:\/\/afarangabroad.com\/wp-content\/uploads\/2016\/06\/Meet-Thai-girls1-1024x691.png 1024w, https:\/\/afarangabroad.com\/wp-content\/uploads\/2016\/06\/Meet-Thai-girls1-300x202.png 300w, https:\/\/afarangabroad.com\/wp-content\/uploads\/2016\/06\/Meet-Thai-girls1-720x486.png 720w, https:\/\/afarangabroad.com\/wp-content\/uploads\/2016\/06\/Meet-Thai-girls1.png 1038w\" sizes=\"(max-width: 600px) 100vw, 600px\" \/><\/a>If you want to meet Thai girls for free, <a href=\"https:\/\/afarangabroad.com\/es\/thai-cupid-dating-site\/\" target=\"_blank\" rel=\"noopener noreferrer\">consulte este art\u00edculo<\/a>.<\/p>\n<p>These establishments are sprawled across most of the famous sois and streets of this side of town.<\/p>\n<p>When you say blow job bars, these are actually bars where you can have a drink or two. There is also part of the bar like a small room that you can do the deed.<\/p>\n<p>The girls there work in these bars are not Pattaya bar girls, a bar girl is a women you can take out the bar and spend the night with.<\/p>\n<p>These bars are typically like your casual bar interior &#8211; you can see bar stools, couches, tables and a bar.<\/p>\n<p>Adem\u00e1s, si quieres saber d\u00f3nde conseguir hierba en BKK, no dejes de visitar <strong>suscr\u00edbase a<\/strong> al canal de abajo:<\/p>\n<p><iframe loading=\"lazy\" title=\"Trailer: Un vistazo al mundo de los dispensarios m\u00e9dicos en Bangkok\" width=\"678\" height=\"381\" src=\"https:\/\/www.youtube.com\/embed\/j0HbIHjnG5g?feature=oembed\" frameborder=\"0\" allow=\"accelerometer; autoplay; clipboard-write; encrypted-media; gyroscope; picture-in-picture\" allowfullscreen><\/iframe><\/p>\n<p>Normally, there are <a href=\"https:\/\/afarangabroad.com\/es\/chicas-pattaya\/\">chicas en Pattaya<\/a> standing or sitting on the fa\u00e7ade wearing sexy outfits and catcalling on to farangs passing by.<\/p>\n<p>The only thing is that there are also small private rooms on a different floor that can be closed by a curtain where you can actually use to get your dick sucked by a Thai girl.<\/p>\n<p>Blow Job Bars in Pattaya are very much like the <a href=\"https:\/\/afarangabroad.com\/es\/bares-de-mamadas-en-bangkok\/\" target=\"_blank\" rel=\"noopener noreferrer\">BJ bars in Bangkok<\/a>.<\/p>","protected":false},"excerpt":{"rendered":"<p>In this article I&#8217;ll show you where to find the best blow job bars in Pattaya. If you want to meet Thai girls for free, check out this article. These establishments are sprawled across most of the famous sois and streets of this side of town. When you say blow job bars, these are actually [&hellip;]<\/p>","protected":false},"author":2,"featured_media":9824,"parent":0,"menu_order":0,"comment_status":"open","ping_status":"closed","template":"","meta":{"_exactmetrics_skip_tracking":false,"_exactmetrics_sitenote_active":false,"_exactmetrics_sitenote_note":"","_exactmetrics_sitenote_category":0,"footnotes":""},"categories":[322],"tags":[],"class_list":["post-7460","page","type-page","status-publish","has-post-thumbnail","hentry","category-pattaya"],"yoast_head":"<!-- This site is optimized with the Yoast SEO plugin v20.1 - https:\/\/yoast.com\/wordpress\/plugins\/seo\/ -->\n<title>Find The Best Blow Job Bars in Pattaya - A Farang Abroad<\/title>\n<meta name=\"description\" content=\"Learn where the best blow job bars in Pattaya are, how to get find them, how much they cost and how they work. Prices of BJs included for each bar.\" \/>\n<meta name=\"robots\" content=\"index, follow, max-snippet:-1, max-image-preview:large, max-video-preview:-1\" \/>\n<link rel=\"canonical\" href=\"https:\/\/afarangabroad.com\/es\/blow-job-bars-pattaya\/\" \/>\n<meta property=\"og:locale\" content=\"es_ES\" \/>\n<meta property=\"og:type\" content=\"article\" \/>\n<meta property=\"og:title\" content=\"Find The Best Blow Job Bars in Pattaya - A Farang Abroad\" \/>\n<meta property=\"og:description\" content=\"Learn where the best blow job bars in Pattaya are, how to get find them, how much they cost and how they work. Prices of BJs included for each bar.\" \/>\n<meta property=\"og:url\" content=\"https:\/\/afarangabroad.com\/es\/blow-job-bars-pattaya\/\" \/>\n<meta property=\"og:site_name\" content=\"A Farang Abroad\" \/>\n<meta property=\"article:modified_time\" content=\"2024-10-16T05:26:13+00:00\" \/>\n<meta property=\"og:image\" content=\"https:\/\/afarangabroad.com\/wp-content\/uploads\/2018\/05\/blow-job-bars-in-Hanoi.jpg\" \/>\n\t<meta property=\"og:image:width\" content=\"700\" \/>\n\t<meta property=\"og:image:height\" content=\"466\" \/>\n\t<meta property=\"og:image:type\" content=\"image\/jpeg\" \/>\n<meta name=\"twitter:label1\" content=\"Tiempo de lectura\" \/>\n\t<meta name=\"twitter:data1\" content=\"9 minutos\" \/>\n<script type=\"application\/ld+json\" class=\"yoast-schema-graph\">{\"@context\":\"https:\/\/schema.org\",\"@graph\":[{\"@type\":\"WebPage\",\"@id\":\"https:\/\/afarangabroad.com\/blow-job-bars-pattaya\/\",\"url\":\"https:\/\/afarangabroad.com\/blow-job-bars-pattaya\/\",\"name\":\"Find The Best Blow Job Bars in Pattaya - A Farang Abroad\",\"isPartOf\":{\"@id\":\"https:\/\/afarangabroad.com\/#website\"},\"datePublished\":\"2016-07-21T17:25:34+00:00\",\"dateModified\":\"2024-10-16T05:26:13+00:00\",\"description\":\"Learn where the best blow job bars in Pattaya are, how to get find them, how much they cost and how they work. Prices of BJs included for each bar.\",\"breadcrumb\":{\"@id\":\"https:\/\/afarangabroad.com\/blow-job-bars-pattaya\/#breadcrumb\"},\"inLanguage\":\"es\",\"potentialAction\":[{\"@type\":\"ReadAction\",\"target\":[\"https:\/\/afarangabroad.com\/blow-job-bars-pattaya\/\"]}]},{\"@type\":\"BreadcrumbList\",\"@id\":\"https:\/\/afarangabroad.com\/blow-job-bars-pattaya\/#breadcrumb\",\"itemListElement\":[{\"@type\":\"ListItem\",\"position\":1,\"name\":\"Home\",\"item\":\"https:\/\/afarangabroad.com\/\"},{\"@type\":\"ListItem\",\"position\":2,\"name\":\"Find The Best Blow Job Bars in Pattaya\"}]},{\"@type\":\"WebSite\",\"@id\":\"https:\/\/afarangabroad.com\/#website\",\"url\":\"https:\/\/afarangabroad.com\/\",\"name\":\"A Farang Abroad\",\"description\":\"Your secret guide to Asia&#039;s sexiest nightlife.\",\"potentialAction\":[{\"@type\":\"SearchAction\",\"target\":{\"@type\":\"EntryPoint\",\"urlTemplate\":\"https:\/\/afarangabroad.com\/?s={search_term_string}\"},\"query-input\":\"required name=search_term_string\"}],\"inLanguage\":\"es\"}]}<\/script>\n<!-- \/ Yoast SEO plugin. -->","yoast_head_json":{"title":"Find The Best Blow Job Bars in Pattaya - A Farang Abroad","description":"Learn where the best blow job bars in Pattaya are, how to get find them, how much they cost and how they work. Prices of BJs included for each bar.","robots":{"index":"index","follow":"follow","max-snippet":"max-snippet:-1","max-image-preview":"max-image-preview:large","max-video-preview":"max-video-preview:-1"},"canonical":"https:\/\/afarangabroad.com\/es\/blow-job-bars-pattaya\/","og_locale":"es_ES","og_type":"article","og_title":"Find The Best Blow Job Bars in Pattaya - A Farang Abroad","og_description":"Learn where the best blow job bars in Pattaya are, how to get find them, how much they cost and how they work. Prices of BJs included for each bar.","og_url":"https:\/\/afarangabroad.com\/es\/blow-job-bars-pattaya\/","og_site_name":"A Farang Abroad","article_modified_time":"2024-10-16T05:26:13+00:00","og_image":[{"width":"700","height":"466","url":"https:\/\/afarangabroad.com\/wp-content\/uploads\/2018\/05\/blow-job-bars-in-Hanoi.jpg","type":"image\/jpeg"}],"twitter_misc":{"Tiempo de lectura":"9 minutos"},"schema":{"@context":"https:\/\/schema.org","@graph":[{"@type":"WebPage","@id":"https:\/\/afarangabroad.com\/blow-job-bars-pattaya\/","url":"https:\/\/afarangabroad.com\/blow-job-bars-pattaya\/","name":"Find The Best Blow Job Bars in Pattaya - A Farang Abroad","isPartOf":{"@id":"https:\/\/afarangabroad.com\/#website"},"datePublished":"2016-07-21T17:25:34+00:00","dateModified":"2024-10-16T05:26:13+00:00","description":"Learn where the best blow job bars in Pattaya are, how to get find them, how much they cost and how they work. Prices of BJs included for each bar.","breadcrumb":{"@id":"https:\/\/afarangabroad.com\/blow-job-bars-pattaya\/#breadcrumb"},"inLanguage":"es","potentialAction":[{"@type":"ReadAction","target":["https:\/\/afarangabroad.com\/blow-job-bars-pattaya\/"]}]},{"@type":"BreadcrumbList","@id":"https:\/\/afarangabroad.com\/blow-job-bars-pattaya\/#breadcrumb","itemListElement":[{"@type":"ListItem","position":1,"name":"Home","item":"https:\/\/afarangabroad.com\/"},{"@type":"ListItem","position":2,"name":"Find The Best Blow Job Bars in Pattaya"}]},{"@type":"WebSite","@id":"https:\/\/afarangabroad.com\/#website","url":"https:\/\/afarangabroad.com\/","name":"A Farang Abroad","description":"Your secret guide to Asia&#039;s sexiest nightlife.","potentialAction":[{"@type":"SearchAction","target":{"@type":"EntryPoint","urlTemplate":"https:\/\/afarangabroad.com\/?s={search_term_string}"},"query-input":"required name=search_term_string"}],"inLanguage":"es"}]}},"_links":{"self":[{"href":"https:\/\/afarangabroad.com\/es\/wp-json\/wp\/v2\/pages\/7460"}],"collection":[{"href":"https:\/\/afarangabroad.com\/es\/wp-json\/wp\/v2\/pages"}],"about":[{"href":"https:\/\/afarangabroad.com\/es\/wp-json\/wp\/v2\/types\/page"}],"author":[{"embeddable":true,"href":"https:\/\/afarangabroad.com\/es\/wp-json\/wp\/v2\/users\/2"}],"replies":[{"embeddable":true,"href":"https:\/\/afarangabroad.com\/es\/wp-json\/wp\/v2\/comments?post=7460"}],"version-history":[{"count":4,"href":"https:\/\/afarangabroad.com\/es\/wp-json\/wp\/v2\/pages\/7460\/revisions"}],"predecessor-version":[{"id":513624,"href":"https:\/\/afarangabroad.com\/es\/wp-json\/wp\/v2\/pages\/7460\/revisions\/513624"}],"wp:featuredmedia":[{"embeddable":true,"href":"https:\/\/afarangabroad.com\/es\/wp-json\/wp\/v2\/media\/9824"}],"wp:attachment":[{"href":"https:\/\/afarangabroad.com\/es\/wp-json\/wp\/v2\/media?parent=7460"}],"wp:term":[{"taxonomy":"category","embeddable":true,"href":"https:\/\/afarangabroad.com\/es\/wp-json\/wp\/v2\/categories?post=7460"},{"taxonomy":"post_tag","embeddable":true,"href":"https:\/\/afarangabroad.com\/es\/wp-json\/wp\/v2\/tags?post=7460"}],"curies":[{"name":"wp","href":"https:\/\/api.w.org\/{rel}","templated":true}]}}