{"id":7464,"date":"2016-07-21T18:10:10","date_gmt":"2016-07-21T17:10:10","guid":{"rendered":"https:\/\/afarangabroad.com\/?p=7464"},"modified":"2024-10-16T23:31:24","modified_gmt":"2024-10-16T22:31:24","slug":"happy-ending-massage-manila","status":"publish","type":"page","link":"https:\/\/afarangabroad.com\/es\/masajes-con-final-feliz-manila\/","title":{"rendered":"9 mejores masajes con final feliz en Manila"},"content":{"rendered":"<p>El masaje con final feliz en Manila no es tan prominente comparado con el <a class=\"mozbar-highlight-followed-wGA7MhRhQ3WS\" href=\"https:\/\/afarangabroad.com\/es\/masajes-felices-bangkok\/\" target=\"_blank\" rel=\"noopener noreferrer\">masajes en Bangkok<\/a>. Sin embargo, todav\u00eda hay algunos salones de masaje que ofrecen un servicio extra.<\/p>\n<p><a class=\"mozbar-highlight-followed-wGA7MhRhQ3WS\" href=\" \" target=\"_blank\" rel=\"noopener noreferrer\"><img loading=\"lazy\" decoding=\"async\" class=\"aligncenter wp-image-7300\" src=\"https:\/\/afarangabroad.com\/wp-content\/uploads\/2016\/06\/MEET-HOT1-1024x691.png\" alt=\"Filipino girls\" width=\"424\" height=\"287\" srcset=\"https:\/\/afarangabroad.com\/wp-content\/uploads\/2016\/06\/MEET-HOT1-1024x691.png 1024w, https:\/\/afarangabroad.com\/wp-content\/uploads\/2016\/06\/MEET-HOT1-300x202.png 300w, https:\/\/afarangabroad.com\/wp-content\/uploads\/2016\/06\/MEET-HOT1-720x486.png 720w, https:\/\/afarangabroad.com\/wp-content\/uploads\/2016\/06\/MEET-HOT1.png 1038w\" sizes=\"(max-width: 424px) 100vw, 424px\" \/><\/a>Si desea reunirse <a href=\"https:\/\/afarangabroad.com\/es\/hot-girls-manila\/\">chicas calientes en Manila<\/a>consulte <a class=\"mozbar-highlight-followed-wGA7MhRhQ3WS\" href=\"https:\/\/afarangabroad.com\/es\/pina-love\/\" target=\"_blank\" rel=\"noopener noreferrer\">Pina Love<\/a>.<\/p>\n<p>You just have to know where to find it. Happy massage in Manila is also called \u201cspakol\u201d by locals. It is a combination of the words \u201cspa\u201d and \u201cjakol\u201d which means \u201chand job\u201d in Filipino slang. There are several ways that you can enjoy happy ending massage while you are in Manila.<\/p>\n<p>This article starts off listing happy ending and full-service massages that are trusted and cater to westerns, then the second half of the article provides you with the information you&#8217;d like to know such as how massages work, where to find girls and whether it&#8217;s safe or not.<\/p>\n<h2><strong>D\u00f3nde encontrar masajes sexuales<br \/>\n<\/strong><\/h2>\n<p>Puede resultar dif\u00edcil localizar estos establecimientos, ya que la prostituci\u00f3n no es legal ni est\u00e1 tolerada en Filipinas. Algunos de estos servicios adicionales son discretos, ya que ha habido un par de medidas en\u00e9rgicas para estos lugares alrededor del Metro.<\/p>\n<p>Pero esta gu\u00eda le dar\u00e1 algunos de los mejores masajes con final feliz en Manila. La mayor\u00eda de estos se disfrazan de Lingam o masaje t\u00e1ntrico. Tambi\u00e9n puede ver estos servicios que se ofrecen en los anuncios locales en l\u00ednea como Craigslist, Backpage, etc.<\/p>\n<h2><strong>Sexo seguro en Manila<\/strong><\/h2>\n<p>The Philippines is a very\u00a0religious\u00a0country, most of the local population is Catholic.\u00a0As a result, some of the girls will perform full sexual services without a condom.<\/p>\n<p>As a test I asked 3 hookers in Manila if I took her back to my room was it okay if I did not use a condom. All 3 said they&#8217;d rather I did not use a condom. Even in some go-go bars and massage the girls won&#8217;t pressure you to wear a condom. For handjobs or blowjobs they aren&#8217;t really needed, but if you go for full service, always wear a condom.<\/p>\n<p>Relacionado: \u00bfVas a Tailandia? Sepa d\u00f3nde encontrar <a href=\"https:\/\/afarangabroad.com\/es\/masaje-sexual-phuket\/\">masajes nuru en Phuket<\/a> y lo mejor <a href=\"https:\/\/afarangabroad.com\/es\/masajes-con-final-feliz-pattaya\/\">masajes con final feliz en Pattaya<\/a>.<\/p>\n<p>Even in some go-go bars and massage the girls won&#8217;t pressure you to wear a condom. For handjobs or blowjobs they aren&#8217;t really needed, but if you go for full service, always wear a condom.<\/p>\n<p>I am not sure how often they are tested but I assume it&#8217;s not as often as Thailand (every 3 months). If you want clean girls then use the places I listed above, getting girls off the street or freelancers are less likely to be clean as they are not required to go for testing.<\/p>","protected":false},"excerpt":{"rendered":"<p>Happy ending massage in Manila is not as prominent compared to the massage in Bangkok. However, there are still some massage parlors that offer extra service. If you want to meet hot girls in Manila, check out Pina Love. You just have to know where to find it. Happy massage in Manila is also called [&hellip;]<\/p>","protected":false},"author":2,"featured_media":7488,"parent":0,"menu_order":0,"comment_status":"open","ping_status":"closed","template":"","meta":{"_exactmetrics_skip_tracking":false,"_exactmetrics_sitenote_active":false,"_exactmetrics_sitenote_note":"","_exactmetrics_sitenote_category":0,"footnotes":""},"categories":[325],"tags":[],"class_list":["post-7464","page","type-page","status-publish","has-post-thumbnail","hentry","category-filipino-dating"],"yoast_head":"<!-- This site is optimized with the Yoast SEO plugin v20.1 - https:\/\/yoast.com\/wordpress\/plugins\/seo\/ -->\n<title>9 Best Happy Ending Massages in Manila - A Farang Abroad<\/title>\n<meta name=\"description\" content=\"Learn where to find the best Happy ending massage in Manila, how much it costs and where to get the best handjobs at the best value.\" \/>\n<meta name=\"robots\" content=\"index, follow, max-snippet:-1, max-image-preview:large, max-video-preview:-1\" \/>\n<link rel=\"canonical\" href=\"https:\/\/afarangabroad.com\/es\/masajes-con-final-feliz-manila\/\" \/>\n<meta property=\"og:locale\" content=\"es_ES\" \/>\n<meta property=\"og:type\" content=\"article\" \/>\n<meta property=\"og:title\" content=\"9 Best Happy Ending Massages in Manila - A Farang Abroad\" \/>\n<meta property=\"og:description\" content=\"Learn where to find the best Happy ending massage in Manila, how much it costs and where to get the best handjobs at the best value.\" \/>\n<meta property=\"og:url\" content=\"https:\/\/afarangabroad.com\/es\/masajes-con-final-feliz-manila\/\" \/>\n<meta property=\"og:site_name\" content=\"A Farang Abroad\" \/>\n<meta property=\"article:modified_time\" content=\"2024-10-16T22:31:24+00:00\" \/>\n<meta property=\"og:image\" content=\"https:\/\/afarangabroad.com\/wp-content\/uploads\/2016\/07\/happy-massage-in-manila.jpg\" \/>\n\t<meta property=\"og:image:width\" content=\"600\" \/>\n\t<meta property=\"og:image:height\" content=\"400\" \/>\n\t<meta property=\"og:image:type\" content=\"image\/jpeg\" \/>\n<meta name=\"twitter:label1\" content=\"Tiempo de lectura\" \/>\n\t<meta name=\"twitter:data1\" content=\"17 minutos\" \/>\n<script type=\"application\/ld+json\" class=\"yoast-schema-graph\">{\"@context\":\"https:\/\/schema.org\",\"@graph\":[{\"@type\":\"WebPage\",\"@id\":\"https:\/\/afarangabroad.com\/happy-ending-massage-manila\/\",\"url\":\"https:\/\/afarangabroad.com\/happy-ending-massage-manila\/\",\"name\":\"9 Best Happy Ending Massages in Manila - A Farang Abroad\",\"isPartOf\":{\"@id\":\"https:\/\/afarangabroad.com\/#website\"},\"datePublished\":\"2016-07-21T17:10:10+00:00\",\"dateModified\":\"2024-10-16T22:31:24+00:00\",\"description\":\"Learn where to find the best Happy ending massage in Manila, how much it costs and where to get the best handjobs at the best value.\",\"breadcrumb\":{\"@id\":\"https:\/\/afarangabroad.com\/happy-ending-massage-manila\/#breadcrumb\"},\"inLanguage\":\"es\",\"potentialAction\":[{\"@type\":\"ReadAction\",\"target\":[\"https:\/\/afarangabroad.com\/happy-ending-massage-manila\/\"]}]},{\"@type\":\"BreadcrumbList\",\"@id\":\"https:\/\/afarangabroad.com\/happy-ending-massage-manila\/#breadcrumb\",\"itemListElement\":[{\"@type\":\"ListItem\",\"position\":1,\"name\":\"Home\",\"item\":\"https:\/\/afarangabroad.com\/\"},{\"@type\":\"ListItem\",\"position\":2,\"name\":\"9 Best Happy Ending Massages in Manila\"}]},{\"@type\":\"WebSite\",\"@id\":\"https:\/\/afarangabroad.com\/#website\",\"url\":\"https:\/\/afarangabroad.com\/\",\"name\":\"A Farang Abroad\",\"description\":\"Your secret guide to Asia&#039;s sexiest nightlife.\",\"potentialAction\":[{\"@type\":\"SearchAction\",\"target\":{\"@type\":\"EntryPoint\",\"urlTemplate\":\"https:\/\/afarangabroad.com\/?s={search_term_string}\"},\"query-input\":\"required name=search_term_string\"}],\"inLanguage\":\"es\"}]}<\/script>\n<!-- \/ Yoast SEO plugin. -->","yoast_head_json":{"title":"9 Best Happy Ending Massages in Manila - A Farang Abroad","description":"Learn where to find the best Happy ending massage in Manila, how much it costs and where to get the best handjobs at the best value.","robots":{"index":"index","follow":"follow","max-snippet":"max-snippet:-1","max-image-preview":"max-image-preview:large","max-video-preview":"max-video-preview:-1"},"canonical":"https:\/\/afarangabroad.com\/es\/masajes-con-final-feliz-manila\/","og_locale":"es_ES","og_type":"article","og_title":"9 Best Happy Ending Massages in Manila - A Farang Abroad","og_description":"Learn where to find the best Happy ending massage in Manila, how much it costs and where to get the best handjobs at the best value.","og_url":"https:\/\/afarangabroad.com\/es\/masajes-con-final-feliz-manila\/","og_site_name":"A Farang Abroad","article_modified_time":"2024-10-16T22:31:24+00:00","og_image":[{"width":600,"height":400,"url":"https:\/\/afarangabroad.com\/wp-content\/uploads\/2016\/07\/happy-massage-in-manila.jpg","type":"image\/jpeg"}],"twitter_misc":{"Tiempo de lectura":"17 minutos"},"schema":{"@context":"https:\/\/schema.org","@graph":[{"@type":"WebPage","@id":"https:\/\/afarangabroad.com\/happy-ending-massage-manila\/","url":"https:\/\/afarangabroad.com\/happy-ending-massage-manila\/","name":"9 Best Happy Ending Massages in Manila - A Farang Abroad","isPartOf":{"@id":"https:\/\/afarangabroad.com\/#website"},"datePublished":"2016-07-21T17:10:10+00:00","dateModified":"2024-10-16T22:31:24+00:00","description":"Learn where to find the best Happy ending massage in Manila, how much it costs and where to get the best handjobs at the best value.","breadcrumb":{"@id":"https:\/\/afarangabroad.com\/happy-ending-massage-manila\/#breadcrumb"},"inLanguage":"es","potentialAction":[{"@type":"ReadAction","target":["https:\/\/afarangabroad.com\/happy-ending-massage-manila\/"]}]},{"@type":"BreadcrumbList","@id":"https:\/\/afarangabroad.com\/happy-ending-massage-manila\/#breadcrumb","itemListElement":[{"@type":"ListItem","position":1,"name":"Home","item":"https:\/\/afarangabroad.com\/"},{"@type":"ListItem","position":2,"name":"9 Best Happy Ending Massages in Manila"}]},{"@type":"WebSite","@id":"https:\/\/afarangabroad.com\/#website","url":"https:\/\/afarangabroad.com\/","name":"A Farang Abroad","description":"Your secret guide to Asia&#039;s sexiest nightlife.","potentialAction":[{"@type":"SearchAction","target":{"@type":"EntryPoint","urlTemplate":"https:\/\/afarangabroad.com\/?s={search_term_string}"},"query-input":"required name=search_term_string"}],"inLanguage":"es"}]}},"_links":{"self":[{"href":"https:\/\/afarangabroad.com\/es\/wp-json\/wp\/v2\/pages\/7464"}],"collection":[{"href":"https:\/\/afarangabroad.com\/es\/wp-json\/wp\/v2\/pages"}],"about":[{"href":"https:\/\/afarangabroad.com\/es\/wp-json\/wp\/v2\/types\/page"}],"author":[{"embeddable":true,"href":"https:\/\/afarangabroad.com\/es\/wp-json\/wp\/v2\/users\/2"}],"replies":[{"embeddable":true,"href":"https:\/\/afarangabroad.com\/es\/wp-json\/wp\/v2\/comments?post=7464"}],"version-history":[{"count":9,"href":"https:\/\/afarangabroad.com\/es\/wp-json\/wp\/v2\/pages\/7464\/revisions"}],"predecessor-version":[{"id":513623,"href":"https:\/\/afarangabroad.com\/es\/wp-json\/wp\/v2\/pages\/7464\/revisions\/513623"}],"wp:featuredmedia":[{"embeddable":true,"href":"https:\/\/afarangabroad.com\/es\/wp-json\/wp\/v2\/media\/7488"}],"wp:attachment":[{"href":"https:\/\/afarangabroad.com\/es\/wp-json\/wp\/v2\/media?parent=7464"}],"wp:term":[{"taxonomy":"category","embeddable":true,"href":"https:\/\/afarangabroad.com\/es\/wp-json\/wp\/v2\/categories?post=7464"},{"taxonomy":"post_tag","embeddable":true,"href":"https:\/\/afarangabroad.com\/es\/wp-json\/wp\/v2\/tags?post=7464"}],"curies":[{"name":"wp","href":"https:\/\/api.w.org\/{rel}","templated":true}]}}