{"id":7791,"date":"2016-09-22T06:40:04","date_gmt":"2016-09-22T05:40:04","guid":{"rendered":"https:\/\/afarangabroad.com\/?page_id=7791"},"modified":"2019-01-06T06:35:02","modified_gmt":"2019-01-06T06:35:02","slug":"tourist-guide-blok-m-jakarta","status":"publish","type":"page","link":"https:\/\/afarangabroad.com\/es\/guia-turistica-blok-m-jakarta\/","title":{"rendered":"Gu\u00eda tur\u00edstica de Blok M en Yakarta"},"content":{"rendered":"<p>\u00bfHas estado ya en el hist\u00f3rico Museo Nacional de Indonesia o en el Ancol Dreamland, ambos en Yakarta, y sigues buscando lo que Yakarta puede ofrecerte?<\/p>\n<p>Entonces puede que quieras pasar de sus solemnes atracciones a las explosivas y probar sus impresionantes y conocidas <a href=\"\/es\/\" target=\"_blank\" rel=\"noopener\">Vida nocturna en Yakarta<\/a>.<\/p>\n<p><a href=\"https:\/\/afarangabroad.com\/es\/cupido-indonesio\/\" target=\"_blank\" rel=\"noopener\"><img loading=\"lazy\" decoding=\"async\" class=\"aligncenter  wp-image-7574\" src=\"https:\/\/afarangabroad.com\/wp-content\/uploads\/2016\/08\/hot-Jakarta-girl-300x202.png\" alt=\"hot Jakarta girl\" width=\"364\" height=\"248\" \/><\/a>Desea reunirse <a href=\"https:\/\/afarangabroad.com\/es\/mujeres-indonesias\/\">Mujeres indonesias<\/a> gratis, <a href=\"https:\/\/afarangabroad.com\/es\/cupido-indonesio\/\" target=\"_blank\" rel=\"noopener\">consulte este art\u00edculo<\/a>.<\/p>\n<p>Jakarta is indeed a city that is known for its prehistoric and preserved culture but as you go along the city\u2019s nightlife, you will be able to see the other side of Jakarta. The city doesn\u2019t just offer a solemn place to tourists and foreigners but they also have their own way of getting along with the trends nowadays.<\/p>\n<p>If you go along streets of Jakarta to experience how nightlife goes in the city, you\u2019ll be able to find various attractions and party atmosphere in the place such as their clubs, bars, pubs and even loud discos in where you can party all night long.<\/p>\n<p>Have you ever heard the famous Blok M in Kebayoran Baru, South Jakarta, Indonesia? If you are in South Jakarta, your visit won\u2019t be complete without checking out the place. Blok M Jakarta is a well-known place for its relatively low price range for their inexpensive property cost compared to other businesses and shopping quarters.<\/p>\n<p>Sea lo que sea lo que busques en la vida nocturna de Blok M Jakarta, el lugar lo tiene todo. Si lo que buscas es un lugar donde relajarte, quiz\u00e1 quieras visitar su <a href=\"https:\/\/afarangabroad.com\/es\/spa-masajes-sexuales-jakarta\/\">mejores balnearios de Yakarta<\/a> y salones de masajes y si quieres divertirte toda la noche, puedes ir a visitar sus ruidosos bares-discoteca.<\/p>\n<h2><strong>Bares y discotecas en Blok M Yakarta<\/strong><\/h2>\n<p>Blok M es realmente una de las muchas zonas rojas de la ciudad y aqu\u00ed es en realidad una lista de la m\u00eda de los cinco mejores bares y clubes en Blok M Yakarta que es definitivamente una debe probar:<\/p>\n<ul>\n<li><a href=\"https:\/\/www.facebook.com\/pages\/Top-Gun\/168253423214228?fref=ts\" target=\"_blank\" rel=\"noopener\">Top Gun<\/a><\/li>\n<\/ul>\n<p>A bar found in the middle of Jalan Pelatehan of Blok M Jakarta nightlife that has been running since mid-80\u2019s. For the past years that Jakarta has been improving, Top Gun, was there and fighting over the changes of the city that is indeed obvious for still being one of the top bars in the city.<\/p>\n<p>Si eres nuevo en la ciudad, sobre todo en Blok M, deber\u00edas probar Top Gun. El bar cuenta con m\u00fasica a todo volumen y un ambiente festivo perfecto para los m\u00e1s fiesteros. Tambi\u00e9n tienen una mesa de billar para a\u00f1adir algo de diversi\u00f3n al local, por no hablar de su agradable y r\u00e1pido personal.<\/p>\n<p><iframe loading=\"lazy\" style=\"border: 0;\" src=\"https:\/\/www.google.com\/maps\/embed?pb=!1m18!1m12!1m3!1d3966.1651768387883!2d106.7995554490555!3d-6.241950095459559!2m3!1f0!2f0!3f0!3m2!1i1024!2i768!4f13.1!3m3!1m2!1s0x2e69f169145ff10b%3A0x560b921d80099ec2!2sTop+Gun!5e0!3m2!1sen!2sph!4v1474030845914\" width=\"400\" height=\"300\" frameborder=\"0\" allowfullscreen=\"allowfullscreen\"><\/iframe><\/p>","protected":false},"excerpt":{"rendered":"<p>Have you been to the historical National Museum of Indonesia or to the Ancol Dreamland which are both found in Jakarta and you are still finding for things that Jakarta can offer you? Then you might want to shift from their solemn attractions to the blasting one and try their awesome and well-known Jakarta nightlife. [&hellip;]<\/p>","protected":false},"author":2,"featured_media":0,"parent":0,"menu_order":0,"comment_status":"open","ping_status":"closed","template":"","meta":{"_exactmetrics_skip_tracking":false,"_exactmetrics_sitenote_active":false,"_exactmetrics_sitenote_note":"","_exactmetrics_sitenote_category":0,"footnotes":""},"categories":[318],"tags":[],"class_list":["post-7791","page","type-page","status-publish","hentry","category-indonesia"],"yoast_head":"<!-- This site is optimized with the Yoast SEO plugin v20.1 - https:\/\/yoast.com\/wordpress\/plugins\/seo\/ -->\n<title>Tourist Guide To Blok M In Jakarta - A Farang Abroad<\/title>\n<meta name=\"description\" content=\"Blok M In Jakarta can be a hard place to find and navigate if it&#039;s your first time visiting. In this blog I&#039;ll show you where to go and what to expect.\" \/>\n<meta name=\"robots\" content=\"index, follow, max-snippet:-1, max-image-preview:large, max-video-preview:-1\" \/>\n<link rel=\"canonical\" href=\"https:\/\/afarangabroad.com\/es\/guia-turistica-blok-m-jakarta\/\" \/>\n<meta property=\"og:locale\" content=\"es_ES\" \/>\n<meta property=\"og:type\" content=\"article\" \/>\n<meta property=\"og:title\" content=\"Tourist Guide To Blok M In Jakarta - A Farang Abroad\" \/>\n<meta property=\"og:description\" content=\"Blok M In Jakarta can be a hard place to find and navigate if it&#039;s your first time visiting. In this blog I&#039;ll show you where to go and what to expect.\" \/>\n<meta property=\"og:url\" content=\"https:\/\/afarangabroad.com\/es\/guia-turistica-blok-m-jakarta\/\" \/>\n<meta property=\"og:site_name\" content=\"A Farang Abroad\" \/>\n<meta property=\"article:modified_time\" content=\"2019-01-06T06:35:02+00:00\" \/>\n<meta property=\"og:image\" content=\"https:\/\/afarangabroad.com\/wp-content\/uploads\/2016\/08\/hot-Jakarta-girl-300x202.png\" \/>\n<meta name=\"twitter:label1\" content=\"Tiempo de lectura\" \/>\n\t<meta name=\"twitter:data1\" content=\"6 minutos\" \/>\n<script type=\"application\/ld+json\" class=\"yoast-schema-graph\">{\"@context\":\"https:\/\/schema.org\",\"@graph\":[{\"@type\":\"WebPage\",\"@id\":\"https:\/\/afarangabroad.com\/tourist-guide-blok-m-jakarta\/\",\"url\":\"https:\/\/afarangabroad.com\/tourist-guide-blok-m-jakarta\/\",\"name\":\"Tourist Guide To Blok M In Jakarta - A Farang Abroad\",\"isPartOf\":{\"@id\":\"https:\/\/afarangabroad.com\/#website\"},\"datePublished\":\"2016-09-22T05:40:04+00:00\",\"dateModified\":\"2019-01-06T06:35:02+00:00\",\"description\":\"Blok M In Jakarta can be a hard place to find and navigate if it's your first time visiting. In this blog I'll show you where to go and what to expect.\",\"breadcrumb\":{\"@id\":\"https:\/\/afarangabroad.com\/tourist-guide-blok-m-jakarta\/#breadcrumb\"},\"inLanguage\":\"es\",\"potentialAction\":[{\"@type\":\"ReadAction\",\"target\":[\"https:\/\/afarangabroad.com\/tourist-guide-blok-m-jakarta\/\"]}]},{\"@type\":\"BreadcrumbList\",\"@id\":\"https:\/\/afarangabroad.com\/tourist-guide-blok-m-jakarta\/#breadcrumb\",\"itemListElement\":[{\"@type\":\"ListItem\",\"position\":1,\"name\":\"Home\",\"item\":\"https:\/\/afarangabroad.com\/\"},{\"@type\":\"ListItem\",\"position\":2,\"name\":\"Tourist Guide To Blok M In Jakarta\"}]},{\"@type\":\"WebSite\",\"@id\":\"https:\/\/afarangabroad.com\/#website\",\"url\":\"https:\/\/afarangabroad.com\/\",\"name\":\"A Farang Abroad\",\"description\":\"Your secret guide to Asia&#039;s sexiest nightlife.\",\"potentialAction\":[{\"@type\":\"SearchAction\",\"target\":{\"@type\":\"EntryPoint\",\"urlTemplate\":\"https:\/\/afarangabroad.com\/?s={search_term_string}\"},\"query-input\":\"required name=search_term_string\"}],\"inLanguage\":\"es\"}]}<\/script>\n<!-- \/ Yoast SEO plugin. -->","yoast_head_json":{"title":"Tourist Guide To Blok M In Jakarta - A Farang Abroad","description":"Blok M In Jakarta can be a hard place to find and navigate if it's your first time visiting. In this blog I'll show you where to go and what to expect.","robots":{"index":"index","follow":"follow","max-snippet":"max-snippet:-1","max-image-preview":"max-image-preview:large","max-video-preview":"max-video-preview:-1"},"canonical":"https:\/\/afarangabroad.com\/es\/guia-turistica-blok-m-jakarta\/","og_locale":"es_ES","og_type":"article","og_title":"Tourist Guide To Blok M In Jakarta - A Farang Abroad","og_description":"Blok M In Jakarta can be a hard place to find and navigate if it's your first time visiting. In this blog I'll show you where to go and what to expect.","og_url":"https:\/\/afarangabroad.com\/es\/guia-turistica-blok-m-jakarta\/","og_site_name":"A Farang Abroad","article_modified_time":"2019-01-06T06:35:02+00:00","og_image":[{"url":"https:\/\/afarangabroad.com\/wp-content\/uploads\/2016\/08\/hot-Jakarta-girl-300x202.png"}],"twitter_misc":{"Tiempo de lectura":"6 minutos"},"schema":{"@context":"https:\/\/schema.org","@graph":[{"@type":"WebPage","@id":"https:\/\/afarangabroad.com\/tourist-guide-blok-m-jakarta\/","url":"https:\/\/afarangabroad.com\/tourist-guide-blok-m-jakarta\/","name":"Tourist Guide To Blok M In Jakarta - A Farang Abroad","isPartOf":{"@id":"https:\/\/afarangabroad.com\/#website"},"datePublished":"2016-09-22T05:40:04+00:00","dateModified":"2019-01-06T06:35:02+00:00","description":"Blok M In Jakarta can be a hard place to find and navigate if it's your first time visiting. In this blog I'll show you where to go and what to expect.","breadcrumb":{"@id":"https:\/\/afarangabroad.com\/tourist-guide-blok-m-jakarta\/#breadcrumb"},"inLanguage":"es","potentialAction":[{"@type":"ReadAction","target":["https:\/\/afarangabroad.com\/tourist-guide-blok-m-jakarta\/"]}]},{"@type":"BreadcrumbList","@id":"https:\/\/afarangabroad.com\/tourist-guide-blok-m-jakarta\/#breadcrumb","itemListElement":[{"@type":"ListItem","position":1,"name":"Home","item":"https:\/\/afarangabroad.com\/"},{"@type":"ListItem","position":2,"name":"Tourist Guide To Blok M In Jakarta"}]},{"@type":"WebSite","@id":"https:\/\/afarangabroad.com\/#website","url":"https:\/\/afarangabroad.com\/","name":"A Farang Abroad","description":"Your secret guide to Asia&#039;s sexiest nightlife.","potentialAction":[{"@type":"SearchAction","target":{"@type":"EntryPoint","urlTemplate":"https:\/\/afarangabroad.com\/?s={search_term_string}"},"query-input":"required name=search_term_string"}],"inLanguage":"es"}]}},"_links":{"self":[{"href":"https:\/\/afarangabroad.com\/es\/wp-json\/wp\/v2\/pages\/7791"}],"collection":[{"href":"https:\/\/afarangabroad.com\/es\/wp-json\/wp\/v2\/pages"}],"about":[{"href":"https:\/\/afarangabroad.com\/es\/wp-json\/wp\/v2\/types\/page"}],"author":[{"embeddable":true,"href":"https:\/\/afarangabroad.com\/es\/wp-json\/wp\/v2\/users\/2"}],"replies":[{"embeddable":true,"href":"https:\/\/afarangabroad.com\/es\/wp-json\/wp\/v2\/comments?post=7791"}],"version-history":[{"count":0,"href":"https:\/\/afarangabroad.com\/es\/wp-json\/wp\/v2\/pages\/7791\/revisions"}],"wp:attachment":[{"href":"https:\/\/afarangabroad.com\/es\/wp-json\/wp\/v2\/media?parent=7791"}],"wp:term":[{"taxonomy":"category","embeddable":true,"href":"https:\/\/afarangabroad.com\/es\/wp-json\/wp\/v2\/categories?post=7791"},{"taxonomy":"post_tag","embeddable":true,"href":"https:\/\/afarangabroad.com\/es\/wp-json\/wp\/v2\/tags?post=7791"}],"curies":[{"name":"wp","href":"https:\/\/api.w.org\/{rel}","templated":true}]}}