{"id":7856,"date":"2016-10-29T05:48:56","date_gmt":"2016-10-29T04:48:56","guid":{"rendered":"https:\/\/afarangabroad.com\/?page_id=7856"},"modified":"2019-09-21T21:48:11","modified_gmt":"2019-09-21T20:48:11","slug":"hong-kong-cupid","status":"publish","type":"page","link":"https:\/\/afarangabroad.com\/es\/cupido-hong-kong\/","title":{"rendered":"Hong Kong Cupid - C\u00f3mo conocer chicas en l\u00ednea"},"content":{"rendered":"<p>If you have been to Hong Kong before or have done any online research, you&#8217;ll have learned that meeting girls in bars or clubs is pretty difficult as a westerner.<\/p>\n<p>Not only will you spend hundreds of dollars on drinks, you&#8217;ll most likely go home empty handed (withno phone numbers).<\/p>\n<p>Thanks to the Internet you don&#8217;t need to make your next trip to Hong Kong a boring one, want to meet girls who aren&#8217;t stuck up and actually like western guys? Keep on reading.<\/p>\n<h2><strong>Hong Kong\u00a0Cupid &#8211; your best bet to meeting girls<\/strong><\/h2>\n<p>If you&#8217;re a solo traveler\u00a0and want to go out at night with company (hot girls), Hong Kong Cupid is your best bet.<\/p>\n<p>Here you&#8217;ll be able to find thousands of Hong Kong girls and expat women from all over the globe who are working here. Unlike visiting a bar or club<\/p>\n<p>Unlike visiting a bar or club where you&#8217;ll get snubbed by pretty much everyone, Hong Kong Cupid is an online meeting places where girls want to meet guys.<\/p>\n<p><a href=\"https:\/\/afarangabroad.com\/es\/recommends\/cupid-hong-kong\/\"><img loading=\"lazy\" decoding=\"async\" class=\"aligncenter wp-image-7857 size-full\" src=\"https:\/\/afarangabroad.com\/wp-content\/uploads\/2016\/10\/Hong-Kong-Cupid.jpg\" alt=\"hong-kong-cupid\" width=\"250\" height=\"250\" srcset=\"https:\/\/afarangabroad.com\/wp-content\/uploads\/2016\/10\/Hong-Kong-Cupid.jpg 250w, https:\/\/afarangabroad.com\/wp-content\/uploads\/2016\/10\/Hong-Kong-Cupid-150x150.jpg 150w\" sizes=\"(max-width: 250px) 100vw, 250px\" \/><\/a><\/p>\n<p>Las chicas del sitio est\u00e1n dispuestas a quedar para tomar un caf\u00e9, ir de copas a un bar e incluso una noche de fiesta y qui\u00e9n sabe qu\u00e9 m\u00e1s despu\u00e9s.Si quieres entablar amistad o encontrar mujeres con las que salir de fiesta antes de aterrizar en Hong Kong, Cupid es tu mejor opci\u00f3n.<\/p>\n<p>La mayor\u00eda de las mujeres de este sitio son de Hong Kong o China continental, pero tambi\u00e9n puede encontrar expatriadas de Estados Unidos, Inglaterra y muchos otros pa\u00edses.<\/p>\n<p>Si quieres hacer amistades o encontrar mujeres con las que salir de fiesta antes de aterrizar en Hong Kong, Cupid es tu mejor opci\u00f3n.<\/p>\n<h2><strong>C\u00f3mo utilizo Hong Kong Cupid<\/strong><\/h2>\n<p>I&#8217;ll create myself a Hong Kong Cupid account 2-3 weeks before I arrive in Hong Kong.<\/p>","protected":false},"excerpt":{"rendered":"<p>If you have been to Hong Kong before or have done any online research, you&#8217;ll have learned that meeting girls in bars or clubs is pretty difficult as a westerner. Not only will you spend hundreds of dollars on drinks, you&#8217;ll most likely go home empty handed (withno phone numbers). Thanks to the Internet you [&hellip;]<\/p>","protected":false},"author":2,"featured_media":7857,"parent":0,"menu_order":0,"comment_status":"open","ping_status":"closed","template":"","meta":{"_exactmetrics_skip_tracking":false,"_exactmetrics_sitenote_active":false,"_exactmetrics_sitenote_note":"","_exactmetrics_sitenote_category":0,"footnotes":""},"categories":[332],"tags":[],"class_list":["post-7856","page","type-page","status-publish","has-post-thumbnail","hentry","category-hong-kong"],"yoast_head":"<!-- This site is optimized with the Yoast SEO plugin v20.1 - https:\/\/yoast.com\/wordpress\/plugins\/seo\/ -->\n<title>Hong Kong Cupid - How To Meet Girls Online - A Farang Abroad<\/title>\n<meta name=\"description\" content=\"Want to meet sexy girls in Hong Kong? Learn how you can use Hong Kong Cupid to setup dates with girls before you even land there.\" \/>\n<meta name=\"robots\" content=\"index, follow, max-snippet:-1, max-image-preview:large, max-video-preview:-1\" \/>\n<link rel=\"canonical\" href=\"https:\/\/afarangabroad.com\/es\/cupido-hong-kong\/\" \/>\n<meta property=\"og:locale\" content=\"es_ES\" \/>\n<meta property=\"og:type\" content=\"article\" \/>\n<meta property=\"og:title\" content=\"Hong Kong Cupid - How To Meet Girls Online - A Farang Abroad\" \/>\n<meta property=\"og:description\" content=\"Want to meet sexy girls in Hong Kong? Learn how you can use Hong Kong Cupid to setup dates with girls before you even land there.\" \/>\n<meta property=\"og:url\" content=\"https:\/\/afarangabroad.com\/es\/cupido-hong-kong\/\" \/>\n<meta property=\"og:site_name\" content=\"A Farang Abroad\" \/>\n<meta property=\"article:modified_time\" content=\"2019-09-21T20:48:11+00:00\" \/>\n<meta property=\"og:image\" content=\"https:\/\/afarangabroad.com\/wp-content\/uploads\/2016\/10\/Hong-Kong-Cupid.jpg\" \/>\n\t<meta property=\"og:image:width\" content=\"250\" \/>\n\t<meta property=\"og:image:height\" content=\"250\" \/>\n\t<meta property=\"og:image:type\" content=\"image\/jpeg\" \/>\n<meta name=\"twitter:label1\" content=\"Tiempo de lectura\" \/>\n\t<meta name=\"twitter:data1\" content=\"3 minutos\" \/>\n<script type=\"application\/ld+json\" class=\"yoast-schema-graph\">{\"@context\":\"https:\/\/schema.org\",\"@graph\":[{\"@type\":\"WebPage\",\"@id\":\"https:\/\/afarangabroad.com\/hong-kong-cupid\/\",\"url\":\"https:\/\/afarangabroad.com\/hong-kong-cupid\/\",\"name\":\"Hong Kong Cupid - How To Meet Girls Online - A Farang Abroad\",\"isPartOf\":{\"@id\":\"https:\/\/afarangabroad.com\/#website\"},\"datePublished\":\"2016-10-29T04:48:56+00:00\",\"dateModified\":\"2019-09-21T20:48:11+00:00\",\"description\":\"Want to meet sexy girls in Hong Kong? Learn how you can use Hong Kong Cupid to setup dates with girls before you even land there.\",\"breadcrumb\":{\"@id\":\"https:\/\/afarangabroad.com\/hong-kong-cupid\/#breadcrumb\"},\"inLanguage\":\"es\",\"potentialAction\":[{\"@type\":\"ReadAction\",\"target\":[\"https:\/\/afarangabroad.com\/hong-kong-cupid\/\"]}]},{\"@type\":\"BreadcrumbList\",\"@id\":\"https:\/\/afarangabroad.com\/hong-kong-cupid\/#breadcrumb\",\"itemListElement\":[{\"@type\":\"ListItem\",\"position\":1,\"name\":\"Home\",\"item\":\"https:\/\/afarangabroad.com\/\"},{\"@type\":\"ListItem\",\"position\":2,\"name\":\"Hong Kong Cupid &#8211; How To Meet Girls Online\"}]},{\"@type\":\"WebSite\",\"@id\":\"https:\/\/afarangabroad.com\/#website\",\"url\":\"https:\/\/afarangabroad.com\/\",\"name\":\"A Farang Abroad\",\"description\":\"Your secret guide to Asia&#039;s sexiest nightlife.\",\"potentialAction\":[{\"@type\":\"SearchAction\",\"target\":{\"@type\":\"EntryPoint\",\"urlTemplate\":\"https:\/\/afarangabroad.com\/?s={search_term_string}\"},\"query-input\":\"required name=search_term_string\"}],\"inLanguage\":\"es\"}]}<\/script>\n<!-- \/ Yoast SEO plugin. -->","yoast_head_json":{"title":"Hong Kong Cupid - How To Meet Girls Online - A Farang Abroad","description":"Want to meet sexy girls in Hong Kong? Learn how you can use Hong Kong Cupid to setup dates with girls before you even land there.","robots":{"index":"index","follow":"follow","max-snippet":"max-snippet:-1","max-image-preview":"max-image-preview:large","max-video-preview":"max-video-preview:-1"},"canonical":"https:\/\/afarangabroad.com\/es\/cupido-hong-kong\/","og_locale":"es_ES","og_type":"article","og_title":"Hong Kong Cupid - How To Meet Girls Online - A Farang Abroad","og_description":"Want to meet sexy girls in Hong Kong? Learn how you can use Hong Kong Cupid to setup dates with girls before you even land there.","og_url":"https:\/\/afarangabroad.com\/es\/cupido-hong-kong\/","og_site_name":"A Farang Abroad","article_modified_time":"2019-09-21T20:48:11+00:00","og_image":[{"width":250,"height":250,"url":"https:\/\/afarangabroad.com\/wp-content\/uploads\/2016\/10\/Hong-Kong-Cupid.jpg","type":"image\/jpeg"}],"twitter_misc":{"Tiempo de lectura":"3 minutos"},"schema":{"@context":"https:\/\/schema.org","@graph":[{"@type":"WebPage","@id":"https:\/\/afarangabroad.com\/hong-kong-cupid\/","url":"https:\/\/afarangabroad.com\/hong-kong-cupid\/","name":"Hong Kong Cupid - How To Meet Girls Online - A Farang Abroad","isPartOf":{"@id":"https:\/\/afarangabroad.com\/#website"},"datePublished":"2016-10-29T04:48:56+00:00","dateModified":"2019-09-21T20:48:11+00:00","description":"Want to meet sexy girls in Hong Kong? Learn how you can use Hong Kong Cupid to setup dates with girls before you even land there.","breadcrumb":{"@id":"https:\/\/afarangabroad.com\/hong-kong-cupid\/#breadcrumb"},"inLanguage":"es","potentialAction":[{"@type":"ReadAction","target":["https:\/\/afarangabroad.com\/hong-kong-cupid\/"]}]},{"@type":"BreadcrumbList","@id":"https:\/\/afarangabroad.com\/hong-kong-cupid\/#breadcrumb","itemListElement":[{"@type":"ListItem","position":1,"name":"Home","item":"https:\/\/afarangabroad.com\/"},{"@type":"ListItem","position":2,"name":"Hong Kong Cupid &#8211; How To Meet Girls Online"}]},{"@type":"WebSite","@id":"https:\/\/afarangabroad.com\/#website","url":"https:\/\/afarangabroad.com\/","name":"A Farang Abroad","description":"Your secret guide to Asia&#039;s sexiest nightlife.","potentialAction":[{"@type":"SearchAction","target":{"@type":"EntryPoint","urlTemplate":"https:\/\/afarangabroad.com\/?s={search_term_string}"},"query-input":"required name=search_term_string"}],"inLanguage":"es"}]}},"_links":{"self":[{"href":"https:\/\/afarangabroad.com\/es\/wp-json\/wp\/v2\/pages\/7856"}],"collection":[{"href":"https:\/\/afarangabroad.com\/es\/wp-json\/wp\/v2\/pages"}],"about":[{"href":"https:\/\/afarangabroad.com\/es\/wp-json\/wp\/v2\/types\/page"}],"author":[{"embeddable":true,"href":"https:\/\/afarangabroad.com\/es\/wp-json\/wp\/v2\/users\/2"}],"replies":[{"embeddable":true,"href":"https:\/\/afarangabroad.com\/es\/wp-json\/wp\/v2\/comments?post=7856"}],"version-history":[{"count":0,"href":"https:\/\/afarangabroad.com\/es\/wp-json\/wp\/v2\/pages\/7856\/revisions"}],"wp:featuredmedia":[{"embeddable":true,"href":"https:\/\/afarangabroad.com\/es\/wp-json\/wp\/v2\/media\/7857"}],"wp:attachment":[{"href":"https:\/\/afarangabroad.com\/es\/wp-json\/wp\/v2\/media?parent=7856"}],"wp:term":[{"taxonomy":"category","embeddable":true,"href":"https:\/\/afarangabroad.com\/es\/wp-json\/wp\/v2\/categories?post=7856"},{"taxonomy":"post_tag","embeddable":true,"href":"https:\/\/afarangabroad.com\/es\/wp-json\/wp\/v2\/tags?post=7856"}],"curies":[{"name":"wp","href":"https:\/\/api.w.org\/{rel}","templated":true}]}}