{"id":8025,"date":"2017-01-10T07:33:01","date_gmt":"2017-01-10T07:33:01","guid":{"rendered":"https:\/\/afarangabroad.com\/?page_id=8025"},"modified":"2020-08-09T05:15:56","modified_gmt":"2020-08-09T04:15:56","slug":"spa-sex-massages-jakarta","status":"publish","type":"page","link":"https:\/\/afarangabroad.com\/es\/spa-masajes-sexuales-jakarta\/","title":{"rendered":"10 Mejores Masajes en Yakarta (Sex Clubs)"},"content":{"rendered":"<p>\u00bfBuscas los mejores masajes spa y clubes de sexo en Yakarta?<\/p>\n<p>Yakarta es una ciudad muy conocida por sus diversas atracciones y si la relajaci\u00f3n es su prioridad al visitar la ciudad, entonces definitivamente debe dar a su Spa Masaje Yakarta una visita que es en realidad numerosos en toda la ciudad.<\/p>\n<p>Como Spa Masaje Yakarta se ha extendido por toda la ciudad, los propietarios de spa sido capaz de encontrar diferentes estilos y t\u00e9cnicas en el funcionamiento del negocio y aqu\u00ed est\u00e1n diez de los mejores Spa Masaje Yakarta.<\/p>\n<p>Si desea reunirse <a href=\"https:\/\/afarangabroad.com\/es\/mujeres-indonesias\/\">Mujeres indonesias<\/a> gratis, <a href=\"https:\/\/afarangabroad.com\/es\/cupido-indonesio\/\" target=\"_blank\" rel=\"noopener noreferrer\">consulte este art\u00edculo<\/a>.<\/p>\n<div class=\"wp-block-image\">\n<figure class=\"aligncenter\"><a href=\"https:\/\/afarangabroad.com\/es\/cupido-indonesio\/\" target=\"_blank\" rel=\"noopener noreferrer\"><img loading=\"lazy\" decoding=\"async\" width=\"1024\" height=\"691\" src=\"https:\/\/afarangabroad.com\/wp-content\/uploads\/2016\/08\/hot-Jakarta-girl-1024x691.png\" alt=\"hot Jakarta girl\" class=\"wp-image-7574\" srcset=\"https:\/\/afarangabroad.com\/wp-content\/uploads\/2016\/08\/hot-Jakarta-girl-1024x691.png 1024w, https:\/\/afarangabroad.com\/wp-content\/uploads\/2016\/08\/hot-Jakarta-girl-300x202.png 300w, https:\/\/afarangabroad.com\/wp-content\/uploads\/2016\/08\/hot-Jakarta-girl-768x518.png 768w, https:\/\/afarangabroad.com\/wp-content\/uploads\/2016\/08\/hot-Jakarta-girl-720x486.png 720w, https:\/\/afarangabroad.com\/wp-content\/uploads\/2016\/08\/hot-Jakarta-girl.png 1038w\" sizes=\"(max-width: 1024px) 100vw, 1024px\" \/><\/a><\/figure>\n<\/div>\n<h2 class=\"wp-block-heading\"><strong>Spa de lujo Sun City<\/strong><\/h2>\n<p>If you are looking for a new environment in Jakarta then this night club is the right place for you. The spa is one of the newest night clubs that can be found in the city but if you\u2019ll going to check the place, you can also see how luxurious it is.<\/p>\n<p>What\u2019s great about this night club is it is a home to various entertainments such as their hotel that is actually made for short-time sex, karaoke, Chinese Restaurant, ballroom, and of course their spa massage Jakarta. If you happen to be looking for <a href=\"https:\/\/afarangabroad.com\/es\/jakarta-girls\/\">Chicas de Yakarta<\/a>, el club nocturno tambi\u00e9n lo tiene, especialmente durante los fines de semana, cuando el lugar est\u00e1 definitivamente abarrotado.<\/p>\n<p>You can also book a party here in Sun City Luxury Spa where you can have a private place at their function rooms. They also have their live bands which are playing every day and if it\u2019ll become later, they also have their DJs that would indeed make your night at Sun City Luxury Spa a memorable one.<\/p>\n<figure><iframe loading=\"lazy\" style=\"border: 0;\" src=\"https:\/\/www.google.com\/maps\/embed?pb=!1m18!1m12!1m3!1d3966.885233002599!2d106.81469875050428!3d-6.146113495528205!2m3!1f0!2f0!3f0!3m2!1i1024!2i768!4f13.1!3m3!1m2!1s0x2e69f6080f40ac25%3A0x8664862a5390a6ad!2sSun+City+Luxury+Club!5e0!3m2!1sen!2sth!4v1484032852551\" allowfullscreen=\"allowfullscreen\" width=\"600\" height=\"450\" frameborder=\"0\"><\/iframe><\/figure>\n<h2 class=\"wp-block-heading\"><strong>Alexis Hotel\u2019s Bathhouse<\/strong><\/h2>\n<p>The place is actually not like those usual hotels for it is more like a brothel. What people love to try here in Alexis Hotel is their Bathhouse is their girls whom can entertain and can give you a very relaxing massage. They have a wide variety of girls from their Russians, Uzbekistani and also their Myanmar\u2019s where you can definitely choose one girl from the other depending on your taste.<\/p>\n<p>Adem\u00e1s de la casa de ba\u00f1os, tambi\u00e9n hay un karaoke en la 5\u00aa planta. Aunque el karaoke es caro (3,5 millones de rupias), se puede disfrutar de su televisor de pantalla plana y de un sistema de sonido muy bueno para 4 personas.<\/p>\n<p><em>Relacionado, sepa d\u00f3nde conseguir <a href=\"https:\/\/afarangabroad.com\/es\/sex-jakarta\/\" target=\"_blank\" rel=\"noopener noreferrer\">sexo en Yakarta<\/a> y el <a href=\"https:\/\/afarangabroad.com\/es\/jakarta-hookers\/\" target=\"_blank\" rel=\"noopener noreferrer\">los mejores sitios de prostitutas<\/a>.<\/em><\/p>\n<figure><iframe loading=\"lazy\" style=\"border: 0;\" src=\"https:\/\/www.google.com\/maps\/embed?pb=!1m18!1m12!1m3!1d3966.989879497121!2d106.82159035050417!3d-6.132061295538255!2m3!1f0!2f0!3f0!3m2!1i1024!2i768!4f13.1!3m3!1m2!1s0x2e6a1e03e9eb9bf9%3A0x53f9a2ede707a0e!2sAlexis+Jakarta!5e0!3m2!1sen!2sth!4v1484032886729\" allowfullscreen=\"allowfullscreen\" width=\"600\" height=\"450\" frameborder=\"0\"><\/iframe><\/figure>\n<p>Y si lo que quieres es pasar una noche interesante, tambi\u00e9n puedes visitar su discoteca, donde podr\u00e1s presenciar un espect\u00e1culo en directo de chicas que parecen tener <a href=\"https:\/\/afarangabroad.com\/es\/spa-masajes-sexuales-jakarta\/\">sexo en balnearios de Yakarta<\/a> pero s\u00f3lo se puede ver su sombra que es en realidad un evento conocido en el hotel que la gente llama como Aquarium. Si quieres ver el espect\u00e1culo, puedes encontrar Alexis Hotel en Martadinata Yakarta Norte.\n<\/p>","protected":false},"excerpt":{"rendered":"<p>Are you looking for the best Spa massages and sex clubs in Jakarta? Jakarta is a well-known city for its various attractions and if relaxation is your priority when visiting the city then you should definitely give their Spa Massage Jakarta a visit which is actually numerous all over the city. As Spa Massage Jakarta [&hellip;]<\/p>","protected":false},"author":2,"featured_media":8026,"parent":0,"menu_order":0,"comment_status":"open","ping_status":"closed","template":"","meta":{"_exactmetrics_skip_tracking":false,"_exactmetrics_sitenote_active":false,"_exactmetrics_sitenote_note":"","_exactmetrics_sitenote_category":0,"footnotes":""},"categories":[318],"tags":[],"class_list":["post-8025","page","type-page","status-publish","has-post-thumbnail","hentry","category-indonesia"],"yoast_head":"<!-- This site is optimized with the Yoast SEO plugin v20.1 - https:\/\/yoast.com\/wordpress\/plugins\/seo\/ -->\n<title>10 Best Spa Massages in Jakarta (Sex Clubs) - A Farang Abroad<\/title>\n<meta name=\"description\" content=\"Are you looking for the best Spa massages and sex clubs in Jakarta?Find out the best spots in town to have sex with girls with maps how to get there.\" \/>\n<meta name=\"robots\" content=\"index, follow, max-snippet:-1, max-image-preview:large, max-video-preview:-1\" \/>\n<link rel=\"canonical\" href=\"https:\/\/afarangabroad.com\/es\/spa-masajes-sexuales-jakarta\/\" \/>\n<meta property=\"og:locale\" content=\"es_ES\" \/>\n<meta property=\"og:type\" content=\"article\" \/>\n<meta property=\"og:title\" content=\"10 Best Spa Massages in Jakarta (Sex Clubs) - A Farang Abroad\" \/>\n<meta property=\"og:description\" content=\"Are you looking for the best Spa massages and sex clubs in Jakarta?Find out the best spots in town to have sex with girls with maps how to get there.\" \/>\n<meta property=\"og:url\" content=\"https:\/\/afarangabroad.com\/es\/spa-masajes-sexuales-jakarta\/\" \/>\n<meta property=\"og:site_name\" content=\"A Farang Abroad\" \/>\n<meta property=\"article:modified_time\" content=\"2020-08-09T04:15:56+00:00\" \/>\n<meta property=\"og:image\" content=\"https:\/\/afarangabroad.com\/wp-content\/uploads\/2017\/01\/Jakarta-sex-clubs.jpg\" \/>\n\t<meta property=\"og:image:width\" content=\"960\" \/>\n\t<meta property=\"og:image:height\" content=\"1706\" \/>\n\t<meta property=\"og:image:type\" content=\"image\/jpeg\" \/>\n<meta name=\"twitter:label1\" content=\"Tiempo de lectura\" \/>\n\t<meta name=\"twitter:data1\" content=\"11 minutos\" \/>\n<script type=\"application\/ld+json\" class=\"yoast-schema-graph\">{\"@context\":\"https:\/\/schema.org\",\"@graph\":[{\"@type\":\"WebPage\",\"@id\":\"https:\/\/afarangabroad.com\/spa-sex-massages-jakarta\/\",\"url\":\"https:\/\/afarangabroad.com\/spa-sex-massages-jakarta\/\",\"name\":\"10 Best Spa Massages in Jakarta (Sex Clubs) - A Farang Abroad\",\"isPartOf\":{\"@id\":\"https:\/\/afarangabroad.com\/#website\"},\"datePublished\":\"2017-01-10T07:33:01+00:00\",\"dateModified\":\"2020-08-09T04:15:56+00:00\",\"description\":\"Are you looking for the best Spa massages and sex clubs in Jakarta?Find out the best spots in town to have sex with girls with maps how to get there.\",\"breadcrumb\":{\"@id\":\"https:\/\/afarangabroad.com\/spa-sex-massages-jakarta\/#breadcrumb\"},\"inLanguage\":\"es\",\"potentialAction\":[{\"@type\":\"ReadAction\",\"target\":[\"https:\/\/afarangabroad.com\/spa-sex-massages-jakarta\/\"]}]},{\"@type\":\"BreadcrumbList\",\"@id\":\"https:\/\/afarangabroad.com\/spa-sex-massages-jakarta\/#breadcrumb\",\"itemListElement\":[{\"@type\":\"ListItem\",\"position\":1,\"name\":\"Home\",\"item\":\"https:\/\/afarangabroad.com\/\"},{\"@type\":\"ListItem\",\"position\":2,\"name\":\"10 Best Spa Massages in Jakarta (Sex Clubs)\"}]},{\"@type\":\"WebSite\",\"@id\":\"https:\/\/afarangabroad.com\/#website\",\"url\":\"https:\/\/afarangabroad.com\/\",\"name\":\"A Farang Abroad\",\"description\":\"Your secret guide to Asia&#039;s sexiest nightlife.\",\"potentialAction\":[{\"@type\":\"SearchAction\",\"target\":{\"@type\":\"EntryPoint\",\"urlTemplate\":\"https:\/\/afarangabroad.com\/?s={search_term_string}\"},\"query-input\":\"required name=search_term_string\"}],\"inLanguage\":\"es\"}]}<\/script>\n<!-- \/ Yoast SEO plugin. -->","yoast_head_json":{"title":"10 Best Spa Massages in Jakarta (Sex Clubs) - A Farang Abroad","description":"Are you looking for the best Spa massages and sex clubs in Jakarta?Find out the best spots in town to have sex with girls with maps how to get there.","robots":{"index":"index","follow":"follow","max-snippet":"max-snippet:-1","max-image-preview":"max-image-preview:large","max-video-preview":"max-video-preview:-1"},"canonical":"https:\/\/afarangabroad.com\/es\/spa-masajes-sexuales-jakarta\/","og_locale":"es_ES","og_type":"article","og_title":"10 Best Spa Massages in Jakarta (Sex Clubs) - A Farang Abroad","og_description":"Are you looking for the best Spa massages and sex clubs in Jakarta?Find out the best spots in town to have sex with girls with maps how to get there.","og_url":"https:\/\/afarangabroad.com\/es\/spa-masajes-sexuales-jakarta\/","og_site_name":"A Farang Abroad","article_modified_time":"2020-08-09T04:15:56+00:00","og_image":[{"width":960,"height":1706,"url":"https:\/\/afarangabroad.com\/wp-content\/uploads\/2017\/01\/Jakarta-sex-clubs.jpg","type":"image\/jpeg"}],"twitter_misc":{"Tiempo de lectura":"11 minutos"},"schema":{"@context":"https:\/\/schema.org","@graph":[{"@type":"WebPage","@id":"https:\/\/afarangabroad.com\/spa-sex-massages-jakarta\/","url":"https:\/\/afarangabroad.com\/spa-sex-massages-jakarta\/","name":"10 Best Spa Massages in Jakarta (Sex Clubs) - A Farang Abroad","isPartOf":{"@id":"https:\/\/afarangabroad.com\/#website"},"datePublished":"2017-01-10T07:33:01+00:00","dateModified":"2020-08-09T04:15:56+00:00","description":"Are you looking for the best Spa massages and sex clubs in Jakarta?Find out the best spots in town to have sex with girls with maps how to get there.","breadcrumb":{"@id":"https:\/\/afarangabroad.com\/spa-sex-massages-jakarta\/#breadcrumb"},"inLanguage":"es","potentialAction":[{"@type":"ReadAction","target":["https:\/\/afarangabroad.com\/spa-sex-massages-jakarta\/"]}]},{"@type":"BreadcrumbList","@id":"https:\/\/afarangabroad.com\/spa-sex-massages-jakarta\/#breadcrumb","itemListElement":[{"@type":"ListItem","position":1,"name":"Home","item":"https:\/\/afarangabroad.com\/"},{"@type":"ListItem","position":2,"name":"10 Best Spa Massages in Jakarta (Sex Clubs)"}]},{"@type":"WebSite","@id":"https:\/\/afarangabroad.com\/#website","url":"https:\/\/afarangabroad.com\/","name":"A Farang Abroad","description":"Your secret guide to Asia&#039;s sexiest nightlife.","potentialAction":[{"@type":"SearchAction","target":{"@type":"EntryPoint","urlTemplate":"https:\/\/afarangabroad.com\/?s={search_term_string}"},"query-input":"required name=search_term_string"}],"inLanguage":"es"}]}},"_links":{"self":[{"href":"https:\/\/afarangabroad.com\/es\/wp-json\/wp\/v2\/pages\/8025"}],"collection":[{"href":"https:\/\/afarangabroad.com\/es\/wp-json\/wp\/v2\/pages"}],"about":[{"href":"https:\/\/afarangabroad.com\/es\/wp-json\/wp\/v2\/types\/page"}],"author":[{"embeddable":true,"href":"https:\/\/afarangabroad.com\/es\/wp-json\/wp\/v2\/users\/2"}],"replies":[{"embeddable":true,"href":"https:\/\/afarangabroad.com\/es\/wp-json\/wp\/v2\/comments?post=8025"}],"version-history":[{"count":2,"href":"https:\/\/afarangabroad.com\/es\/wp-json\/wp\/v2\/pages\/8025\/revisions"}],"predecessor-version":[{"id":512713,"href":"https:\/\/afarangabroad.com\/es\/wp-json\/wp\/v2\/pages\/8025\/revisions\/512713"}],"wp:featuredmedia":[{"embeddable":true,"href":"https:\/\/afarangabroad.com\/es\/wp-json\/wp\/v2\/media\/8026"}],"wp:attachment":[{"href":"https:\/\/afarangabroad.com\/es\/wp-json\/wp\/v2\/media?parent=8025"}],"wp:term":[{"taxonomy":"category","embeddable":true,"href":"https:\/\/afarangabroad.com\/es\/wp-json\/wp\/v2\/categories?post=8025"},{"taxonomy":"post_tag","embeddable":true,"href":"https:\/\/afarangabroad.com\/es\/wp-json\/wp\/v2\/tags?post=8025"}],"curies":[{"name":"wp","href":"https:\/\/api.w.org\/{rel}","templated":true}]}}