{"id":8150,"date":"2017-02-16T08:33:10","date_gmt":"2017-02-16T08:33:10","guid":{"rendered":"https:\/\/afarangabroad.com\/?p=8150"},"modified":"2019-01-09T03:58:23","modified_gmt":"2019-01-09T03:58:23","slug":"manila-go-go-bars","status":"publish","type":"page","link":"https:\/\/afarangabroad.com\/es\/bares-go-go-de-manila\/","title":{"rendered":"8 mejores bares Go Go de Manila"},"content":{"rendered":"<p>En este art\u00edculo encontrar\u00e1s los mejores bares go go de Manila en la calle Burgos.<\/p>\n<p>Who doesn\u2019t love Manila? (okay white girls, that&#8217;s who!).<\/p>\n<p>Manila es una de las mejores ciudades que se pueden visitar en vacaciones. Manila tiene mucho que ofrecer a sus visitantes e incluso a sus habitantes, y lo que la ha hecho famosa en los \u00faltimos a\u00f1os es su vida nocturna, que se puede encontrar por toda la ciudad.<\/p>\n<p><a href=\" \" target=\"_blank\" rel=\"noopener\"><img loading=\"lazy\" decoding=\"async\" class=\"aligncenter size-large wp-image-7300\" src=\"https:\/\/afarangabroad.com\/wp-content\/uploads\/2016\/06\/MEET-HOT1-1024x691.png\" alt=\"Filipino girls\" width=\"600\" height=\"405\" srcset=\"https:\/\/afarangabroad.com\/wp-content\/uploads\/2016\/06\/MEET-HOT1-1024x691.png 1024w, https:\/\/afarangabroad.com\/wp-content\/uploads\/2016\/06\/MEET-HOT1-300x202.png 300w, https:\/\/afarangabroad.com\/wp-content\/uploads\/2016\/06\/MEET-HOT1-720x486.png 720w, https:\/\/afarangabroad.com\/wp-content\/uploads\/2016\/06\/MEET-HOT1.png 1038w\" sizes=\"(max-width: 600px) 100vw, 600px\" \/><\/a><\/p>\n<p>Si quieres echar un polvo gratis en Manila, <a href=\" \" target=\"_blank\" rel=\"noopener\">consulte este art\u00edculo<\/a>.<\/p>\n<p>Una de las ciudades m\u00e1s desarrolladas de Manila es Makati y, al visitarla, seguro que encuentras edificios grandes y altos, calles bonitas y grandes atracciones tur\u00edsticas, pero aparte de esto, \u00bfqu\u00e9 m\u00e1s puede ofrecernos Makati? Makati es en realidad un hogar para la prostituci\u00f3n en Filipinas y se puede encontrar absolutamente un mont\u00f3n de go go bares que se extienden a lo largo de la ciudad.<\/p>\n<p>If Manila go go bars is what you\u2019ve been looking for when visiting the country aside from its beautiful tourist attractions then you should definitely know these six Manila go go bars which are on top of my list:<\/p>\n<h2><strong><a href=\"https:\/\/www.facebook.com\/pages\/Kojax\/756272944399258?fref=ts\">Kojax<\/a><\/strong><\/h2>\n<p>Si ha estado buscando un bar go go que ofrezca <a href=\"https:\/\/afarangabroad.com\/es\/hot-girls-manila\/\">chicas calientes en Manila<\/a> entonces probablemente deber\u00edas hacer una visita a Kojax. El local est\u00e1 situado en la calle Badajos y las docenas de chicas que trabajan en este bar Manila go go te parecer\u00e1n atractivas y guapas, pero ten cuidado porque tienen un precio muy alto por sus multas de bar.<\/p>\n<p><iframe loading=\"lazy\" width=\"678\" height=\"509\" src=\"https:\/\/www.youtube.com\/embed\/P1HQwHMOv-Q?feature=oembed\" frameborder=\"0\" allow=\"accelerometer; autoplay; encrypted-media; gyroscope; picture-in-picture\" allowfullscreen><\/iframe><\/p>\n<p>Una multa de bar aqui en Kojax puede llegar hasta 3900pesos y si eres una persona que no bebe.<\/p>\n<p>You can\u00a0 order some soft drinks instead but be prepared to pay 200 pesos for a bottle of soft drinks and they don\u2019t accept cards when paying and only cash and when it comes to the \u2018tip\u2019 of the girl, they usually asks for the same price as with their bar fine; you just really have to negotiate with them for a cheaper price.<\/p>","protected":false},"excerpt":{"rendered":"<p>In this article you will find the best go go bars in Manila on Burgos Street. Who doesn\u2019t love Manila? (okay white girls, that&#8217;s who!). The place is indeed one of the best cities you can visit during holiday vacations. Manila definitely have a lot to offers its guests and even locals and what made [&hellip;]<\/p>","protected":false},"author":2,"featured_media":0,"parent":0,"menu_order":0,"comment_status":"open","ping_status":"open","template":"","meta":{"_exactmetrics_skip_tracking":false,"_exactmetrics_sitenote_active":false,"_exactmetrics_sitenote_note":"","_exactmetrics_sitenote_category":0,"footnotes":""},"categories":[325],"tags":[],"class_list":["post-8150","page","type-page","status-publish","hentry","category-filipino-dating"],"yoast_head":"<!-- This site is optimized with the Yoast SEO plugin v20.1 - https:\/\/yoast.com\/wordpress\/plugins\/seo\/ -->\n<title>8 Best Manila Go Go Bars - A Farang Abroad<\/title>\n<meta name=\"description\" content=\"In this article you will find the best go go bars in Manila on Burgos Street. I talk about several girly bars and bars where you can find hot girls.\" \/>\n<meta name=\"robots\" content=\"index, follow, max-snippet:-1, max-image-preview:large, max-video-preview:-1\" \/>\n<link rel=\"canonical\" href=\"https:\/\/afarangabroad.com\/es\/bares-go-go-de-manila\/\" \/>\n<meta property=\"og:locale\" content=\"es_ES\" \/>\n<meta property=\"og:type\" content=\"article\" \/>\n<meta property=\"og:title\" content=\"8 Best Manila Go Go Bars - A Farang Abroad\" \/>\n<meta property=\"og:description\" content=\"In this article you will find the best go go bars in Manila on Burgos Street. I talk about several girly bars and bars where you can find hot girls.\" \/>\n<meta property=\"og:url\" content=\"https:\/\/afarangabroad.com\/es\/bares-go-go-de-manila\/\" \/>\n<meta property=\"og:site_name\" content=\"A Farang Abroad\" \/>\n<meta property=\"article:modified_time\" content=\"2019-01-09T03:58:23+00:00\" \/>\n<meta property=\"og:image\" content=\"https:\/\/afarangabroad.com\/wp-content\/uploads\/2016\/06\/MEET-HOT1-1024x691.png\" \/>\n<meta name=\"twitter:label1\" content=\"Tiempo de lectura\" \/>\n\t<meta name=\"twitter:data1\" content=\"9 minutos\" \/>\n<script type=\"application\/ld+json\" class=\"yoast-schema-graph\">{\"@context\":\"https:\/\/schema.org\",\"@graph\":[{\"@type\":\"WebPage\",\"@id\":\"https:\/\/afarangabroad.com\/manila-go-go-bars\/\",\"url\":\"https:\/\/afarangabroad.com\/manila-go-go-bars\/\",\"name\":\"8 Best Manila Go Go Bars - A Farang Abroad\",\"isPartOf\":{\"@id\":\"https:\/\/afarangabroad.com\/#website\"},\"datePublished\":\"2017-02-16T08:33:10+00:00\",\"dateModified\":\"2019-01-09T03:58:23+00:00\",\"description\":\"In this article you will find the best go go bars in Manila on Burgos Street. I talk about several girly bars and bars where you can find hot girls.\",\"breadcrumb\":{\"@id\":\"https:\/\/afarangabroad.com\/manila-go-go-bars\/#breadcrumb\"},\"inLanguage\":\"es\",\"potentialAction\":[{\"@type\":\"ReadAction\",\"target\":[\"https:\/\/afarangabroad.com\/manila-go-go-bars\/\"]}]},{\"@type\":\"BreadcrumbList\",\"@id\":\"https:\/\/afarangabroad.com\/manila-go-go-bars\/#breadcrumb\",\"itemListElement\":[{\"@type\":\"ListItem\",\"position\":1,\"name\":\"Home\",\"item\":\"https:\/\/afarangabroad.com\/\"},{\"@type\":\"ListItem\",\"position\":2,\"name\":\"8 Best Manila Go Go Bars\"}]},{\"@type\":\"WebSite\",\"@id\":\"https:\/\/afarangabroad.com\/#website\",\"url\":\"https:\/\/afarangabroad.com\/\",\"name\":\"A Farang Abroad\",\"description\":\"Your secret guide to Asia&#039;s sexiest nightlife.\",\"potentialAction\":[{\"@type\":\"SearchAction\",\"target\":{\"@type\":\"EntryPoint\",\"urlTemplate\":\"https:\/\/afarangabroad.com\/?s={search_term_string}\"},\"query-input\":\"required name=search_term_string\"}],\"inLanguage\":\"es\"}]}<\/script>\n<!-- \/ Yoast SEO plugin. -->","yoast_head_json":{"title":"8 Best Manila Go Go Bars - A Farang Abroad","description":"In this article you will find the best go go bars in Manila on Burgos Street. I talk about several girly bars and bars where you can find hot girls.","robots":{"index":"index","follow":"follow","max-snippet":"max-snippet:-1","max-image-preview":"max-image-preview:large","max-video-preview":"max-video-preview:-1"},"canonical":"https:\/\/afarangabroad.com\/es\/bares-go-go-de-manila\/","og_locale":"es_ES","og_type":"article","og_title":"8 Best Manila Go Go Bars - A Farang Abroad","og_description":"In this article you will find the best go go bars in Manila on Burgos Street. I talk about several girly bars and bars where you can find hot girls.","og_url":"https:\/\/afarangabroad.com\/es\/bares-go-go-de-manila\/","og_site_name":"A Farang Abroad","article_modified_time":"2019-01-09T03:58:23+00:00","og_image":[{"url":"https:\/\/afarangabroad.com\/wp-content\/uploads\/2016\/06\/MEET-HOT1-1024x691.png"}],"twitter_misc":{"Tiempo de lectura":"9 minutos"},"schema":{"@context":"https:\/\/schema.org","@graph":[{"@type":"WebPage","@id":"https:\/\/afarangabroad.com\/manila-go-go-bars\/","url":"https:\/\/afarangabroad.com\/manila-go-go-bars\/","name":"8 Best Manila Go Go Bars - A Farang Abroad","isPartOf":{"@id":"https:\/\/afarangabroad.com\/#website"},"datePublished":"2017-02-16T08:33:10+00:00","dateModified":"2019-01-09T03:58:23+00:00","description":"In this article you will find the best go go bars in Manila on Burgos Street. I talk about several girly bars and bars where you can find hot girls.","breadcrumb":{"@id":"https:\/\/afarangabroad.com\/manila-go-go-bars\/#breadcrumb"},"inLanguage":"es","potentialAction":[{"@type":"ReadAction","target":["https:\/\/afarangabroad.com\/manila-go-go-bars\/"]}]},{"@type":"BreadcrumbList","@id":"https:\/\/afarangabroad.com\/manila-go-go-bars\/#breadcrumb","itemListElement":[{"@type":"ListItem","position":1,"name":"Home","item":"https:\/\/afarangabroad.com\/"},{"@type":"ListItem","position":2,"name":"8 Best Manila Go Go Bars"}]},{"@type":"WebSite","@id":"https:\/\/afarangabroad.com\/#website","url":"https:\/\/afarangabroad.com\/","name":"A Farang Abroad","description":"Your secret guide to Asia&#039;s sexiest nightlife.","potentialAction":[{"@type":"SearchAction","target":{"@type":"EntryPoint","urlTemplate":"https:\/\/afarangabroad.com\/?s={search_term_string}"},"query-input":"required name=search_term_string"}],"inLanguage":"es"}]}},"_links":{"self":[{"href":"https:\/\/afarangabroad.com\/es\/wp-json\/wp\/v2\/pages\/8150"}],"collection":[{"href":"https:\/\/afarangabroad.com\/es\/wp-json\/wp\/v2\/pages"}],"about":[{"href":"https:\/\/afarangabroad.com\/es\/wp-json\/wp\/v2\/types\/page"}],"author":[{"embeddable":true,"href":"https:\/\/afarangabroad.com\/es\/wp-json\/wp\/v2\/users\/2"}],"replies":[{"embeddable":true,"href":"https:\/\/afarangabroad.com\/es\/wp-json\/wp\/v2\/comments?post=8150"}],"version-history":[{"count":0,"href":"https:\/\/afarangabroad.com\/es\/wp-json\/wp\/v2\/pages\/8150\/revisions"}],"wp:attachment":[{"href":"https:\/\/afarangabroad.com\/es\/wp-json\/wp\/v2\/media?parent=8150"}],"wp:term":[{"taxonomy":"category","embeddable":true,"href":"https:\/\/afarangabroad.com\/es\/wp-json\/wp\/v2\/categories?post=8150"},{"taxonomy":"post_tag","embeddable":true,"href":"https:\/\/afarangabroad.com\/es\/wp-json\/wp\/v2\/tags?post=8150"}],"curies":[{"name":"wp","href":"https:\/\/api.w.org\/{rel}","templated":true}]}}