{"id":8188,"date":"2017-02-21T04:35:59","date_gmt":"2017-02-21T04:35:59","guid":{"rendered":"https:\/\/afarangabroad.com\/?p=8188"},"modified":"2019-05-31T09:07:43","modified_gmt":"2019-05-31T08:07:43","slug":"hat-yai-nightlife","status":"publish","type":"page","link":"https:\/\/afarangabroad.com\/es\/vida-nocturna-en-hat-yai\/","title":{"rendered":"Gu\u00eda tur\u00edstica de la vida nocturna de Hat Yai"},"content":{"rendered":"<p>En este art\u00edculo te muestro los mejores lugares de la vida nocturna de Hat Yai, Tailandia.<\/p>\n<p>\u00bfConoce Hat Yai y su ubicaci\u00f3n? Si viaja desde Tailandia y tiene previsto ir directamente a Malasia, probablemente deber\u00eda pasar primero por la ciudad de Hat Yai.<\/p>\n<p>If you want to meet girls in Hat Yai\u00a0for free, <a href=\"https:\/\/afarangabroad.com\/es\/thai-cupid-dating-site\/\" target=\"_blank\" rel=\"noopener noreferrer\">consulte este art\u00edculo<\/a>.<\/p>\n<p><a href=\"https:\/\/afarangabroad.com\/es\/thai-cupid-dating-site\/\" target=\"_blank\" rel=\"noopener noreferrer\"><img loading=\"lazy\" decoding=\"async\" class=\"aligncenter wp-image-7259\" src=\"https:\/\/afarangabroad.com\/wp-content\/uploads\/2016\/06\/Meet-Thai-girls1-1024x691.png\" alt=\"\" width=\"443\" height=\"300\" srcset=\"https:\/\/afarangabroad.com\/wp-content\/uploads\/2016\/06\/Meet-Thai-girls1-1024x691.png 1024w, https:\/\/afarangabroad.com\/wp-content\/uploads\/2016\/06\/Meet-Thai-girls1-300x202.png 300w, https:\/\/afarangabroad.com\/wp-content\/uploads\/2016\/06\/Meet-Thai-girls1-720x486.png 720w, https:\/\/afarangabroad.com\/wp-content\/uploads\/2016\/06\/Meet-Thai-girls1.png 1038w\" sizes=\"(max-width: 443px) 100vw, 443px\" \/><\/a><\/p>\n<p>The city is located far south of Thailand just near Malaysian border and although the place isn\u2019t that know compared to Bangkok and other cities in Thailand, you can surely still find a lot of fun and wild memories to treasure here in Hat Yai.<\/p>\n<p>Al igual que con <a href=\"https:\/\/afarangabroad.com\/es\/sexo-pattaya\/\" target=\"_blank\" rel=\"noopener noreferrer\">Pattaya<\/a>Chiang Mai, Bangkok y <a href=\"https:\/\/afarangabroad.com\/es\/udon-thani-nightlife-guide\/\" target=\"_blank\" rel=\"noopener noreferrer\">Udon Thani<\/a>Hat Yai tambi\u00e9n tiene mucho que ofrecer a sus turistas y algunos de ellos son su Museo 3D Ojo M\u00e1gico, la Torre del Reloj y su Parque Municipal, pero si usted es una persona a la que le encanta salir de fiesta toda la noche con sus colegas, entonces no dude en probar la vida nocturna de Hat Yai.<\/p>\n<p>As Hat Yai have a large variety of choices for their nightlife scene, you can surely choose among their city nightlife happenings depending on what you\u2019d like. Hat Yai actually have their bars and clubs, soapy massage and happy ending massage parlors for their Hat Yai nightlife.<\/p>\n<h2 style=\"text-align: center;\"><strong><u><b>Bares de Hat Yai<\/b><\/u><\/strong><\/h2>\n<p>En realidad tengo aqu\u00ed 5 bares de chicas en Hat Yai donde se puede encontrar una gran cantidad de chicas Hat Yai y tomar nota de que estos bares se pueden encontrar todos justo en Thammanoonvithe Road en Hat Yai donde los bares se han alineado y los siguientes son los mejores de la zona:<\/p>\n<h2><strong><b>Disco Post Lasic<\/b><\/strong><\/h2>\n<p>Si quieres probar un bar de chicas en la vida nocturna de Hat Yai que toque m\u00fasica occidental, entonces deber\u00edas visitar Post Lasic Disc.<\/p>\n<p>Relacionado: aprender donde conocer chicas en <a href=\"https:\/\/afarangabroad.com\/es\/vida-nocturna-en-hua-hin\/\">Vida nocturna en Hua Hin<\/a> y por qu\u00e9 no utilizar <a href=\"https:\/\/afarangabroad.com\/es\/tinder-tailandia\/\">Tinder en Tailandia<\/a>.<\/p>\n<p>They do have their live music being played by a Thai band and aside from these entertainment in the bar, you can also have a good meal and drinks in the place while watching over the Hat Yai girls which makes the night out in Post Lasic Disc more complete and perfect.<\/p>","protected":false},"excerpt":{"rendered":"<p>In this article I show you the best spots in Hat Yai Nightlife, Thailand. Are you familiar with Hat Yai and where it is located? If you are travelling from Thailand and plans to go directly to Malaysia then you should probably stop by the city of Hat Yai first. If you want to meet [&hellip;]<\/p>","protected":false},"author":2,"featured_media":8199,"parent":0,"menu_order":0,"comment_status":"open","ping_status":"closed","template":"","meta":{"_exactmetrics_skip_tracking":false,"_exactmetrics_sitenote_active":false,"_exactmetrics_sitenote_note":"","_exactmetrics_sitenote_category":0,"footnotes":""},"categories":[323],"tags":[],"class_list":["post-8188","page","type-page","status-publish","has-post-thumbnail","hentry","category-thailand-girls"],"yoast_head":"<!-- This site is optimized with the Yoast SEO plugin v20.1 - https:\/\/yoast.com\/wordpress\/plugins\/seo\/ -->\n<title>Tourist Guide to Hat Yai Nightlife - A Farang Abroad<\/title>\n<meta name=\"description\" content=\"In this article I list the best bars and clubs in the Hat Yai nightlife. Find out where to meet the hottest girls in Hat Yai and more.\" \/>\n<meta name=\"robots\" content=\"index, follow, max-snippet:-1, max-image-preview:large, max-video-preview:-1\" \/>\n<link rel=\"canonical\" href=\"https:\/\/afarangabroad.com\/es\/vida-nocturna-en-hat-yai\/\" \/>\n<meta property=\"og:locale\" content=\"es_ES\" \/>\n<meta property=\"og:type\" content=\"article\" \/>\n<meta property=\"og:title\" content=\"Tourist Guide to Hat Yai Nightlife - A Farang Abroad\" \/>\n<meta property=\"og:description\" content=\"In this article I list the best bars and clubs in the Hat Yai nightlife. Find out where to meet the hottest girls in Hat Yai and more.\" \/>\n<meta property=\"og:url\" content=\"https:\/\/afarangabroad.com\/es\/vida-nocturna-en-hat-yai\/\" \/>\n<meta property=\"og:site_name\" content=\"A Farang Abroad\" \/>\n<meta property=\"article:modified_time\" content=\"2019-05-31T08:07:43+00:00\" \/>\n<meta property=\"og:image\" content=\"https:\/\/afarangabroad.com\/wp-content\/uploads\/2017\/02\/Hat-Yai-nightlife.jpg\" \/>\n\t<meta property=\"og:image:width\" content=\"480\" \/>\n\t<meta property=\"og:image:height\" content=\"853\" \/>\n\t<meta property=\"og:image:type\" content=\"image\/jpeg\" \/>\n<meta name=\"twitter:label1\" content=\"Tiempo de lectura\" \/>\n\t<meta name=\"twitter:data1\" content=\"8 minutos\" \/>\n<script type=\"application\/ld+json\" class=\"yoast-schema-graph\">{\"@context\":\"https:\/\/schema.org\",\"@graph\":[{\"@type\":\"WebPage\",\"@id\":\"https:\/\/afarangabroad.com\/hat-yai-nightlife\/\",\"url\":\"https:\/\/afarangabroad.com\/hat-yai-nightlife\/\",\"name\":\"Tourist Guide to Hat Yai Nightlife - A Farang Abroad\",\"isPartOf\":{\"@id\":\"https:\/\/afarangabroad.com\/#website\"},\"datePublished\":\"2017-02-21T04:35:59+00:00\",\"dateModified\":\"2019-05-31T08:07:43+00:00\",\"description\":\"In this article I list the best bars and clubs in the Hat Yai nightlife. Find out where to meet the hottest girls in Hat Yai and more.\",\"breadcrumb\":{\"@id\":\"https:\/\/afarangabroad.com\/hat-yai-nightlife\/#breadcrumb\"},\"inLanguage\":\"es\",\"potentialAction\":[{\"@type\":\"ReadAction\",\"target\":[\"https:\/\/afarangabroad.com\/hat-yai-nightlife\/\"]}]},{\"@type\":\"BreadcrumbList\",\"@id\":\"https:\/\/afarangabroad.com\/hat-yai-nightlife\/#breadcrumb\",\"itemListElement\":[{\"@type\":\"ListItem\",\"position\":1,\"name\":\"Home\",\"item\":\"https:\/\/afarangabroad.com\/\"},{\"@type\":\"ListItem\",\"position\":2,\"name\":\"Tourist Guide to Hat Yai Nightlife\"}]},{\"@type\":\"WebSite\",\"@id\":\"https:\/\/afarangabroad.com\/#website\",\"url\":\"https:\/\/afarangabroad.com\/\",\"name\":\"A Farang Abroad\",\"description\":\"Your secret guide to Asia&#039;s sexiest nightlife.\",\"potentialAction\":[{\"@type\":\"SearchAction\",\"target\":{\"@type\":\"EntryPoint\",\"urlTemplate\":\"https:\/\/afarangabroad.com\/?s={search_term_string}\"},\"query-input\":\"required name=search_term_string\"}],\"inLanguage\":\"es\"}]}<\/script>\n<!-- \/ Yoast SEO plugin. -->","yoast_head_json":{"title":"Tourist Guide to Hat Yai Nightlife - A Farang Abroad","description":"In this article I list the best bars and clubs in the Hat Yai nightlife. Find out where to meet the hottest girls in Hat Yai and more.","robots":{"index":"index","follow":"follow","max-snippet":"max-snippet:-1","max-image-preview":"max-image-preview:large","max-video-preview":"max-video-preview:-1"},"canonical":"https:\/\/afarangabroad.com\/es\/vida-nocturna-en-hat-yai\/","og_locale":"es_ES","og_type":"article","og_title":"Tourist Guide to Hat Yai Nightlife - A Farang Abroad","og_description":"In this article I list the best bars and clubs in the Hat Yai nightlife. Find out where to meet the hottest girls in Hat Yai and more.","og_url":"https:\/\/afarangabroad.com\/es\/vida-nocturna-en-hat-yai\/","og_site_name":"A Farang Abroad","article_modified_time":"2019-05-31T08:07:43+00:00","og_image":[{"width":480,"height":853,"url":"https:\/\/afarangabroad.com\/wp-content\/uploads\/2017\/02\/Hat-Yai-nightlife.jpg","type":"image\/jpeg"}],"twitter_misc":{"Tiempo de lectura":"8 minutos"},"schema":{"@context":"https:\/\/schema.org","@graph":[{"@type":"WebPage","@id":"https:\/\/afarangabroad.com\/hat-yai-nightlife\/","url":"https:\/\/afarangabroad.com\/hat-yai-nightlife\/","name":"Tourist Guide to Hat Yai Nightlife - A Farang Abroad","isPartOf":{"@id":"https:\/\/afarangabroad.com\/#website"},"datePublished":"2017-02-21T04:35:59+00:00","dateModified":"2019-05-31T08:07:43+00:00","description":"In this article I list the best bars and clubs in the Hat Yai nightlife. Find out where to meet the hottest girls in Hat Yai and more.","breadcrumb":{"@id":"https:\/\/afarangabroad.com\/hat-yai-nightlife\/#breadcrumb"},"inLanguage":"es","potentialAction":[{"@type":"ReadAction","target":["https:\/\/afarangabroad.com\/hat-yai-nightlife\/"]}]},{"@type":"BreadcrumbList","@id":"https:\/\/afarangabroad.com\/hat-yai-nightlife\/#breadcrumb","itemListElement":[{"@type":"ListItem","position":1,"name":"Home","item":"https:\/\/afarangabroad.com\/"},{"@type":"ListItem","position":2,"name":"Tourist Guide to Hat Yai Nightlife"}]},{"@type":"WebSite","@id":"https:\/\/afarangabroad.com\/#website","url":"https:\/\/afarangabroad.com\/","name":"A Farang Abroad","description":"Your secret guide to Asia&#039;s sexiest nightlife.","potentialAction":[{"@type":"SearchAction","target":{"@type":"EntryPoint","urlTemplate":"https:\/\/afarangabroad.com\/?s={search_term_string}"},"query-input":"required name=search_term_string"}],"inLanguage":"es"}]}},"_links":{"self":[{"href":"https:\/\/afarangabroad.com\/es\/wp-json\/wp\/v2\/pages\/8188"}],"collection":[{"href":"https:\/\/afarangabroad.com\/es\/wp-json\/wp\/v2\/pages"}],"about":[{"href":"https:\/\/afarangabroad.com\/es\/wp-json\/wp\/v2\/types\/page"}],"author":[{"embeddable":true,"href":"https:\/\/afarangabroad.com\/es\/wp-json\/wp\/v2\/users\/2"}],"replies":[{"embeddable":true,"href":"https:\/\/afarangabroad.com\/es\/wp-json\/wp\/v2\/comments?post=8188"}],"version-history":[{"count":0,"href":"https:\/\/afarangabroad.com\/es\/wp-json\/wp\/v2\/pages\/8188\/revisions"}],"wp:featuredmedia":[{"embeddable":true,"href":"https:\/\/afarangabroad.com\/es\/wp-json\/wp\/v2\/media\/8199"}],"wp:attachment":[{"href":"https:\/\/afarangabroad.com\/es\/wp-json\/wp\/v2\/media?parent=8188"}],"wp:term":[{"taxonomy":"category","embeddable":true,"href":"https:\/\/afarangabroad.com\/es\/wp-json\/wp\/v2\/categories?post=8188"},{"taxonomy":"post_tag","embeddable":true,"href":"https:\/\/afarangabroad.com\/es\/wp-json\/wp\/v2\/tags?post=8188"}],"curies":[{"name":"wp","href":"https:\/\/api.w.org\/{rel}","templated":true}]}}