{"id":8192,"date":"2017-02-21T05:07:25","date_gmt":"2017-02-21T05:07:25","guid":{"rendered":"https:\/\/afarangabroad.com\/?p=8192"},"modified":"2019-05-19T07:23:18","modified_gmt":"2019-05-19T06:23:18","slug":"hua-hin-nightlife","status":"publish","type":"page","link":"https:\/\/afarangabroad.com\/es\/vida-nocturna-en-hua-hin\/","title":{"rendered":"Gu\u00eda de la vida nocturna de Hua Hin - Los mejores lugares para conocer chicas"},"content":{"rendered":"<p>Hua Hin which is one of the districts you can found in Parachuap Khiri Khan Province of Thailand\u2019s Malay Peninsula and as you go over this beach resort town, you will surely be amazed with everything that the place can offer their tourists.<\/p>\n<p>Si desea reunirse <a href=\" \" target=\"_blank\" rel=\"noopener noreferrer\">Hua Hin chicas<\/a> gratis, <a href=\"https:\/\/afarangabroad.com\/es\/thai-cupid-dating-site\/\" target=\"_blank\" rel=\"noopener noreferrer\">consulte este art\u00edculo<\/a>.<\/p>\n<p><a href=\"https:\/\/afarangabroad.com\/es\/thai-cupid-dating-site\/\" target=\"_blank\" rel=\"noopener noreferrer\"><img loading=\"lazy\" decoding=\"async\" class=\"aligncenter size-large wp-image-7403\" src=\"https:\/\/afarangabroad.com\/wp-content\/uploads\/2016\/07\/Meet-Thai-girls1-1024x691-min-1024x691.jpg\" alt=\"\" width=\"600\" height=\"405\" srcset=\"https:\/\/afarangabroad.com\/wp-content\/uploads\/2016\/07\/Meet-Thai-girls1-1024x691-min.jpg 1024w, https:\/\/afarangabroad.com\/wp-content\/uploads\/2016\/07\/Meet-Thai-girls1-1024x691-min-300x202.jpg 300w, https:\/\/afarangabroad.com\/wp-content\/uploads\/2016\/07\/Meet-Thai-girls1-1024x691-min-768x518.jpg 768w, https:\/\/afarangabroad.com\/wp-content\/uploads\/2016\/07\/Meet-Thai-girls1-1024x691-min-660x445.jpg 660w\" sizes=\"(max-width: 600px) 100vw, 600px\" \/><\/a><\/p>\n<p>Hua Hin tiene sus playas de arena blanca que hizo que todo el mundo va y viene en el lugar y debido a esta creciente turistas que visitan la ciudad de playa dijo, que tambi\u00e9n fueron capaces de hacer una buena escena de la vida nocturna Hua Hin que tambi\u00e9n ha ido creciendo y creciendo en los \u00faltimos a\u00f1os.<\/p>\n<p>If you&#8217;re looking for better beaches and hotter girls, then I would skip Hua Hin and go right to Phuket, you can read my guides on:<\/p>\n<ul>\n<li>Mejor <a href=\"https:\/\/afarangabroad.com\/es\/masaje-sexual-phuket\/\">masajes sexuales en Phuket<\/a><\/li>\n<li>D\u00f3nde reunirse <a href=\"https:\/\/afarangabroad.com\/es\/phuket-girls\/\">chicas normales en Phuket<\/a><\/li>\n<li>El coste de <a href=\"https:\/\/afarangabroad.com\/es\/freelancers-phuket\/\">aut\u00f3nomos en Phuket<\/a><\/li>\n<\/ul>\n<p>La ciudad balneario puede que no sea tan grande en comparaci\u00f3n con otros lugares del pa\u00eds, pero a\u00fan as\u00ed, se pueden encontrar numerosos bares, clubes nocturnos y salones de masaje que residen en la zona.<\/p>\n<p>Estas son las categor\u00edas de espect\u00e1culos de la vida nocturna de Hua Hin y d\u00f3nde puede encontrarlos:<\/p>\n<h2 style=\"text-align: center;\"><strong><u><b>Gu\u00eda de bares en Hua Hin<\/b><\/u><\/strong><\/h2>\n<p>Tambi\u00e9n hay muchos bares en Hua Hin donde usted y sus amigos pueden pasar un buen rato mientras contemplan la hermosa puesta de sol con un vaso de cerveza o un c\u00f3ctel en la mano.<\/p>\n<h2><strong><b>Bar McFarland<\/b><\/strong><\/h2>\n<p>El bar McFarland se encuentra en el hotel Hyatt Regency y es muy popular no s\u00f3lo entre los lugare\u00f1os, sino tambi\u00e9n entre los extranjeros. Lo que lo hace \u00fanico y hermoso es que est\u00e1 situado en un pabell\u00f3n tailand\u00e9s restaurado de los a\u00f1os veinte.<\/p>\n<p>Relacionado: aprender donde conocer chicas en <a href=\"https:\/\/afarangabroad.com\/es\/vida-nocturna-en-hat-yai\/\">Vida nocturna en Hat Ya<\/a> y por qu\u00e9 no debe utilizar <a href=\"https:\/\/afarangabroad.com\/es\/tinder-tailandia\/\">Tinder en Tailandia<\/a>.<\/p>\n<p>They also have their cocktails and local beers that are both perfect for those who are with their colleagues and if you wanted to have a relaxing night, you can also enjoy the panoramic view of the beach while having a bit air from te refreshing sea breeze; isn\u2019t that very relaxing and soothing?<\/p>","protected":false},"excerpt":{"rendered":"<p>Hua Hin which is one of the districts you can found in Parachuap Khiri Khan Province of Thailand\u2019s Malay Peninsula and as you go over this beach resort town, you will surely be amazed with everything that the place can offer their tourists. If you want to meet Hua Hin girls for free, check out [&hellip;]<\/p>","protected":false},"author":2,"featured_media":8195,"parent":0,"menu_order":0,"comment_status":"open","ping_status":"closed","template":"","meta":{"_exactmetrics_skip_tracking":false,"_exactmetrics_sitenote_active":false,"_exactmetrics_sitenote_note":"","_exactmetrics_sitenote_category":0,"footnotes":""},"categories":[323],"tags":[],"class_list":["post-8192","page","type-page","status-publish","has-post-thumbnail","hentry","category-thailand-girls"],"yoast_head":"<!-- This site is optimized with the Yoast SEO plugin v20.1 - https:\/\/yoast.com\/wordpress\/plugins\/seo\/ -->\n<title>Hua Hin Nightlife Guide - Best Places to Meet Girls - A Farang Abroad<\/title>\n<meta name=\"description\" content=\"Learn the best clubs to visit in m Hua Hin nightlife guide. In this post I talk about the best bars and clubs to meet girls in Hua Hin.\" \/>\n<meta name=\"robots\" content=\"index, follow, max-snippet:-1, max-image-preview:large, max-video-preview:-1\" \/>\n<link rel=\"canonical\" href=\"https:\/\/afarangabroad.com\/es\/vida-nocturna-en-hua-hin\/\" \/>\n<meta property=\"og:locale\" content=\"es_ES\" \/>\n<meta property=\"og:type\" content=\"article\" \/>\n<meta property=\"og:title\" content=\"Hua Hin Nightlife Guide - Best Places to Meet Girls - A Farang Abroad\" \/>\n<meta property=\"og:description\" content=\"Learn the best clubs to visit in m Hua Hin nightlife guide. In this post I talk about the best bars and clubs to meet girls in Hua Hin.\" \/>\n<meta property=\"og:url\" content=\"https:\/\/afarangabroad.com\/es\/vida-nocturna-en-hua-hin\/\" \/>\n<meta property=\"og:site_name\" content=\"A Farang Abroad\" \/>\n<meta property=\"article:modified_time\" content=\"2019-05-19T06:23:18+00:00\" \/>\n<meta property=\"og:image\" content=\"https:\/\/afarangabroad.com\/wp-content\/uploads\/2017\/02\/Hua-hin-nightlife.jpg\" \/>\n\t<meta property=\"og:image:width\" content=\"717\" \/>\n\t<meta property=\"og:image:height\" content=\"960\" \/>\n\t<meta property=\"og:image:type\" content=\"image\/jpeg\" \/>\n<meta name=\"twitter:label1\" content=\"Tiempo de lectura\" \/>\n\t<meta name=\"twitter:data1\" content=\"9 minutos\" \/>\n<script type=\"application\/ld+json\" class=\"yoast-schema-graph\">{\"@context\":\"https:\/\/schema.org\",\"@graph\":[{\"@type\":\"WebPage\",\"@id\":\"https:\/\/afarangabroad.com\/hua-hin-nightlife\/\",\"url\":\"https:\/\/afarangabroad.com\/hua-hin-nightlife\/\",\"name\":\"Hua Hin Nightlife Guide - Best Places to Meet Girls - A Farang Abroad\",\"isPartOf\":{\"@id\":\"https:\/\/afarangabroad.com\/#website\"},\"datePublished\":\"2017-02-21T05:07:25+00:00\",\"dateModified\":\"2019-05-19T06:23:18+00:00\",\"description\":\"Learn the best clubs to visit in m Hua Hin nightlife guide. In this post I talk about the best bars and clubs to meet girls in Hua Hin.\",\"breadcrumb\":{\"@id\":\"https:\/\/afarangabroad.com\/hua-hin-nightlife\/#breadcrumb\"},\"inLanguage\":\"es\",\"potentialAction\":[{\"@type\":\"ReadAction\",\"target\":[\"https:\/\/afarangabroad.com\/hua-hin-nightlife\/\"]}]},{\"@type\":\"BreadcrumbList\",\"@id\":\"https:\/\/afarangabroad.com\/hua-hin-nightlife\/#breadcrumb\",\"itemListElement\":[{\"@type\":\"ListItem\",\"position\":1,\"name\":\"Home\",\"item\":\"https:\/\/afarangabroad.com\/\"},{\"@type\":\"ListItem\",\"position\":2,\"name\":\"Hua Hin Nightlife Guide &#8211; Best Places to Meet Girls\"}]},{\"@type\":\"WebSite\",\"@id\":\"https:\/\/afarangabroad.com\/#website\",\"url\":\"https:\/\/afarangabroad.com\/\",\"name\":\"A Farang Abroad\",\"description\":\"Your secret guide to Asia&#039;s sexiest nightlife.\",\"potentialAction\":[{\"@type\":\"SearchAction\",\"target\":{\"@type\":\"EntryPoint\",\"urlTemplate\":\"https:\/\/afarangabroad.com\/?s={search_term_string}\"},\"query-input\":\"required name=search_term_string\"}],\"inLanguage\":\"es\"}]}<\/script>\n<!-- \/ Yoast SEO plugin. -->","yoast_head_json":{"title":"Hua Hin Nightlife Guide - Best Places to Meet Girls - A Farang Abroad","description":"Learn the best clubs to visit in m Hua Hin nightlife guide. In this post I talk about the best bars and clubs to meet girls in Hua Hin.","robots":{"index":"index","follow":"follow","max-snippet":"max-snippet:-1","max-image-preview":"max-image-preview:large","max-video-preview":"max-video-preview:-1"},"canonical":"https:\/\/afarangabroad.com\/es\/vida-nocturna-en-hua-hin\/","og_locale":"es_ES","og_type":"article","og_title":"Hua Hin Nightlife Guide - Best Places to Meet Girls - A Farang Abroad","og_description":"Learn the best clubs to visit in m Hua Hin nightlife guide. In this post I talk about the best bars and clubs to meet girls in Hua Hin.","og_url":"https:\/\/afarangabroad.com\/es\/vida-nocturna-en-hua-hin\/","og_site_name":"A Farang Abroad","article_modified_time":"2019-05-19T06:23:18+00:00","og_image":[{"width":717,"height":960,"url":"https:\/\/afarangabroad.com\/wp-content\/uploads\/2017\/02\/Hua-hin-nightlife.jpg","type":"image\/jpeg"}],"twitter_misc":{"Tiempo de lectura":"9 minutos"},"schema":{"@context":"https:\/\/schema.org","@graph":[{"@type":"WebPage","@id":"https:\/\/afarangabroad.com\/hua-hin-nightlife\/","url":"https:\/\/afarangabroad.com\/hua-hin-nightlife\/","name":"Hua Hin Nightlife Guide - Best Places to Meet Girls - A Farang Abroad","isPartOf":{"@id":"https:\/\/afarangabroad.com\/#website"},"datePublished":"2017-02-21T05:07:25+00:00","dateModified":"2019-05-19T06:23:18+00:00","description":"Learn the best clubs to visit in m Hua Hin nightlife guide. In this post I talk about the best bars and clubs to meet girls in Hua Hin.","breadcrumb":{"@id":"https:\/\/afarangabroad.com\/hua-hin-nightlife\/#breadcrumb"},"inLanguage":"es","potentialAction":[{"@type":"ReadAction","target":["https:\/\/afarangabroad.com\/hua-hin-nightlife\/"]}]},{"@type":"BreadcrumbList","@id":"https:\/\/afarangabroad.com\/hua-hin-nightlife\/#breadcrumb","itemListElement":[{"@type":"ListItem","position":1,"name":"Home","item":"https:\/\/afarangabroad.com\/"},{"@type":"ListItem","position":2,"name":"Hua Hin Nightlife Guide &#8211; Best Places to Meet Girls"}]},{"@type":"WebSite","@id":"https:\/\/afarangabroad.com\/#website","url":"https:\/\/afarangabroad.com\/","name":"A Farang Abroad","description":"Your secret guide to Asia&#039;s sexiest nightlife.","potentialAction":[{"@type":"SearchAction","target":{"@type":"EntryPoint","urlTemplate":"https:\/\/afarangabroad.com\/?s={search_term_string}"},"query-input":"required name=search_term_string"}],"inLanguage":"es"}]}},"_links":{"self":[{"href":"https:\/\/afarangabroad.com\/es\/wp-json\/wp\/v2\/pages\/8192"}],"collection":[{"href":"https:\/\/afarangabroad.com\/es\/wp-json\/wp\/v2\/pages"}],"about":[{"href":"https:\/\/afarangabroad.com\/es\/wp-json\/wp\/v2\/types\/page"}],"author":[{"embeddable":true,"href":"https:\/\/afarangabroad.com\/es\/wp-json\/wp\/v2\/users\/2"}],"replies":[{"embeddable":true,"href":"https:\/\/afarangabroad.com\/es\/wp-json\/wp\/v2\/comments?post=8192"}],"version-history":[{"count":0,"href":"https:\/\/afarangabroad.com\/es\/wp-json\/wp\/v2\/pages\/8192\/revisions"}],"wp:featuredmedia":[{"embeddable":true,"href":"https:\/\/afarangabroad.com\/es\/wp-json\/wp\/v2\/media\/8195"}],"wp:attachment":[{"href":"https:\/\/afarangabroad.com\/es\/wp-json\/wp\/v2\/media?parent=8192"}],"wp:term":[{"taxonomy":"category","embeddable":true,"href":"https:\/\/afarangabroad.com\/es\/wp-json\/wp\/v2\/categories?post=8192"},{"taxonomy":"post_tag","embeddable":true,"href":"https:\/\/afarangabroad.com\/es\/wp-json\/wp\/v2\/tags?post=8192"}],"curies":[{"name":"wp","href":"https:\/\/api.w.org\/{rel}","templated":true}]}}