{"id":8233,"date":"2017-03-13T08:02:47","date_gmt":"2017-03-13T08:02:47","guid":{"rendered":"https:\/\/afarangabroad.com\/?p=8233"},"modified":"2019-01-10T06:08:20","modified_gmt":"2019-01-10T06:08:20","slug":"ao-nang-nightlife","status":"publish","type":"page","link":"https:\/\/afarangabroad.com\/es\/vida-nocturna-en-ao-nang\/","title":{"rendered":"Gu\u00eda de la vida nocturna de Ao Nang para turistas"},"content":{"rendered":"<p>Ao Nang se encuentra en la parte sur de Tailandia, y cuando vayas a visitarla, seguramente te dar\u00e1s cuenta de la vida nocturna de Ao Nang.<\/p>\n<p><a href=\"https:\/\/afarangabroad.com\/es\/thai-cupid-dating-site\/\" target=\"_blank\" rel=\"noopener\"><img loading=\"lazy\" decoding=\"async\" class=\"aligncenter size-large wp-image-7403\" src=\"https:\/\/afarangabroad.com\/wp-content\/uploads\/2016\/07\/Meet-Thai-girls1-1024x691-min-1024x691.jpg\" alt=\"\" width=\"600\" height=\"405\" srcset=\"https:\/\/afarangabroad.com\/wp-content\/uploads\/2016\/07\/Meet-Thai-girls1-1024x691-min.jpg 1024w, https:\/\/afarangabroad.com\/wp-content\/uploads\/2016\/07\/Meet-Thai-girls1-1024x691-min-300x202.jpg 300w, https:\/\/afarangabroad.com\/wp-content\/uploads\/2016\/07\/Meet-Thai-girls1-1024x691-min-768x518.jpg 768w, https:\/\/afarangabroad.com\/wp-content\/uploads\/2016\/07\/Meet-Thai-girls1-1024x691-min-660x445.jpg 660w\" sizes=\"(max-width: 600px) 100vw, 600px\" \/><\/a><\/p>\n<p>Si quieres conocer chicas gratis en Krabi, <a href=\"https:\/\/afarangabroad.com\/es\/thai-cupid-dating-site\/\" target=\"_blank\" rel=\"noopener\">consulte este art\u00edculo<\/a>.<\/p>\n<p>A pesar de que Ao Nang es el segundo lugar m\u00e1s visitado del sur de Tailandia, despu\u00e9s de Phuket, tambi\u00e9n han sabido organizar una buena vida nocturna, por lo que ya se pueden encontrar muchos bares, discotecas y otros locales nocturnos por todo el lugar.<\/p>\n<h2 style=\"text-align: center;\"><strong><u><b>Ao Nang\u00a0Nightlife<\/b><\/u><\/strong><\/h2>\n<p>If you are looking for a \u2018normal\u2019 Ao Nang nightlife, you can surely have a good time in Ao Nang\u2019s main road where you can already find a lot of bars and pubs and what\u2019s nice with these kind of bars and pubs is that you can have a good view of the beaches while having your drink.<\/p>\n<p>Related: If you&#8217;re coming to Ao Nang, you&#8217;re less than a 1 hour boat ride away from Phuket, check out my guides on the following:<\/p>\n<ul>\n<li>D\u00f3nde ir <a href=\"https:\/\/afarangabroad.com\/es\/phuket-girls\/\">conocer chicas en Phuket<\/a><\/li>\n<li><a href=\"https:\/\/afarangabroad.com\/es\/masaje-sexual-phuket\/\">Masajes con final feliz en Phuket<\/a><\/li>\n<li>D\u00f3nde reunirse <a href=\"https:\/\/afarangabroad.com\/es\/freelancers-phuket\/\">aut\u00f3nomos en Phuket<\/a><\/li>\n<\/ul>\n<h2><strong><b>Boogie Bar<\/b><\/strong><\/h2>\n<p>Supongo que \u00e9ste es el primero de la lista de los mejores bares de Ao Nang, ya que es el lugar perfecto para los fiesteros que quieren escuchar buena m\u00fasica y bailar toda la noche.<\/p>\n<p>You can find Boogie Bar in Ao Nang Walking Street and as you enter the place, you would notice its 70\u2019s style of a bar.<\/p>\n<p><iframe loading=\"lazy\" width=\"678\" height=\"381\" src=\"https:\/\/www.youtube.com\/embed\/RURslr3_usY?feature=oembed\" frameborder=\"0\" allow=\"accelerometer; autoplay; encrypted-media; gyroscope; picture-in-picture\" allowfullscreen><\/iframe><\/p>\n<p>Aqu\u00ed en Boogie Bar, tienen su propia banda en vivo que se realiza en un peque\u00f1o escenario y que son en realidad una de las razones por las que la gente le encanta visitar el lugar.<\/p>\n<p>Tambi\u00e9n tienen sus mesas de billar para aquellos que quer\u00edan tener un poco de juego con sus amigos y si quer\u00eda tomar una copa mientras jugaba, tienen sus cervezas y c\u00f3cteles, pero d\u00e9jame decirte de antemano; Boogie Bar es un poco de un bar caro por lo tanto estar preparado para pagar m\u00e1s cuando en el bar.<\/p>","protected":false},"excerpt":{"rendered":"<p>You can actually find Ao Nang in the Southern part of Thailand as you go visit the place, you would surely notice Ao Nang nightlife scene. If you want to meet girls for free in Krabi, check out this article. Even though Ao Nang is just second when it comes to the most visited place [&hellip;]<\/p>","protected":false},"author":2,"featured_media":8250,"parent":0,"menu_order":0,"comment_status":"open","ping_status":"open","template":"","meta":{"_exactmetrics_skip_tracking":false,"_exactmetrics_sitenote_active":false,"_exactmetrics_sitenote_note":"","_exactmetrics_sitenote_category":0,"footnotes":""},"categories":[331],"tags":[],"class_list":["post-8233","page","type-page","status-publish","has-post-thumbnail","hentry","category-phuket-nightlife"],"yoast_head":"<!-- This site is optimized with the Yoast SEO plugin v20.1 - https:\/\/yoast.com\/wordpress\/plugins\/seo\/ -->\n<title>Ao Nang Nightlife Guide for Tourists - A Farang Abroad<\/title>\n<meta name=\"description\" content=\"In this article, I show you the best of Ao Nang Nightlife. Find out the best clubs, bars and discos in Krabi. You will also know where to get massages.\" \/>\n<meta name=\"robots\" content=\"index, follow, max-snippet:-1, max-image-preview:large, max-video-preview:-1\" \/>\n<link rel=\"canonical\" href=\"https:\/\/afarangabroad.com\/es\/vida-nocturna-en-ao-nang\/\" \/>\n<meta property=\"og:locale\" content=\"es_ES\" \/>\n<meta property=\"og:type\" content=\"article\" \/>\n<meta property=\"og:title\" content=\"Ao Nang Nightlife Guide for Tourists - A Farang Abroad\" \/>\n<meta property=\"og:description\" content=\"In this article, I show you the best of Ao Nang Nightlife. Find out the best clubs, bars and discos in Krabi. You will also know where to get massages.\" \/>\n<meta property=\"og:url\" content=\"https:\/\/afarangabroad.com\/es\/vida-nocturna-en-ao-nang\/\" \/>\n<meta property=\"og:site_name\" content=\"A Farang Abroad\" \/>\n<meta property=\"article:modified_time\" content=\"2019-01-10T06:08:20+00:00\" \/>\n<meta property=\"og:image\" content=\"https:\/\/afarangabroad.com\/wp-content\/uploads\/2017\/03\/ao-nang-nightlife.jpg\" \/>\n\t<meta property=\"og:image:width\" content=\"960\" \/>\n\t<meta property=\"og:image:height\" content=\"951\" \/>\n\t<meta property=\"og:image:type\" content=\"image\/jpeg\" \/>\n<meta name=\"twitter:label1\" content=\"Tiempo de lectura\" \/>\n\t<meta name=\"twitter:data1\" content=\"8 minutos\" \/>\n<script type=\"application\/ld+json\" class=\"yoast-schema-graph\">{\"@context\":\"https:\/\/schema.org\",\"@graph\":[{\"@type\":\"WebPage\",\"@id\":\"https:\/\/afarangabroad.com\/ao-nang-nightlife\/\",\"url\":\"https:\/\/afarangabroad.com\/ao-nang-nightlife\/\",\"name\":\"Ao Nang Nightlife Guide for Tourists - A Farang Abroad\",\"isPartOf\":{\"@id\":\"https:\/\/afarangabroad.com\/#website\"},\"datePublished\":\"2017-03-13T08:02:47+00:00\",\"dateModified\":\"2019-01-10T06:08:20+00:00\",\"description\":\"In this article, I show you the best of Ao Nang Nightlife. Find out the best clubs, bars and discos in Krabi. You will also know where to get massages.\",\"breadcrumb\":{\"@id\":\"https:\/\/afarangabroad.com\/ao-nang-nightlife\/#breadcrumb\"},\"inLanguage\":\"es\",\"potentialAction\":[{\"@type\":\"ReadAction\",\"target\":[\"https:\/\/afarangabroad.com\/ao-nang-nightlife\/\"]}]},{\"@type\":\"BreadcrumbList\",\"@id\":\"https:\/\/afarangabroad.com\/ao-nang-nightlife\/#breadcrumb\",\"itemListElement\":[{\"@type\":\"ListItem\",\"position\":1,\"name\":\"Home\",\"item\":\"https:\/\/afarangabroad.com\/\"},{\"@type\":\"ListItem\",\"position\":2,\"name\":\"Ao Nang Nightlife Guide for Tourists\"}]},{\"@type\":\"WebSite\",\"@id\":\"https:\/\/afarangabroad.com\/#website\",\"url\":\"https:\/\/afarangabroad.com\/\",\"name\":\"A Farang Abroad\",\"description\":\"Your secret guide to Asia&#039;s sexiest nightlife.\",\"potentialAction\":[{\"@type\":\"SearchAction\",\"target\":{\"@type\":\"EntryPoint\",\"urlTemplate\":\"https:\/\/afarangabroad.com\/?s={search_term_string}\"},\"query-input\":\"required name=search_term_string\"}],\"inLanguage\":\"es\"}]}<\/script>\n<!-- \/ Yoast SEO plugin. -->","yoast_head_json":{"title":"Ao Nang Nightlife Guide for Tourists - A Farang Abroad","description":"In this article, I show you the best of Ao Nang Nightlife. Find out the best clubs, bars and discos in Krabi. You will also know where to get massages.","robots":{"index":"index","follow":"follow","max-snippet":"max-snippet:-1","max-image-preview":"max-image-preview:large","max-video-preview":"max-video-preview:-1"},"canonical":"https:\/\/afarangabroad.com\/es\/vida-nocturna-en-ao-nang\/","og_locale":"es_ES","og_type":"article","og_title":"Ao Nang Nightlife Guide for Tourists - A Farang Abroad","og_description":"In this article, I show you the best of Ao Nang Nightlife. Find out the best clubs, bars and discos in Krabi. You will also know where to get massages.","og_url":"https:\/\/afarangabroad.com\/es\/vida-nocturna-en-ao-nang\/","og_site_name":"A Farang Abroad","article_modified_time":"2019-01-10T06:08:20+00:00","og_image":[{"width":960,"height":951,"url":"https:\/\/afarangabroad.com\/wp-content\/uploads\/2017\/03\/ao-nang-nightlife.jpg","type":"image\/jpeg"}],"twitter_misc":{"Tiempo de lectura":"8 minutos"},"schema":{"@context":"https:\/\/schema.org","@graph":[{"@type":"WebPage","@id":"https:\/\/afarangabroad.com\/ao-nang-nightlife\/","url":"https:\/\/afarangabroad.com\/ao-nang-nightlife\/","name":"Ao Nang Nightlife Guide for Tourists - A Farang Abroad","isPartOf":{"@id":"https:\/\/afarangabroad.com\/#website"},"datePublished":"2017-03-13T08:02:47+00:00","dateModified":"2019-01-10T06:08:20+00:00","description":"In this article, I show you the best of Ao Nang Nightlife. Find out the best clubs, bars and discos in Krabi. You will also know where to get massages.","breadcrumb":{"@id":"https:\/\/afarangabroad.com\/ao-nang-nightlife\/#breadcrumb"},"inLanguage":"es","potentialAction":[{"@type":"ReadAction","target":["https:\/\/afarangabroad.com\/ao-nang-nightlife\/"]}]},{"@type":"BreadcrumbList","@id":"https:\/\/afarangabroad.com\/ao-nang-nightlife\/#breadcrumb","itemListElement":[{"@type":"ListItem","position":1,"name":"Home","item":"https:\/\/afarangabroad.com\/"},{"@type":"ListItem","position":2,"name":"Ao Nang Nightlife Guide for Tourists"}]},{"@type":"WebSite","@id":"https:\/\/afarangabroad.com\/#website","url":"https:\/\/afarangabroad.com\/","name":"A Farang Abroad","description":"Your secret guide to Asia&#039;s sexiest nightlife.","potentialAction":[{"@type":"SearchAction","target":{"@type":"EntryPoint","urlTemplate":"https:\/\/afarangabroad.com\/?s={search_term_string}"},"query-input":"required name=search_term_string"}],"inLanguage":"es"}]}},"_links":{"self":[{"href":"https:\/\/afarangabroad.com\/es\/wp-json\/wp\/v2\/pages\/8233"}],"collection":[{"href":"https:\/\/afarangabroad.com\/es\/wp-json\/wp\/v2\/pages"}],"about":[{"href":"https:\/\/afarangabroad.com\/es\/wp-json\/wp\/v2\/types\/page"}],"author":[{"embeddable":true,"href":"https:\/\/afarangabroad.com\/es\/wp-json\/wp\/v2\/users\/2"}],"replies":[{"embeddable":true,"href":"https:\/\/afarangabroad.com\/es\/wp-json\/wp\/v2\/comments?post=8233"}],"version-history":[{"count":0,"href":"https:\/\/afarangabroad.com\/es\/wp-json\/wp\/v2\/pages\/8233\/revisions"}],"wp:featuredmedia":[{"embeddable":true,"href":"https:\/\/afarangabroad.com\/es\/wp-json\/wp\/v2\/media\/8250"}],"wp:attachment":[{"href":"https:\/\/afarangabroad.com\/es\/wp-json\/wp\/v2\/media?parent=8233"}],"wp:term":[{"taxonomy":"category","embeddable":true,"href":"https:\/\/afarangabroad.com\/es\/wp-json\/wp\/v2\/categories?post=8233"},{"taxonomy":"post_tag","embeddable":true,"href":"https:\/\/afarangabroad.com\/es\/wp-json\/wp\/v2\/tags?post=8233"}],"curies":[{"name":"wp","href":"https:\/\/api.w.org\/{rel}","templated":true}]}}