{"id":8371,"date":"2017-04-13T08:05:10","date_gmt":"2017-04-13T07:05:10","guid":{"rendered":"https:\/\/afarangabroad.com\/?p=8371"},"modified":"2024-03-08T03:20:18","modified_gmt":"2024-03-08T03:20:18","slug":"sex-in-vietnam","status":"publish","type":"page","link":"https:\/\/afarangabroad.com\/es\/sexo-en-vietnam\/","title":{"rendered":"Sexo en Vietnam: Gu\u00eda de los barrios rojos"},"content":{"rendered":"<p>In this article, I&#8217;ll discuss all the places you can get sex in Vietnam.<\/p>\n<p>When it comes to their touristy destinations, Vietnam would surely be able to compete with all the other countries in Asia especially with all their museums, churches, nightlife scene and much more but what really comes up in your mind when we say \u2018Vietnam\u2019?<\/p>\n<p>Si quieres echar un polvo gratis en Vietnam, <a href=\"https:\/\/afarangabroad.com\/es\/vietnam-cupid\/\" target=\"_blank\" rel=\"noopener\">consulte este art\u00edculo<\/a>.<\/p>\n<p><a href=\"https:\/\/afarangabroad.com\/es\/vietnam-cupid\/\" target=\"_blank\" rel=\"noopener\"><img loading=\"lazy\" decoding=\"async\" class=\"aligncenter size-large wp-image-7258\" src=\"https:\/\/afarangabroad.com\/wp-content\/uploads\/2016\/06\/Meet-Viet-Girls1-1024x691.png\" alt=\"\" width=\"600\" height=\"405\" srcset=\"https:\/\/afarangabroad.com\/wp-content\/uploads\/2016\/06\/Meet-Viet-Girls1-1024x691.png 1024w, https:\/\/afarangabroad.com\/wp-content\/uploads\/2016\/06\/Meet-Viet-Girls1-300x202.png 300w, https:\/\/afarangabroad.com\/wp-content\/uploads\/2016\/06\/Meet-Viet-Girls1-720x486.png 720w, https:\/\/afarangabroad.com\/wp-content\/uploads\/2016\/06\/Meet-Viet-Girls1.png 1038w\" sizes=\"(max-width: 600px) 100vw, 600px\" \/><\/a><\/p>\n<p>Aparte de sus destinos tur\u00edsticos, Vietnam tambi\u00e9n tiene sus chicas impresionantes a los que pasar los pr\u00f3ximos d\u00edas de su estancia en Vietnam. Lo que los extranjeros realmente les gusta con estas chicas vietnamitas son sus valores de ser educado, hospitalario y amable que cada extranjero necesita cuando est\u00e1n en un nuevo pa\u00eds.<\/p>\n<p>Also, Vietnamese tends to be whiter compared to other girls all over Asia thus if you are a foreigner who is used to going out and have fun with white girls, it would surely not new to you doing the same with these\u00a0Vietnamese girls.<\/p>\n<p>They are much curvier as well which is definitely perfect for those men who are very particular with the girls&#8217; physical appearance. When you are able to check these <a href=\"https:\/\/afarangabroad.com\/es\/chicas-vietnamitas\/\" target=\"_blank\" rel=\"noopener\">Chicas vietnamitas<\/a>seguramente le resultar\u00e1n atractivos tanto para el interior como para el exterior.<\/p>\n<p>Si usted ya est\u00e1 en Vietnam, en realidad no es dif\u00edcil para usted para encontrar una o m\u00e1s chicas vietnamitas puede ser para una relaci\u00f3n seria e incluso s\u00f3lo para el sexo en Vietnam. Cuando usted est\u00e1 en Vietnam o incluso en la mayor\u00eda de los pa\u00edses de Asia, que seguramente ser\u00eda amado por estas chicas para los asi\u00e1ticos, sin duda, le encanta conocer a los extranjeros, especialmente los occidentales.<\/p>\n<p><img loading=\"lazy\" decoding=\"async\" class=\"aligncenter size-large wp-image-8379\" src=\"https:\/\/afarangabroad.com\/wp-content\/uploads\/2017\/04\/Sexy-Vietnam-girl-683x1024.jpg\" alt=\"Sexy Vietnam chica\" width=\"600\" height=\"900\" srcset=\"https:\/\/afarangabroad.com\/wp-content\/uploads\/2017\/04\/Sexy-Vietnam-girl-683x1024.jpg 683w, https:\/\/afarangabroad.com\/wp-content\/uploads\/2017\/04\/Sexy-Vietnam-girl-200x300.jpg 200w, https:\/\/afarangabroad.com\/wp-content\/uploads\/2017\/04\/Sexy-Vietnam-girl-768x1151.jpg 768w, https:\/\/afarangabroad.com\/wp-content\/uploads\/2017\/04\/Sexy-Vietnam-girl-300x450.jpg 300w, https:\/\/afarangabroad.com\/wp-content\/uploads\/2017\/04\/Sexy-Vietnam-girl-720x1079.jpg 720w, https:\/\/afarangabroad.com\/wp-content\/uploads\/2017\/04\/Sexy-Vietnam-girl.jpg 854w\" sizes=\"(max-width: 600px) 100vw, 600px\" \/><\/p>\n<p>One thing I have noticed in Vietnam that when you are walking in their streets or malls, a lot of girls would stare at you and if you\u2019d go near these girls and befriend them, they would surely grab the chance without second thoughts which would make things easier for you.<\/p>\n<h2 style=\"text-align: center;\"><strong>\u00bfC\u00f3mo encontrar sexo en Vietnam?<\/strong><\/h2>\n<p>If you\u2019re the person who loves to visit other countries not just to tour around the country\u2019s top destinations but also to try their girls then you will surely have fun in Vietnam.<\/p>","protected":false},"excerpt":{"rendered":"<p>In this article, I&#8217;ll discuss all the places you can get sex in Vietnam. When it comes to their touristy destinations, Vietnam would surely be able to compete with all the other countries in Asia especially with all their museums, churches, nightlife scene and much more but what really comes up in your mind when [&hellip;]<\/p>","protected":false},"author":2,"featured_media":8380,"parent":0,"menu_order":0,"comment_status":"open","ping_status":"open","template":"","meta":{"_exactmetrics_skip_tracking":false,"_exactmetrics_sitenote_active":false,"_exactmetrics_sitenote_note":"","_exactmetrics_sitenote_category":0,"footnotes":""},"categories":[328],"tags":[],"class_list":["post-8371","page","type-page","status-publish","has-post-thumbnail","hentry","category-vietnam"],"yoast_head":"<!-- This site is optimized with the Yoast SEO plugin v20.1 - https:\/\/yoast.com\/wordpress\/plugins\/seo\/ -->\n<title>Sex in Vietnam: Red Light District Guide - A Farang Abroad<\/title>\n<meta name=\"description\" content=\"In this guide, I&#039;ll talk about the best places to get cheap sex in Vietnam, how safe it is and where the Red light districts are in their biggest cities.\" \/>\n<meta name=\"robots\" content=\"index, follow, max-snippet:-1, max-image-preview:large, max-video-preview:-1\" \/>\n<link rel=\"canonical\" href=\"https:\/\/afarangabroad.com\/es\/sexo-en-vietnam\/\" \/>\n<meta property=\"og:locale\" content=\"es_ES\" \/>\n<meta property=\"og:type\" content=\"article\" \/>\n<meta property=\"og:title\" content=\"Sex in Vietnam: Red Light District Guide - A Farang Abroad\" \/>\n<meta property=\"og:description\" content=\"In this guide, I&#039;ll talk about the best places to get cheap sex in Vietnam, how safe it is and where the Red light districts are in their biggest cities.\" \/>\n<meta property=\"og:url\" content=\"https:\/\/afarangabroad.com\/es\/sexo-en-vietnam\/\" \/>\n<meta property=\"og:site_name\" content=\"A Farang Abroad\" \/>\n<meta property=\"article:modified_time\" content=\"2024-03-08T03:20:18+00:00\" \/>\n<meta property=\"og:image\" content=\"https:\/\/afarangabroad.com\/wp-content\/uploads\/2017\/04\/sex-in-vietnam.jpg\" \/>\n\t<meta property=\"og:image:width\" content=\"853\" \/>\n\t<meta property=\"og:image:height\" content=\"1280\" \/>\n\t<meta property=\"og:image:type\" content=\"image\/jpeg\" \/>\n<meta name=\"twitter:label1\" content=\"Tiempo de lectura\" \/>\n\t<meta name=\"twitter:data1\" content=\"10 minutos\" \/>\n<script type=\"application\/ld+json\" class=\"yoast-schema-graph\">{\"@context\":\"https:\/\/schema.org\",\"@graph\":[{\"@type\":\"WebPage\",\"@id\":\"https:\/\/afarangabroad.com\/sex-in-vietnam\/\",\"url\":\"https:\/\/afarangabroad.com\/sex-in-vietnam\/\",\"name\":\"Sex in Vietnam: Red Light District Guide - A Farang Abroad\",\"isPartOf\":{\"@id\":\"https:\/\/afarangabroad.com\/#website\"},\"datePublished\":\"2017-04-13T07:05:10+00:00\",\"dateModified\":\"2024-03-08T03:20:18+00:00\",\"description\":\"In this guide, I'll talk about the best places to get cheap sex in Vietnam, how safe it is and where the Red light districts are in their biggest cities.\",\"breadcrumb\":{\"@id\":\"https:\/\/afarangabroad.com\/sex-in-vietnam\/#breadcrumb\"},\"inLanguage\":\"es\",\"potentialAction\":[{\"@type\":\"ReadAction\",\"target\":[\"https:\/\/afarangabroad.com\/sex-in-vietnam\/\"]}]},{\"@type\":\"BreadcrumbList\",\"@id\":\"https:\/\/afarangabroad.com\/sex-in-vietnam\/#breadcrumb\",\"itemListElement\":[{\"@type\":\"ListItem\",\"position\":1,\"name\":\"Home\",\"item\":\"https:\/\/afarangabroad.com\/\"},{\"@type\":\"ListItem\",\"position\":2,\"name\":\"Sex in Vietnam: Red Light District Guide\"}]},{\"@type\":\"WebSite\",\"@id\":\"https:\/\/afarangabroad.com\/#website\",\"url\":\"https:\/\/afarangabroad.com\/\",\"name\":\"A Farang Abroad\",\"description\":\"Your secret guide to Asia&#039;s sexiest nightlife.\",\"potentialAction\":[{\"@type\":\"SearchAction\",\"target\":{\"@type\":\"EntryPoint\",\"urlTemplate\":\"https:\/\/afarangabroad.com\/?s={search_term_string}\"},\"query-input\":\"required name=search_term_string\"}],\"inLanguage\":\"es\"}]}<\/script>\n<!-- \/ Yoast SEO plugin. -->","yoast_head_json":{"title":"Sex in Vietnam: Red Light District Guide - A Farang Abroad","description":"In this guide, I'll talk about the best places to get cheap sex in Vietnam, how safe it is and where the Red light districts are in their biggest cities.","robots":{"index":"index","follow":"follow","max-snippet":"max-snippet:-1","max-image-preview":"max-image-preview:large","max-video-preview":"max-video-preview:-1"},"canonical":"https:\/\/afarangabroad.com\/es\/sexo-en-vietnam\/","og_locale":"es_ES","og_type":"article","og_title":"Sex in Vietnam: Red Light District Guide - A Farang Abroad","og_description":"In this guide, I'll talk about the best places to get cheap sex in Vietnam, how safe it is and where the Red light districts are in their biggest cities.","og_url":"https:\/\/afarangabroad.com\/es\/sexo-en-vietnam\/","og_site_name":"A Farang Abroad","article_modified_time":"2024-03-08T03:20:18+00:00","og_image":[{"width":853,"height":1280,"url":"https:\/\/afarangabroad.com\/wp-content\/uploads\/2017\/04\/sex-in-vietnam.jpg","type":"image\/jpeg"}],"twitter_misc":{"Tiempo de lectura":"10 minutos"},"schema":{"@context":"https:\/\/schema.org","@graph":[{"@type":"WebPage","@id":"https:\/\/afarangabroad.com\/sex-in-vietnam\/","url":"https:\/\/afarangabroad.com\/sex-in-vietnam\/","name":"Sex in Vietnam: Red Light District Guide - A Farang Abroad","isPartOf":{"@id":"https:\/\/afarangabroad.com\/#website"},"datePublished":"2017-04-13T07:05:10+00:00","dateModified":"2024-03-08T03:20:18+00:00","description":"In this guide, I'll talk about the best places to get cheap sex in Vietnam, how safe it is and where the Red light districts are in their biggest cities.","breadcrumb":{"@id":"https:\/\/afarangabroad.com\/sex-in-vietnam\/#breadcrumb"},"inLanguage":"es","potentialAction":[{"@type":"ReadAction","target":["https:\/\/afarangabroad.com\/sex-in-vietnam\/"]}]},{"@type":"BreadcrumbList","@id":"https:\/\/afarangabroad.com\/sex-in-vietnam\/#breadcrumb","itemListElement":[{"@type":"ListItem","position":1,"name":"Home","item":"https:\/\/afarangabroad.com\/"},{"@type":"ListItem","position":2,"name":"Sex in Vietnam: Red Light District Guide"}]},{"@type":"WebSite","@id":"https:\/\/afarangabroad.com\/#website","url":"https:\/\/afarangabroad.com\/","name":"A Farang Abroad","description":"Your secret guide to Asia&#039;s sexiest nightlife.","potentialAction":[{"@type":"SearchAction","target":{"@type":"EntryPoint","urlTemplate":"https:\/\/afarangabroad.com\/?s={search_term_string}"},"query-input":"required name=search_term_string"}],"inLanguage":"es"}]}},"_links":{"self":[{"href":"https:\/\/afarangabroad.com\/es\/wp-json\/wp\/v2\/pages\/8371"}],"collection":[{"href":"https:\/\/afarangabroad.com\/es\/wp-json\/wp\/v2\/pages"}],"about":[{"href":"https:\/\/afarangabroad.com\/es\/wp-json\/wp\/v2\/types\/page"}],"author":[{"embeddable":true,"href":"https:\/\/afarangabroad.com\/es\/wp-json\/wp\/v2\/users\/2"}],"replies":[{"embeddable":true,"href":"https:\/\/afarangabroad.com\/es\/wp-json\/wp\/v2\/comments?post=8371"}],"version-history":[{"count":4,"href":"https:\/\/afarangabroad.com\/es\/wp-json\/wp\/v2\/pages\/8371\/revisions"}],"predecessor-version":[{"id":513489,"href":"https:\/\/afarangabroad.com\/es\/wp-json\/wp\/v2\/pages\/8371\/revisions\/513489"}],"wp:featuredmedia":[{"embeddable":true,"href":"https:\/\/afarangabroad.com\/es\/wp-json\/wp\/v2\/media\/8380"}],"wp:attachment":[{"href":"https:\/\/afarangabroad.com\/es\/wp-json\/wp\/v2\/media?parent=8371"}],"wp:term":[{"taxonomy":"category","embeddable":true,"href":"https:\/\/afarangabroad.com\/es\/wp-json\/wp\/v2\/categories?post=8371"},{"taxonomy":"post_tag","embeddable":true,"href":"https:\/\/afarangabroad.com\/es\/wp-json\/wp\/v2\/tags?post=8371"}],"curies":[{"name":"wp","href":"https:\/\/api.w.org\/{rel}","templated":true}]}}