{"id":8374,"date":"2017-04-13T08:26:48","date_gmt":"2017-04-13T07:26:48","guid":{"rendered":"https:\/\/afarangabroad.com\/?p=8374"},"modified":"2019-01-12T12:34:03","modified_gmt":"2019-01-12T12:34:03","slug":"girls-ho-chi-minh","status":"publish","type":"page","link":"https:\/\/afarangabroad.com\/es\/chicas-ho-chi-minh\/","title":{"rendered":"Gu\u00eda de bares y discotecas para conocer chicas en Ho Chi Minh"},"content":{"rendered":"<p>In this article I list the best places to meet girls in\u00a0Ho Chi Minh City.<\/p>\n<p>Vietnam es de hecho uno de los pa\u00edses de Asia que reciben un mont\u00f3n de buenas cr\u00edticas y comentarios y como yo era capaz de visitar el pa\u00eds, sin duda me parece el pa\u00eds como un muy interesante y grande, especialmente cuando se trata de su cultura y, por supuesto, sus ni\u00f1as.<\/p>\n<p>Si quieres conocer chicas en Ho Chi Minh para <strong>gratis<\/strong>entonces <a href=\"https:\/\/afarangabroad.com\/es\/vietnam-cupid\/\" target=\"_blank\" rel=\"noopener\">consulte este art\u00edculo<\/a>.<\/p>\n<p><a href=\"https:\/\/afarangabroad.com\/es\/vietnam-cupid\/\" target=\"_blank\" rel=\"noopener\"><img loading=\"lazy\" decoding=\"async\" class=\"aligncenter size-large wp-image-7257\" src=\"https:\/\/afarangabroad.com\/wp-content\/uploads\/2016\/06\/Meet-Viet-Girls-1024x691.png\" alt=\"\" width=\"600\" height=\"405\" srcset=\"https:\/\/afarangabroad.com\/wp-content\/uploads\/2016\/06\/Meet-Viet-Girls-1024x691.png 1024w, https:\/\/afarangabroad.com\/wp-content\/uploads\/2016\/06\/Meet-Viet-Girls-300x202.png 300w, https:\/\/afarangabroad.com\/wp-content\/uploads\/2016\/06\/Meet-Viet-Girls-720x486.png 720w, https:\/\/afarangabroad.com\/wp-content\/uploads\/2016\/06\/Meet-Viet-Girls.png 1038w\" sizes=\"(max-width: 600px) 100vw, 600px\" \/><\/a><\/p>\n<p>En realidad, el pa\u00eds tiene una de las mejores culturas y tradiciones de Asia, algo que se nota al entrar en sus instalaciones, pero aparte de estas grandes culturas y tradiciones, tambi\u00e9n tienen a sus chicas, que sin duda son las mejores de Asia.<\/p>\n<p>Girls in Vietnam aren\u2019t just beautiful but they also have their traits and values that every tourist would absolutely love. They are also whiter compared to Thai girls and a bit more curvy than other Asian girls which tourists should forward to when meeting a Vietnam girl.<\/p>\n<p>Si desea buscar estas chicas en Vietnam, hay una ciudad en el pa\u00eds donde se puede encontrar una gran cantidad de hermosas chicas de Vietnam que es la ciudad de Ho Chi Minh. La ciudad es ahora uno de los principales destinos en el pa\u00eds y es definitivamente debido a sus chicas.<\/p>\n<p>Conocer a una chica de Ho Chi Minh es sin duda una gran experiencia, especialmente cuando usted es capaz de llevarse bien con ellos y experimentar lo grande que son.<\/p>\n<p>En realidad hay un mont\u00f3n de maneras para que usted pueda cumplir con estas chicas Ho Chi Minh de sus bares, clubes, <a href=\"https:\/\/afarangabroad.com\/es\/guia-de-la-vida-nocturna-en-ho-chi-minh\/\">Discotecas de Saig\u00f3n<\/a>centros comerciales, parques e incluso a trav\u00e9s de sitios de citas en l\u00ednea.<\/p>\n<h2 style=\"text-align: center;\"><strong><span style=\"text-decoration: underline;\">Bars and Clubs to meet girls in\u00a0Ho Chi Minh<\/span><\/strong><\/h2>\n<p>Si es usted un turista o un extranjero aficionado a la fiesta, seguro que le encantar\u00e1 probar estos bares y discotecas de Ho Chi Minh, donde encontrar\u00e1 un mont\u00f3n de diversi\u00f3n. <a href=\"https:\/\/afarangabroad.com\/es\/chicas-vietnamitas\/\" target=\"_blank\" rel=\"noopener\">Chicas vietnamitas<\/a>\u00a0esparcidos por todas partes, como los siguientes:<\/p>\n<p><strong>Bar ac\u00fastico<\/strong> &#8211; You can find Acoustic Bar in Ngo Thoi Nhiem, <a href=\"https:\/\/www.citypassguide.com\/en\/travel\/ho-chi-minh-city\/attractions\/point-of-interest\/district-3\" target=\"_blank\" rel=\"noopener\">Distrito 3<\/a> y si te gusta escuchar m\u00fasica rock, deber\u00edas probar este bar. El bar tiene sus propios m\u00fasicos que son capaces de traer la diversi\u00f3n y el ambiente emocionante en el lugar.<\/p>","protected":false},"excerpt":{"rendered":"<p>In this article I list the best places to meet girls in\u00a0Ho Chi Minh City. Vietnam is indeed one of the countries in Asia that receive a lot of good reviews and feedback and as I was able to visit the country, I definitely find the country as a very interesting and great one especially [&hellip;]<\/p>","protected":false},"author":2,"featured_media":8386,"parent":0,"menu_order":0,"comment_status":"open","ping_status":"open","template":"","meta":{"_exactmetrics_skip_tracking":false,"_exactmetrics_sitenote_active":false,"_exactmetrics_sitenote_note":"","_exactmetrics_sitenote_category":0,"footnotes":""},"categories":[328],"tags":[],"class_list":["post-8374","page","type-page","status-publish","has-post-thumbnail","hentry","category-vietnam"],"yoast_head":"<!-- This site is optimized with the Yoast SEO plugin v20.1 - https:\/\/yoast.com\/wordpress\/plugins\/seo\/ -->\n<title>Bar &amp; Club Guide To Meet Girls in Ho Chi Minh - A Farang Abroad<\/title>\n<meta name=\"description\" content=\"In this article I list the best places to meet girls in Ho Chi Minh city. Everything from the best clubs, bars and massages shops.\" \/>\n<meta name=\"robots\" content=\"index, follow, max-snippet:-1, max-image-preview:large, max-video-preview:-1\" \/>\n<link rel=\"canonical\" href=\"https:\/\/afarangabroad.com\/es\/chicas-ho-chi-minh\/\" \/>\n<meta property=\"og:locale\" content=\"es_ES\" \/>\n<meta property=\"og:type\" content=\"article\" \/>\n<meta property=\"og:title\" content=\"Bar &amp; Club Guide To Meet Girls in Ho Chi Minh - A Farang Abroad\" \/>\n<meta property=\"og:description\" content=\"In this article I list the best places to meet girls in Ho Chi Minh city. Everything from the best clubs, bars and massages shops.\" \/>\n<meta property=\"og:url\" content=\"https:\/\/afarangabroad.com\/es\/chicas-ho-chi-minh\/\" \/>\n<meta property=\"og:site_name\" content=\"A Farang Abroad\" \/>\n<meta property=\"article:modified_time\" content=\"2019-01-12T12:34:03+00:00\" \/>\n<meta property=\"og:image\" content=\"https:\/\/afarangabroad.com\/wp-content\/uploads\/2017\/04\/meeting-HCM-girls.jpg\" \/>\n\t<meta property=\"og:image:width\" content=\"2048\" \/>\n\t<meta property=\"og:image:height\" content=\"1740\" \/>\n\t<meta property=\"og:image:type\" content=\"image\/jpeg\" \/>\n<meta name=\"twitter:label1\" content=\"Tiempo de lectura\" \/>\n\t<meta name=\"twitter:data1\" content=\"9 minutos\" \/>\n<script type=\"application\/ld+json\" class=\"yoast-schema-graph\">{\"@context\":\"https:\/\/schema.org\",\"@graph\":[{\"@type\":\"WebPage\",\"@id\":\"https:\/\/afarangabroad.com\/girls-ho-chi-minh\/\",\"url\":\"https:\/\/afarangabroad.com\/girls-ho-chi-minh\/\",\"name\":\"Bar & Club Guide To Meet Girls in Ho Chi Minh - A Farang Abroad\",\"isPartOf\":{\"@id\":\"https:\/\/afarangabroad.com\/#website\"},\"datePublished\":\"2017-04-13T07:26:48+00:00\",\"dateModified\":\"2019-01-12T12:34:03+00:00\",\"description\":\"In this article I list the best places to meet girls in Ho Chi Minh city. Everything from the best clubs, bars and massages shops.\",\"breadcrumb\":{\"@id\":\"https:\/\/afarangabroad.com\/girls-ho-chi-minh\/#breadcrumb\"},\"inLanguage\":\"es\",\"potentialAction\":[{\"@type\":\"ReadAction\",\"target\":[\"https:\/\/afarangabroad.com\/girls-ho-chi-minh\/\"]}]},{\"@type\":\"BreadcrumbList\",\"@id\":\"https:\/\/afarangabroad.com\/girls-ho-chi-minh\/#breadcrumb\",\"itemListElement\":[{\"@type\":\"ListItem\",\"position\":1,\"name\":\"Home\",\"item\":\"https:\/\/afarangabroad.com\/\"},{\"@type\":\"ListItem\",\"position\":2,\"name\":\"Bar &#038; Club Guide To Meet Girls in Ho Chi Minh\"}]},{\"@type\":\"WebSite\",\"@id\":\"https:\/\/afarangabroad.com\/#website\",\"url\":\"https:\/\/afarangabroad.com\/\",\"name\":\"A Farang Abroad\",\"description\":\"Your secret guide to Asia&#039;s sexiest nightlife.\",\"potentialAction\":[{\"@type\":\"SearchAction\",\"target\":{\"@type\":\"EntryPoint\",\"urlTemplate\":\"https:\/\/afarangabroad.com\/?s={search_term_string}\"},\"query-input\":\"required name=search_term_string\"}],\"inLanguage\":\"es\"}]}<\/script>\n<!-- \/ Yoast SEO plugin. -->","yoast_head_json":{"title":"Bar & Club Guide To Meet Girls in Ho Chi Minh - A Farang Abroad","description":"In this article I list the best places to meet girls in Ho Chi Minh city. Everything from the best clubs, bars and massages shops.","robots":{"index":"index","follow":"follow","max-snippet":"max-snippet:-1","max-image-preview":"max-image-preview:large","max-video-preview":"max-video-preview:-1"},"canonical":"https:\/\/afarangabroad.com\/es\/chicas-ho-chi-minh\/","og_locale":"es_ES","og_type":"article","og_title":"Bar & Club Guide To Meet Girls in Ho Chi Minh - A Farang Abroad","og_description":"In this article I list the best places to meet girls in Ho Chi Minh city. Everything from the best clubs, bars and massages shops.","og_url":"https:\/\/afarangabroad.com\/es\/chicas-ho-chi-minh\/","og_site_name":"A Farang Abroad","article_modified_time":"2019-01-12T12:34:03+00:00","og_image":[{"width":2048,"height":1740,"url":"https:\/\/afarangabroad.com\/wp-content\/uploads\/2017\/04\/meeting-HCM-girls.jpg","type":"image\/jpeg"}],"twitter_misc":{"Tiempo de lectura":"9 minutos"},"schema":{"@context":"https:\/\/schema.org","@graph":[{"@type":"WebPage","@id":"https:\/\/afarangabroad.com\/girls-ho-chi-minh\/","url":"https:\/\/afarangabroad.com\/girls-ho-chi-minh\/","name":"Bar & Club Guide To Meet Girls in Ho Chi Minh - A Farang Abroad","isPartOf":{"@id":"https:\/\/afarangabroad.com\/#website"},"datePublished":"2017-04-13T07:26:48+00:00","dateModified":"2019-01-12T12:34:03+00:00","description":"In this article I list the best places to meet girls in Ho Chi Minh city. Everything from the best clubs, bars and massages shops.","breadcrumb":{"@id":"https:\/\/afarangabroad.com\/girls-ho-chi-minh\/#breadcrumb"},"inLanguage":"es","potentialAction":[{"@type":"ReadAction","target":["https:\/\/afarangabroad.com\/girls-ho-chi-minh\/"]}]},{"@type":"BreadcrumbList","@id":"https:\/\/afarangabroad.com\/girls-ho-chi-minh\/#breadcrumb","itemListElement":[{"@type":"ListItem","position":1,"name":"Home","item":"https:\/\/afarangabroad.com\/"},{"@type":"ListItem","position":2,"name":"Bar &#038; Club Guide To Meet Girls in Ho Chi Minh"}]},{"@type":"WebSite","@id":"https:\/\/afarangabroad.com\/#website","url":"https:\/\/afarangabroad.com\/","name":"A Farang Abroad","description":"Your secret guide to Asia&#039;s sexiest nightlife.","potentialAction":[{"@type":"SearchAction","target":{"@type":"EntryPoint","urlTemplate":"https:\/\/afarangabroad.com\/?s={search_term_string}"},"query-input":"required name=search_term_string"}],"inLanguage":"es"}]}},"_links":{"self":[{"href":"https:\/\/afarangabroad.com\/es\/wp-json\/wp\/v2\/pages\/8374"}],"collection":[{"href":"https:\/\/afarangabroad.com\/es\/wp-json\/wp\/v2\/pages"}],"about":[{"href":"https:\/\/afarangabroad.com\/es\/wp-json\/wp\/v2\/types\/page"}],"author":[{"embeddable":true,"href":"https:\/\/afarangabroad.com\/es\/wp-json\/wp\/v2\/users\/2"}],"replies":[{"embeddable":true,"href":"https:\/\/afarangabroad.com\/es\/wp-json\/wp\/v2\/comments?post=8374"}],"version-history":[{"count":0,"href":"https:\/\/afarangabroad.com\/es\/wp-json\/wp\/v2\/pages\/8374\/revisions"}],"wp:featuredmedia":[{"embeddable":true,"href":"https:\/\/afarangabroad.com\/es\/wp-json\/wp\/v2\/media\/8386"}],"wp:attachment":[{"href":"https:\/\/afarangabroad.com\/es\/wp-json\/wp\/v2\/media?parent=8374"}],"wp:term":[{"taxonomy":"category","embeddable":true,"href":"https:\/\/afarangabroad.com\/es\/wp-json\/wp\/v2\/categories?post=8374"},{"taxonomy":"post_tag","embeddable":true,"href":"https:\/\/afarangabroad.com\/es\/wp-json\/wp\/v2\/tags?post=8374"}],"curies":[{"name":"wp","href":"https:\/\/api.w.org\/{rel}","templated":true}]}}