{"id":8580,"date":"2017-06-24T15:22:07","date_gmt":"2017-06-24T14:22:07","guid":{"rendered":"https:\/\/afarangabroad.com\/?page_id=8580"},"modified":"2019-01-09T04:55:13","modified_gmt":"2019-01-09T04:55:13","slug":"la-cafe-manila","status":"publish","type":"page","link":"https:\/\/afarangabroad.com\/es\/la-cafe-manila\/","title":{"rendered":"Rese\u00f1a de la discoteca La Cafe Manila"},"content":{"rendered":"<p>In this article you&#8217;ll find out my review of LA Cafe nightclub in Manila.<\/p>\n<p>Para dejarlo claro, este lugar est\u00e1 lleno de putas.<\/p>\n<p>For the past years of going over the countries and cities in Asia, checking on what\u2019s the best thing to do in a particular place will be that easy for you.<\/p>\n<p>Bueno, como persona que lleva un par de a\u00f1os haciendo este trabajo, ya puede decir si el lugar en el que est\u00e1 es bueno o no.<\/p>\n<p>Si quieres echar un polvo gratis en Manila, <a href=\" \" target=\"_blank\" rel=\"noopener\">leer este art\u00edculo<\/a>.<\/p>\n<p><a href=\" \"><img loading=\"lazy\" decoding=\"async\" class=\"aligncenter size-large wp-image-7300\" src=\"https:\/\/afarangabroad.com\/wp-content\/uploads\/2016\/06\/MEET-HOT1-1024x691.png\" alt=\"Filipino girls\" width=\"678\" height=\"458\" srcset=\"https:\/\/afarangabroad.com\/wp-content\/uploads\/2016\/06\/MEET-HOT1-1024x691.png 1024w, https:\/\/afarangabroad.com\/wp-content\/uploads\/2016\/06\/MEET-HOT1-300x202.png 300w, https:\/\/afarangabroad.com\/wp-content\/uploads\/2016\/06\/MEET-HOT1-720x486.png 720w, https:\/\/afarangabroad.com\/wp-content\/uploads\/2016\/06\/MEET-HOT1.png 1038w\" sizes=\"(max-width: 678px) 100vw, 678px\" \/><\/a><\/p>\n<p>Manila is indeed a very good place for entertainment where you can find clubs, bars and other nightlife scenes all over the city. As you go over all those clubs and bars in Manila, you would surely have a hard time finding the place that best fits your needs and taste especially if you are the person that has been into world-class clubs and bars in some other countries but with this guide or let me say review, you would have an idea on what you can see and find in the Caf\u00e9.<\/p>\n<p>En realidad es un bar que se puede encontrar en Ermita, Manila y aunque Ermita tiene una mala imagen de ser una zona sucia con todos esos cr\u00edmenes, todav\u00eda se puede encontrar un n\u00famero de locales y extranjeros que visitan el lugar.<\/p>\n<p><em>Relacionado:<a href=\"https:\/\/afarangabroad.com\/es\/sex-in-manila\/\" target=\"_blank\" rel=\"noopener\"> sexo en Manila<\/a> y lo mejor <a href=\"https:\/\/afarangabroad.com\/es\/masajes-con-final-feliz-manila\/\" target=\"_blank\" rel=\"noopener\">masajes happy end en Manila<\/a>.<\/em><\/p>\n<p>The said bar is one of the top party place in Manila where you can definitely have fun in any definition you see \u2018fun\u2019 and it was already able to prove this for the past years. LA Caf\u00e9 do have its dance floor upstairs that everyone loves with its live music but what you would really love and appreciate with LA Caf\u00e9 Manila are the following:<\/p>\n<h2>Aut\u00f3nomos<\/h2>\n<p>\u00bfEres la persona que visita el club para ver a algunas chicas y eventualmente tener una que te llevar\u00edas a tu casa?<\/p>","protected":false},"excerpt":{"rendered":"<p>In this article you&#8217;ll find out my review of LA Cafe nightclub in Manila. To make it clear this place is mostly fully of hookers. For the past years of going over the countries and cities in Asia, checking on what\u2019s the best thing to do in a particular place will be that easy for [&hellip;]<\/p>","protected":false},"author":2,"featured_media":8582,"parent":0,"menu_order":0,"comment_status":"open","ping_status":"closed","template":"","meta":{"_exactmetrics_skip_tracking":false,"_exactmetrics_sitenote_active":false,"_exactmetrics_sitenote_note":"","_exactmetrics_sitenote_category":0,"footnotes":""},"categories":[325],"tags":[],"class_list":["post-8580","page","type-page","status-publish","has-post-thumbnail","hentry","category-filipino-dating"],"yoast_head":"<!-- This site is optimized with the Yoast SEO plugin v20.1 - https:\/\/yoast.com\/wordpress\/plugins\/seo\/ -->\n<title>La Cafe Manila Nightclub Review - A Farang Abroad<\/title>\n<meta name=\"description\" content=\"In this article I review La Cafe Manila, the only 24\/7 bar and nightclub in Manila. Learn how to get there and what type of girls you&#039;ll meet.\" \/>\n<meta name=\"robots\" content=\"index, follow, max-snippet:-1, max-image-preview:large, max-video-preview:-1\" \/>\n<link rel=\"canonical\" href=\"https:\/\/afarangabroad.com\/es\/la-cafe-manila\/\" \/>\n<meta property=\"og:locale\" content=\"es_ES\" \/>\n<meta property=\"og:type\" content=\"article\" \/>\n<meta property=\"og:title\" content=\"La Cafe Manila Nightclub Review - A Farang Abroad\" \/>\n<meta property=\"og:description\" content=\"In this article I review La Cafe Manila, the only 24\/7 bar and nightclub in Manila. Learn how to get there and what type of girls you&#039;ll meet.\" \/>\n<meta property=\"og:url\" content=\"https:\/\/afarangabroad.com\/es\/la-cafe-manila\/\" \/>\n<meta property=\"og:site_name\" content=\"A Farang Abroad\" \/>\n<meta property=\"article:modified_time\" content=\"2019-01-09T04:55:13+00:00\" \/>\n<meta property=\"og:image\" content=\"https:\/\/afarangabroad.com\/wp-content\/uploads\/2017\/06\/la-cafe-club-malate.jpg\" \/>\n\t<meta property=\"og:image:width\" content=\"640\" \/>\n\t<meta property=\"og:image:height\" content=\"480\" \/>\n\t<meta property=\"og:image:type\" content=\"image\/jpeg\" \/>\n<meta name=\"twitter:label1\" content=\"Tiempo de lectura\" \/>\n\t<meta name=\"twitter:data1\" content=\"6 minutos\" \/>\n<script type=\"application\/ld+json\" class=\"yoast-schema-graph\">{\"@context\":\"https:\/\/schema.org\",\"@graph\":[{\"@type\":\"WebPage\",\"@id\":\"https:\/\/afarangabroad.com\/la-cafe-manila\/\",\"url\":\"https:\/\/afarangabroad.com\/la-cafe-manila\/\",\"name\":\"La Cafe Manila Nightclub Review - A Farang Abroad\",\"isPartOf\":{\"@id\":\"https:\/\/afarangabroad.com\/#website\"},\"datePublished\":\"2017-06-24T14:22:07+00:00\",\"dateModified\":\"2019-01-09T04:55:13+00:00\",\"description\":\"In this article I review La Cafe Manila, the only 24\/7 bar and nightclub in Manila. Learn how to get there and what type of girls you'll meet.\",\"breadcrumb\":{\"@id\":\"https:\/\/afarangabroad.com\/la-cafe-manila\/#breadcrumb\"},\"inLanguage\":\"es\",\"potentialAction\":[{\"@type\":\"ReadAction\",\"target\":[\"https:\/\/afarangabroad.com\/la-cafe-manila\/\"]}]},{\"@type\":\"BreadcrumbList\",\"@id\":\"https:\/\/afarangabroad.com\/la-cafe-manila\/#breadcrumb\",\"itemListElement\":[{\"@type\":\"ListItem\",\"position\":1,\"name\":\"Home\",\"item\":\"https:\/\/afarangabroad.com\/\"},{\"@type\":\"ListItem\",\"position\":2,\"name\":\"La Cafe Manila Nightclub Review\"}]},{\"@type\":\"WebSite\",\"@id\":\"https:\/\/afarangabroad.com\/#website\",\"url\":\"https:\/\/afarangabroad.com\/\",\"name\":\"A Farang Abroad\",\"description\":\"Your secret guide to Asia&#039;s sexiest nightlife.\",\"potentialAction\":[{\"@type\":\"SearchAction\",\"target\":{\"@type\":\"EntryPoint\",\"urlTemplate\":\"https:\/\/afarangabroad.com\/?s={search_term_string}\"},\"query-input\":\"required name=search_term_string\"}],\"inLanguage\":\"es\"}]}<\/script>\n<!-- \/ Yoast SEO plugin. -->","yoast_head_json":{"title":"La Cafe Manila Nightclub Review - A Farang Abroad","description":"In this article I review La Cafe Manila, the only 24\/7 bar and nightclub in Manila. Learn how to get there and what type of girls you'll meet.","robots":{"index":"index","follow":"follow","max-snippet":"max-snippet:-1","max-image-preview":"max-image-preview:large","max-video-preview":"max-video-preview:-1"},"canonical":"https:\/\/afarangabroad.com\/es\/la-cafe-manila\/","og_locale":"es_ES","og_type":"article","og_title":"La Cafe Manila Nightclub Review - A Farang Abroad","og_description":"In this article I review La Cafe Manila, the only 24\/7 bar and nightclub in Manila. Learn how to get there and what type of girls you'll meet.","og_url":"https:\/\/afarangabroad.com\/es\/la-cafe-manila\/","og_site_name":"A Farang Abroad","article_modified_time":"2019-01-09T04:55:13+00:00","og_image":[{"width":"640","height":"480","url":"https:\/\/afarangabroad.com\/wp-content\/uploads\/2017\/06\/la-cafe-club-malate.jpg","type":"image\/jpeg"}],"twitter_misc":{"Tiempo de lectura":"6 minutos"},"schema":{"@context":"https:\/\/schema.org","@graph":[{"@type":"WebPage","@id":"https:\/\/afarangabroad.com\/la-cafe-manila\/","url":"https:\/\/afarangabroad.com\/la-cafe-manila\/","name":"La Cafe Manila Nightclub Review - A Farang Abroad","isPartOf":{"@id":"https:\/\/afarangabroad.com\/#website"},"datePublished":"2017-06-24T14:22:07+00:00","dateModified":"2019-01-09T04:55:13+00:00","description":"In this article I review La Cafe Manila, the only 24\/7 bar and nightclub in Manila. Learn how to get there and what type of girls you'll meet.","breadcrumb":{"@id":"https:\/\/afarangabroad.com\/la-cafe-manila\/#breadcrumb"},"inLanguage":"es","potentialAction":[{"@type":"ReadAction","target":["https:\/\/afarangabroad.com\/la-cafe-manila\/"]}]},{"@type":"BreadcrumbList","@id":"https:\/\/afarangabroad.com\/la-cafe-manila\/#breadcrumb","itemListElement":[{"@type":"ListItem","position":1,"name":"Home","item":"https:\/\/afarangabroad.com\/"},{"@type":"ListItem","position":2,"name":"La Cafe Manila Nightclub Review"}]},{"@type":"WebSite","@id":"https:\/\/afarangabroad.com\/#website","url":"https:\/\/afarangabroad.com\/","name":"A Farang Abroad","description":"Your secret guide to Asia&#039;s sexiest nightlife.","potentialAction":[{"@type":"SearchAction","target":{"@type":"EntryPoint","urlTemplate":"https:\/\/afarangabroad.com\/?s={search_term_string}"},"query-input":"required name=search_term_string"}],"inLanguage":"es"}]}},"_links":{"self":[{"href":"https:\/\/afarangabroad.com\/es\/wp-json\/wp\/v2\/pages\/8580"}],"collection":[{"href":"https:\/\/afarangabroad.com\/es\/wp-json\/wp\/v2\/pages"}],"about":[{"href":"https:\/\/afarangabroad.com\/es\/wp-json\/wp\/v2\/types\/page"}],"author":[{"embeddable":true,"href":"https:\/\/afarangabroad.com\/es\/wp-json\/wp\/v2\/users\/2"}],"replies":[{"embeddable":true,"href":"https:\/\/afarangabroad.com\/es\/wp-json\/wp\/v2\/comments?post=8580"}],"version-history":[{"count":0,"href":"https:\/\/afarangabroad.com\/es\/wp-json\/wp\/v2\/pages\/8580\/revisions"}],"wp:featuredmedia":[{"embeddable":true,"href":"https:\/\/afarangabroad.com\/es\/wp-json\/wp\/v2\/media\/8582"}],"wp:attachment":[{"href":"https:\/\/afarangabroad.com\/es\/wp-json\/wp\/v2\/media?parent=8580"}],"wp:term":[{"taxonomy":"category","embeddable":true,"href":"https:\/\/afarangabroad.com\/es\/wp-json\/wp\/v2\/categories?post=8580"},{"taxonomy":"post_tag","embeddable":true,"href":"https:\/\/afarangabroad.com\/es\/wp-json\/wp\/v2\/tags?post=8580"}],"curies":[{"name":"wp","href":"https:\/\/api.w.org\/{rel}","templated":true}]}}