{"id":8623,"date":"2017-07-05T12:13:40","date_gmt":"2017-07-05T11:13:40","guid":{"rendered":"https:\/\/afarangabroad.com\/?page_id=8623"},"modified":"2019-03-28T06:26:49","modified_gmt":"2019-03-28T06:26:49","slug":"beijing-girls","status":"publish","type":"page","link":"https:\/\/afarangabroad.com\/es\/chicas-de-pekin\/","title":{"rendered":"5 lugares para conocer chicas solteras de Pek\u00edn"},"content":{"rendered":"<p>\u00bfHas estado buscando a la chica adecuada para ti? Las asi\u00e1ticas son de hecho una de las mejores chicas donde las culturas asi\u00e1ticas est\u00e1n siendo encarnadas en ellas y cuando est\u00e1s en Asia, seguramente tendr\u00edas dificultades para elegir una para ti con todas esas hermosas, afectuosas y cari\u00f1osas asi\u00e1ticas en todo el continente.<\/p>\n<p>Si quieres echar un polvo gratis en Pek\u00edn,\u00a0<a href=\"https:\/\/afarangabroad.com\/es\/china-love-cupid-review\/\" target=\"_blank\" >consulte este art\u00edculo<\/a>.<\/p>\n<p><a href=\"https:\/\/afarangabroad.com\/es\/china-love-cupid-review\/\" target=\"_blank\" ><img loading=\"lazy\" decoding=\"async\" class=\"aligncenter size-large wp-image-8477\" src=\"https:\/\/afarangabroad.com\/wp-content\/uploads\/2017\/05\/meet-sexy-chiense-girls-1024x691.png\" sizes=\"(max-width: 678px) 100vw, 678px\" srcset=\"https:\/\/afarangabroad.com\/wp-content\/uploads\/2017\/05\/meet-sexy-chiense-girls-1024x691.png 1024w, https:\/\/afarangabroad.com\/wp-content\/uploads\/2017\/05\/meet-sexy-chiense-girls-300x202.png 300w, https:\/\/afarangabroad.com\/wp-content\/uploads\/2017\/05\/meet-sexy-chiense-girls-768x518.png 768w, https:\/\/afarangabroad.com\/wp-content\/uploads\/2017\/05\/meet-sexy-chiense-girls-720x486.png 720w, https:\/\/afarangabroad.com\/wp-content\/uploads\/2017\/05\/meet-sexy-chiense-girls.png 1038w\" alt=\"\" width=\"678\" height=\"458\" \/><\/a><\/p>\n<p>Cada chica es \u00fanica y es s\u00f3lo una prueba y error para el chico y la chica para hacer que las cosas funcionen, pero despu\u00e9s de conocer a un mont\u00f3n de chicas a lo largo de mi vida, realmente creo que las mujeres de Beijing una buena opci\u00f3n para que tengan sus culturas chinas de ser respetuoso y modesto que todos los hombres aman.<\/p>\n<p>Si desea buscar estas mujeres de Beijing, en realidad hay muchas maneras de c\u00f3mo encontrarlos, como la firma en un sitio de citas en l\u00ednea donde hay un sinn\u00famero de mujeres de Beijing que son capaces de registrarse o tambi\u00e9n podr\u00eda pasear por algunos lugares en Beijing, donde las mujeres de Beijing por lo general se queda.<\/p>\n<h2>Sitios de citas en l\u00ednea<\/h2>\n<p>Si quieres encontrar chicas de Beijing para pasar el rato con inmediatamente, entonces usted debe dar a los sitios de citas en l\u00ednea un tiro. Sitios de citas en l\u00ednea son en realidad un acuerdo perfecto para a pesar de que todav\u00eda est\u00e1 en su propio pa\u00eds, ya se puede encontrar y comunicarse con un n\u00famero de chicas de Beijing.<\/p>\n<p>En realidad hay muchos sitios de citas en l\u00ednea donde usted puede encontrar chicas de Beijing, pero como yo estaba comprobando en los sitios disponibles en su pa\u00eds.<\/p>\n<p>Puedes unirte al <a href=\"https:\/\/afarangabroad.com\/es\/china-love-cupid-review\/\" target=\"_blank\" >gratis aqu\u00ed<\/a>.<\/p>\n<h2>Chinalovecupid.com<\/h2>\n<p>If you are a foreigner who doesn\u2019t know how to speak or read Chinese then you probably give Chinalovecupid.com a try first before going to Jiayuan.com for there are a lot more Beijing girls who were registered in this online dating site who knows how to speak English than Jiayuan.com.<\/p>\n<p>Our languages are indeed the most important thing when it comes to communication hence how can we communicate to someone and understand them if we don\u2019t know each other\u2019s language, right?<\/p>\n<p><img loading=\"lazy\" decoding=\"async\" class=\"aligncenter size-full wp-image-8625\" src=\"https:\/\/afarangabroad.com\/wp-content\/uploads\/2017\/07\/beijing-2044138_640-2.jpg\" alt=\"donde conocer chicas beijing\" width=\"640\" height=\"426\" srcset=\"https:\/\/afarangabroad.com\/wp-content\/uploads\/2017\/07\/beijing-2044138_640-2.jpg 640w, https:\/\/afarangabroad.com\/wp-content\/uploads\/2017\/07\/beijing-2044138_640-2-300x200.jpg 300w\" sizes=\"(max-width: 640px) 100vw, 640px\" \/><\/p>","protected":false},"excerpt":{"rendered":"<p>Have you been searching for the right girl for you? Asians are indeed one of the best girls where Asian cultures are being embodied in them and when you are in Asia, you would surely have hard time choosing one for you with all those beautiful, affectionate and caring Asians all over the continent. If [&hellip;]<\/p>","protected":false},"author":2,"featured_media":8625,"parent":0,"menu_order":0,"comment_status":"open","ping_status":"closed","template":"","meta":{"_exactmetrics_skip_tracking":false,"_exactmetrics_sitenote_active":false,"_exactmetrics_sitenote_note":"","_exactmetrics_sitenote_category":0,"footnotes":""},"categories":[334],"tags":[],"class_list":["post-8623","page","type-page","status-publish","has-post-thumbnail","hentry","category-china"],"yoast_head":"<!-- This site is optimized with the Yoast SEO plugin v20.1 - https:\/\/yoast.com\/wordpress\/plugins\/seo\/ -->\n<title>5 Places to Meet Single Beijing Girls - A Farang Abroad<\/title>\n<meta name=\"description\" content=\"Here are the best 5 places to meet single Beijing girls. I will talk about online dating sites and day gaming spots to meet sex local girls.\" \/>\n<meta name=\"robots\" content=\"index, follow, max-snippet:-1, max-image-preview:large, max-video-preview:-1\" \/>\n<link rel=\"canonical\" href=\"https:\/\/afarangabroad.com\/es\/chicas-de-pekin\/\" \/>\n<meta property=\"og:locale\" content=\"es_ES\" \/>\n<meta property=\"og:type\" content=\"article\" \/>\n<meta property=\"og:title\" content=\"5 Places to Meet Single Beijing Girls - A Farang Abroad\" \/>\n<meta property=\"og:description\" content=\"Here are the best 5 places to meet single Beijing girls. I will talk about online dating sites and day gaming spots to meet sex local girls.\" \/>\n<meta property=\"og:url\" content=\"https:\/\/afarangabroad.com\/es\/chicas-de-pekin\/\" \/>\n<meta property=\"og:site_name\" content=\"A Farang Abroad\" \/>\n<meta property=\"article:modified_time\" content=\"2019-03-28T06:26:49+00:00\" \/>\n<meta property=\"og:image\" content=\"https:\/\/afarangabroad.com\/wp-content\/uploads\/2017\/07\/beijing-2044138_640-2.jpg\" \/>\n\t<meta property=\"og:image:width\" content=\"640\" \/>\n\t<meta property=\"og:image:height\" content=\"426\" \/>\n\t<meta property=\"og:image:type\" content=\"image\/jpeg\" \/>\n<meta name=\"twitter:label1\" content=\"Tiempo de lectura\" \/>\n\t<meta name=\"twitter:data1\" content=\"5 minutos\" \/>\n<script type=\"application\/ld+json\" class=\"yoast-schema-graph\">{\"@context\":\"https:\/\/schema.org\",\"@graph\":[{\"@type\":\"WebPage\",\"@id\":\"https:\/\/afarangabroad.com\/beijing-girls\/\",\"url\":\"https:\/\/afarangabroad.com\/beijing-girls\/\",\"name\":\"5 Places to Meet Single Beijing Girls - A Farang Abroad\",\"isPartOf\":{\"@id\":\"https:\/\/afarangabroad.com\/#website\"},\"datePublished\":\"2017-07-05T11:13:40+00:00\",\"dateModified\":\"2019-03-28T06:26:49+00:00\",\"description\":\"Here are the best 5 places to meet single Beijing girls. I will talk about online dating sites and day gaming spots to meet sex local girls.\",\"breadcrumb\":{\"@id\":\"https:\/\/afarangabroad.com\/beijing-girls\/#breadcrumb\"},\"inLanguage\":\"es\",\"potentialAction\":[{\"@type\":\"ReadAction\",\"target\":[\"https:\/\/afarangabroad.com\/beijing-girls\/\"]}]},{\"@type\":\"BreadcrumbList\",\"@id\":\"https:\/\/afarangabroad.com\/beijing-girls\/#breadcrumb\",\"itemListElement\":[{\"@type\":\"ListItem\",\"position\":1,\"name\":\"Home\",\"item\":\"https:\/\/afarangabroad.com\/\"},{\"@type\":\"ListItem\",\"position\":2,\"name\":\"5 Places to Meet Single Beijing Girls\"}]},{\"@type\":\"WebSite\",\"@id\":\"https:\/\/afarangabroad.com\/#website\",\"url\":\"https:\/\/afarangabroad.com\/\",\"name\":\"A Farang Abroad\",\"description\":\"Your secret guide to Asia&#039;s sexiest nightlife.\",\"potentialAction\":[{\"@type\":\"SearchAction\",\"target\":{\"@type\":\"EntryPoint\",\"urlTemplate\":\"https:\/\/afarangabroad.com\/?s={search_term_string}\"},\"query-input\":\"required name=search_term_string\"}],\"inLanguage\":\"es\"}]}<\/script>\n<!-- \/ Yoast SEO plugin. -->","yoast_head_json":{"title":"5 Places to Meet Single Beijing Girls - A Farang Abroad","description":"Here are the best 5 places to meet single Beijing girls. I will talk about online dating sites and day gaming spots to meet sex local girls.","robots":{"index":"index","follow":"follow","max-snippet":"max-snippet:-1","max-image-preview":"max-image-preview:large","max-video-preview":"max-video-preview:-1"},"canonical":"https:\/\/afarangabroad.com\/es\/chicas-de-pekin\/","og_locale":"es_ES","og_type":"article","og_title":"5 Places to Meet Single Beijing Girls - A Farang Abroad","og_description":"Here are the best 5 places to meet single Beijing girls. I will talk about online dating sites and day gaming spots to meet sex local girls.","og_url":"https:\/\/afarangabroad.com\/es\/chicas-de-pekin\/","og_site_name":"A Farang Abroad","article_modified_time":"2019-03-28T06:26:49+00:00","og_image":[{"width":"640","height":"426","url":"https:\/\/afarangabroad.com\/wp-content\/uploads\/2017\/07\/beijing-2044138_640-2.jpg","type":"image\/jpeg"}],"twitter_misc":{"Tiempo de lectura":"5 minutos"},"schema":{"@context":"https:\/\/schema.org","@graph":[{"@type":"WebPage","@id":"https:\/\/afarangabroad.com\/beijing-girls\/","url":"https:\/\/afarangabroad.com\/beijing-girls\/","name":"5 Places to Meet Single Beijing Girls - A Farang Abroad","isPartOf":{"@id":"https:\/\/afarangabroad.com\/#website"},"datePublished":"2017-07-05T11:13:40+00:00","dateModified":"2019-03-28T06:26:49+00:00","description":"Here are the best 5 places to meet single Beijing girls. I will talk about online dating sites and day gaming spots to meet sex local girls.","breadcrumb":{"@id":"https:\/\/afarangabroad.com\/beijing-girls\/#breadcrumb"},"inLanguage":"es","potentialAction":[{"@type":"ReadAction","target":["https:\/\/afarangabroad.com\/beijing-girls\/"]}]},{"@type":"BreadcrumbList","@id":"https:\/\/afarangabroad.com\/beijing-girls\/#breadcrumb","itemListElement":[{"@type":"ListItem","position":1,"name":"Home","item":"https:\/\/afarangabroad.com\/"},{"@type":"ListItem","position":2,"name":"5 Places to Meet Single Beijing Girls"}]},{"@type":"WebSite","@id":"https:\/\/afarangabroad.com\/#website","url":"https:\/\/afarangabroad.com\/","name":"A Farang Abroad","description":"Your secret guide to Asia&#039;s sexiest nightlife.","potentialAction":[{"@type":"SearchAction","target":{"@type":"EntryPoint","urlTemplate":"https:\/\/afarangabroad.com\/?s={search_term_string}"},"query-input":"required name=search_term_string"}],"inLanguage":"es"}]}},"_links":{"self":[{"href":"https:\/\/afarangabroad.com\/es\/wp-json\/wp\/v2\/pages\/8623"}],"collection":[{"href":"https:\/\/afarangabroad.com\/es\/wp-json\/wp\/v2\/pages"}],"about":[{"href":"https:\/\/afarangabroad.com\/es\/wp-json\/wp\/v2\/types\/page"}],"author":[{"embeddable":true,"href":"https:\/\/afarangabroad.com\/es\/wp-json\/wp\/v2\/users\/2"}],"replies":[{"embeddable":true,"href":"https:\/\/afarangabroad.com\/es\/wp-json\/wp\/v2\/comments?post=8623"}],"version-history":[{"count":0,"href":"https:\/\/afarangabroad.com\/es\/wp-json\/wp\/v2\/pages\/8623\/revisions"}],"wp:featuredmedia":[{"embeddable":true,"href":"https:\/\/afarangabroad.com\/es\/wp-json\/wp\/v2\/media\/8625"}],"wp:attachment":[{"href":"https:\/\/afarangabroad.com\/es\/wp-json\/wp\/v2\/media?parent=8623"}],"wp:term":[{"taxonomy":"category","embeddable":true,"href":"https:\/\/afarangabroad.com\/es\/wp-json\/wp\/v2\/categories?post=8623"},{"taxonomy":"post_tag","embeddable":true,"href":"https:\/\/afarangabroad.com\/es\/wp-json\/wp\/v2\/tags?post=8623"}],"curies":[{"name":"wp","href":"https:\/\/api.w.org\/{rel}","templated":true}]}}