{"id":8630,"date":"2017-07-05T13:00:39","date_gmt":"2017-07-05T12:00:39","guid":{"rendered":"https:\/\/afarangabroad.com\/?page_id=8630"},"modified":"2019-03-28T06:26:17","modified_gmt":"2019-03-28T06:26:17","slug":"shanghai-nightlife","status":"publish","type":"page","link":"https:\/\/afarangabroad.com\/es\/vida-nocturna-en-shanghai\/","title":{"rendered":"Gu\u00eda tur\u00edstica de la vida nocturna de Shanghai"},"content":{"rendered":"<p>You might think that New York is the only city you knew that doesn\u2019t sleep. Well, as you get Shanghai and have a tour around the city in the middle of the night then you can tell yourself that you\u2019re wrong all along.<\/p>\n<p>Si quieres echar un polvo gratis en Shanghai,\u00a0<a href=\"https:\/\/afarangabroad.com\/es\/china-love-cupid-review\/\" target=\"_blank\" >consulte este art\u00edculo<\/a>.<\/p>\n<p><a href=\"https:\/\/afarangabroad.com\/es\/china-love-cupid-review\/\" target=\"_blank\" ><img loading=\"lazy\" decoding=\"async\" class=\"aligncenter size-large wp-image-8477\" src=\"https:\/\/afarangabroad.com\/wp-content\/uploads\/2017\/05\/meet-sexy-chiense-girls-1024x691.png\" alt=\"\" width=\"678\" height=\"458\" srcset=\"https:\/\/afarangabroad.com\/wp-content\/uploads\/2017\/05\/meet-sexy-chiense-girls-1024x691.png 1024w, https:\/\/afarangabroad.com\/wp-content\/uploads\/2017\/05\/meet-sexy-chiense-girls-300x202.png 300w, https:\/\/afarangabroad.com\/wp-content\/uploads\/2017\/05\/meet-sexy-chiense-girls-768x518.png 768w, https:\/\/afarangabroad.com\/wp-content\/uploads\/2017\/05\/meet-sexy-chiense-girls-720x486.png 720w, https:\/\/afarangabroad.com\/wp-content\/uploads\/2017\/05\/meet-sexy-chiense-girls.png 1038w\" sizes=\"(max-width: 678px) 100vw, 678px\" \/><\/a><\/p>\n<p>As years go by, Shanghai was able to pull a lot of tourists visiting the city and that\u2019s all because of all the touristy attractions found in the city and the Shanghai nightlife events as well. Thus if you are the person who loves to spend the night partying rather than going to sleep then Shanghai is the best place for you.<\/p>\n<p>En realidad, en Shangh\u00e1i hay un mont\u00f3n de discotecas y bares que todo fiestero debe visitar y, con la lista que tengo aqu\u00ed, seguro que tu b\u00fasqueda de discotecas y bares en Shangh\u00e1i te resultar\u00e1 mucho m\u00e1s f\u00e1cil.<\/p>\n<h2 style=\"text-align: center;\"><strong>Discotecas y bares en Shanghai<\/strong><\/h2>\n<p>En realidad, hay algunas distinciones para los clubes y bares en Shanghai dependiendo de c\u00f3mo se clasifican y aqu\u00ed hay tres tipos de bares y clubes en Shanghai a saber, clubes Mainstream, clubes Underground y los clubes Bund.<\/p>\n<p>Si pudieras ir a Shanghai o <a href=\"https:\/\/afarangabroad.com\/es\/vida-nocturna-en-guangzhou\/\">Guangzhou para la vida nocturna<\/a>Ve a Shanghai.<\/p>\n<h2>Champ\u00e1n Mono<\/h2>\n<p>\u00bfHa estado buscando un club en Shanghai en el que parezca que est\u00e1 en un club de Estados Unidos? <a href=\"http:\/\/www.smartshanghai.com\/venue\/4783\/The_Monkey_Lounge\" target=\"_blank\" >Champ\u00e1n Mono<\/a> que se puede encontrar en Donghu Road, Shanghai tienen su club de estilo americano donde se pueden encontrar alrededor de 200 locales y extranjeros que se divierten con los clubes en Shanghai.<\/p>\n<p><img loading=\"lazy\" decoding=\"async\" class=\"aligncenter wp-image-8632\" src=\"https:\/\/afarangabroad.com\/wp-content\/uploads\/2017\/07\/Shanghai-nightlife.jpg\" alt=\"Vida nocturna en Shanghai\" width=\"631\" height=\"421\" srcset=\"https:\/\/afarangabroad.com\/wp-content\/uploads\/2017\/07\/Shanghai-nightlife.jpg 1000w, https:\/\/afarangabroad.com\/wp-content\/uploads\/2017\/07\/Shanghai-nightlife-300x200.jpg 300w, https:\/\/afarangabroad.com\/wp-content\/uploads\/2017\/07\/Shanghai-nightlife-768x512.jpg 768w\" sizes=\"(max-width: 631px) 100vw, 631px\" \/><\/p>\n<p>Since the place has a \u2018champagne\u2019 on its name, you\u2019d surely expect for a great champagne inside the club and they also have their whiskey and other drinks which is by the way a bit expensive compared to other clubs in Shanghai. The DJs here in Monkey Champagne loves to play top 40s hip hop music thus expect a lot of these when in the club.<\/p>\n<h2>Club M2<\/h2>\n<p><a href=\"https:\/\/www.residentadvisor.net\/club.aspx?id=50102\" target=\"_blank\" >M2<\/a> is a well-known place in Shanghai nightlife where you won\u2019t just find a club but a mega club. The mega club is located at Huai Hai Zhong Lu, Shanghai. Since the place the huge, you can definitely enjoy their dance floor along with your co-party goers all night long.<\/p>","protected":false},"excerpt":{"rendered":"<p>You might think that New York is the only city you knew that doesn\u2019t sleep. Well, as you get Shanghai and have a tour around the city in the middle of the night then you can tell yourself that you\u2019re wrong all along. If you want to get laid for free in Shanghai,\u00a0check out this [&hellip;]<\/p>","protected":false},"author":2,"featured_media":8633,"parent":0,"menu_order":0,"comment_status":"open","ping_status":"closed","template":"","meta":{"_exactmetrics_skip_tracking":false,"_exactmetrics_sitenote_active":false,"_exactmetrics_sitenote_note":"","_exactmetrics_sitenote_category":0,"footnotes":""},"categories":[334],"tags":[],"class_list":["post-8630","page","type-page","status-publish","has-post-thumbnail","hentry","category-china"],"yoast_head":"<!-- This site is optimized with the Yoast SEO plugin v20.1 - https:\/\/yoast.com\/wordpress\/plugins\/seo\/ -->\n<title>Tourist Shanghai Nightlife Guide - A Farang Abroad<\/title>\n<meta name=\"description\" content=\"In this article you will find out the best clubs and bars in Shanghai nightlife. Find out where to go and meet hot local Chinese girls in Shanghai.\" \/>\n<meta name=\"robots\" content=\"index, follow, max-snippet:-1, max-image-preview:large, max-video-preview:-1\" \/>\n<link rel=\"canonical\" href=\"https:\/\/afarangabroad.com\/es\/vida-nocturna-en-shanghai\/\" \/>\n<meta property=\"og:locale\" content=\"es_ES\" \/>\n<meta property=\"og:type\" content=\"article\" \/>\n<meta property=\"og:title\" content=\"Tourist Shanghai Nightlife Guide - A Farang Abroad\" \/>\n<meta property=\"og:description\" content=\"In this article you will find out the best clubs and bars in Shanghai nightlife. Find out where to go and meet hot local Chinese girls in Shanghai.\" \/>\n<meta property=\"og:url\" content=\"https:\/\/afarangabroad.com\/es\/vida-nocturna-en-shanghai\/\" \/>\n<meta property=\"og:site_name\" content=\"A Farang Abroad\" \/>\n<meta property=\"article:modified_time\" content=\"2019-03-28T06:26:17+00:00\" \/>\n<meta property=\"og:image\" content=\"https:\/\/afarangabroad.com\/wp-content\/uploads\/2017\/07\/Shanghai-M2-club.jpg\" \/>\n\t<meta property=\"og:image:width\" content=\"1000\" \/>\n\t<meta property=\"og:image:height\" content=\"667\" \/>\n\t<meta property=\"og:image:type\" content=\"image\/jpeg\" \/>\n<meta name=\"twitter:label1\" content=\"Tiempo de lectura\" \/>\n\t<meta name=\"twitter:data1\" content=\"11 minutos\" \/>\n<script type=\"application\/ld+json\" class=\"yoast-schema-graph\">{\"@context\":\"https:\/\/schema.org\",\"@graph\":[{\"@type\":\"WebPage\",\"@id\":\"https:\/\/afarangabroad.com\/shanghai-nightlife\/\",\"url\":\"https:\/\/afarangabroad.com\/shanghai-nightlife\/\",\"name\":\"Tourist Shanghai Nightlife Guide - A Farang Abroad\",\"isPartOf\":{\"@id\":\"https:\/\/afarangabroad.com\/#website\"},\"datePublished\":\"2017-07-05T12:00:39+00:00\",\"dateModified\":\"2019-03-28T06:26:17+00:00\",\"description\":\"In this article you will find out the best clubs and bars in Shanghai nightlife. Find out where to go and meet hot local Chinese girls in Shanghai.\",\"breadcrumb\":{\"@id\":\"https:\/\/afarangabroad.com\/shanghai-nightlife\/#breadcrumb\"},\"inLanguage\":\"es\",\"potentialAction\":[{\"@type\":\"ReadAction\",\"target\":[\"https:\/\/afarangabroad.com\/shanghai-nightlife\/\"]}]},{\"@type\":\"BreadcrumbList\",\"@id\":\"https:\/\/afarangabroad.com\/shanghai-nightlife\/#breadcrumb\",\"itemListElement\":[{\"@type\":\"ListItem\",\"position\":1,\"name\":\"Home\",\"item\":\"https:\/\/afarangabroad.com\/\"},{\"@type\":\"ListItem\",\"position\":2,\"name\":\"Tourist Shanghai Nightlife Guide\"}]},{\"@type\":\"WebSite\",\"@id\":\"https:\/\/afarangabroad.com\/#website\",\"url\":\"https:\/\/afarangabroad.com\/\",\"name\":\"A Farang Abroad\",\"description\":\"Your secret guide to Asia&#039;s sexiest nightlife.\",\"potentialAction\":[{\"@type\":\"SearchAction\",\"target\":{\"@type\":\"EntryPoint\",\"urlTemplate\":\"https:\/\/afarangabroad.com\/?s={search_term_string}\"},\"query-input\":\"required name=search_term_string\"}],\"inLanguage\":\"es\"}]}<\/script>\n<!-- \/ Yoast SEO plugin. -->","yoast_head_json":{"title":"Tourist Shanghai Nightlife Guide - A Farang Abroad","description":"In this article you will find out the best clubs and bars in Shanghai nightlife. Find out where to go and meet hot local Chinese girls in Shanghai.","robots":{"index":"index","follow":"follow","max-snippet":"max-snippet:-1","max-image-preview":"max-image-preview:large","max-video-preview":"max-video-preview:-1"},"canonical":"https:\/\/afarangabroad.com\/es\/vida-nocturna-en-shanghai\/","og_locale":"es_ES","og_type":"article","og_title":"Tourist Shanghai Nightlife Guide - A Farang Abroad","og_description":"In this article you will find out the best clubs and bars in Shanghai nightlife. Find out where to go and meet hot local Chinese girls in Shanghai.","og_url":"https:\/\/afarangabroad.com\/es\/vida-nocturna-en-shanghai\/","og_site_name":"A Farang Abroad","article_modified_time":"2019-03-28T06:26:17+00:00","og_image":[{"width":"1000","height":"667","url":"https:\/\/afarangabroad.com\/wp-content\/uploads\/2017\/07\/Shanghai-M2-club.jpg","type":"image\/jpeg"}],"twitter_misc":{"Tiempo de lectura":"11 minutos"},"schema":{"@context":"https:\/\/schema.org","@graph":[{"@type":"WebPage","@id":"https:\/\/afarangabroad.com\/shanghai-nightlife\/","url":"https:\/\/afarangabroad.com\/shanghai-nightlife\/","name":"Tourist Shanghai Nightlife Guide - A Farang Abroad","isPartOf":{"@id":"https:\/\/afarangabroad.com\/#website"},"datePublished":"2017-07-05T12:00:39+00:00","dateModified":"2019-03-28T06:26:17+00:00","description":"In this article you will find out the best clubs and bars in Shanghai nightlife. Find out where to go and meet hot local Chinese girls in Shanghai.","breadcrumb":{"@id":"https:\/\/afarangabroad.com\/shanghai-nightlife\/#breadcrumb"},"inLanguage":"es","potentialAction":[{"@type":"ReadAction","target":["https:\/\/afarangabroad.com\/shanghai-nightlife\/"]}]},{"@type":"BreadcrumbList","@id":"https:\/\/afarangabroad.com\/shanghai-nightlife\/#breadcrumb","itemListElement":[{"@type":"ListItem","position":1,"name":"Home","item":"https:\/\/afarangabroad.com\/"},{"@type":"ListItem","position":2,"name":"Tourist Shanghai Nightlife Guide"}]},{"@type":"WebSite","@id":"https:\/\/afarangabroad.com\/#website","url":"https:\/\/afarangabroad.com\/","name":"A Farang Abroad","description":"Your secret guide to Asia&#039;s sexiest nightlife.","potentialAction":[{"@type":"SearchAction","target":{"@type":"EntryPoint","urlTemplate":"https:\/\/afarangabroad.com\/?s={search_term_string}"},"query-input":"required name=search_term_string"}],"inLanguage":"es"}]}},"_links":{"self":[{"href":"https:\/\/afarangabroad.com\/es\/wp-json\/wp\/v2\/pages\/8630"}],"collection":[{"href":"https:\/\/afarangabroad.com\/es\/wp-json\/wp\/v2\/pages"}],"about":[{"href":"https:\/\/afarangabroad.com\/es\/wp-json\/wp\/v2\/types\/page"}],"author":[{"embeddable":true,"href":"https:\/\/afarangabroad.com\/es\/wp-json\/wp\/v2\/users\/2"}],"replies":[{"embeddable":true,"href":"https:\/\/afarangabroad.com\/es\/wp-json\/wp\/v2\/comments?post=8630"}],"version-history":[{"count":0,"href":"https:\/\/afarangabroad.com\/es\/wp-json\/wp\/v2\/pages\/8630\/revisions"}],"wp:featuredmedia":[{"embeddable":true,"href":"https:\/\/afarangabroad.com\/es\/wp-json\/wp\/v2\/media\/8633"}],"wp:attachment":[{"href":"https:\/\/afarangabroad.com\/es\/wp-json\/wp\/v2\/media?parent=8630"}],"wp:term":[{"taxonomy":"category","embeddable":true,"href":"https:\/\/afarangabroad.com\/es\/wp-json\/wp\/v2\/categories?post=8630"},{"taxonomy":"post_tag","embeddable":true,"href":"https:\/\/afarangabroad.com\/es\/wp-json\/wp\/v2\/tags?post=8630"}],"curies":[{"name":"wp","href":"https:\/\/api.w.org\/{rel}","templated":true}]}}