{"id":8660,"date":"2017-07-09T08:19:33","date_gmt":"2017-07-09T07:19:33","guid":{"rendered":"https:\/\/afarangabroad.com\/?page_id=8660"},"modified":"2019-01-06T06:31:29","modified_gmt":"2019-01-06T06:31:29","slug":"ladyboys-jakarta","status":"publish","type":"page","link":"https:\/\/afarangabroad.com\/es\/ladyboys-jakarta\/","title":{"rendered":"D\u00f3nde encontrar ladyboys (waria) en Yakarta"},"content":{"rendered":"<p>If you are going to check on the countries and cities in Asia, I guess Jakarta is one of the most known cities in Asia next to Thailand and the Philippines when it comes to nightlife scenes and that\u2019s because of all the pubs, lounges, bars and clubs found in the city premises.<\/p>\n<p>Si quieres conocer ladyboys en Yakarta discretamente, entonces <a href=\"https:\/\/afarangabroad.com\/es\/cupido-indonesio\/\" target=\"_blank\" rel=\"noopener\">consulte este art\u00edculo<\/a>.<\/p>\n<p><a href=\"https:\/\/afarangabroad.com\/es\/cupido-indonesio\/\" target=\"_blank\" rel=\"noopener\"><img loading=\"lazy\" decoding=\"async\" class=\"aligncenter size-large wp-image-7574\" src=\"https:\/\/afarangabroad.com\/wp-content\/uploads\/2016\/08\/hot-Jakarta-girl-1024x691.png\" alt=\"\" width=\"600\" height=\"405\" srcset=\"https:\/\/afarangabroad.com\/wp-content\/uploads\/2016\/08\/hot-Jakarta-girl-1024x691.png 1024w, https:\/\/afarangabroad.com\/wp-content\/uploads\/2016\/08\/hot-Jakarta-girl-300x202.png 300w, https:\/\/afarangabroad.com\/wp-content\/uploads\/2016\/08\/hot-Jakarta-girl-768x518.png 768w, https:\/\/afarangabroad.com\/wp-content\/uploads\/2016\/08\/hot-Jakarta-girl-720x486.png 720w, https:\/\/afarangabroad.com\/wp-content\/uploads\/2016\/08\/hot-Jakarta-girl.png 1038w\" sizes=\"(max-width: 600px) 100vw, 600px\" \/><\/a><\/p>\n<p>Aparte de estos pubs, salones, bares y discotecas, es posible que tambi\u00e9n quer\u00eda tratar de explorar cosas nuevas en Yakarta, que es a trav\u00e9s de conseguir enganchado con sus warias o las ladyboys que son del pa\u00eds de Indonesia.<\/p>\n<p>Some may think that this idea might be different but as you get to know them, you would surely find them amusing and lovely. After getting to know a number of warias, I was surely able to have a great time hanging out with them and you would surely do as well if you\u2019ll just give yourself a chance to know them.<\/p>\n<h2>How to find Ladyboys (\u00a0waria) in Jakarta?<\/h2>\n<p>Buscar una waria no es una tarea f\u00e1cil, pero hay algunas formas de encontrar una waria en Yakarta, como por ejemplo a trav\u00e9s de los sitios de citas en l\u00ednea disponibles en la ciudad, o tambi\u00e9n puedes visitar la ciudad t\u00fa mismo y comprobar los lugares de Yakarta donde suelen reunirse estas warias.<\/p>\n<h2>Sitios de citas en l\u00ednea<\/h2>\n<p>One of the ways for you to easily find ladyboys in Jakarta is through online dating sites. In the world we move in today, we are already very attached with the technology we have thus it isn\u2019t shocking if even when it comes to dating, we are still going to use our technology.<\/p>\n<p>En los sitios de citas online, podremos encontrar y conocer gente nueva en todo el mundo y lo mismo ocurre con conocer algunas ladyboys en Yakarta tambi\u00e9n. En realidad hay numerosos sitios de citas en l\u00ednea que est\u00e1n disponibles en Internet hoy en d\u00eda, pero por el momento, Cupido Indonesia funciona mejor para m\u00ed.<\/p>\n<h2><a href=\"https:\/\/afarangabroad.com\/es\/cupido-indonesio\/\" target=\"_blank\" rel=\"noopener\"><img loading=\"lazy\" decoding=\"async\" class=\"aligncenter size-full wp-image-6677\" src=\"https:\/\/afarangabroad.com\/wp-content\/uploads\/2015\/12\/Indonesian-cupid.jpg\" alt=\"Cupido indonesio\" width=\"336\" height=\"280\" srcset=\"https:\/\/afarangabroad.com\/wp-content\/uploads\/2015\/12\/Indonesian-cupid.jpg 336w, https:\/\/afarangabroad.com\/wp-content\/uploads\/2015\/12\/Indonesian-cupid-300x250.jpg 300w\" sizes=\"(max-width: 336px) 100vw, 336px\" \/><\/a><\/h2>\n<p>Este es un sitio de citas en l\u00ednea que est\u00e1 abierto no s\u00f3lo para warias en Yakarta, sino tambi\u00e9n para todos aquellos hombres y mujeres solteros en Indonesia que dan todos los extranjeros una mayor oportunidad de conocer a m\u00e1s y m\u00e1s gente.<\/p>\n<p>Si quieres probar Cupido Indonesio, puedes registrarte f\u00e1cilmente e inscribirte en este sitio de citas en l\u00ednea de forma gratuita, que b\u00e1sicamente es la raz\u00f3n por la que hay un mont\u00f3n de gente enganchada a este sitio \u00faltimamente.<\/p>\n<p>As of the moment, there are already over 1million singles that are being connected to each from Indonesia to the rest of the world through the help of Indonesian Cupid. Hence if you are looking for ladyboys in Jakarta, you can surely find one in this online dating site.<\/p>","protected":false},"excerpt":{"rendered":"<p>If you are going to check on the countries and cities in Asia, I guess Jakarta is one of the most known cities in Asia next to Thailand and the Philippines when it comes to nightlife scenes and that\u2019s because of all the pubs, lounges, bars and clubs found in the city premises. If you [&hellip;]<\/p>","protected":false},"author":2,"featured_media":6677,"parent":0,"menu_order":0,"comment_status":"open","ping_status":"closed","template":"","meta":{"_exactmetrics_skip_tracking":false,"_exactmetrics_sitenote_active":false,"_exactmetrics_sitenote_note":"","_exactmetrics_sitenote_category":0,"footnotes":""},"categories":[318],"tags":[],"class_list":["post-8660","page","type-page","status-publish","has-post-thumbnail","hentry","category-indonesia"],"yoast_head":"<!-- This site is optimized with the Yoast SEO plugin v20.1 - https:\/\/yoast.com\/wordpress\/plugins\/seo\/ -->\n<title>Where to find Ladyboys (Waria) in Jakarta - A Farang Abroad<\/title>\n<meta name=\"description\" content=\"Are you looking to meet ladyboys in Jakarta? In this article I tell you the best places to pay and find ladyboys (waria) for free in Jakarta.\" \/>\n<meta name=\"robots\" content=\"index, follow, max-snippet:-1, max-image-preview:large, max-video-preview:-1\" \/>\n<link rel=\"canonical\" href=\"https:\/\/afarangabroad.com\/es\/ladyboys-jakarta\/\" \/>\n<meta property=\"og:locale\" content=\"es_ES\" \/>\n<meta property=\"og:type\" content=\"article\" \/>\n<meta property=\"og:title\" content=\"Where to find Ladyboys (Waria) in Jakarta - A Farang Abroad\" \/>\n<meta property=\"og:description\" content=\"Are you looking to meet ladyboys in Jakarta? In this article I tell you the best places to pay and find ladyboys (waria) for free in Jakarta.\" \/>\n<meta property=\"og:url\" content=\"https:\/\/afarangabroad.com\/es\/ladyboys-jakarta\/\" \/>\n<meta property=\"og:site_name\" content=\"A Farang Abroad\" \/>\n<meta property=\"article:modified_time\" content=\"2019-01-06T06:31:29+00:00\" \/>\n<meta property=\"og:image\" content=\"https:\/\/afarangabroad.com\/wp-content\/uploads\/2015\/12\/Indonesian-cupid.jpg\" \/>\n\t<meta property=\"og:image:width\" content=\"336\" \/>\n\t<meta property=\"og:image:height\" content=\"280\" \/>\n\t<meta property=\"og:image:type\" content=\"image\/jpeg\" \/>\n<meta name=\"twitter:label1\" content=\"Tiempo de lectura\" \/>\n\t<meta name=\"twitter:data1\" content=\"6 minutos\" \/>\n<script type=\"application\/ld+json\" class=\"yoast-schema-graph\">{\"@context\":\"https:\/\/schema.org\",\"@graph\":[{\"@type\":\"WebPage\",\"@id\":\"https:\/\/afarangabroad.com\/ladyboys-jakarta\/\",\"url\":\"https:\/\/afarangabroad.com\/ladyboys-jakarta\/\",\"name\":\"Where to find Ladyboys (Waria) in Jakarta - A Farang Abroad\",\"isPartOf\":{\"@id\":\"https:\/\/afarangabroad.com\/#website\"},\"datePublished\":\"2017-07-09T07:19:33+00:00\",\"dateModified\":\"2019-01-06T06:31:29+00:00\",\"description\":\"Are you looking to meet ladyboys in Jakarta? In this article I tell you the best places to pay and find ladyboys (waria) for free in Jakarta.\",\"breadcrumb\":{\"@id\":\"https:\/\/afarangabroad.com\/ladyboys-jakarta\/#breadcrumb\"},\"inLanguage\":\"es\",\"potentialAction\":[{\"@type\":\"ReadAction\",\"target\":[\"https:\/\/afarangabroad.com\/ladyboys-jakarta\/\"]}]},{\"@type\":\"BreadcrumbList\",\"@id\":\"https:\/\/afarangabroad.com\/ladyboys-jakarta\/#breadcrumb\",\"itemListElement\":[{\"@type\":\"ListItem\",\"position\":1,\"name\":\"Home\",\"item\":\"https:\/\/afarangabroad.com\/\"},{\"@type\":\"ListItem\",\"position\":2,\"name\":\"Where to find Ladyboys (Waria) in Jakarta\"}]},{\"@type\":\"WebSite\",\"@id\":\"https:\/\/afarangabroad.com\/#website\",\"url\":\"https:\/\/afarangabroad.com\/\",\"name\":\"A Farang Abroad\",\"description\":\"Your secret guide to Asia&#039;s sexiest nightlife.\",\"potentialAction\":[{\"@type\":\"SearchAction\",\"target\":{\"@type\":\"EntryPoint\",\"urlTemplate\":\"https:\/\/afarangabroad.com\/?s={search_term_string}\"},\"query-input\":\"required name=search_term_string\"}],\"inLanguage\":\"es\"}]}<\/script>\n<!-- \/ Yoast SEO plugin. -->","yoast_head_json":{"title":"Where to find Ladyboys (Waria) in Jakarta - A Farang Abroad","description":"Are you looking to meet ladyboys in Jakarta? In this article I tell you the best places to pay and find ladyboys (waria) for free in Jakarta.","robots":{"index":"index","follow":"follow","max-snippet":"max-snippet:-1","max-image-preview":"max-image-preview:large","max-video-preview":"max-video-preview:-1"},"canonical":"https:\/\/afarangabroad.com\/es\/ladyboys-jakarta\/","og_locale":"es_ES","og_type":"article","og_title":"Where to find Ladyboys (Waria) in Jakarta - A Farang Abroad","og_description":"Are you looking to meet ladyboys in Jakarta? In this article I tell you the best places to pay and find ladyboys (waria) for free in Jakarta.","og_url":"https:\/\/afarangabroad.com\/es\/ladyboys-jakarta\/","og_site_name":"A Farang Abroad","article_modified_time":"2019-01-06T06:31:29+00:00","og_image":[{"width":336,"height":280,"url":"https:\/\/afarangabroad.com\/wp-content\/uploads\/2015\/12\/Indonesian-cupid.jpg","type":"image\/jpeg"}],"twitter_misc":{"Tiempo de lectura":"6 minutos"},"schema":{"@context":"https:\/\/schema.org","@graph":[{"@type":"WebPage","@id":"https:\/\/afarangabroad.com\/ladyboys-jakarta\/","url":"https:\/\/afarangabroad.com\/ladyboys-jakarta\/","name":"Where to find Ladyboys (Waria) in Jakarta - A Farang Abroad","isPartOf":{"@id":"https:\/\/afarangabroad.com\/#website"},"datePublished":"2017-07-09T07:19:33+00:00","dateModified":"2019-01-06T06:31:29+00:00","description":"Are you looking to meet ladyboys in Jakarta? In this article I tell you the best places to pay and find ladyboys (waria) for free in Jakarta.","breadcrumb":{"@id":"https:\/\/afarangabroad.com\/ladyboys-jakarta\/#breadcrumb"},"inLanguage":"es","potentialAction":[{"@type":"ReadAction","target":["https:\/\/afarangabroad.com\/ladyboys-jakarta\/"]}]},{"@type":"BreadcrumbList","@id":"https:\/\/afarangabroad.com\/ladyboys-jakarta\/#breadcrumb","itemListElement":[{"@type":"ListItem","position":1,"name":"Home","item":"https:\/\/afarangabroad.com\/"},{"@type":"ListItem","position":2,"name":"Where to find Ladyboys (Waria) in Jakarta"}]},{"@type":"WebSite","@id":"https:\/\/afarangabroad.com\/#website","url":"https:\/\/afarangabroad.com\/","name":"A Farang Abroad","description":"Your secret guide to Asia&#039;s sexiest nightlife.","potentialAction":[{"@type":"SearchAction","target":{"@type":"EntryPoint","urlTemplate":"https:\/\/afarangabroad.com\/?s={search_term_string}"},"query-input":"required name=search_term_string"}],"inLanguage":"es"}]}},"_links":{"self":[{"href":"https:\/\/afarangabroad.com\/es\/wp-json\/wp\/v2\/pages\/8660"}],"collection":[{"href":"https:\/\/afarangabroad.com\/es\/wp-json\/wp\/v2\/pages"}],"about":[{"href":"https:\/\/afarangabroad.com\/es\/wp-json\/wp\/v2\/types\/page"}],"author":[{"embeddable":true,"href":"https:\/\/afarangabroad.com\/es\/wp-json\/wp\/v2\/users\/2"}],"replies":[{"embeddable":true,"href":"https:\/\/afarangabroad.com\/es\/wp-json\/wp\/v2\/comments?post=8660"}],"version-history":[{"count":0,"href":"https:\/\/afarangabroad.com\/es\/wp-json\/wp\/v2\/pages\/8660\/revisions"}],"wp:featuredmedia":[{"embeddable":true,"href":"https:\/\/afarangabroad.com\/es\/wp-json\/wp\/v2\/media\/6677"}],"wp:attachment":[{"href":"https:\/\/afarangabroad.com\/es\/wp-json\/wp\/v2\/media?parent=8660"}],"wp:term":[{"taxonomy":"category","embeddable":true,"href":"https:\/\/afarangabroad.com\/es\/wp-json\/wp\/v2\/categories?post=8660"},{"taxonomy":"post_tag","embeddable":true,"href":"https:\/\/afarangabroad.com\/es\/wp-json\/wp\/v2\/tags?post=8660"}],"curies":[{"name":"wp","href":"https:\/\/api.w.org\/{rel}","templated":true}]}}