{"id":8821,"date":"2017-10-06T19:05:27","date_gmt":"2017-10-06T18:05:27","guid":{"rendered":"https:\/\/afarangabroad.com\/?page_id=8821"},"modified":"2020-08-10T03:22:37","modified_gmt":"2020-08-10T02:22:37","slug":"macau-sex","status":"publish","type":"page","link":"https:\/\/afarangabroad.com\/es\/sexo-en-macao\/","title":{"rendered":"Las 5 mejores saunas er\u00f3ticas de Macao"},"content":{"rendered":"<p>\u00bfBuscas sexo en Macao o uno de sus mejores masajes en la sauna? En este art\u00edculo te muestro d\u00f3nde conseguir a las chicas m\u00e1s sexys de Macao y lo que cuestan.<\/p>\n<p>Today, China is one of the most visited countries in Asia and that\u2019s all because of everything China has to offer its tourists and expats. With the large area China has, it is surely difficult for a tourist to tour the entire country thus as a tourist, you surely have to choose amongst the cities in the country that you should pay a visit in your next holiday vacation.<\/p>\n<p>Si quieres echar un polvo gratis en Macao,\u00a0<a href=\"https:\/\/afarangabroad.com\/es\/cupido-hong-kong\/\" target=\"_blank\" rel=\"noopener noreferrer\">consulte este art\u00edculo<\/a>.<\/p>\n<p><a class=\"mozbar-highlight-followed-wGA7MhRhQ3WS\" href=\"https:\/\/afarangabroad.com\/es\/cupido-hong-kong\/\" target=\"_blank\" rel=\"noopener noreferrer\"><img loading=\"lazy\" decoding=\"async\" class=\"aligncenter wp-image-9621 size-large\" src=\"https:\/\/afarangabroad.com\/wp-content\/uploads\/2018\/04\/meet-hot-HK-girls-1024x691.png\" sizes=\"(max-width: 678px) 100vw, 678px\" srcset=\"https:\/\/afarangabroad.com\/wp-content\/uploads\/2018\/04\/meet-hot-HK-girls-1024x691.png 1024w, https:\/\/afarangabroad.com\/wp-content\/uploads\/2018\/04\/meet-hot-HK-girls-300x202.png 300w, https:\/\/afarangabroad.com\/wp-content\/uploads\/2018\/04\/meet-hot-HK-girls-768x518.png 768w, https:\/\/afarangabroad.com\/wp-content\/uploads\/2018\/04\/meet-hot-HK-girls.png 1038w\" alt=\"\" width=\"678\" height=\"458\" \/><\/a><\/p>\n<p>Macao es en realidad una de las ciudades de China que los turistas de todo el mundo les encanta visitar. Al pasear por la ciudad de Macao, que sin duda obtener sorprendido con todas las infraestructuras y atracciones de Macao tiene que ofrecer a sus visitantes, que es b\u00e1sicamente por qu\u00e9 les encanta ir y venir a este lugar.<\/p>\n<p>As of the moment, Macau was already able to maintain its great reviews from all the tourists and even locals who have tried the city\u2019s amenities and Macau is also known by the way as \u201c<a href=\"http:\/\/www.nydailynews.com\/life-style\/macau-las-vegas-asia-article-1.1431044\" target=\"_blank\" rel=\"nofollow noopener noreferrer\">Las Vegas en Asia<\/a>\u201d and that&#8217;s a credit for those <a href=\"https:\/\/www.bloggeratlarge.com\/asia\/where-to-shop-in-macau\/\" target=\"_blank\" rel=\"nofollow noopener noreferrer\">centros comerciales y edificios de categor\u00eda mundial<\/a> que puedes encontrar por todas partes.<\/p>\n<p>Aparte de los centros comerciales y los edificios, lo que tambi\u00e9n atrae a los turistas a visitar Macao son sus chicas. S\u00ed, Macao tiene chicas guapas y atractivas que merece la pena visitar. Si quieres probar estas chicas o incluso Macao sexo, hay muchas maneras de c\u00f3mo usted puede encontrar en la ciudad de Macao.<\/p>\n<h2>Servicios de acompa\u00f1antes en Macao<\/h2>\n<p>If you don&#8217;t want to visit a sauna and would prefer something a little more discreet, I highly recommend escort dating site Smooci. They are the safest and most reputable escort agency in Macau.<\/p>\n<p><a href=\"https:\/\/smooci.com\/macau?search&amp;utm_source=afarang-MCU-text\" target=\"_blank\" rel=\"noopener noreferrer\"><img loading=\"lazy\" decoding=\"async\" class=\"aligncenter wp-image-512712\" src=\"https:\/\/afarangabroad.com\/wp-content\/uploads\/2020\/08\/new-smooci-banner-300x75.gif\" alt=\"\" width=\"456\" height=\"114\" srcset=\"https:\/\/afarangabroad.com\/wp-content\/uploads\/2020\/08\/new-smooci-banner-300x75.gif 300w, https:\/\/afarangabroad.com\/wp-content\/uploads\/2020\/08\/new-smooci-banner-768x192.gif 768w\" sizes=\"(max-width: 456px) 100vw, 456px\" \/><\/a><\/p>\n<p>En su sitio puedes encontrar m\u00e1s de 20 chicas con precios para que reserves de inmediato. Las chicas ir\u00e1n a tu hotel o Airbnb alrededor del clic. Usted puede visitar su sitio para ver su lista completa de las ni\u00f1as: <a href=\"https:\/\/smooci.com\/macau?search&amp;utm_source=afarang-MCU-text\" target=\"_blank\" rel=\"nofollow noopener noreferrer\">www.Smooci.com<\/a><\/p>\n<h2><strong><u>Sauna de Macao<\/u><\/strong><\/h2>\n<p>Una de las mejores maneras de encontrar <a href=\"https:\/\/afarangabroad.com\/es\/macau-girls\/\">chicas en Macao<\/a> is through their saunas that you can surely find all over the city. Through these saunas, you won\u2019t just have a relaxing massage from your masseuse but they can also offer you a \u2018happy ending\u2019.<\/p>","protected":false},"excerpt":{"rendered":"<p>Looking for sex in Macau or one of their best sauna massages? In this article I show you where to get the sexiest girls in Macau and what they cost. Today, China is one of the most visited countries in Asia and that\u2019s all because of everything China has to offer its tourists and expats. [&hellip;]<\/p>","protected":false},"author":2,"featured_media":8738,"parent":0,"menu_order":0,"comment_status":"open","ping_status":"closed","template":"","meta":{"_exactmetrics_skip_tracking":false,"_exactmetrics_sitenote_active":false,"_exactmetrics_sitenote_note":"","_exactmetrics_sitenote_category":0,"footnotes":""},"categories":[332],"tags":[],"class_list":["post-8821","page","type-page","status-publish","has-post-thumbnail","hentry","category-hong-kong"],"yoast_head":"<!-- This site is optimized with the Yoast SEO plugin v20.1 - https:\/\/yoast.com\/wordpress\/plugins\/seo\/ -->\n<title>5 Best Sex Saunas in Macau - A Farang Abroad<\/title>\n<meta name=\"description\" content=\"Looking for sex in Macau or one of their best sauna massages? In this article I show you where to get the sexiest girls in Macau and what they cost.\" \/>\n<meta name=\"robots\" content=\"index, follow, max-snippet:-1, max-image-preview:large, max-video-preview:-1\" \/>\n<link rel=\"canonical\" href=\"https:\/\/afarangabroad.com\/es\/sexo-en-macao\/\" \/>\n<meta property=\"og:locale\" content=\"es_ES\" \/>\n<meta property=\"og:type\" content=\"article\" \/>\n<meta property=\"og:title\" content=\"5 Best Sex Saunas in Macau - A Farang Abroad\" \/>\n<meta property=\"og:description\" content=\"Looking for sex in Macau or one of their best sauna massages? In this article I show you where to get the sexiest girls in Macau and what they cost.\" \/>\n<meta property=\"og:url\" content=\"https:\/\/afarangabroad.com\/es\/sexo-en-macao\/\" \/>\n<meta property=\"og:site_name\" content=\"A Farang Abroad\" \/>\n<meta property=\"article:modified_time\" content=\"2020-08-10T02:22:37+00:00\" \/>\n<meta property=\"og:image\" content=\"https:\/\/afarangabroad.com\/wp-content\/uploads\/2017\/08\/meetings-girls-in-Macau.jpg\" \/>\n\t<meta property=\"og:image:width\" content=\"2048\" \/>\n\t<meta property=\"og:image:height\" content=\"1272\" \/>\n\t<meta property=\"og:image:type\" content=\"image\/jpeg\" \/>\n<meta name=\"twitter:label1\" content=\"Tiempo de lectura\" \/>\n\t<meta name=\"twitter:data1\" content=\"8 minutos\" \/>\n<script type=\"application\/ld+json\" class=\"yoast-schema-graph\">{\"@context\":\"https:\/\/schema.org\",\"@graph\":[{\"@type\":\"WebPage\",\"@id\":\"https:\/\/afarangabroad.com\/macau-sex\/\",\"url\":\"https:\/\/afarangabroad.com\/macau-sex\/\",\"name\":\"5 Best Sex Saunas in Macau - A Farang Abroad\",\"isPartOf\":{\"@id\":\"https:\/\/afarangabroad.com\/#website\"},\"datePublished\":\"2017-10-06T18:05:27+00:00\",\"dateModified\":\"2020-08-10T02:22:37+00:00\",\"description\":\"Looking for sex in Macau or one of their best sauna massages? In this article I show you where to get the sexiest girls in Macau and what they cost.\",\"breadcrumb\":{\"@id\":\"https:\/\/afarangabroad.com\/macau-sex\/#breadcrumb\"},\"inLanguage\":\"es\",\"potentialAction\":[{\"@type\":\"ReadAction\",\"target\":[\"https:\/\/afarangabroad.com\/macau-sex\/\"]}]},{\"@type\":\"BreadcrumbList\",\"@id\":\"https:\/\/afarangabroad.com\/macau-sex\/#breadcrumb\",\"itemListElement\":[{\"@type\":\"ListItem\",\"position\":1,\"name\":\"Home\",\"item\":\"https:\/\/afarangabroad.com\/\"},{\"@type\":\"ListItem\",\"position\":2,\"name\":\"5 Best Sex Saunas in Macau\"}]},{\"@type\":\"WebSite\",\"@id\":\"https:\/\/afarangabroad.com\/#website\",\"url\":\"https:\/\/afarangabroad.com\/\",\"name\":\"A Farang Abroad\",\"description\":\"Your secret guide to Asia&#039;s sexiest nightlife.\",\"potentialAction\":[{\"@type\":\"SearchAction\",\"target\":{\"@type\":\"EntryPoint\",\"urlTemplate\":\"https:\/\/afarangabroad.com\/?s={search_term_string}\"},\"query-input\":\"required name=search_term_string\"}],\"inLanguage\":\"es\"}]}<\/script>\n<!-- \/ Yoast SEO plugin. -->","yoast_head_json":{"title":"5 Best Sex Saunas in Macau - A Farang Abroad","description":"Looking for sex in Macau or one of their best sauna massages? In this article I show you where to get the sexiest girls in Macau and what they cost.","robots":{"index":"index","follow":"follow","max-snippet":"max-snippet:-1","max-image-preview":"max-image-preview:large","max-video-preview":"max-video-preview:-1"},"canonical":"https:\/\/afarangabroad.com\/es\/sexo-en-macao\/","og_locale":"es_ES","og_type":"article","og_title":"5 Best Sex Saunas in Macau - A Farang Abroad","og_description":"Looking for sex in Macau or one of their best sauna massages? In this article I show you where to get the sexiest girls in Macau and what they cost.","og_url":"https:\/\/afarangabroad.com\/es\/sexo-en-macao\/","og_site_name":"A Farang Abroad","article_modified_time":"2020-08-10T02:22:37+00:00","og_image":[{"width":"2048","height":"1272","url":"https:\/\/afarangabroad.com\/wp-content\/uploads\/2017\/08\/meetings-girls-in-Macau.jpg","type":"image\/jpeg"}],"twitter_misc":{"Tiempo de lectura":"8 minutos"},"schema":{"@context":"https:\/\/schema.org","@graph":[{"@type":"WebPage","@id":"https:\/\/afarangabroad.com\/macau-sex\/","url":"https:\/\/afarangabroad.com\/macau-sex\/","name":"5 Best Sex Saunas in Macau - A Farang Abroad","isPartOf":{"@id":"https:\/\/afarangabroad.com\/#website"},"datePublished":"2017-10-06T18:05:27+00:00","dateModified":"2020-08-10T02:22:37+00:00","description":"Looking for sex in Macau or one of their best sauna massages? In this article I show you where to get the sexiest girls in Macau and what they cost.","breadcrumb":{"@id":"https:\/\/afarangabroad.com\/macau-sex\/#breadcrumb"},"inLanguage":"es","potentialAction":[{"@type":"ReadAction","target":["https:\/\/afarangabroad.com\/macau-sex\/"]}]},{"@type":"BreadcrumbList","@id":"https:\/\/afarangabroad.com\/macau-sex\/#breadcrumb","itemListElement":[{"@type":"ListItem","position":1,"name":"Home","item":"https:\/\/afarangabroad.com\/"},{"@type":"ListItem","position":2,"name":"5 Best Sex Saunas in Macau"}]},{"@type":"WebSite","@id":"https:\/\/afarangabroad.com\/#website","url":"https:\/\/afarangabroad.com\/","name":"A Farang Abroad","description":"Your secret guide to Asia&#039;s sexiest nightlife.","potentialAction":[{"@type":"SearchAction","target":{"@type":"EntryPoint","urlTemplate":"https:\/\/afarangabroad.com\/?s={search_term_string}"},"query-input":"required name=search_term_string"}],"inLanguage":"es"}]}},"_links":{"self":[{"href":"https:\/\/afarangabroad.com\/es\/wp-json\/wp\/v2\/pages\/8821"}],"collection":[{"href":"https:\/\/afarangabroad.com\/es\/wp-json\/wp\/v2\/pages"}],"about":[{"href":"https:\/\/afarangabroad.com\/es\/wp-json\/wp\/v2\/types\/page"}],"author":[{"embeddable":true,"href":"https:\/\/afarangabroad.com\/es\/wp-json\/wp\/v2\/users\/2"}],"replies":[{"embeddable":true,"href":"https:\/\/afarangabroad.com\/es\/wp-json\/wp\/v2\/comments?post=8821"}],"version-history":[{"count":1,"href":"https:\/\/afarangabroad.com\/es\/wp-json\/wp\/v2\/pages\/8821\/revisions"}],"predecessor-version":[{"id":512732,"href":"https:\/\/afarangabroad.com\/es\/wp-json\/wp\/v2\/pages\/8821\/revisions\/512732"}],"wp:featuredmedia":[{"embeddable":true,"href":"https:\/\/afarangabroad.com\/es\/wp-json\/wp\/v2\/media\/8738"}],"wp:attachment":[{"href":"https:\/\/afarangabroad.com\/es\/wp-json\/wp\/v2\/media?parent=8821"}],"wp:term":[{"taxonomy":"category","embeddable":true,"href":"https:\/\/afarangabroad.com\/es\/wp-json\/wp\/v2\/categories?post=8821"},{"taxonomy":"post_tag","embeddable":true,"href":"https:\/\/afarangabroad.com\/es\/wp-json\/wp\/v2\/tags?post=8821"}],"curies":[{"name":"wp","href":"https:\/\/api.w.org\/{rel}","templated":true}]}}