{"id":8858,"date":"2017-11-10T07:27:46","date_gmt":"2017-11-10T07:27:46","guid":{"rendered":"https:\/\/afarangabroad.com\/?page_id=8858"},"modified":"2019-01-06T06:28:38","modified_gmt":"2019-01-06T06:28:38","slug":"ladyboys-bali","status":"publish","type":"page","link":"https:\/\/afarangabroad.com\/es\/ladyboys-bali\/","title":{"rendered":"4 lugares para encontrar ladyboys en Bali"},"content":{"rendered":"<p>In this article I&#8217;ll show you where to find\u00a0Ladyboys in Bali, the best bars and clubs to meet them on holiday. If you want to meet normal <a href=\"https:\/\/afarangabroad.com\/es\/bali-girls\/\">Las mujeres de Bali leen aqu\u00ed<\/a>.<\/p>\n<p>Hoy en d\u00eda, las vacaciones se pasan mejor si se puede viajar de un pa\u00eds a otro y si usted es esa persona a la que le encanta visitar pa\u00edses diferentes y descubrir cosas nuevas de su cultura, su tradici\u00f3n y su gente, entonces deber\u00eda leer esta gu\u00eda.<\/p>\n<p>Si quieres conocer ladyboys gratis, entonces\u00a0<a href=\"https:\/\/afarangabroad.com\/es\/cupido-indonesio\/\" target=\"_blank\" rel=\"noopener\">consulte este art\u00edculo<\/a>.<\/p>\n<p><a href=\"https:\/\/afarangabroad.com\/es\/cupido-indonesio\/\" target=\"_blank\" rel=\"noopener\"><img loading=\"lazy\" decoding=\"async\" class=\"aligncenter size-large wp-image-7260\" src=\"https:\/\/afarangabroad.com\/wp-content\/uploads\/2016\/06\/Bali-Girls-1024x691.png\" sizes=\"(max-width: 600px) 100vw, 600px\" srcset=\"https:\/\/afarangabroad.com\/wp-content\/uploads\/2016\/06\/Bali-Girls-1024x691.png 1024w, https:\/\/afarangabroad.com\/wp-content\/uploads\/2016\/06\/Bali-Girls-300x202.png 300w, https:\/\/afarangabroad.com\/wp-content\/uploads\/2016\/06\/Bali-Girls-720x486.png 720w, https:\/\/afarangabroad.com\/wp-content\/uploads\/2016\/06\/Bali-Girls.png 1038w\" alt=\"Bali Girls\" width=\"600\" height=\"405\" \/><\/a><\/p>\n<p>Entre todos los contenidos que tiene el mundo, Asia es sin duda el primer pa\u00eds donde se puede ver la diferencia de cada pa\u00eds, especialmente cuando se trata de las diversas tradiciones que estos pa\u00edses tienen, pero entre estos 48 pa\u00edses de Asia, Indonesia es realmente uno de ellos que usted debe colocar como el primero en su lista de visita obligada.<\/p>\n<p>Indonesia is best known for their temples, monuments, volcanoes, and mountains but if you wanted to find more in this particular country then you shouldn\u2019t forget the beaches in Indonesia which is a must try ones you are in the country especially the beaches you can in the island of Bali, Indonesia.<\/p>\n<p>Bali es una peque\u00f1a isla en Indonesia, pero no porque es una isla entonces usted puede menospreciar esta isla para aqu\u00ed, usted puede encontrar las mejores playas del pa\u00eds y aparte de las playas, tambi\u00e9n tienen sus chicas de Bali y la mayor\u00eda de todos los ladyboys en Bali que absolutamente har\u00eda que sus vacaciones en esta isla la mejor.<\/p>\n<p>Ladyboys en Bali son sin duda muy conocidos que son todos muy expertos y experimentados en dar a los turistas y extranjeros un gran momento cada vez que hay en la isla. Si usted est\u00e1 pensando en estas ladyboys en Bali como s\u00f3lo algunas posesiones para el sexo y tal, entonces usted est\u00e1 absolutamente equivocado.<\/p>\n<p>Relacionado:\u00a0<a href=\"https:\/\/afarangabroad.com\/es\/bali-hookers\/\" target=\"_blank\" rel=\"noopener\">Bali prostitutas<\/a>\u00a0y d\u00f3nde encontrar <a href=\"https:\/\/afarangabroad.com\/es\/jakarta-hookers\/\">prostitutas en Yakarta<\/a>.<\/p>\n<p>Estas ladyboys son realmente no s\u00f3lo para el placer y todo, pero tambi\u00e9n son buenos para mantenerte acompa\u00f1ado sobre todo con la actitud muy alegre y amable que tienen que la mayor\u00eda de los extranjeros y los turistas est\u00e1n buscando.<\/p>\n<h2><strong>\u00bfD\u00f3nde encontrar ladyboys en Bali?<\/strong><\/h2>\n<p>There are actually a number of ways for a foreigner to find some ladyboys in Bali but if you wanted to them fast when you go and try to visit Seminyak\u2019s Dhyanapura area where you can find a number of ladyboy and gay bars spread all over the area.<\/p>","protected":false},"excerpt":{"rendered":"<p>In this article I&#8217;ll show you where to find\u00a0Ladyboys in Bali, the best bars and clubs to meet them on holiday. If you want to meet normal Bali women read here. Nowadays, holiday vacations are best spent if you are able to travel from one country to the other and if you are that person [&hellip;]<\/p>","protected":false},"author":2,"featured_media":8859,"parent":0,"menu_order":0,"comment_status":"open","ping_status":"closed","template":"","meta":{"_exactmetrics_skip_tracking":false,"_exactmetrics_sitenote_active":false,"_exactmetrics_sitenote_note":"","_exactmetrics_sitenote_category":0,"footnotes":""},"categories":[318],"tags":[],"class_list":["post-8858","page","type-page","status-publish","has-post-thumbnail","hentry","category-indonesia"],"yoast_head":"<!-- This site is optimized with the Yoast SEO plugin v20.1 - https:\/\/yoast.com\/wordpress\/plugins\/seo\/ -->\n<title>4 Places to Find Ladyboys in Bali - A Farang Abroad<\/title>\n<meta name=\"description\" content=\"In this article I&#039;ll show you where to find\u00a0Ladyboys in Bali, the best bars and clubs to meet them on your next holiday to Bali.\" \/>\n<meta name=\"robots\" content=\"index, follow, max-snippet:-1, max-image-preview:large, max-video-preview:-1\" \/>\n<link rel=\"canonical\" href=\"https:\/\/afarangabroad.com\/es\/ladyboys-bali\/\" \/>\n<meta property=\"og:locale\" content=\"es_ES\" \/>\n<meta property=\"og:type\" content=\"article\" \/>\n<meta property=\"og:title\" content=\"4 Places to Find Ladyboys in Bali - A Farang Abroad\" \/>\n<meta property=\"og:description\" content=\"In this article I&#039;ll show you where to find\u00a0Ladyboys in Bali, the best bars and clubs to meet them on your next holiday to Bali.\" \/>\n<meta property=\"og:url\" content=\"https:\/\/afarangabroad.com\/es\/ladyboys-bali\/\" \/>\n<meta property=\"og:site_name\" content=\"A Farang Abroad\" \/>\n<meta property=\"article:modified_time\" content=\"2019-01-06T06:28:38+00:00\" \/>\n<meta property=\"og:image\" content=\"https:\/\/afarangabroad.com\/wp-content\/uploads\/2017\/11\/ladyboys-in-bali.jpg\" \/>\n\t<meta property=\"og:image:width\" content=\"945\" \/>\n\t<meta property=\"og:image:height\" content=\"756\" \/>\n\t<meta property=\"og:image:type\" content=\"image\/jpeg\" \/>\n<meta name=\"twitter:label1\" content=\"Tiempo de lectura\" \/>\n\t<meta name=\"twitter:data1\" content=\"8 minutos\" \/>\n<script type=\"application\/ld+json\" class=\"yoast-schema-graph\">{\"@context\":\"https:\/\/schema.org\",\"@graph\":[{\"@type\":\"WebPage\",\"@id\":\"https:\/\/afarangabroad.com\/ladyboys-bali\/\",\"url\":\"https:\/\/afarangabroad.com\/ladyboys-bali\/\",\"name\":\"4 Places to Find Ladyboys in Bali - A Farang Abroad\",\"isPartOf\":{\"@id\":\"https:\/\/afarangabroad.com\/#website\"},\"datePublished\":\"2017-11-10T07:27:46+00:00\",\"dateModified\":\"2019-01-06T06:28:38+00:00\",\"description\":\"In this article I'll show you where to find\u00a0Ladyboys in Bali, the best bars and clubs to meet them on your next holiday to Bali.\",\"breadcrumb\":{\"@id\":\"https:\/\/afarangabroad.com\/ladyboys-bali\/#breadcrumb\"},\"inLanguage\":\"es\",\"potentialAction\":[{\"@type\":\"ReadAction\",\"target\":[\"https:\/\/afarangabroad.com\/ladyboys-bali\/\"]}]},{\"@type\":\"BreadcrumbList\",\"@id\":\"https:\/\/afarangabroad.com\/ladyboys-bali\/#breadcrumb\",\"itemListElement\":[{\"@type\":\"ListItem\",\"position\":1,\"name\":\"Home\",\"item\":\"https:\/\/afarangabroad.com\/\"},{\"@type\":\"ListItem\",\"position\":2,\"name\":\"4 Places to Find Ladyboys in Bali\"}]},{\"@type\":\"WebSite\",\"@id\":\"https:\/\/afarangabroad.com\/#website\",\"url\":\"https:\/\/afarangabroad.com\/\",\"name\":\"A Farang Abroad\",\"description\":\"Your secret guide to Asia&#039;s sexiest nightlife.\",\"potentialAction\":[{\"@type\":\"SearchAction\",\"target\":{\"@type\":\"EntryPoint\",\"urlTemplate\":\"https:\/\/afarangabroad.com\/?s={search_term_string}\"},\"query-input\":\"required name=search_term_string\"}],\"inLanguage\":\"es\"}]}<\/script>\n<!-- \/ Yoast SEO plugin. -->","yoast_head_json":{"title":"4 Places to Find Ladyboys in Bali - A Farang Abroad","description":"In this article I'll show you where to find\u00a0Ladyboys in Bali, the best bars and clubs to meet them on your next holiday to Bali.","robots":{"index":"index","follow":"follow","max-snippet":"max-snippet:-1","max-image-preview":"max-image-preview:large","max-video-preview":"max-video-preview:-1"},"canonical":"https:\/\/afarangabroad.com\/es\/ladyboys-bali\/","og_locale":"es_ES","og_type":"article","og_title":"4 Places to Find Ladyboys in Bali - A Farang Abroad","og_description":"In this article I'll show you where to find\u00a0Ladyboys in Bali, the best bars and clubs to meet them on your next holiday to Bali.","og_url":"https:\/\/afarangabroad.com\/es\/ladyboys-bali\/","og_site_name":"A Farang Abroad","article_modified_time":"2019-01-06T06:28:38+00:00","og_image":[{"width":945,"height":756,"url":"https:\/\/afarangabroad.com\/wp-content\/uploads\/2017\/11\/ladyboys-in-bali.jpg","type":"image\/jpeg"}],"twitter_misc":{"Tiempo de lectura":"8 minutos"},"schema":{"@context":"https:\/\/schema.org","@graph":[{"@type":"WebPage","@id":"https:\/\/afarangabroad.com\/ladyboys-bali\/","url":"https:\/\/afarangabroad.com\/ladyboys-bali\/","name":"4 Places to Find Ladyboys in Bali - A Farang Abroad","isPartOf":{"@id":"https:\/\/afarangabroad.com\/#website"},"datePublished":"2017-11-10T07:27:46+00:00","dateModified":"2019-01-06T06:28:38+00:00","description":"In this article I'll show you where to find\u00a0Ladyboys in Bali, the best bars and clubs to meet them on your next holiday to Bali.","breadcrumb":{"@id":"https:\/\/afarangabroad.com\/ladyboys-bali\/#breadcrumb"},"inLanguage":"es","potentialAction":[{"@type":"ReadAction","target":["https:\/\/afarangabroad.com\/ladyboys-bali\/"]}]},{"@type":"BreadcrumbList","@id":"https:\/\/afarangabroad.com\/ladyboys-bali\/#breadcrumb","itemListElement":[{"@type":"ListItem","position":1,"name":"Home","item":"https:\/\/afarangabroad.com\/"},{"@type":"ListItem","position":2,"name":"4 Places to Find Ladyboys in Bali"}]},{"@type":"WebSite","@id":"https:\/\/afarangabroad.com\/#website","url":"https:\/\/afarangabroad.com\/","name":"A Farang Abroad","description":"Your secret guide to Asia&#039;s sexiest nightlife.","potentialAction":[{"@type":"SearchAction","target":{"@type":"EntryPoint","urlTemplate":"https:\/\/afarangabroad.com\/?s={search_term_string}"},"query-input":"required name=search_term_string"}],"inLanguage":"es"}]}},"_links":{"self":[{"href":"https:\/\/afarangabroad.com\/es\/wp-json\/wp\/v2\/pages\/8858"}],"collection":[{"href":"https:\/\/afarangabroad.com\/es\/wp-json\/wp\/v2\/pages"}],"about":[{"href":"https:\/\/afarangabroad.com\/es\/wp-json\/wp\/v2\/types\/page"}],"author":[{"embeddable":true,"href":"https:\/\/afarangabroad.com\/es\/wp-json\/wp\/v2\/users\/2"}],"replies":[{"embeddable":true,"href":"https:\/\/afarangabroad.com\/es\/wp-json\/wp\/v2\/comments?post=8858"}],"version-history":[{"count":0,"href":"https:\/\/afarangabroad.com\/es\/wp-json\/wp\/v2\/pages\/8858\/revisions"}],"wp:featuredmedia":[{"embeddable":true,"href":"https:\/\/afarangabroad.com\/es\/wp-json\/wp\/v2\/media\/8859"}],"wp:attachment":[{"href":"https:\/\/afarangabroad.com\/es\/wp-json\/wp\/v2\/media?parent=8858"}],"wp:term":[{"taxonomy":"category","embeddable":true,"href":"https:\/\/afarangabroad.com\/es\/wp-json\/wp\/v2\/categories?post=8858"},{"taxonomy":"post_tag","embeddable":true,"href":"https:\/\/afarangabroad.com\/es\/wp-json\/wp\/v2\/tags?post=8858"}],"curies":[{"name":"wp","href":"https:\/\/api.w.org\/{rel}","templated":true}]}}